{"id":111559,"date":"2026-03-20T20:53:20","date_gmt":"2026-03-20T20:53:20","guid":{"rendered":"https:\/\/soydeaqui.ddns.net\/pachuca\/index.php\/producto\/audio-por-coaxitron-dvr-2-megapixel-1080p-lite-pentahibrido-4-canales-turbohd-1-canal-ip-1-bahia-de-disco-duro-4-canales-de-audio-por-coaxitron-h-264-salida-full-hd\/"},"modified":"2026-03-20T20:53:33","modified_gmt":"2026-03-20T20:53:33","slug":"audio-por-coaxitron-dvr-2-megapixel-1080p-lite-pentahibrido-4-canales-turbohd-1-canal-ip-1-bahia-de-disco-duro-4-canales-de-audio-por-coaxitron-h-264-salida-full-hd","status":"publish","type":"product","link":"https:\/\/soydeaqui.ddns.net\/pachuca\/index.php\/producto\/audio-por-coaxitron-dvr-2-megapixel-1080p-lite-pentahibrido-4-canales-turbohd-1-canal-ip-1-bahia-de-disco-duro-4-canales-de-audio-por-coaxitron-h-264-salida-full-hd\/","title":{"rendered":"(AUDIO POR COAXITRON) DVR 2 Megapixel (1080p) Lite Pentahibrido \/ 4 Canales TURBOHD + 1 Canal IP \/ 1 Bah\u00eda de Disco Duro \/ 4 Canales de Audio por Coaxitron \/ H.264+ \/ Salida Full HD"},"content":{"rendered":"<div style='width: 100%; max-width: 1200px; margin: 0 auto; font-family: sans-serif; line-height: 1.6; color: inherit; background-color: transparent;'>\n<div style='width: 100%; text-align: center; margin: 30px 0;'>\n<h3 style='font-size: 22px; border-bottom: 2px solid currentColor; padding-bottom: 5px; margin-top: 0; color: inherit; opacity: 0.8;'>Crear Cuenta Hik-Connect<\/h3>\n<div style='position: relative; padding-bottom: 56.25%; height: 0; overflow: hidden; margin-bottom: 30px;'>   <\/div>\n<\/p><\/div>\n<p style='text-align: center; font-weight: bold; margin: 30px 0;'>Audio&comma; Video y Datos por el Mismo Cable<\/p>\n<p style='margin: 30px 0;'> <img style='width: 100%; height: auto; border: 1px solid rgba(150&comma;150&comma;150&comma;0.3); border-radius: 8px;' src='https:\/\/ftp3.syscom.mx\/usuarios\/jsosa\/HIKVISION\/imagenes\/coaxitron\/coaxitron.jpg' alt='Coaxitron'> <\/p>\n<div style='display: flex; flex-wrap: wrap; gap: 30px; margin: 30px 0;'>\n<div style='flex: 1 1 300px; min-width: 280px;'>\n<h3 style='font-size: 22px; border-bottom: 2px solid currentColor; padding-bottom: 5px; margin-top: 0; color: inherit; opacity: 0.8;'>\u00bfQu\u00e9 es HD-TVI 1080p Lite?<\/h3>\n<p style='font-size: 15px; color: inherit;'>Permite a los DVRs 720p adicionar c\u00e1maras 1080p (2 Megapixel) con compatibilidad TVI&comma; AHD y CVI con resolucion de grabacion 960 x 1080. Recordemos que Full HD es 1920 x 1080 y es por eso que el DVR no podra grabar a Full HD. Con esta ventaja podemos utilizar camaras de lente motorizado para mover el lente de manera remota o un PTZ sin problemas.<\/p>\n<\/p><\/div>\n<div style='flex: 1 1 300px; min-width: 280px;'>\n<h3 style='font-size: 22px; border-bottom: 2px solid currentColor; padding-bottom: 5px; margin-top: 0; color: inherit; opacity: 0.8;'>\u00bfComo tener mas canales IP?<\/h3>\n<p style='font-size: 15px; color: inherit;'>La serie SLIM con su nueva actualizacion de firmware (ir al panel de descargas) le permitir\u00e1 deshabilitar canales TURBOHD para generar canales IP.<\/p>\n<\/p><\/div>\n<\/p><\/div>\n<div style='display: flex; flex-wrap: wrap; gap: 20px; margin: 30px 0;'>\n<div style='flex: 1 1 250px; border: 1px solid rgba(150&comma; 150&comma; 150&comma; 0.4); border-radius: 8px; overflow: hidden; display: flex; flex-direction: column;'>\n<div style='padding: 15px; border-bottom: 1px solid rgba(150&comma; 150&comma; 150&comma; 0.2); font-weight: bold; font-size: 18px; color: inherit;'>Caracter\u00edsticas principales<\/div>\n<div style='padding: 15px; color: inherit;'>\n<ul style='padding-left: 20px; margin: 0; font-size: 14px; list-style-type: disc;'>\n<li style='margin-bottom: 5px;'>Tecnolog\u00eda TURBOHD Ver. 3.0<\/li>\n<li style='margin-bottom: 5px;'>Numero de canales: 4 canales anal\u00f3gicos o TURBOHD + 1 canal IP = 5 canales en total.<\/li>\n<li style='margin-bottom: 5px; font-weight: bold;'>NOTA: Permite apagar canales an\u00e1logos para agregar canales IP.<\/li>\n<li style='margin-bottom: 5px;'>Soporte de tecnolog\u00edas: HD-TVI \/ Anal\u00f3gico \/ AHD \/ IP \/ CVI.<\/li>\n<li style='margin-bottom: 5px;'>Acceso remoto: PC (Windows \/ Mac)&comma; Smart Phone (iPhone&comma; iPad&comma; Android).<\/li>\n<li style='margin-bottom: 5px;'>Compatibilidad con navegador Chrome (IE tab)&comma; Safari&comma; Internet Explorer.<\/li>\n<li style='margin-bottom: 5px;'>Compatible con software cliente multi sitio de hasta 64 canales (iVMS-4200).<\/li>\n<li style='margin-bottom: 5px;'>Compatible con la plataforma Hik-Connect P2P.<\/li>\n<\/ul>\n<h4 style='margin-top: 20px; margin-bottom: 10px; font-size: 16px; color: inherit;'>Compresi\u00f3n y resoluci\u00f3n:<\/h4>\n<ul style='padding-left: 20px; margin: 0; font-size: 14px; list-style-type: disc;'>\n<li style='margin-bottom: 5px;'>H.264+ \/ H.264<\/li>\n<li style='margin-bottom: 5px;'>Resoluci\u00f3n m\u00e1xima de grabaci\u00f3n:\n<ul style='padding-left: 20px; margin: 5px 0; font-size: 14px; list-style-type: disc;'>\n<li style='margin-bottom: 5px;'>HD-TVI: 720p 1080p Lite<\/li>\n<li style='margin-bottom: 5px;'>HD-CVI: 720P y 1080p Lite<\/li>\n<li style='margin-bottom: 5px;'>ANALOGICO: 1200 TVL.<\/li>\n<li style='margin-bottom: 5px;'>AHD: 720P \/ 1080p Lite.<\/li>\n<li style='margin-bottom: 5px;'>IP: 2 Megapixel (1080p)<\/li>\n<\/ul>\n<\/li>\n<li style='margin-bottom: 5px;'>Video Bit Rate: 32 Kbps &#8211; 4 Mbps.<\/li>\n<li style='margin-bottom: 5px;'>Audio: G.711u<\/li>\n<li style='margin-bottom: 5px;'>Audio Bit Rate: 64Kbps.<\/li>\n<li style='margin-bottom: 5px;'>Nota: Este grabador no es compatible con la c\u00e1mara B7TURBO<\/li>\n<\/ul>\n<p style='margin-top: 15px; font-size: 14px; color: inherit;'>El audio se recibe por la se\u00f1al TVI<\/p>\n<p style='margin-top: 15px; font-size: 14px; color: inherit;'>Para conectar los canales IP requiere utilizar un switch\/switch poe (no incluido<\/p>\n<\/p><\/div>\n<\/p><\/div>\n<div style='flex: 1 1 250px; border: 1px solid rgba(150&comma; 150&comma; 150&comma; 0.4); border-radius: 8px; overflow: hidden; display: flex; flex-direction: column;'>\n<div style='padding: 15px; border-bottom: 1px solid rgba(150&comma; 150&comma; 150&comma; 0.2); font-weight: bold; font-size: 18px; color: inherit;'>Caracter\u00edsticas F\u00edsicas y El\u00e9ctricas<\/div>\n<div style='padding: 15px; color: inherit;'>\n<ul style='padding-left: 20px; margin: 0; font-size: 14px; list-style-type: disc;'>\n<li style='margin-bottom: 5px;'>Temperatura de Operaci\u00f3n: -10 ~ 55\u00baC.<\/li>\n<li style='margin-bottom: 5px;'>Alimentaci\u00f3n: 12 Vcc.<\/li>\n<li style='margin-bottom: 5px;'>Consumo el\u00e9ctrico m\u00e1ximo: 8 Watts.<\/li>\n<li style='margin-bottom: 5px;'>Dimensiones: 200 x 200 x 45 mm.<\/li>\n<li style='margin-bottom: 5px;'>Peso: 800 g. (sin discos duros).<\/li>\n<li style='margin-bottom: 5px; font-weight: bold;'>Garant\u00eda: 5 A\u00f1os.<\/li>\n<\/ul>\n<h4 style='margin-top: 20px; margin-bottom: 10px; font-size: 16px; color: inherit;'>Funciones de red:<\/h4>\n<ul style='padding-left: 20px; margin: 0; font-size: 14px; list-style-type: disc;'>\n<li style='margin-bottom: 5px;'>Protocolos: TCP\/IP&comma; PPPoE&comma; DHCP&comma; DNS&comma; DDNS&comma; NTP&comma; SADP&comma; SMTP&comma; SNMP&comma; NFS&comma; iSCSI&comma; UPnP&comma; HTTP&comma; HTTPS.<\/li>\n<li style='margin-bottom: 5px;'>Compatibilidad DDNS: IP SERVER \/ DynDN \/ NO-IP.<\/li>\n<li style='margin-bottom: 5px;'>Soporta Doble streaming.<\/li>\n<li style='margin-bottom: 5px;'>Nota: No soporta canal cero<\/li>\n<\/ul><\/div>\n<\/p><\/div>\n<div style='flex: 1 1 250px; border: 1px solid rgba(150&comma; 150&comma; 150&comma; 0.4); border-radius: 8px; overflow: hidden; display: flex; flex-direction: column;'>\n<div style='padding: 15px; border-bottom: 1px solid rgba(150&comma; 150&comma; 150&comma; 0.2); font-weight: bold; font-size: 18px; color: inherit;'>Funciones de Grabaci\u00f3n y Visualizaci\u00f3n<\/div>\n<div style='padding: 15px; color: inherit;'>\n<ul style='padding-left: 20px; margin: 0; font-size: 14px; list-style-type: disc;'>\n<li style='margin-bottom: 5px;'>Detecci\u00f3n de movimiento multi zona<\/li>\n<li style='margin-bottom: 5px;'>Zoom digital en visualizaci\u00f3n y grabaci\u00f3n<\/li>\n<li style='margin-bottom: 5px;'>Soporta m\u00faltiples tipos de grabaci\u00f3n&comma; incluyendo tiempo real&comma; grabaci\u00f3n manual&comma; v\u00eddeo sensor.<\/li>\n<li style='margin-bottom: 5px;'>B\u00fasqueda inteligente de grabaciones por detecci\u00f3n de movimiento.<\/li>\n<li style='margin-bottom: 5px;'>Se proporciona SDK y c\u00f3digos de demostraci\u00f3n para disminuir el tiempo de desarrollo de aplicaciones.<\/li>\n<\/ul>\n<h4 style='margin-top: 20px; margin-bottom: 10px; font-size: 16px; color: inherit;'>Interfaces Entradas \/ Salidas:<\/h4>\n<ul style='padding-left: 20px; margin: 0; font-size: 14px; list-style-type: disc;'>\n<li style='margin-bottom: 5px;'>Entrada de Video: 4 canales (BNC&comma; 1.0Vp-p&comma; 75\u03a9)<\/li>\n<li style='margin-bottom: 5px;'>Salida de Video Full HD HDMI y VGA (salida simultanea).<\/li>\n<li style='margin-bottom: 5px;'>Entrada de Audio: 1 Canales (RCA&comma; 2.0 Vp-p&comma; 1K\u03a9).<\/li>\n<li style='margin-bottom: 5px;'>Soporta audio en todos sus canales por coaxitron utilizando camaras con audio integrado <a style='color: #3598db; text-decoration: underline;' href='https:\/\/www.syscom.mx\/principal\/promociones\/camaras_con_audio_por_coaxitron_2_mp-5477.html?ordenar=Relevancia&#038;pag=1' target='_blank' rel='noopener'>ver modelos compatibles<\/a>.<\/li>\n<li style='margin-bottom: 5px;'>Salidad e Audio: 1 Canal (RCA&comma; 1K\u03a9).<\/li>\n<li style='margin-bottom: 5px;'>Interfaz USB: 2 puerto 2.0<\/li>\n<li style='margin-bottom: 5px;'>Interfaz de Red: 1 puertos (RJ-45 10\/100 Mbps).<\/li>\n<li style='margin-bottom: 5px;'>Soporta 1 disco duro de hasta 6 TB.<\/li>\n<\/ul>\n<p style='margin-top: 15px; font-size: 14px; color: inherit; font-weight: bold;'>Para utilizar audio de 2 v\u00edas se recomienda colocar un micr\u00f3fono en la entrada de audio&comma; no se recomienda para audio de 2 v\u00edas una c\u00e1mara con audio por coaxitron<\/p>\n<\/p><\/div>\n<\/p><\/div>\n<\/p><\/div>\n<hr style='border: 0; border-top: 1px solid rgba(150&comma; 150&comma; 150&comma; 0.3); margin: 30px 0;'>\n<div style='width: 100%; text-align: center; margin: 30px 0;'> <img style='width: 100%; height: auto; border: 1px solid rgba(150&comma;150&comma;150&comma;0.3); border-radius: 8px;' src='https:\/\/ftp3.syscom.mx\/usuarios\/fotos\/B8TURBOC\/189682-5-year-epcom-es_(2).png' alt='Garant\u00eda 5 a\u00f1os'> <\/div>\n<h2 style='text-align: center; font-size: 22px; color: inherit; margin: 30px 0;'>Recursos<\/h2>\n<div style='display: flex; flex-wrap: wrap; gap: 20px; justify-content: center; margin: 30px 0;'>\n<div style='flex: 1 1 300px; max-width: 350px;'> <a style='display: block;' href='https:\/\/www.hikvision.com\/es-la\/support\/download\/software\/ivms4200-series\/?q=serie%20ivms4200&#038;position=1' target='_blank' rel='noopener'> <img style='width: 100%; height: auto; border: 1px solid rgba(150&comma;150&comma;150&comma;0.3); border-radius: 8px;' src='https:\/\/ftp3.syscom.mx\/usuarios\/gmagos\/HIK\/IP\/IPC\/Imagenes%20pagina\/Descargas%20IVMS4200.jpg' alt='Descargas IVMS4200'> <\/a> <\/div>\n<div style='flex: 1 1 300px; max-width: 350px;'> <a style='display: block;' href='https:\/\/appstore.hikvision.com\/' target='_blank' rel='noopener'> <img style='width: 100%; height: auto; border: 1px solid rgba(150&comma;150&comma;150&comma;0.3); border-radius: 8px;' src='https:\/\/ftp3.syscom.mx\/usuarios\/gmagos\/HIK\/IP\/IPC\/Imagenes%20pagina\/Descargas%20de%20app.jpg' alt='Descargas de app'> <\/a> <\/div>\n<div style='flex: 1 1 300px; max-width: 350px;'> <a style='display: block;' href='https:\/\/ftp3.syscom.mx\/usuarios\/jsosa\/epcom\/specs\/analogo\/dvr\/S04TURBOG2A\/S04-TURBO-G2A.pdf' target='_blank' rel='noopener'> <img style='width: 100%; height: auto; border: 1px solid rgba(150&comma;150&comma;150&comma;0.3); border-radius: 8px;' src='https:\/\/ftp3.syscom.mx\/usuarios\/gmagos\/HIK\/IP\/IPC\/Imagenes%20pagina\/Descarga%20de%20PDF.jpg' alt='Descarga de PDF'> <\/a> <\/div>\n<\/p><\/div>\n<div style='width: 100%; text-align: center; margin: 30px 0;'> <img style='width: 100%; height: auto; border: 1px solid rgba(150&comma;150&comma;150&comma;0.3); border-radius: 8px;' src='https:\/\/ftp3.syscom.mx\/usuarios\/nicolas.jimenez\/epcom-2.png' alt='epcom'> <img style='width: 60%; height: auto; border: 1px solid rgba(150&comma;150&comma;150&comma;0.3); border-radius: 8px;' src='http:\/\/ftp3.syscom.mx\/usuarios\/jdelafuente\/EPCOM\/TURBO%20HD\/100%253.png' alt='100%'> <\/div>\n<h2 style='text-align: center; font-size: 22px; color: inherit; margin: 30px 0;'>\u00bfPor qu\u00e9 adquirir epcom\u00ae?<\/h2>\n<div style='display: flex; flex-wrap: wrap; gap: 30px; margin: 30px 0;'>\n<div style='flex: 1 1 300px; min-width: 280px;'> <a style='display: block;' href='https:\/\/appstore.hikvision.com\/' target='_blank' rel='noopener'> <img style='width: 100%; height: auto; border: 1px solid rgba(150&comma;150&comma;150&comma;0.3); border-radius: 8px;' src='https:\/\/ftp3.syscom.mx\/usuarios\/jsosa\/epcom\/banners\/HIKVISION-APSTORE.jpg' alt='HIKVISION APSTORE'> <\/a> <\/div>\n<div style='flex: 1 1 300px; min-width: 280px;'>\n<h3 style='font-size: 18px; margin-top: 0; color: inherit;'>Mejor App de la industria para Android \/ iPhone<\/h3>\n<p style='font-size: 15px; color: inherit;'>Video fluido&comma; manejo r\u00e1pido&comma; <a style='color: #3598db; text-decoration: underline;' href='https:\/\/www.syscomblog.com\/2018\/07\/nuevo-acceso-movil-en-segundos.html' target='_blank' rel='noopener'>acceso m\u00f3vil en segundos y \u00fanico con opci\u00f3n segura para compartir equipos<\/a> (asegure que nadie puede acceder a su equipo).<\/p>\n<\/p><\/div>\n<\/p><\/div>\n<div style='display: flex; flex-wrap: wrap; gap: 30px; margin: 30px 0;'>\n<div style='flex: 1 1 300px; min-width: 280px;'> <img style='width: 100%; height: auto; border: 1px solid rgba(150&comma;150&comma;150&comma;0.3); border-radius: 8px;' src='https:\/\/ftp3.syscom.mx\/usuarios\/fotos\/S04TURBOL\/157046-epcom_01.jpg' alt='H.265+'> <\/div>\n<div style='flex: 1 1 300px; min-width: 280px;'>\n<h3 style='font-size: 18px; margin-top: 0; color: inherit;'>Adquiera la l\u00ednea con mayor crecimiento en Am\u00e9rica<\/h3>\n<p style='font-size: 15px; color: inherit;'>No se conforme con bueno&comma; cuando puede tener EXCELENTE. Invierta en seguridad con la linea de videovigilancia epcom&comma; <span style='color: #3598db;'>por su gran calidad de imagen y dise\u00f1o profesional<\/span> es la l\u00ednea con mayor crecimiento en Am\u00e9rica.<\/p>\n<\/p><\/div>\n<\/p><\/div>\n<\/p><\/div>\n","protected":false},"excerpt":{"rendered":"<p>(AUDIO POR COAXITRON) DVR 2 Megapixel (1080p) Lite Pentahibrido \/ 4 Canales TURBOHD + 1 Canal IP \/ 1 Bah\u00eda de Disco Duro \/ 4 Canales de Audio por Coaxitron \/ H.264+ \/ Salida Full HD<\/p>\n","protected":false},"featured_media":111558,"comment_status":"open","ping_status":"closed","template":"","meta":[],"product_brand":[],"product_cat":[2254],"product_tag":[2255,935,2256],"class_list":{"0":"post-111559","1":"product","2":"type-product","3":"status-publish","4":"has-post-thumbnail","6":"product_cat-videograbadoras-analogicas-turbohd-tvi-ahd-cvi","7":"product_tag-camaras-y-dvrs-hd-turbohd-ahd-hd-tvi","8":"product_tag-epcom","9":"product_tag-videograbadoras-analogicas-turbohd-tvi-ahd-cvi","11":"first","12":"outofstock","13":"sale","14":"shipping-taxable","15":"purchasable","16":"product-type-simple"},"_links":{"self":[{"href":"https:\/\/soydeaqui.ddns.net\/pachuca\/index.php\/wp-json\/wp\/v2\/product\/111559","targetHints":{"allow":["GET"]}}],"collection":[{"href":"https:\/\/soydeaqui.ddns.net\/pachuca\/index.php\/wp-json\/wp\/v2\/product"}],"about":[{"href":"https:\/\/soydeaqui.ddns.net\/pachuca\/index.php\/wp-json\/wp\/v2\/types\/product"}],"replies":[{"embeddable":true,"href":"https:\/\/soydeaqui.ddns.net\/pachuca\/index.php\/wp-json\/wp\/v2\/comments?post=111559"}],"wp:featuredmedia":[{"embeddable":true,"href":"https:\/\/soydeaqui.ddns.net\/pachuca\/index.php\/wp-json\/wp\/v2\/media\/111558"}],"wp:attachment":[{"href":"https:\/\/soydeaqui.ddns.net\/pachuca\/index.php\/wp-json\/wp\/v2\/media?parent=111559"}],"wp:term":[{"taxonomy":"product_brand","embeddable":true,"href":"https:\/\/soydeaqui.ddns.net\/pachuca\/index.php\/wp-json\/wp\/v2\/product_brand?post=111559"},{"taxonomy":"product_cat","embeddable":true,"href":"https:\/\/soydeaqui.ddns.net\/pachuca\/index.php\/wp-json\/wp\/v2\/product_cat?post=111559"},{"taxonomy":"product_tag","embeddable":true,"href":"https:\/\/soydeaqui.ddns.net\/pachuca\/index.php\/wp-json\/wp\/v2\/product_tag?post=111559"}],"curies":[{"name":"wp","href":"https:\/\/api.w.org\/{rel}","templated":true}]}}