{"id":111554,"date":"2026-03-20T20:53:05","date_gmt":"2026-03-20T20:53:05","guid":{"rendered":"https:\/\/soydeaqui.ddns.net\/pachuca\/index.php\/producto\/audio-por-coaxitron-dvr-8-canales-2-megapixel-1080p-lite-8-canales-turbohd-2-canales-ip-1-bahia-de-disco-duro-h-264-salida-de-video-full-hd\/"},"modified":"2026-03-20T20:53:17","modified_gmt":"2026-03-20T20:53:17","slug":"audio-por-coaxitron-dvr-8-canales-2-megapixel-1080p-lite-8-canales-turbohd-2-canales-ip-1-bahia-de-disco-duro-h-264-salida-de-video-full-hd","status":"publish","type":"product","link":"https:\/\/soydeaqui.ddns.net\/pachuca\/index.php\/producto\/audio-por-coaxitron-dvr-8-canales-2-megapixel-1080p-lite-8-canales-turbohd-2-canales-ip-1-bahia-de-disco-duro-h-264-salida-de-video-full-hd\/","title":{"rendered":"(AUDIO POR COAXITRON) DVR 8 Canales 2 Megapixel (1080p) Lite \/ 8 Canales TURBOHD + 2 Canales IP \/ 1 Bah\u00eda de Disco Duro \/ H.264+ \/ Salida de v\u00eddeo Full HD"},"content":{"rendered":"<div style='width: 100%; max-width: 1200px; margin: 0 auto; font-family: sans-serif; line-height: 1.6; color: inherit; background-color: transparent;'> <!-- Video de YouTube --> <\/p>\n<div style='text-align: center; width: 100%;'>\n<h3 style='font-size: 24px; margin-top: 0; margin-bottom: 15px; color: inherit; opacity: 0.8;'><strong>Crear Cuenta Hik-Connect<\/strong><\/h3>\n<div style='position: relative; padding-bottom: 56.25%; height: 0; overflow: hidden; margin-bottom: 30px;'>   <\/div>\n<\/p><\/div>\n<p> <!-- Imagen coaxitron --> <\/p>\n<div style='text-align: center; margin: 30px 0;'>\n<p style='margin: 0 0 15px 0; font-weight: bold; color: inherit;'><strong>Audio&comma; Video y Datos por el Mismo Cable<\/strong><\/p>\n<p> <img style='width: 100%; height: auto; border: 1px solid rgba(150&comma;150&comma;150&comma;0.3); border-radius: 8px;' src='https:\/\/ftp3.syscom.mx\/usuarios\/jsosa\/HIKVISION\/imagenes\/coaxitron\/coaxitron.jpg' alt='Coaxitron'> <\/div>\n<p> <!-- Secci\u00f3n de contenido --> <\/p>\n<div style='display: flex; flex-wrap: wrap; gap: 30px; margin: 30px 0;'>\n<div style='flex: 1 1 300px; min-width: 280px;'>\n<h3 style='font-size: 22px; border-bottom: 2px solid currentColor; padding-bottom: 5px; margin-top: 0; color: inherit; opacity: 0.8;'>\u00bfQu\u00e9 es HD-TVI 1080p Lite?<\/h3>\n<p style='font-size: 15px; color: inherit;'>Permite a los DVRs 720p adicionar c\u00e1maras 1080p (2 Megapixel) con compatibilidad TVI&comma; AHD y CVI con resolucion de grabacion 960 x 1080. Recordemos que Full HD es 1920 x 1080 y es por eso que el DVR no podra grabar a Full HD. Con esta ventaja podemos utilizar camaras de lente motorizado para mover el lente de manera remota o un PTZ sin problemas.<\/p>\n<\/p><\/div>\n<div style='flex: 1 1 300px; min-width: 280px;'>\n<h3 style='font-size: 22px; border-bottom: 2px solid currentColor; padding-bottom: 5px; margin-top: 0; color: inherit; opacity: 0.8;'>\u00bfComo tener mas canales IP?<\/h3>\n<p style='font-size: 15px; color: inherit;'>La serie SLIM con su nueva actualizacion de firmware (ir al panel de descargas) le permitir\u00e1 deshabilitar canales TURBOHD para generar canales IP.<\/p>\n<\/p><\/div>\n<\/p><\/div>\n<p> <!-- Secci\u00f3n de cards con especificaciones --> <\/p>\n<div style='display: flex; flex-wrap: wrap; gap: 20px; margin: 30px 0;'>\n<div style='flex: 1 1 250px; border: 1px solid rgba(150&comma; 150&comma; 150&comma; 0.4); border-radius: 8px; overflow: hidden; display: flex; flex-direction: column;'>\n<div style='padding: 15px; border-bottom: 1px solid rgba(150&comma; 150&comma; 150&comma; 0.2); font-weight: bold; font-size: 18px; color: inherit;'>Caracter\u00edsticas principales<\/div>\n<div style='padding: 15px; color: inherit;'>\n<ul style='padding-left: 20px; margin: 0; font-size: 14px; list-style-type: disc;'>\n<li style='margin-bottom: 5px;'><span style='color: inherit;'>Tecnolog\u00eda TURBOHD 1080P Lite.<\/span><\/li>\n<li style='margin-bottom: 5px;'><span style='color: inherit;'>Soporte de 5 tecnolog\u00edas: HD-TVI \/ Analogico \/ HD-CVI \/ AHD \/ IP.<\/span><\/li>\n<li style='margin-bottom: 5px;'><span style='color: inherit;'>Acceso remoto: PC (WINDOWS \/ MAC)&comma; Smart Phone (iPhone&comma; iPad&comma; Android).<\/span><\/li>\n<li style='margin-bottom: 5px;'><span style='color: inherit;'>Compatibilidad con navegador Chrome (IE tab)&comma; Safari&comma; Internet Explorer.<\/span><\/li>\n<li style='margin-bottom: 5px;'><span style='color: inherit;'>Software cliente multi sitio de hasta 64 canales (iVMS-4200).<\/span><\/li>\n<li style='margin-bottom: 5px;'><span style='color: inherit;'>Compatible con Hik-Connect P2P.<\/span><\/li>\n<li style='margin-bottom: 5px;'><span style='color: inherit;'>Soporta servicio DDNS SYSCOM \/ DynDNS \/ No-IP.<\/span><\/li>\n<li style='margin-bottom: 5px;'><span style='color: inherit;'>Compresi\u00f3n y resoluci\u00f3n:<\/span>\n<ul style='padding-left: 20px; margin: 5px 0;'>\n<li style='margin-bottom: 5px;'><span style='color: inherit;'>H.264+ \/ H.264.<\/span><\/li>\n<\/ul>\n<\/li>\n<li style='margin-bottom: 5px;'><span style='color: inherit;'>Soporta 8 canales TURBOHD \/ analogicos + 2 canales IP = 10 canales en total.<\/span>\n<ul style='padding-left: 20px; margin: 5px 0;'>\n<li style='margin-bottom: 5px;'><strong style='color: inherit;'>NOTA:<\/strong> <span style='color: inherit;'>Permite apagar canales an\u00e1logos para agregar canales IP.<\/span><\/li>\n<\/ul>\n<\/li>\n<li style='margin-bottom: 5px;'><span style='color: inherit;'>Soporta tecnolog\u00edas:<\/span>\n<ul style='padding-left: 20px; margin: 5px 0;'>\n<li style='margin-bottom: 5px;'><span style='color: inherit;'>HD-TVI: 1080p Lite \/ 720p@ 12 IPS.<\/span><\/li>\n<li style='margin-bottom: 5px;'><span style='color: inherit;'>CVBS: WD1@30 IPS.<\/span><\/li>\n<li style='margin-bottom: 5px;'><span style='color: inherit;'>AHD: 1080p Lite \/ 720p@12 IPS.<\/span><\/li>\n<li style='margin-bottom: 5px;'><span style='color: inherit;'>CVI: 1080p Lite \/ 720p@12 IPS.<\/span><\/li>\n<li style='margin-bottom: 5px;'><span style='color: inherit;'>IP: 5 Megapixel.<\/span><\/li>\n<\/ul>\n<\/li>\n<li style='margin-bottom: 5px;'><span style='color: inherit;'>El audio se recibe por la se\u00f1al TVI<\/span><\/li>\n<\/ul><\/div>\n<\/p><\/div>\n<div style='flex: 1 1 250px; border: 1px solid rgba(150&comma; 150&comma; 150&comma; 0.4); border-radius: 8px; overflow: hidden; display: flex; flex-direction: column;'>\n<div style='padding: 15px; border-bottom: 1px solid rgba(150&comma; 150&comma; 150&comma; 0.2); font-weight: bold; font-size: 18px; color: inherit;'>Caracter\u00edsticas F\u00edsicas y El\u00e9ctricas<\/div>\n<div style='padding: 15px; color: inherit;'>\n<ul style='padding-left: 20px; margin: 0; font-size: 14px; list-style-type: disc;'>\n<li style='margin-bottom: 5px;'><span style='color: inherit;'>Alimentacion: 12 Vcc.<\/span><\/li>\n<li style='margin-bottom: 5px;'><span style='color: inherit;'>Consumo sin disco duro: 12 Watts.<\/span><\/li>\n<li style='margin-bottom: 5px;'><span style='color: inherit;'>Temperatura de operacion: -10 \u00baC &#8211; 55 \u00baC<\/span><\/li>\n<li style='margin-bottom: 5px;'><span style='color: inherit;'>Dimensiones: 200 \u00d7 200 \u00d7 45 mm (W \u00d7 D \u00d7 H)<\/span><\/li>\n<li style='margin-bottom: 5px;'><span style='color: inherit;'>Peso: 0.8 Kg sin disco duro.<\/span><\/li>\n<li style='margin-bottom: 5px;'><strong style='color: inherit;'>Garantia: 5 A\u00f1os.<\/strong><\/li>\n<\/ul><\/div>\n<div style='padding: 15px; border-top: 1px solid rgba(150&comma; 150&comma; 150&comma; 0.2); color: inherit;'>\n<h4 style='margin-top: 0; margin-bottom: 10px; font-size: 16px; color: inherit;'><strong>Funciones de red:<\/strong><\/h4>\n<ul style='padding-left: 20px; margin: 0; font-size: 14px; list-style-type: disc;'>\n<li style='margin-bottom: 5px;'><span style='color: inherit;'>Protocolos: TCP\/IP&comma; PPPoE&comma; DHCP&comma; Hik Cloud P2P&comma; DNS&comma; DDNS&comma; NTP&comma; SADP&comma; SMTP&comma; NFS&comma; iSCSI&comma; UPnP\u2122&comma; HTTPS<\/span><\/li>\n<li style='margin-bottom: 5px;'><span style='color: inherit;'>Soporta Doble streaming.<\/span><\/li>\n<\/ul><\/div>\n<\/p><\/div>\n<div style='flex: 1 1 250px; border: 1px solid rgba(150&comma; 150&comma; 150&comma; 0.4); border-radius: 8px; overflow: hidden; display: flex; flex-direction: column;'>\n<div style='padding: 15px; border-bottom: 1px solid rgba(150&comma; 150&comma; 150&comma; 0.2); font-weight: bold; font-size: 18px; color: inherit;'>Funciones de Grabaci\u00f3n y Visualizaci\u00f3n<\/div>\n<div style='padding: 15px; color: inherit;'>\n<ul style='padding-left: 20px; margin: 0; font-size: 14px; list-style-type: disc;'>\n<li style='margin-bottom: 5px;'><span style='color: inherit;'>Detecci\u00f3n de movimiento multi zona.<\/span><\/li>\n<li style='margin-bottom: 5px;'><span style='color: inherit;'>Zoom digital en visualizaci\u00f3n y grabaci\u00f3n.<\/span><\/li>\n<li style='margin-bottom: 5px;'><span style='color: inherit;'>Soporta m\u00faltiples tipos de grabaci\u00f3n&comma; incluyendo tiempo real&comma; grabaci\u00f3n manual&comma; deteccion de movimiento.<\/span><\/li>\n<li style='margin-bottom: 5px;'><span style='color: inherit;'>B\u00fasqueda inteligente de grabaciones por detecci\u00f3n de movimiento.<\/span><\/li>\n<li style='margin-bottom: 5px;'><span style='color: inherit;'>Se proporciona SDK y c\u00f3digos de demostraci\u00f3n para disminuir el tiempo de desarrollo de aplicaciones.<\/span><\/li>\n<li style='margin-bottom: 5px;'><span style='color: inherit;'>Grabaci\u00f3n con Sobre-escritura autom\u00e1tica.<\/span><\/li>\n<li style='margin-bottom: 5px;'><span style='color: inherit;'>Main stream: 1080P Lite \/ 720p \/ WD1 \/ 4CIF.<\/span><\/li>\n<li style='margin-bottom: 5px;'><span style='color: inherit;'>Sub stream: CIF \/ QCIF.<\/span><\/li>\n<\/ul><\/div>\n<div style='padding: 15px; border-top: 1px solid rgba(150&comma; 150&comma; 150&comma; 0.2); color: inherit;'>\n<h4 style='margin-top: 0; margin-bottom: 10px; font-size: 16px; color: inherit;'><strong>Interfaces Entradas \/ Salidas<\/strong><\/h4>\n<ul style='padding-left: 20px; margin: 0; font-size: 14px; list-style-type: disc;'>\n<li style='margin-bottom: 5px;'><span style='color: inherit;'>Salida de video en Full HD HDMI y VGA (salida simultanea).<\/span><\/li>\n<li style='margin-bottom: 5px;'><span style='color: inherit;'>Entrada audio: 1 (RCA&comma; 2.0 Vp-p&comma; 1K\u03a9).<\/span><\/li>\n<li style='margin-bottom: 5px;'><span style='color: inherit;'>Soporta audio en todos sus canales por coaxitron utilizando camaras con audio integrado <a style='color: #3598db; text-decoration: none;' href='https:\/\/www.syscom.mx\/principal\/promociones\/camaras_con_audio_por_coaxitron_2_mp-5477.html?ordenar=Relevancia&#038;pag=1' target='_blank' rel='noopener'>(ver modelos compatibles)<\/a>.<\/span><\/li>\n<li style='margin-bottom: 5px;'><span style='color: inherit;'>Salida audio: 1 (RCA&comma; 2.0 Vp-p&comma; 1K\u03a9).<\/span><\/li>\n<li style='margin-bottom: 5px;'><span style='color: inherit;'>Entrada alarma: N\/A<\/span><\/li>\n<li style='margin-bottom: 5px;'><span style='color: inherit;'>Salida alarma: N\/A<\/span><\/li>\n<li style='margin-bottom: 5px;'><span style='color: inherit;'>Interfaz USB: 2 puerto (2.0) trasero.<\/span><\/li>\n<li style='margin-bottom: 5px;'><span style='color: inherit;'>Interfaz red: 1 puertos (RJ-45 10\/100 Mbps).<\/span><\/li>\n<li style='margin-bottom: 5px;'><span style='color: inherit;'>Capacidad de disco duro: 1 de hasta 6 TB.<\/span><\/li>\n<\/ul>\n<p style='margin-top: 15px; color: inherit;'><strong>Para utilizar audio de 2 v\u00edas se recomienda colocar un micr\u00f3fono en la entrada de audio&comma; no se recomienda para audio de 2 v\u00edas una c\u00e1mara con audio por coaxitron<\/strong><\/p>\n<\/p><\/div>\n<\/p><\/div>\n<\/p><\/div>\n<p> <!-- Imagen de garant\u00eda --> <\/p>\n<div style='text-align: center; margin: 30px 0;'> <img style='width: 100%; height: auto; border: 1px solid rgba(150&comma;150&comma;150&comma;0.3); border-radius: 8px;' src='https:\/\/ftp3.syscom.mx\/usuarios\/fotos\/B8TURBOC\/189682-5-year-epcom-es_(2).png' alt='Garant\u00eda'> <\/div>\n<p> <!-- Secci\u00f3n de recursos --> <\/p>\n<div style='text-align: center; margin: 30px 0;'>\n<h2 style='font-size: 24px; margin-bottom: 20px; color: inherit; opacity: 0.8;'><strong>Recursos<\/strong><\/h2>\n<div style='display: flex; flex-wrap: wrap; justify-content: center; gap: 20px;'>\n<div style='flex: 1 1 300px; min-width: 250px;'> <a style='text-decoration: none;' href='https:\/\/www.hikvision.com\/es-la\/support\/download\/software\/ivms4200-series\/?q=serie%20ivms4200&#038;position=1' target='_blank' rel='noopener'> <img style='width: 100%; height: auto; border: 1px solid rgba(150&comma;150&comma;150&comma;0.3); border-radius: 8px;' src='https:\/\/ftp3.syscom.mx\/usuarios\/gmagos\/HIK\/IP\/IPC\/Imagenes%20pagina\/Descargas%20IVMS4200.jpg' alt='Descargas IVMS4200'> <\/a> <\/div>\n<div style='flex: 1 1 300px; min-width: 250px;'> <a style='text-decoration: none;' href='https:\/\/appstore.hikvision.com\/' target='_blank' rel='noopener'> <img style='width: 100%; height: auto; border: 1px solid rgba(150&comma;150&comma;150&comma;0.3); border-radius: 8px;' src='https:\/\/ftp3.syscom.mx\/usuarios\/gmagos\/HIK\/IP\/IPC\/Imagenes%20pagina\/Descargas%20de%20app.jpg' alt='Descargas de App'> <\/a> <\/div>\n<div style='flex: 1 1 300px; min-width: 250px;'> <a style='text-decoration: none;' href='https:\/\/ftp3.syscom.mx\/usuarios\/jsosa\/epcom\/specs\/analogo\/dvr\/S08TURBOG2A\/S08-TURBO-G2A.pdf' target='_blank' rel='noopener'> <img style='width: 100%; height: auto; border: 1px solid rgba(150&comma;150&comma;150&comma;0.3); border-radius: 8px;' src='https:\/\/ftp3.syscom.mx\/usuarios\/gmagos\/HIK\/IP\/IPC\/Imagenes%20pagina\/Descarga%20de%20PDF.jpg' alt='Descarga de PDF'> <\/a> <\/div>\n<\/p><\/div>\n<\/p><\/div>\n<p> <!-- Imagen de por qu\u00e9 adquirir epcom --> <\/p>\n<div style='text-align: center; margin: 30px 0;'> <img style='width: 60%; height: auto; border: 1px solid rgba(150&comma;150&comma;150&comma;0.3); border-radius: 8px;' src='http:\/\/ftp3.syscom.mx\/usuarios\/jdelafuente\/EPCOM\/TURBO%20HD\/100%253.png' alt='Por qu\u00e9 adquirir epcom'> <\/div>\n<p> <!-- Secci\u00f3n de por qu\u00e9 adquirir epcom --> <\/p>\n<div style='text-align: center; margin: 30px 0;'>\n<h2 style='font-size: 24px; margin-bottom: 20px; color: inherit; opacity: 0.8;'><strong>\u00bfPor qu\u00e9 adquirir epcom\u00ae?<\/strong><\/h2>\n<\/p><\/div>\n<p> <!-- Secci\u00f3n de app y beneficios --> <\/p>\n<div style='display: flex; flex-wrap: wrap; gap: 30px; margin: 30px 0; align-items: center; justify-content: center;'>\n<div style='flex: 1 1 300px; min-width: 250px;'> <a style='text-decoration: none;' href='https:\/\/appstore.hikvision.com\/' target='_blank' rel='noopener'> <img style='width: 100%; height: auto; border: 1px solid rgba(150&comma;150&comma;150&comma;0.3); border-radius: 8px;' src='https:\/\/ftp3.syscom.mx\/usuarios\/jsosa\/epcom\/banners\/HIKVISION-APSTORE.jpg' alt='App de Hikvision'> <\/a> <\/div>\n<div style='flex: 1 1 300px; min-width: 250px;'>\n<h3 style='font-size: 20px; margin-top: 0; margin-bottom: 15px; color: inherit;'>Mejor App de la industria para Android \/ iPhone<\/h3>\n<p style='font-size: 15px; color: inherit; margin-bottom: 10px;'>Video fluido&comma; manejo r\u00e1pido&comma;<\/p>\n<p style='font-size: 15px; color: inherit; margin-bottom: 10px;'><a style='color: #3598db; text-decoration: none;' href='https:\/\/www.syscomblog.com\/2018\/07\/nuevo-acceso-movil-en-segundos.html' target='_blank' rel='noopener'>acceso m\u00f3vil en segundos y \u00fanico con opci\u00f3n segura para compartir equipos<\/a><\/p>\n<p style='font-size: 15px; color: inherit;'>(asegure que nadie puede acceder a su equipo).<\/p>\n<\/p><\/div>\n<\/p><\/div>\n<p> <!-- Imagen de crecimiento en Am\u00e9rica --> <\/p>\n<div style='display: flex; flex-wrap: wrap; gap: 30px; margin: 30px 0; align-items: center; justify-content: center;'>\n<div style='flex: 1 1 300px; min-width: 250px;'> <img style='width: 100%; height: auto; border: 1px solid rgba(150&comma;150&comma;150&comma;0.3); border-radius: 8px;' src='https:\/\/ftp3.syscom.mx\/usuarios\/fotos\/S04TURBOL\/157046-epcom_01.jpg' alt='L\u00ednea con mayor crecimiento'> <\/div>\n<div style='flex: 1 1 300px; min-width: 250px;'>\n<h3 style='font-size: 20px; margin-top: 0; margin-bottom: 15px; color: inherit;'>Adquiera la l\u00ednea con mayor crecimiento en Am\u00e9rica<\/h3>\n<p style='font-size: 15px; color: inherit; margin-bottom: 10px;'>No se conforme con bueno&comma; cuando puede tener EXCELENTE. Invierta en seguridad con la linea de videovigilancia epcom&comma; por su gran calidad de imagen y dise\u00f1o profesional es la l\u00ednea con mayor crecimiento en Am\u00e9rica.<\/p>\n<\/p><\/div>\n<\/p><\/div>\n<p> <!-- Imagen final --> <\/p>\n<div style='text-align: center; margin: 30px 0;'> <img style='width: 100%; height: auto; border: 1px solid rgba(150&comma;150&comma;150&comma;0.3); border-radius: 8px;' src='https:\/\/ftp3.syscom.mx\/usuarios\/nicolas.jimenez\/epcom-2.png' alt='epcom'> <\/div>\n<\/p><\/div>\n","protected":false},"excerpt":{"rendered":"<p>(AUDIO POR COAXITRON) DVR 8 Canales 2 Megapixel (1080p) Lite \/ 8 Canales TURBOHD + 2 Canales IP \/ 1 Bah\u00eda de Disco Duro \/ H.264+ \/ Salida de v\u00eddeo Full HD<\/p>\n","protected":false},"featured_media":111553,"comment_status":"open","ping_status":"closed","template":"","meta":[],"product_brand":[],"product_cat":[2254],"product_tag":[2255,935,2256],"class_list":{"0":"post-111554","1":"product","2":"type-product","3":"status-publish","4":"has-post-thumbnail","6":"product_cat-videograbadoras-analogicas-turbohd-tvi-ahd-cvi","7":"product_tag-camaras-y-dvrs-hd-turbohd-ahd-hd-tvi","8":"product_tag-epcom","9":"product_tag-videograbadoras-analogicas-turbohd-tvi-ahd-cvi","11":"first","12":"outofstock","13":"sale","14":"shipping-taxable","15":"purchasable","16":"product-type-simple"},"_links":{"self":[{"href":"https:\/\/soydeaqui.ddns.net\/pachuca\/index.php\/wp-json\/wp\/v2\/product\/111554","targetHints":{"allow":["GET"]}}],"collection":[{"href":"https:\/\/soydeaqui.ddns.net\/pachuca\/index.php\/wp-json\/wp\/v2\/product"}],"about":[{"href":"https:\/\/soydeaqui.ddns.net\/pachuca\/index.php\/wp-json\/wp\/v2\/types\/product"}],"replies":[{"embeddable":true,"href":"https:\/\/soydeaqui.ddns.net\/pachuca\/index.php\/wp-json\/wp\/v2\/comments?post=111554"}],"wp:featuredmedia":[{"embeddable":true,"href":"https:\/\/soydeaqui.ddns.net\/pachuca\/index.php\/wp-json\/wp\/v2\/media\/111553"}],"wp:attachment":[{"href":"https:\/\/soydeaqui.ddns.net\/pachuca\/index.php\/wp-json\/wp\/v2\/media?parent=111554"}],"wp:term":[{"taxonomy":"product_brand","embeddable":true,"href":"https:\/\/soydeaqui.ddns.net\/pachuca\/index.php\/wp-json\/wp\/v2\/product_brand?post=111554"},{"taxonomy":"product_cat","embeddable":true,"href":"https:\/\/soydeaqui.ddns.net\/pachuca\/index.php\/wp-json\/wp\/v2\/product_cat?post=111554"},{"taxonomy":"product_tag","embeddable":true,"href":"https:\/\/soydeaqui.ddns.net\/pachuca\/index.php\/wp-json\/wp\/v2\/product_tag?post=111554"}],"curies":[{"name":"wp","href":"https:\/\/api.w.org\/{rel}","templated":true}]}}