{"id":111549,"date":"2026-03-20T20:52:48","date_gmt":"2026-03-20T20:52:48","guid":{"rendered":"https:\/\/soydeaqui.ddns.net\/pachuca\/index.php\/producto\/fuente-de-poder-12-vcc-2-amp-con-terminales-de-extension-distancias-de-cable-hacia-vca-50-cm-distancia-de-cable-hacia-dispositivo-de-50-cm\/"},"modified":"2026-03-20T20:52:59","modified_gmt":"2026-03-20T20:52:59","slug":"fuente-de-poder-12-vcc-2-amp-con-terminales-de-extension-distancias-de-cable-hacia-vca-50-cm-distancia-de-cable-hacia-dispositivo-de-50-cm","status":"publish","type":"product","link":"https:\/\/soydeaqui.ddns.net\/pachuca\/index.php\/producto\/fuente-de-poder-12-vcc-2-amp-con-terminales-de-extension-distancias-de-cable-hacia-vca-50-cm-distancia-de-cable-hacia-dispositivo-de-50-cm\/","title":{"rendered":"Fuente de Poder 12 Vcc \/ 2 Amp \/ Con Terminales de Extensi\u00f3n \/ Distancias de cable hacia Vca 50 cm \/ Distancia de cable hacia dispositivo de 50 cm"},"content":{"rendered":"<div style='width: 100%; max-width: 1200px; margin: 0 auto; font-family: sans-serif; line-height: 1.6; color: inherit; background-color: transparent;'> <!-- Secci\u00f3n de t\u00edtulo --> <\/p>\n<div style='text-align: center; margin-bottom: 30px;'>\n<h1 style='font-size: 28px; color: inherit; margin: 0;'><strong>PSD1202DT<\/strong><\/h1>\n<h3 style='font-size: 20px; color: inherit; margin: 10px 0;'>Fuente de alimentaci\u00f3n 12 Vcc @ 2 Amper<\/h3>\n<h3 style='font-size: 18px; color: inherit; margin: 10px 0;'>Terminales tipo extensi\u00f3n<\/h3>\n<p style='text-align: center; margin: 10px 70px 50px 70px; color: inherit; font-size: 15px;'> <strong>Sistemas de alimentaci\u00f3n para aplicaciones en sistemas de seguridad electr\u00f3nica y comunicaci\u00f3n.<\/strong> <\/p>\n<\/p><\/div>\n<p> <!-- Secci\u00f3n de caracter\u00edsticas --> <\/p>\n<div style='display: flex; flex-wrap: wrap; gap: 30px; margin-bottom: 30px;'>\n<div style='flex: 1 1 300px; min-width: 280px;'>\n<h3 style='font-size: 22px; border-bottom: 2px solid currentColor; padding-bottom: 5px; margin-top: 0; color: inherit; opacity: 0.8;'>Caracter\u00edsticas<\/h3>\n<p> <img style='width: 100%; height: auto; border: 1px solid rgba(150&comma;150&comma;150&comma;0.3); border-radius: 8px; margin: 15px 0;' src='https:\/\/ftp3.syscom.mx\/usuarios\/fotos\/BancoFotografiasSyscom\/EPCOMPOWERLINE\/PSD1202DT\/PSD1202DT-p.PNG' alt='Fuente de poder PSD1202DT'> <\/p>\n<ul style='padding-left: 20px; font-size: 15px; color: inherit;'>\n<li style='margin-bottom: 5px;'>Voltaje de entrada: 100-240 Vca<\/li>\n<li style='margin-bottom: 5px;'><strong>Voltaje de salida : 12 Vcc<\/strong><\/li>\n<li style='margin-bottom: 5px;'><strong>Corriente de salida : 2 Amper<\/strong><\/li>\n<li style='margin-bottom: 5px;'>Frecuencia nominal : 50-60 Hz<\/li>\n<li style='margin-bottom: 5px;'><strong>Alta eficiencia<\/strong><\/li>\n<li style='margin-bottom: 5px;'><strong>Protecci\u00f3n contra cortocircuitos&comma; y sobretensiones<\/strong><\/li>\n<li style='margin-bottom: 5px;'><strong>Garant\u00eda de 3 a\u00f1os<\/strong><\/li>\n<\/ul><\/div>\n<p> <!-- Secci\u00f3n de especificaciones f\u00edsicas --> <\/p>\n<div style='flex: 1 1 300px; min-width: 280px;'>\n<h3 style='font-size: 22px; border-bottom: 2px solid currentColor; padding-bottom: 5px; margin-top: 0; color: inherit; opacity: 0.8;'>Especificaciones F\u00edsicas<\/h3>\n<p> <img style='width: 100%; height: auto; border: 1px solid rgba(150&comma;150&comma;150&comma;0.3); border-radius: 8px; margin: 15px 0;' src='https:\/\/ftp3.syscom.mx\/usuarios\/fotos\/BancoFotografiasSyscom\/EPCOMPOWERLINE\/PSD1202DT\/PSD1202DT-FRENTE-p.PNG' alt='Fuente de poder PSD1202DT frente'> <\/p>\n<ul style='padding-left: 20px; font-size: 15px; color: inherit;'>\n<li style='margin-bottom: 5px;'>Distancia de cable hacia Vca : 50 cm<\/li>\n<li style='margin-bottom: 5px;'>Distancia de cable hacia Dispositivo : 50 cm<\/li>\n<li style='margin-bottom: 5px;'>Material : Pl\u00e1stico ABS<\/li>\n<li style='margin-bottom: 5px;'>Color : Negro<\/li>\n<li style='margin-bottom: 5px;'><strong>Temperatura de operaci\u00f3n : -20 \u00b0C a 45 \u00b0C<\/strong><\/li>\n<li style='margin-bottom: 5px;'>Dimensiones ( L x W x H ): 83 x 41 x 24.6 mm.<\/li>\n<\/ul><\/div>\n<p> <!-- Secci\u00f3n de productos relacionados --> <\/p>\n<div style='flex: 1 1 300px; min-width: 280px;'>\n<h3 style='font-size: 22px; border-bottom: 2px solid currentColor; padding-bottom: 5px; margin-top: 0; color: inherit; opacity: 0.8;'>Productos relacionados<\/h3>\n<p> <img style='width: 100%; height: auto; border: 1px solid rgba(150&comma;150&comma;150&comma;0.3); border-radius: 8px; margin: 15px 0;' src='https:\/\/ftp3.syscom.mx\/usuarios\/fotos\/BancoFotografiasSyscom\/EPCOMPOWERLINE\/PSD1202DT\/PSD1202DT-LAT-IZQ-p.PNG' alt='Fuente de poder PSD1202DT lateral izquierdo'> <\/p>\n<ul style='padding-left: 20px; font-size: 15px; color: inherit;'>\n<li style='margin-bottom: 5px;'>P5DC1A &#8230;&#8230;&#8230;&#8230;&#8230;5 Vcc @ 1 A<\/li>\n<li style='margin-bottom: 5px;'>P5DC2A&#8230;&#8230;&#8230;&#8230;&#8230;.5 Vcc @ 2 A<\/li>\n<li style='margin-bottom: 5px;'>P6DC1A&#8230;&#8230;&#8230;&#8230;&#8230;6 Vcc @ 1 A<\/li>\n<li style='margin-bottom: 5px;'>P9DC1A&#8230;&#8230;&#8230;&#8230;&#8230;9 Vcc @ 1 A<\/li>\n<li style='margin-bottom: 5px;'>P9DC3A&#8230;&#8230;&#8230;&#8230;&#8230;9 Vcc @ 3 A<\/li>\n<li style='margin-bottom: 5px;'>PLDC500&#8230;&#8230;&#8230;&#8230;.12 Vcc @ 0.5 A<\/li>\n<li style='margin-bottom: 5px;'>PLDC100&#8230;&#8230;&#8230;&#8230;&#8230;.12 Vcc @ 1 A<\/li>\n<li style='margin-bottom: 5px;'>PSD1202D&#8230;&#8230;&#8230;&#8230;..12 Vcc @ 2 A<\/li>\n<li style='margin-bottom: 5px;'>PL12DC2AW&#8230;&#8230;&#8230;.12 Vcc @ 2 A Intemperie<\/li>\n<li style='margin-bottom: 5px;'>P12DC3A&#8230;&#8230;&#8230;&#8230;&#8230;.12 Vcc @ 3 A<\/li>\n<li style='margin-bottom: 5px;'>P24DC3A&#8230;&#8230;&#8230;&#8230;&#8230;.24 Vcc @ 1 A<\/li>\n<li style='margin-bottom: 5px;'>PL36V2A&#8230;&#8230;&#8230;&#8230;&#8230;.36 Vcc @ 1 A<\/li>\n<li style='margin-bottom: 5px;'>PLDC4830A&#8230;&#8230;&#8230;..48 Vcc @ 1 A<\/li>\n<li style='margin-bottom: 5px;'>PL53V3A&#8230;&#8230;&#8230;&#8230;&#8230;.53 Vcc @ 1 A<\/li>\n<\/ul><\/div>\n<\/p><\/div>\n<p> <!-- Separador --> <\/p>\n<hr style='border: 0; border-top: 1px solid rgba(150&comma; 150&comma; 150&comma; 0.3); margin: 30px 0;'> <\/div>\n","protected":false},"excerpt":{"rendered":"<p>Fuente de Poder 12 Vcc \/ 2 Amp \/ Con Terminales de Extensi\u00f3n \/ Distancias de cable hacia Vca 50 cm \/ Distancia de cable hacia dispositivo de 50 cm<\/p>\n","protected":false},"featured_media":111548,"comment_status":"open","ping_status":"closed","template":"","meta":[],"product_brand":[],"product_cat":[1103],"product_tag":[142,454,457],"class_list":{"0":"post-111549","1":"product","2":"type-product","3":"status-publish","4":"has-post-thumbnail","6":"product_cat-fuentes-de-alimentacion-energia-videovigilancia","7":"product_tag-energia","8":"product_tag-epcom-powerline","9":"product_tag-fuentes-de-alimentacion","11":"first","12":"instock","13":"sale","14":"shipping-taxable","15":"purchasable","16":"product-type-simple"},"_links":{"self":[{"href":"https:\/\/soydeaqui.ddns.net\/pachuca\/index.php\/wp-json\/wp\/v2\/product\/111549","targetHints":{"allow":["GET"]}}],"collection":[{"href":"https:\/\/soydeaqui.ddns.net\/pachuca\/index.php\/wp-json\/wp\/v2\/product"}],"about":[{"href":"https:\/\/soydeaqui.ddns.net\/pachuca\/index.php\/wp-json\/wp\/v2\/types\/product"}],"replies":[{"embeddable":true,"href":"https:\/\/soydeaqui.ddns.net\/pachuca\/index.php\/wp-json\/wp\/v2\/comments?post=111549"}],"wp:featuredmedia":[{"embeddable":true,"href":"https:\/\/soydeaqui.ddns.net\/pachuca\/index.php\/wp-json\/wp\/v2\/media\/111548"}],"wp:attachment":[{"href":"https:\/\/soydeaqui.ddns.net\/pachuca\/index.php\/wp-json\/wp\/v2\/media?parent=111549"}],"wp:term":[{"taxonomy":"product_brand","embeddable":true,"href":"https:\/\/soydeaqui.ddns.net\/pachuca\/index.php\/wp-json\/wp\/v2\/product_brand?post=111549"},{"taxonomy":"product_cat","embeddable":true,"href":"https:\/\/soydeaqui.ddns.net\/pachuca\/index.php\/wp-json\/wp\/v2\/product_cat?post=111549"},{"taxonomy":"product_tag","embeddable":true,"href":"https:\/\/soydeaqui.ddns.net\/pachuca\/index.php\/wp-json\/wp\/v2\/product_tag?post=111549"}],"curies":[{"name":"wp","href":"https:\/\/api.w.org\/{rel}","templated":true}]}}