{"id":111544,"date":"2026-03-20T20:52:31","date_gmt":"2026-03-20T20:52:31","guid":{"rendered":"https:\/\/soydeaqui.ddns.net\/pachuca\/index.php\/producto\/audio-por-coaxitron-dvr-2-megapixel-1080p-lite-16-canales-turbohd-2-canales-ip-1-bahia-de-disco-duro-16-canales-de-audio-por-coaxitron-salida-de-video-full-hd\/"},"modified":"2026-03-20T20:52:45","modified_gmt":"2026-03-20T20:52:45","slug":"audio-por-coaxitron-dvr-2-megapixel-1080p-lite-16-canales-turbohd-2-canales-ip-1-bahia-de-disco-duro-16-canales-de-audio-por-coaxitron-salida-de-video-full-hd","status":"publish","type":"product","link":"https:\/\/soydeaqui.ddns.net\/pachuca\/index.php\/producto\/audio-por-coaxitron-dvr-2-megapixel-1080p-lite-16-canales-turbohd-2-canales-ip-1-bahia-de-disco-duro-16-canales-de-audio-por-coaxitron-salida-de-video-full-hd\/","title":{"rendered":"(AUDIO POR COAXITRON) DVR 2 Megapixel (1080p) Lite \/ 16 Canales TURBOHD + 2 canales IP \/ 1 Bah\u00eda de Disco Duro \/ 16 Canales de Audio por Coaxitron  \/ Salida de v\u00eddeo Full HD"},"content":{"rendered":"<div style='width: 100%; max-width: 1200px; margin: 0 auto; font-family: sans-serif; line-height: 1.6; color: inherit; background-color: transparent;'>\n<div style='width: 100%;'> <img style='width: 100%; height: auto; border: 1px solid rgba(150&comma;150&comma;150&comma;0.3); border-radius: 8px;' src='https:\/\/ftp3.syscom.mx\/usuarios\/jsosa\/epcom\/banners\/epcom.jpg' alt=''> <\/div>\n<div style='text-align: center; width: 100%; margin: 30px 0;'>\n<h3 style='font-size: 22px; border-bottom: 2px solid currentColor; padding-bottom: 5px; margin-top: 0; color: inherit; opacity: 0.8;'>Crear Cuenta Hik-Connect<\/h3>\n<div style='position: relative; padding-bottom: 56.25%; height: 0; overflow: hidden; margin-top: 15px;'>   <\/div>\n<\/p><\/div>\n<div style='text-align: center; width: 100%; margin: 30px 0;'>\n<p style='font-size: 16px; margin: 0; color: inherit;'><strong>Audio&comma; Video y Datos por el Mismo Cable<\/strong><\/p>\n<\/p><\/div>\n<div style='width: 100%; margin: 30px 0;'> <img style='width: 100%; height: auto; border: 1px solid rgba(150&comma;150&comma;150&comma;0.3); border-radius: 8px;' src='https:\/\/ftp3.syscom.mx\/usuarios\/jsosa\/HIKVISION\/imagenes\/coaxitron\/coaxitron.jpg' alt=''> <\/div>\n<div style='width: 100%; margin: 30px 0;'>\n<h3 style='font-size: 20px; margin-top: 0; color: inherit; opacity: 0.9;'>\u00bfQu\u00e9 es HD-TVI 1080p Lite?<\/h3>\n<p style='font-size: 15px; color: inherit;'>Permite a los DVRs 720p adicionar c\u00e1maras 1080p (2 Megapixel) con compatibilidad TVI&comma; AHD y CVI con resolucion de grabacion 960 x 1080. Recordemos que Full HD es 1920 x 1080 y es por eso que el DVR no podra grabar a Full HD. Con esta ventaja podemos utilizar camaras de lente motorizado para mover el lente de manera remota o un PTZ sin problemas.<\/p>\n<\/p><\/div>\n<div style='width: 100%; margin: 30px 0;'>\n<h3 style='font-size: 20px; margin-top: 0; color: inherit; opacity: 0.9;'>\u00bfComo tener mas canales IP?<\/h3>\n<p style='font-size: 15px; color: inherit;'>La serie SLIM con su nueva actualizacion de firmware (ir al panel de descargas) le permitir\u00e1 deshabilitar canales TURBOHD para generar canales IP.<\/p>\n<\/p><\/div>\n<div style='width: 100%; margin: 30px 0; text-align: center;'>\n<p style='font-size: 16px; color: inherit;'>Invierta en seguridad con la linea de videovigilancia epcom&comma; <span style='color: #3598db;'>por su gran calidad de imagen y dise\u00f1o profesional<\/span> es la l\u00ednea con mayor crecimiento en Am\u00e9rica<\/p>\n<div style='display: flex; justify-content: center; flex-wrap: wrap; gap: 15px; margin-top: 20px;'> <img style='width: auto; max-width: 100%; height: auto; border: 1px solid rgba(150&comma;150&comma;150&comma;0.3); border-radius: 8px;' src='ftp:\/\/nicolas.jimenez@172.31.13.99\/Hikvision\/Banners\/grabadoras.jpg' alt=''> <img style='width: auto; max-width: 100%; height: auto; border: 1px solid rgba(150&comma;150&comma;150&comma;0.3); border-radius: 8px;' src='ftp:\/\/nicolas.jimenez@172.31.13.99\/Hikvision\/Banners\/grabadoras.jpg' alt=''> <img style='width: auto; max-width: 100%; height: auto; border: 1px solid rgba(150&comma;150&comma;150&comma;0.3); border-radius: 8px;' src='http:\/\/ftp3.syscom\/usuarios\/nicolas.jimenez\/Hikvision\/Banners\/grabadoras.jpg' alt=''> <\/div>\n<\/p><\/div>\n<div style='display: flex; flex-wrap: wrap; gap: 30px; margin: 30px 0;'>\n<div style='flex: 1 1 300px; min-width: 280px;'>\n<div style='border: 1px solid rgba(150&comma; 150&comma; 150&comma; 0.4); border-radius: 8px; padding: 15px; background-color: rgba(255&comma;255&comma;255&comma;0.03);'>\n<h3 style='font-size: 18px; border-bottom: 1px solid rgba(150&comma;150&comma;150&comma;0.2); padding-bottom: 5px; margin-top: 0; margin-bottom: 15px; color: inherit; opacity: 0.8;'>Caracter\u00edsticas principales<\/h3>\n<ul style='padding-left: 20px; font-size: 14px; color: inherit; list-style-type: disc;'>\n<li style='margin-bottom: 5px;'>Tecnolog\u00eda TURBOHD 1080P Lite.<\/li>\n<li style='margin-bottom: 5px;'>Soporte de 5 tecnolog\u00edas: HD-TVI \/ Analogico \/ CVI \/ AHD .<\/li>\n<li style='margin-bottom: 5px;'>Acceso remoto: PC (WINDOWS \/ MAC)&comma; Smart Phone (iPhone&comma; iPad&comma; Android).<\/li>\n<li style='margin-bottom: 5px;'>Compatibilidad con navegador Chrome (IE tab)&comma; Safari&comma; Internet Explorer.<\/li>\n<li style='margin-bottom: 5px;'>Software cliente multi sitio de hasta 64 canales (iVMS-4200).<\/li>\n<li style='margin-bottom: 5px;'>Compatible con Hik-Connect P2P.<\/li>\n<li style='margin-bottom: 5px;'>Soporta servicio DDNS SYSCOM \/ DynDNS \/ No-IP.<\/li>\n<\/ul>\n<h4 style='font-size: 16px; margin-top: 20px; margin-bottom: 10px; color: inherit; opacity: 0.8;'>Compresi\u00f3n y resoluci\u00f3n<\/h4>\n<ul style='padding-left: 20px; font-size: 14px; color: inherit; list-style-type: disc;'>\n<li style='margin-bottom: 5px;'>H.265+ \/ H.265 \/ H.264.<\/li>\n<li style='margin-bottom: 5px;'>Soporta 16 canales TURBOHD + 2 canales IP = 18 canales en total.\n<ul style='padding-left: 20px; margin-top: 5px; margin-bottom: 5px;'>\n<li style='margin-bottom: 5px; font-size: 13px;'><strong>NOTA:<\/strong> Permite apagar canales an\u00e1logos para agregar canales IP.<\/li>\n<\/ul>\n<\/li>\n<li style='margin-bottom: 5px;'>Soporta tecnologias:\n<ul style='padding-left: 20px; margin-top: 5px; margin-bottom: 5px;'>\n<li style='margin-bottom: 5px; font-size: 13px;'>HD-TVI: 1080p Lite \/ 720p@30 IPS.<\/li>\n<li style='margin-bottom: 5px; font-size: 13px;'>CVBS: WD1@30 IPS.<\/li>\n<li style='margin-bottom: 5px; font-size: 13px;'>AHD: 1080p Lite \/ 720p@30 IPS.<\/li>\n<li style='margin-bottom: 5px; font-size: 13px;'>CVI: 1080p Lite \/ 720p@30 IPS.<\/li>\n<li style='margin-bottom: 5px; font-size: 13px;'>IP: 5 Megapixel.<\/li>\n<\/ul>\n<\/li>\n<li style='margin-bottom: 5px;'>El audio se recibe por la se\u00f1al TVI<\/li>\n<\/ul>\n<p style='font-size: 14px; color: inherit; margin-top: 15px;'><strong>NOTA:<\/strong> Para conectar los canales IP requiere utilizar un switch\/switch poe (no incluido)<\/p>\n<\/p><\/div>\n<\/p><\/div>\n<div style='flex: 1 1 300px; min-width: 280px;'>\n<div style='border: 1px solid rgba(150&comma; 150&comma; 150&comma; 0.4); border-radius: 8px; padding: 15px; background-color: rgba(255&comma;255&comma;255&comma;0.03);'>\n<h3 style='font-size: 18px; border-bottom: 1px solid rgba(150&comma;150&comma;150&comma;0.2); padding-bottom: 5px; margin-top: 0; margin-bottom: 15px; color: inherit; opacity: 0.8;'>Caracter\u00edsticas F\u00edsicas y El\u00e9ctricas<\/h3>\n<ul style='padding-left: 20px; font-size: 14px; color: inherit; list-style-type: disc;'>\n<li style='margin-bottom: 5px;'>Alimentacion: 12 Vcc<\/li>\n<li style='margin-bottom: 5px;'>Consumo sin disco duro: 20 Watts.<\/li>\n<li style='margin-bottom: 5px;'>Temperatura de operacion: -10 \u00baC &#8211; 55 \u00baC<\/li>\n<li style='margin-bottom: 5px;'>Dimensiones: 285 \u00d7 210 \u00d7 45 mm (W \u00d7 D \u00d7 H)<\/li>\n<li style='margin-bottom: 5px;'>Peso: 1.2 Kg sin disco duro.<\/li>\n<li style='margin-bottom: 5px;'><strong>Garantia: 5 a\u00f1os.<\/strong><\/li>\n<\/ul>\n<h4 style='font-size: 16px; margin-top: 20px; margin-bottom: 10px; color: inherit; opacity: 0.8;'>Funciones de red<\/h4>\n<ul style='padding-left: 20px; font-size: 14px; color: inherit; list-style-type: disc;'>\n<li style='margin-bottom: 5px;'>Protocolos: TCP\/IP&comma; PPPoE&comma; DHCP&comma; Hik Cloud P2P&comma; DNS&comma; DDNS&comma; NTP&comma; SADP&comma; SMTP&comma; NFS&comma; iSCSI&comma; UPnP\u2122&comma; HTTPS<\/li>\n<li style='margin-bottom: 5px;'>Soporta Doble streaming.<\/li>\n<\/ul><\/div>\n<\/p><\/div>\n<div style='flex: 1 1 300px; min-width: 280px;'>\n<div style='border: 1px solid rgba(150&comma; 150&comma; 150&comma; 0.4); border-radius: 8px; padding: 15px; background-color: rgba(255&comma;255&comma;255&comma;0.03);'>\n<h3 style='font-size: 18px; border-bottom: 1px solid rgba(150&comma;150&comma;150&comma;0.2); padding-bottom: 5px; margin-top: 0; margin-bottom: 15px; color: inherit; opacity: 0.8;'>Funciones de Grabaci\u00f3n y Visualizaci\u00f3n<\/h3>\n<ul style='padding-left: 20px; font-size: 14px; color: inherit; list-style-type: disc;'>\n<li style='margin-bottom: 5px;'>Detecci\u00f3n de movimiento multi zona.<\/li>\n<li style='margin-bottom: 5px;'>Zoom digital en visualizaci\u00f3n y grabaci\u00f3n.<\/li>\n<li style='margin-bottom: 5px;'>Soporta m\u00faltiples tipos de grabaci\u00f3n&comma; incluyendo tiempo real&comma; grabaci\u00f3n manual&comma; video sensor&comma; alarma externa&comma; video sensor y alarma&comma; video sensor o alarma.<\/li>\n<li style='margin-bottom: 5px;'>B\u00fasqueda inteligente de grabaciones por detecci\u00f3n de movimiento.<\/li>\n<li style='margin-bottom: 5px;'>Se proporciona SDK y c\u00f3digos de demostraci\u00f3n para disminuir el tiempo de desarrollo de aplicaciones.<\/li>\n<li style='margin-bottom: 5px;'>Grabaci\u00f3n con Sobre-escritura autom\u00e1tica.<\/li>\n<li style='margin-bottom: 5px;'>Main stream: 1080p Lite \/ 720p \/ WD1 \/ 4CIF.<\/li>\n<li style='margin-bottom: 5px;'>Sub stream: CIF \/ QCIF.<\/li>\n<\/ul>\n<h4 style='font-size: 16px; margin-top: 20px; margin-bottom: 10px; color: inherit; opacity: 0.8;'>Interfaces Entradas \/ Salidas<\/h4>\n<ul style='padding-left: 20px; font-size: 14px; color: inherit; list-style-type: disc;'>\n<li style='margin-bottom: 5px;'>Salida de video Full HD HDMI y VGA: salida simultanea.<\/li>\n<li style='margin-bottom: 5px;'>Entrada audio: 1 (RCA&comma; 2.0 Vp-p&comma; 1K\u03a9).<\/li>\n<li style='margin-bottom: 5px;'>Soporta audio en todos sus canales por coaxitron utilizando camaras con audio integrado <a style='color: #3598db; text-decoration: none;' href='https:\/\/www.syscom.mx\/principal\/promociones\/camaras_con_audio_por_coaxitron_2_mp-5477.html?ordenar=Relevancia&#038;pag=1' target='_blank' rel='noopener'>(ver modelos compatibles)<\/a>.<\/li>\n<li style='margin-bottom: 5px;'>Salida audio: 1 (RCA&comma; 2.0 Vp-p&comma; 1K\u03a9).<\/li>\n<li style='margin-bottom: 5px;'>Entrada alarma: N\/A<\/li>\n<li style='margin-bottom: 5px;'>Salida alarma: N\/A<\/li>\n<li style='margin-bottom: 5px;'>Interfaz USB: 2 puerto (2.0) trasero.<\/li>\n<li style='margin-bottom: 5px;'>Interfaz red: 1 puetos (RJ-45 10\/100 Mbps).<\/li>\n<li style='margin-bottom: 5px;'>Capacidad de disco duro: 1 de hasta 6 TB.<\/li>\n<\/ul>\n<p style='margin-top: 15px; font-size: 14px; color: inherit;'><strong>Para utilizar audio de 2 v\u00edas se recomienda colocar un micr\u00f3fono en la entrada de audio&comma; no se recomienda para audio de 2 v\u00edas una c\u00e1mara con audio por coaxitron<\/strong><\/p>\n<\/p><\/div>\n<\/p><\/div>\n<\/p><\/div>\n<div style='width: 100%; margin: 30px 0; text-align: center;'> <img style='width: 100%; height: auto; border: 1px solid rgba(150&comma;150&comma;150&comma;0.3); border-radius: 8px;' src='https:\/\/ftp3.syscom.mx\/usuarios\/fotos\/B8TURBOC\/189682-5-year-epcom-es_(2).png' alt=''> <\/div>\n<div style='text-align: center; width: 100%; margin: 30px 0;'>\n<h2 style='font-size: 20px; margin-top: 0; margin-bottom: 20px; color: inherit; opacity: 0.8;'>Recursos<\/h2>\n<div style='display: flex; justify-content: center; flex-wrap: wrap; gap: 20px;'>\n<div style='flex: 1 1 250px; min-width: 200px;'> <a href='https:\/\/www.hikvision.com\/es-la\/support\/download\/software\/ivms4200-series\/?q=serie%20ivms4200&#038;position=1' target='_blank' rel='noopener'> <img style='width: 100%; height: auto; border: 1px solid rgba(150&comma;150&comma;150&comma;0.3); border-radius: 8px;' src='https:\/\/ftp3.syscom.mx\/usuarios\/gmagos\/HIK\/IP\/IPC\/Imagenes%20pagina\/Descargas%20IVMS4200.jpg' alt='Descargas IVMS4200'> <\/a> <\/div>\n<div style='flex: 1 1 250px; min-width: 200px;'> <a href='https:\/\/appstore.hikvision.com\/' target='_blank' rel='noopener'> <img style='width: 100%; height: auto; border: 1px solid rgba(150&comma;150&comma;150&comma;0.3); border-radius: 8px;' src='https:\/\/ftp3.syscom.mx\/usuarios\/gmagos\/HIK\/IP\/IPC\/Imagenes%20pagina\/Descargas%20de%20app.jpg' alt='Descargas de app'> <\/a> <\/div>\n<div style='flex: 1 1 250px; min-width: 200px;'> <a href='https:\/\/ftp3.syscom.mx\/usuarios\/jsosa\/epcom\/specs\/analogo\/dvr\/S16TURBOG2A\/S16-TURBO-G2A.pdf' target='_blank' rel='noopener'> <img style='width: 100%; height: auto; border: 1px solid rgba(150&comma;150&comma;150&comma;0.3); border-radius: 8px;' src='https:\/\/ftp3.syscom.mx\/usuarios\/gmagos\/HIK\/IP\/IPC\/Imagenes%20pagina\/Descarga%20de%20PDF.jpg' alt='Descarga de PDF'> <\/a> <\/div>\n<\/p><\/div>\n<\/p><\/div>\n<div style='width: 100%; margin: 30px 0; text-align: center;'> <img style='width: 60%; max-width: 100%; height: auto; border: 1px solid rgba(150&comma;150&comma;150&comma;0.3); border-radius: 8px;' src='http:\/\/ftp3.syscom.mx\/usuarios\/jdelafuente\/EPCOM\/TURBO%20HD\/100%253.png' alt=''> <\/div>\n<div style='width: 100%; margin: 30px 0;'>\n<h2 style='font-size: 20px; text-align: center; margin-bottom: 20px; color: inherit; opacity: 0.8;'>\u00bfPor qu\u00e9 adquirir epcom\u00ae?<\/h2>\n<div style='display: flex; flex-wrap: wrap; gap: 30px; align-items: center;'>\n<div style='flex: 1 1 300px; min-width: 280px;'> <a href='https:\/\/appstore.hikvision.com\/' target='_blank' rel='noopener'> <img style='width: 100%; height: auto; border: 1px solid rgba(150&comma;150&comma;150&comma;0.3); border-radius: 8px;' src='https:\/\/ftp3.syscom.mx\/usuarios\/jsosa\/epcom\/banners\/HIKVISION-APSTORE.jpg' alt='HIKVISION APSTORE'> <\/a> <\/div>\n<div style='flex: 1 1 300px; min-width: 280px;'>\n<h3 style='font-size: 18px; margin-top: 0; margin-bottom: 10px; color: inherit; opacity: 0.8;'>Mejor App de la industria para Android \/ iPhone<\/h3>\n<p style='font-size: 14px; color: inherit; margin-bottom: 10px;'>Video fluido&comma; manejo r\u00e1pido&comma; <a style='color: #3598db; text-decoration: none;' href='https:\/\/www.syscomblog.com\/2018\/07\/nuevo-acceso-movil-en-segundos.html' target='_blank' rel='noopener'>acceso m\u00f3vil en segundos y \u00fanico con opci\u00f3n segura para compartir equipos<\/a> (asegure que nadie puede acceder a su equipo).<\/p>\n<\/p><\/div>\n<\/p><\/div>\n<\/p><\/div>\n<div style='width: 100%; margin: 30px 0;'>\n<div style='display: flex; flex-wrap: wrap; gap: 30px; align-items: center;'>\n<div style='flex: 1 1 300px; min-width: 280px;'> <img style='width: 100%; height: auto; border: 1px solid rgba(150&comma;150&comma;150&comma;0.3); border-radius: 8px;' src='https:\/\/ftp3.syscom.mx\/usuarios\/fotos\/S04TURBOL\/157046-epcom_01.jpg' alt='H.265+'> <\/div>\n<div style='flex: 1 1 300px; min-width: 280px;'>\n<h3 style='font-size: 18px; margin-top: 0; margin-bottom: 10px; color: inherit; opacity: 0.8;'>Adquiera la l\u00ednea con mayor crecimiento en Am\u00e9rica<\/h3>\n<p style='font-size: 14px; color: inherit;'>No se conforme con bueno&comma; cuando puede tener EXCELENTE. Invierta en seguridad con la linea de videovigilancia epcom&comma; <span style='color: #3598db;'>por su gran calidad de imagen y dise\u00f1o profesional<\/span> es la l\u00ednea con mayor crecimiento en Am\u00e9rica.<\/p>\n<\/p><\/div>\n<\/p><\/div>\n<\/p><\/div>\n<div style='width: 100%; margin: 30px 0;'> <img style='width: 100%; height: auto; border: 1px solid rgba(150&comma;150&comma;150&comma;0.3); border-radius: 8px;' src='http:\/\/ftp3.syscom.mx\/usuarios\/emendoza\/elesbanmch\/HIKVISON\/IMAGENES\/epcom.png' alt=''> <\/div>\n<\/p><\/div>\n","protected":false},"excerpt":{"rendered":"<p>(AUDIO POR COAXITRON) DVR 2 Megapixel (1080p) Lite \/ 16 Canales TURBOHD + 2 canales IP \/ 1 Bah\u00eda de Disco Duro \/ 16 Canales de Audio por Coaxitron  \/ Salida de v\u00eddeo Full HD<\/p>\n","protected":false},"featured_media":111543,"comment_status":"open","ping_status":"closed","template":"","meta":[],"product_brand":[],"product_cat":[2254],"product_tag":[2255,935,2256],"class_list":{"0":"post-111544","1":"product","2":"type-product","3":"status-publish","4":"has-post-thumbnail","6":"product_cat-videograbadoras-analogicas-turbohd-tvi-ahd-cvi","7":"product_tag-camaras-y-dvrs-hd-turbohd-ahd-hd-tvi","8":"product_tag-epcom","9":"product_tag-videograbadoras-analogicas-turbohd-tvi-ahd-cvi","11":"first","12":"outofstock","13":"sale","14":"shipping-taxable","15":"purchasable","16":"product-type-simple"},"_links":{"self":[{"href":"https:\/\/soydeaqui.ddns.net\/pachuca\/index.php\/wp-json\/wp\/v2\/product\/111544","targetHints":{"allow":["GET"]}}],"collection":[{"href":"https:\/\/soydeaqui.ddns.net\/pachuca\/index.php\/wp-json\/wp\/v2\/product"}],"about":[{"href":"https:\/\/soydeaqui.ddns.net\/pachuca\/index.php\/wp-json\/wp\/v2\/types\/product"}],"replies":[{"embeddable":true,"href":"https:\/\/soydeaqui.ddns.net\/pachuca\/index.php\/wp-json\/wp\/v2\/comments?post=111544"}],"wp:featuredmedia":[{"embeddable":true,"href":"https:\/\/soydeaqui.ddns.net\/pachuca\/index.php\/wp-json\/wp\/v2\/media\/111543"}],"wp:attachment":[{"href":"https:\/\/soydeaqui.ddns.net\/pachuca\/index.php\/wp-json\/wp\/v2\/media?parent=111544"}],"wp:term":[{"taxonomy":"product_brand","embeddable":true,"href":"https:\/\/soydeaqui.ddns.net\/pachuca\/index.php\/wp-json\/wp\/v2\/product_brand?post=111544"},{"taxonomy":"product_cat","embeddable":true,"href":"https:\/\/soydeaqui.ddns.net\/pachuca\/index.php\/wp-json\/wp\/v2\/product_cat?post=111544"},{"taxonomy":"product_tag","embeddable":true,"href":"https:\/\/soydeaqui.ddns.net\/pachuca\/index.php\/wp-json\/wp\/v2\/product_tag?post=111544"}],"curies":[{"name":"wp","href":"https:\/\/api.w.org\/{rel}","templated":true}]}}