{"id":111534,"date":"2026-03-20T20:51:59","date_gmt":"2026-03-20T20:51:59","guid":{"rendered":"https:\/\/soydeaqui.ddns.net\/pachuca\/index.php\/producto\/fuente-de-poder-de-5-vcc-regulado-2a-ul-voltaje-de-entrada-de-100-240-vca-con-terminales-de-extension\/"},"modified":"2026-03-20T20:52:08","modified_gmt":"2026-03-20T20:52:08","slug":"fuente-de-poder-de-5-vcc-regulado-2a-ul-voltaje-de-entrada-de-100-240-vca-con-terminales-de-extension","status":"publish","type":"product","link":"https:\/\/soydeaqui.ddns.net\/pachuca\/index.php\/producto\/fuente-de-poder-de-5-vcc-regulado-2a-ul-voltaje-de-entrada-de-100-240-vca-con-terminales-de-extension\/","title":{"rendered":"Fuente de poder de 5 Vcc regulado @ 2A; UL; Voltaje de entrada de 100-240 Vca \/ Con Terminales de Extensi\u00f3n"},"content":{"rendered":"<div style='width: 100%; max-width: 1200px; margin: 0 auto; font-family: sans-serif; line-height: 1.6; color: inherit; background-color: transparent;'>\n<div style='width: 100%; text-align: center; margin-bottom: 30px;'>\n<h1 style='font-size: 24px; color: inherit; margin-bottom: 15px;'><strong>Adaptador de 5 Vcc&comma; regulado a 2 Amper<\/strong><\/h1>\n<p style='margin: 0 auto; max-width: 800px; font-size: 15px; color: inherit;'> <strong>EPCOM POWER LINE<\/strong> marca l\u00edder en adaptadores con alta eficiencia en alimentaci\u00f3n para equipos de seguridad electr\u00f3nica por sus ventajas de aprobaciones y certificaciones&comma; protecci\u00f3n contra sobretensiones&comma; y circuitos de protecci\u00f3n contra anti-interferencia. <\/p>\n<\/p><\/div>\n<div style='display: flex; flex-wrap: wrap; gap: 30px; margin-bottom: 30px;'>\n<div style='flex: 1 1 300px; min-width: 280px;'>\n<div style='width: 100%; background-color: rgba(150&comma;150&comma;150&comma;0.1); border-radius: 8px; overflow: hidden; height: 100%; display: flex; flex-direction: column;'>\n<div style='background-color: rgba(150&comma;150&comma;150&comma;0.1); padding: 20px;'> <img style='width: 100%; height: auto; border: 1px solid rgba(150&comma;150&comma;150&comma;0.3); border-radius: 8px;' src='https:\/\/ftp3.syscom.mx\/usuarios\/ccasares\/CCTVS\/P5DC2A%20%28%20png%20%29\/1%20PNG.png' alt=''> <\/div>\n<div style='flex-grow: 1; padding: 15px; border-top: 5px solid #DF001D; color: inherit;'>\n<h3 style='font-size: 20px; margin-top: 0; margin-bottom: 15px; color: inherit;'>Aplicaciones<\/h3>\n<ul style='padding-left: 20px; margin: 0; font-size: 14px; color: inherit;'>\n<li style='margin-bottom: 8px;'>Sistemas de alimentaci\u00f3n de equipos de seguridad (c\u00e1maras IP&comma; extensores HDMI&comma; convertidores&comma; divisores&comma; etc.)<\/li>\n<li style='margin-bottom: 8px;'>En alarmas&comma; teclados y dispositivos inal\u00e1mbricos.<\/li>\n<\/ul><\/div>\n<\/p><\/div>\n<\/p><\/div>\n<div style='flex: 1 1 300px; min-width: 280px;'>\n<div style='width: 100%; background-color: rgba(150&comma;150&comma;150&comma;0.1); border-radius: 8px; overflow: hidden; height: 100%; display: flex; flex-direction: column;'>\n<div style='background-color: rgba(150&comma;150&comma;150&comma;0.1); padding: 20px;'> <img style='width: 100%; height: auto; border: 1px solid rgba(150&comma;150&comma;150&comma;0.3); border-radius: 8px;' src='https:\/\/ftp3.syscom.mx\/usuarios\/ccasares\/CCTVS\/P5DC2A%20%28%20png%20%29\/2%20PNG.png' alt=''> <\/div>\n<div style='flex-grow: 1; padding: 15px; border-top: 5px solid #DF001D; color: inherit;'>\n<h3 style='font-size: 20px; margin-top: 0; margin-bottom: 15px; color: inherit;'>Caracter\u00edsticas<\/h3>\n<ul style='padding-left: 20px; margin: 0; font-size: 14px; color: inherit;'>\n<li style='margin-bottom: 8px;'><strong>Voltaje de entrada:<\/strong> 100-240 Vca<\/li>\n<li style='margin-bottom: 8px;'><strong>Voltaje de salida:<\/strong> 5 Vcc +\/- 5%<\/li>\n<li style='margin-bottom: 8px;'><strong>Corriente de salida:<\/strong> 2 Amper<\/li>\n<li style='margin-bottom: 8px;'><strong>Dimensiones:<\/strong> 66.2 x 39 x 23.4 mm<\/li>\n<\/ul><\/div>\n<\/p><\/div>\n<\/p><\/div>\n<div style='flex: 1 1 300px; min-width: 280px;'>\n<div style='width: 100%; background-color: rgba(150&comma;150&comma;150&comma;0.1); border-radius: 8px; overflow: hidden; height: 100%; display: flex; flex-direction: column;'>\n<div style='background-color: rgba(150&comma;150&comma;150&comma;0.1); padding: 20px;'> <img style='width: 100%; height: auto; border: 1px solid rgba(150&comma;150&comma;150&comma;0.3); border-radius: 8px;' src='https:\/\/ftp3.syscom.mx\/usuarios\/ccasares\/CCTVS\/P5DC2A%20%28%20png%20%29\/3%20PNG.png' alt=''> <\/div>\n<div style='flex-grow: 1; padding: 15px; border-top: 5px solid #DF001D; color: inherit;'>\n<h3 style='font-size: 20px; margin-top: 0; margin-bottom: 15px; color: inherit;'>Certificaciones<\/h3>\n<ul style='padding-left: 20px; margin: 0; font-size: 14px; color: inherit;'>\n<li style='margin-bottom: 8px;'>CE<\/li>\n<li style='margin-bottom: 8px;'>UL<\/li>\n<li style='margin-bottom: 8px;'>CUL<\/li>\n<li style='margin-bottom: 8px;'>GS<\/li>\n<\/ul>\n<p style='margin-top: 15px; font-weight: bold; color: inherit;'><strong>&#8211; 1 A\u00f1o de Garant\u00eda<\/strong><\/p>\n<\/p><\/div>\n<\/p><\/div>\n<\/p><\/div>\n<\/p><\/div>\n<\/p><\/div>\n","protected":false},"excerpt":{"rendered":"<p>Fuente de poder de 5 Vcc regulado @ 2A; UL; Voltaje de entrada de 100-240 Vca \/ Con Terminales de Extensi\u00f3n<\/p>\n","protected":false},"featured_media":111533,"comment_status":"open","ping_status":"closed","template":"","meta":[],"product_brand":[],"product_cat":[1325],"product_tag":[1326,142,454],"class_list":{"0":"post-111534","1":"product","2":"type-product","3":"status-publish","4":"has-post-thumbnail","6":"product_cat-adaptadores-de-pared","7":"product_tag-adaptadores-de-pared","8":"product_tag-energia","9":"product_tag-epcom-powerline","11":"first","12":"outofstock","13":"sale","14":"shipping-taxable","15":"purchasable","16":"product-type-simple"},"_links":{"self":[{"href":"https:\/\/soydeaqui.ddns.net\/pachuca\/index.php\/wp-json\/wp\/v2\/product\/111534","targetHints":{"allow":["GET"]}}],"collection":[{"href":"https:\/\/soydeaqui.ddns.net\/pachuca\/index.php\/wp-json\/wp\/v2\/product"}],"about":[{"href":"https:\/\/soydeaqui.ddns.net\/pachuca\/index.php\/wp-json\/wp\/v2\/types\/product"}],"replies":[{"embeddable":true,"href":"https:\/\/soydeaqui.ddns.net\/pachuca\/index.php\/wp-json\/wp\/v2\/comments?post=111534"}],"wp:featuredmedia":[{"embeddable":true,"href":"https:\/\/soydeaqui.ddns.net\/pachuca\/index.php\/wp-json\/wp\/v2\/media\/111533"}],"wp:attachment":[{"href":"https:\/\/soydeaqui.ddns.net\/pachuca\/index.php\/wp-json\/wp\/v2\/media?parent=111534"}],"wp:term":[{"taxonomy":"product_brand","embeddable":true,"href":"https:\/\/soydeaqui.ddns.net\/pachuca\/index.php\/wp-json\/wp\/v2\/product_brand?post=111534"},{"taxonomy":"product_cat","embeddable":true,"href":"https:\/\/soydeaqui.ddns.net\/pachuca\/index.php\/wp-json\/wp\/v2\/product_cat?post=111534"},{"taxonomy":"product_tag","embeddable":true,"href":"https:\/\/soydeaqui.ddns.net\/pachuca\/index.php\/wp-json\/wp\/v2\/product_tag?post=111534"}],"curies":[{"name":"wp","href":"https:\/\/api.w.org\/{rel}","templated":true}]}}