{"id":111532,"date":"2026-03-20T20:51:53","date_gmt":"2026-03-20T20:51:53","guid":{"rendered":"https:\/\/soydeaqui.ddns.net\/pachuca\/index.php\/producto\/dvr-2-megapixel-1080p-lite-4-canales-turbohd-1-canal-ip-1-bahia-de-disco-duro-h-264-1-canal-de-audio-audio-por-coaxitron-salida-de-video-full-hd\/"},"modified":"2026-03-20T20:51:56","modified_gmt":"2026-03-20T20:51:56","slug":"dvr-2-megapixel-1080p-lite-4-canales-turbohd-1-canal-ip-1-bahia-de-disco-duro-h-264-1-canal-de-audio-audio-por-coaxitron-salida-de-video-full-hd","status":"publish","type":"product","link":"https:\/\/soydeaqui.ddns.net\/pachuca\/index.php\/producto\/dvr-2-megapixel-1080p-lite-4-canales-turbohd-1-canal-ip-1-bahia-de-disco-duro-h-264-1-canal-de-audio-audio-por-coaxitron-salida-de-video-full-hd\/","title":{"rendered":"DVR 2 Megapixel (1080P) lite \/ 4 Canales TURBOHD + 1 Canal IP \/ 1 Bah\u00eda de Disco Duro \/ H.264+ \/ 1 Canal de Audio \/ Audio por Coaxitron \/ Salida de v\u00eddeo Full HD"},"content":{"rendered":"<div style='width: 100%; max-width: 1200px; margin: 0 auto; font-family: sans-serif; line-height: 1.6; color: inherit; background-color: transparent;'> <!-- Logo Hikvision --> <\/p>\n<p style='text-align: center; margin: 20px 0;'><img style='width: 45%; height: auto; border: 1px solid rgba(150&comma;150&comma;150&comma;0.3); border-radius: 8px;' src='https:\/\/ftp3.syscom.mx\/usuarios\/jsosa\/HIKVISION\/imagenes\/logo\/hikvision%20see%20far.png' alt='Logo Hikvision'><\/p>\n<p> <!-- Video tutorial Hik-Connect --> <\/p>\n<div style='width: 100%; margin: 30px 0;'>\n<h3 style='font-size: 22px; border-bottom: 2px solid currentColor; padding-bottom: 5px; margin: 0 0 15px; color: inherit; opacity: 0.8; text-align: center;'><span style='font-family: verdana&comma; geneva&comma; sans-serif;'>Crear Cuenta Hik-Connect<\/span><\/h3>\n<div style='position: relative; padding-bottom: 56.25%; height: 0; overflow: hidden; margin: 0 auto;'>   <\/div>\n<\/p><\/div>\n<p> <!-- Audio por Coaxitron --> <\/p>\n<div style='margin: 30px 0;'>\n<p style='text-align: center; margin: 0 0 15px;'><strong><span style='font-family: verdana&comma; geneva&comma; sans-serif;'>Audio&comma; Video y Datos por el Mismo Cable<\/span><\/strong><\/p>\n<p> <img style='width: 100%; height: auto; border: 1px solid rgba(150&comma;150&comma;150&comma;0.3); border-radius: 8px;' src='https:\/\/ftp3.syscom.mx\/usuarios\/jsosa\/HIKVISION\/imagenes\/coaxitron\/coaxitron.jpg' alt='Audio&comma; Video y Datos por el Mismo Cable'> <\/div>\n<p> <!-- Secci\u00f3n de caracter\u00edsticas principales --> <\/p>\n<div style='display: flex; flex-wrap: wrap; gap: 30px; margin: 30px 0;'>\n<div style='flex: 1 1 300px; min-width: 280px;'>\n<h3 style='font-size: 22px; border-bottom: 2px solid currentColor; padding-bottom: 5px; margin-top: 0; color: inherit; opacity: 0.8;'><span style='font-family: verdana&comma; geneva&comma; sans-serif;'>Caracter\u00edsticas principales:<\/span><\/h3>\n<ul style='padding-left: 20px; font-size: 15px; color: inherit; list-style-type: disc;'>\n<li style='margin-bottom: 5px;'><span style='font-family: verdana&comma; geneva&comma; sans-serif;'>Tecnolog\u00eda TurboHD 1080P Lite Ver. 3.0.<\/span><\/li>\n<li style='margin-bottom: 5px;'><span style='font-family: verdana&comma; geneva&comma; sans-serif;'>Soporte de tecnolog\u00edas: HD-TVI \/ HD-CVI \/ AHD \/ Anal\u00f3gico (CVBS).<\/span><\/li>\n<li style='margin-bottom: 5px;'><span style='font-family: verdana&comma; geneva&comma; sans-serif;'>Software cliente iVMS-4200.<\/span><\/li>\n<li style='margin-bottom: 5px;'><span style='font-family: verdana&comma; geneva&comma; sans-serif;'>Compatible con Hik-Connect P2P.<\/span><\/li>\n<li style='margin-bottom: 5px;'><span style='font-family: verdana&comma; geneva&comma; sans-serif;'>Soporta servicio Hik-connect Domain \/ DynDNS \/ NO-IP.<\/span><\/li>\n<li style='margin-bottom: 5px;'><span style='font-family: verdana&comma; geneva&comma; sans-serif;'>Soporta 4 canales TURBOHD \/ anal\u00f3gicos + 1 canal IP = 5 canales en total.<\/span><\/li>\n<li style='margin-bottom: 5px;'><strong><span style='font-family: verdana&comma; geneva&comma; sans-serif;'>NOTA: Permite apagar canales an\u00e1logos para agregar canales IP.<\/span><\/strong><\/li>\n<li style='margin-top: 15px;'><strong><span style='font-family: verdana&comma; geneva&comma; sans-serif;'>El audio se recibe por la se\u00f1al TVI<\/span><\/strong><\/li>\n<\/ul><\/div>\n<p> <!-- Caracter\u00edsticas F\u00edsicas y El\u00e9ctricas --> <\/p>\n<div style='flex: 1 1 300px; min-width: 280px;'>\n<h3 style='font-size: 22px; border-bottom: 2px solid currentColor; padding-bottom: 5px; margin-top: 0; color: inherit; opacity: 0.8;'><span style='font-family: verdana&comma; geneva&comma; sans-serif;'>Caracter\u00edsticas F\u00edsicas y El\u00e9ctricas:<\/span><\/h3>\n<ul style='padding-left: 20px; font-size: 15px; color: inherit; list-style-type: disc;'>\n<li style='margin-bottom: 5px;'><span style='font-family: verdana&comma; geneva&comma; sans-serif;'>Alimentaci\u00f3n: 12 Vcc.<\/span><\/li>\n<li style='margin-bottom: 5px;'><span style='font-family: verdana&comma; geneva&comma; sans-serif;'>Consumo sin disco duro: 8 W.<\/span><\/li>\n<li style='margin-bottom: 5px;'><span style='font-family: verdana&comma; geneva&comma; sans-serif;'>Temperatura de operaci\u00f3n: -10 \u00baC hasta 55 \u00baC<\/span><\/li>\n<li style='margin-bottom: 5px;'><span style='font-family: verdana&comma; geneva&comma; sans-serif;'>Dimensiones: 200 \u00d7 200 \u00d7 45 mm (W \u00d7 D \u00d7 H)<\/span><\/li>\n<li style='margin-bottom: 5px;'><span style='font-family: verdana&comma; geneva&comma; sans-serif;'>Peso: 0.8 Kg sin disco duro.<\/span><\/li>\n<li style='margin-bottom: 5px;'><span style='font-family: verdana&comma; geneva&comma; sans-serif;'>Nota: No soporta canal cero.<\/span><\/li>\n<li style='margin-bottom: 5px;'><span style='font-family: verdana&comma; geneva&comma; sans-serif;'>No es compatible con control remoto<\/span><\/li>\n<\/ul>\n<p style='margin-top: 15px;'><span style='font-family: verdana&comma; geneva&comma; sans-serif; color: inherit; background-color: rgba(32&comma; 33&comma; 36&comma; 0.04); padding: 5px; border-radius: 4px; display: inline-block;'><span style='color: #202124; font-family: Roboto&comma; sans-serif; font-size: 14px; white-space: pre-wrap; background-color: rgba(32&comma; 33&comma; 36&comma; 0.04);'>Para conectar los canales IP requiere utilizar un switch\/switch poe (no incluido)<\/span><\/span><\/p>\n<\/p><\/div>\n<p> <!-- Interfaces Entradas \/ Salidas --> <\/p>\n<div style='flex: 1 1 300px; min-width: 280px;'>\n<h3 style='font-size: 22px; border-bottom: 2px solid currentColor; padding-bottom: 5px; margin-top: 0; color: inherit; opacity: 0.8;'><span style='font-family: verdana&comma; geneva&comma; sans-serif;'>Interfaces Entradas \/ Salidas:<\/span><\/h3>\n<ul style='padding-left: 20px; font-size: 15px; color: inherit; list-style-type: disc;'>\n<li style='margin-bottom: 5px;'><span style='font-family: verdana&comma; geneva&comma; sans-serif;'>Entrada de video:<\/span>\n<ul style='padding-left: 20px; margin: 5px 0;'>\n<li style='margin-bottom: 5px;'><span style='font-family: verdana&comma; geneva&comma; sans-serif;'>4 canales (BNC&comma; 1.0Vp-p&comma; 75\u03a9).<\/span><\/li>\n<\/ul>\n<\/li>\n<li style='margin-bottom: 5px;'><span style='font-family: verdana&comma; geneva&comma; sans-serif;'>Salida de video:<\/span>\n<ul style='padding-left: 20px; margin: 5px 0;'>\n<li style='margin-bottom: 5px;'><span style='font-family: verdana&comma; geneva&comma; sans-serif;'>HDMI: 1920\u00d71080&comma; 1280\u00d71024&comma; 1280\u00d7720&comma; 1024\u00d7768.<\/span><\/li>\n<li style='margin-bottom: 5px;'><span style='font-family: verdana&comma; geneva&comma; sans-serif;'>VGA: 1920\u00d71080&comma; 1280\u00d71024&comma; 1280\u00d7720&comma; 1024\u00d7768.<\/span><\/li>\n<\/ul>\n<\/li>\n<li style='margin-bottom: 5px;'><span style='font-family: verdana&comma; geneva&comma; sans-serif;'>Entrada audio: 1 (RCA&comma; 2.0 Vp-p&comma; 1K\u03a9).<\/span><\/li>\n<li style='margin-bottom: 5px;'><span style='font-family: verdana&comma; geneva&comma; sans-serif;'>4 Entradas de audio por coaxitron (<a href='https:\/\/www.syscom.mx\/principal\/promociones\/camaras_con_audio_por_coaxitron_2_mp-5477.html?ordenar=Relevancia&#038;pag=1' target='_blank' rel='noopener' style='color: inherit; text-decoration: underline;'>modelos compatibles<\/a>)<\/span><\/li>\n<li style='margin-bottom: 5px;'><span style='font-family: verdana&comma; geneva&comma; sans-serif;'>Salida audio: 1 (RCA&comma; 2.0 Vp-p&comma; 1K\u03a9).<\/span><\/li>\n<li style='margin-bottom: 5px;'><span style='font-family: verdana&comma; geneva&comma; sans-serif;'>Entrada alarma: N\/A<\/span><\/li>\n<li style='margin-bottom: 5px;'><span style='font-family: verdana&comma; geneva&comma; sans-serif;'>Salida alarma: N\/A<\/span><\/li>\n<li style='margin-bottom: 5px;'><span style='font-family: verdana&comma; geneva&comma; sans-serif;'>Interfaz USB: 2 puerto (2.0) trasero.<\/span><\/li>\n<li style='margin-bottom: 5px;'><span style='font-family: verdana&comma; geneva&comma; sans-serif;'>Interfaz red: 1 puetos (RJ-45 10\/100 Mbps).<\/span><\/li>\n<li style='margin-bottom: 5px;'><span style='font-family: verdana&comma; geneva&comma; sans-serif;'>Capacidad HDD: 1 @ 6TB.<\/span><\/li>\n<\/ul>\n<p style='margin-top: 15px;'><strong><span style='font-family: verdana&comma; geneva&comma; sans-serif;'>Para utilizar audio de 2 v\u00edas se recomienda colocar un micr\u00f3fono en la entrada de audio&comma; no se recomienda para audio de 2 v\u00edas una c\u00e1mara con audio por coaxitron<\/span><\/strong><\/p>\n<\/p><\/div>\n<\/p><\/div>\n<p> <!-- Compresi\u00f3n y resoluci\u00f3n --> <\/p>\n<div style='margin: 30px 0;'>\n<h3 style='font-size: 22px; border-bottom: 2px solid currentColor; padding-bottom: 5px; margin-top: 0; color: inherit; opacity: 0.8;'><span style='font-family: verdana&comma; geneva&comma; sans-serif;'>Compresi\u00f3n y resoluci\u00f3n:<\/span><\/h3>\n<ul style='padding-left: 20px; font-size: 15px; color: inherit; list-style-type: disc;'>\n<li style='margin-bottom: 5px;'><span style='font-family: verdana&comma; geneva&comma; sans-serif;'>H.264+ \/ H.264.<\/span><\/li>\n<li style='margin-bottom: 5px;'><span style='font-family: verdana&comma; geneva&comma; sans-serif;'>HD-TVI: 1080P Lite@30 IPS.<\/span><\/li>\n<li style='margin-bottom: 5px;'><span style='font-family: verdana&comma; geneva&comma; sans-serif;'>HD-CVI: 1080P Lite@30 IPS.<\/span><\/li>\n<li style='margin-bottom: 5px;'><span style='font-family: verdana&comma; geneva&comma; sans-serif;'>CVBS: WD1@30 IPS.<\/span><\/li>\n<li style='margin-bottom: 5px;'><span style='font-family: verdana&comma; geneva&comma; sans-serif;'>AHD: 1080P Lite@30IPS.<\/span><\/li>\n<li style='margin-bottom: 5px;'><span style='font-family: verdana&comma; geneva&comma; sans-serif;'>IP: 2 Megapixel (1080p).<\/span><\/li>\n<\/ul><\/div>\n<p> <!-- Recursos --> <\/p>\n<div style='margin: 30px 0;'>\n<h1 style='text-align: center; font-size: 24px; margin-bottom: 20px; color: inherit;'><strong><span style='font-family: verdana&comma; geneva&comma; sans-serif;'>Recursos<\/span><\/strong><\/h1>\n<div style='display: flex; flex-wrap: wrap; gap: 20px; justify-content: center;'>\n<div style='flex: 1 1 250px; max-width: 300px;'> <a href='https:\/\/www.hikvision.com\/es-la\/support\/download\/software\/ivms4200-series\/?q=serie%20ivms4200&#038;position=1' target='_blank' rel='noopener' style='text-decoration: none; color: inherit;'> <img style='width: 100%; height: auto; border: 1px solid rgba(150&comma;150&comma;150&comma;0.3); border-radius: 8px; margin-bottom: 10px;' src='https:\/\/ftp3.syscom.mx\/usuarios\/gmagos\/HIK\/IP\/IPC\/Imagenes%20pagina\/Descargas%20IVMS4200.jpg' alt='IVMS4200 Software'> <\/p>\n<p style='text-align: center; margin: 0;'><span style='font-family: verdana&comma; geneva&comma; sans-serif;'>IVMS4200 Software<\/span><\/p>\n<p> <\/a> <\/div>\n<div style='flex: 1 1 250px; max-width: 300px;'> <a href='https:\/\/appstore.hikvision.com\/' target='_blank' rel='noopener' style='text-decoration: none; color: inherit;'> <img style='width: 100%; height: auto; border: 1px solid rgba(150&comma;150&comma;150&comma;0.3); border-radius: 8px; margin-bottom: 10px;' src='https:\/\/ftp3.syscom.mx\/usuarios\/gmagos\/HIK\/IP\/IPC\/Imagenes%20pagina\/Descargas%20de%20app.jpg' alt='App Hikvision'> <\/p>\n<p style='text-align: center; margin: 0;'><span style='font-family: verdana&comma; geneva&comma; sans-serif;'>App Hikvision<\/span><\/p>\n<p> <\/a> <\/div>\n<div style='flex: 1 1 250px; max-width: 300px;'> <a href='https:\/\/ftp3.syscom.mx\/usuarios\/jsosa\/HIKVISION\/specs\/DVR\/DS7100S\/DS-7104HGHI-F1S%20V4.30.100%2020190926.pdf' target='_blank' rel='noopener' style='text-decoration: none; color: inherit;'> <img style='width: 100%; height: auto; border: 1px solid rgba(150&comma;150&comma;150&comma;0.3); border-radius: 8px; margin-bottom: 10px;' src='https:\/\/ftp3.syscom.mx\/usuarios\/gmagos\/HIK\/IP\/IPC\/Imagenes%20pagina\/Descarga%20de%20PDF.jpg' alt='Ficha t\u00e9cnica PDF'> <\/p>\n<p style='text-align: center; margin: 0;'><span style='font-family: verdana&comma; geneva&comma; sans-serif;'>Ficha t\u00e9cnica PDF<\/span><\/p>\n<p> <\/a> <\/div>\n<\/p><\/div>\n<\/p><\/div>\n<p> <!-- Banner soluci\u00f3n completa --> <\/p>\n<div style='margin: 30px 0;'> <img style='width: 100%; height: auto; border: 1px solid rgba(150&comma;150&comma;150&comma;0.3); border-radius: 8px;' src='https:\/\/ftp3.syscom.mx\/usuarios\/jsosa\/HIKVISION\/imagenes\/banners\/solution%20complete.png' alt='Soluci\u00f3n completa Hikvision'> <\/div>\n<\/p><\/div>\n","protected":false},"excerpt":{"rendered":"<p>DVR 2 Megapixel (1080P) lite \/ 4 Canales TURBOHD + 1 Canal IP \/ 1 Bah\u00eda de Disco Duro \/ H.264+ \/ 1 Canal de Audio \/ Audio por Coaxitron \/ Salida de v\u00eddeo Full HD<\/p>\n","protected":false},"featured_media":111531,"comment_status":"open","ping_status":"closed","template":"","meta":[],"product_brand":[],"product_cat":[2254],"product_tag":[2255,54,2256],"class_list":{"0":"post-111532","1":"product","2":"type-product","3":"status-publish","4":"has-post-thumbnail","6":"product_cat-videograbadoras-analogicas-turbohd-tvi-ahd-cvi","7":"product_tag-camaras-y-dvrs-hd-turbohd-ahd-hd-tvi","8":"product_tag-hikvision","9":"product_tag-videograbadoras-analogicas-turbohd-tvi-ahd-cvi","11":"first","12":"outofstock","13":"sale","14":"shipping-taxable","15":"purchasable","16":"product-type-simple"},"_links":{"self":[{"href":"https:\/\/soydeaqui.ddns.net\/pachuca\/index.php\/wp-json\/wp\/v2\/product\/111532","targetHints":{"allow":["GET"]}}],"collection":[{"href":"https:\/\/soydeaqui.ddns.net\/pachuca\/index.php\/wp-json\/wp\/v2\/product"}],"about":[{"href":"https:\/\/soydeaqui.ddns.net\/pachuca\/index.php\/wp-json\/wp\/v2\/types\/product"}],"replies":[{"embeddable":true,"href":"https:\/\/soydeaqui.ddns.net\/pachuca\/index.php\/wp-json\/wp\/v2\/comments?post=111532"}],"wp:featuredmedia":[{"embeddable":true,"href":"https:\/\/soydeaqui.ddns.net\/pachuca\/index.php\/wp-json\/wp\/v2\/media\/111531"}],"wp:attachment":[{"href":"https:\/\/soydeaqui.ddns.net\/pachuca\/index.php\/wp-json\/wp\/v2\/media?parent=111532"}],"wp:term":[{"taxonomy":"product_brand","embeddable":true,"href":"https:\/\/soydeaqui.ddns.net\/pachuca\/index.php\/wp-json\/wp\/v2\/product_brand?post=111532"},{"taxonomy":"product_cat","embeddable":true,"href":"https:\/\/soydeaqui.ddns.net\/pachuca\/index.php\/wp-json\/wp\/v2\/product_cat?post=111532"},{"taxonomy":"product_tag","embeddable":true,"href":"https:\/\/soydeaqui.ddns.net\/pachuca\/index.php\/wp-json\/wp\/v2\/product_tag?post=111532"}],"curies":[{"name":"wp","href":"https:\/\/api.w.org\/{rel}","templated":true}]}}