{"id":111529,"date":"2026-03-20T20:51:43","date_gmt":"2026-03-20T20:51:43","guid":{"rendered":"https:\/\/soydeaqui.ddns.net\/pachuca\/index.php\/producto\/adaptador-5-vcc-1a-ul-voltaje-de-entrada-de-100-240-vca-para-uso-solo-en-lectores-biometricos-de-5-vcc-de-la-marca-zk\/"},"modified":"2026-03-20T20:51:48","modified_gmt":"2026-03-20T20:51:48","slug":"adaptador-5-vcc-1a-ul-voltaje-de-entrada-de-100-240-vca-para-uso-solo-en-lectores-biometricos-de-5-vcc-de-la-marca-zk","status":"publish","type":"product","link":"https:\/\/soydeaqui.ddns.net\/pachuca\/index.php\/producto\/adaptador-5-vcc-1a-ul-voltaje-de-entrada-de-100-240-vca-para-uso-solo-en-lectores-biometricos-de-5-vcc-de-la-marca-zk\/","title":{"rendered":"Adaptador 5 Vcc \/ 1A \/ UL \/ Voltaje de Entrada de 100-240 Vca \/ Para uso, solo en lectores biom\u00e9tricos de 5 Vcc de la marca ZK"},"content":{"rendered":"<div style='width: 100%; max-width: 1200px; margin: 0 auto; font-family: sans-serif; line-height: 1.6; color: inherit; background-color: transparent;'>\n<div style='width: 100%; text-align: center; margin-bottom: 30px;'>\n<h1 style='font-size: 28px; font-weight: bold; color: inherit; margin: 0 0 10px 0;'>P5DC1AZK<\/h1>\n<h3 style='font-size: 20px; color: inherit; margin: 0 0 20px 0;'>Fuente de poder de 5 Vcc regulado @ 1A; Voltaje de entrada de 100-240 Vca.<\/h3>\n<p style='font-size: 15px; color: inherit; margin: 0 70px;'>EPCOM POWER LINE marca lider en adapatores con alta eficiencia en alimentaci\u00f3n para equipos de seguridad electr\u00f3nica por sus ventajas de aprobaciones y certificaciones&comma; protecci\u00f3n contra sobretensiones&comma; y circuitos de protecci\u00f3n contra anti-interferencia.<\/p>\n<\/p><\/div>\n<div style='display: flex; flex-wrap: wrap; gap: 30px;'>\n<div style='flex: 1 1 300px; min-width: 280px;'>\n<div style='border: 1px solid rgba(150&comma; 150&comma; 150&comma; 0.3); border-radius: 8px; overflow: hidden; background-color: rgba(150&comma; 150&comma; 150&comma; 0.05);'>\n<div style='background-color: rgba(150&comma; 150&comma; 150&comma; 0.1); padding: 15px; border-bottom: 1px solid rgba(150&comma; 150&comma; 150&comma; 0.3);'> <img style='width: 100%; height: auto; border: 1px solid rgba(150&comma;150&comma;150&comma;0.3); border-radius: 8px;' src='https:\/\/ftp3.syscom.mx\/usuarios\/fotos\/BancoFotografiasSyscom\/EPCOMPOWERLINE\/P5DC1AZK\/P5DC1AZK-l.PNG' alt='...'> <\/div>\n<div style='padding: 20px;'>\n<h3 style='font-size: 22px; border-bottom: 2px solid currentColor; padding-bottom: 5px; margin-top: 0; color: inherit; opacity: 0.8;'>Caracter\u00edsticas Principales:<\/h3>\n<ul style='padding-left: 20px; font-size: 15px; color: inherit; list-style-type: disc;'>\n<li style='margin-bottom: 5px;'>Voltaje de entrada 100V &#8211; 240Vca<\/li>\n<li style='margin-bottom: 5px;'>Voltaje de salida 5Vcc +\/- 5%<\/li>\n<li style='margin-bottom: 5px;'>Corriente de Salida 1A<\/li>\n<\/ul><\/div>\n<\/p><\/div>\n<\/p><\/div>\n<div style='flex: 1 1 300px; min-width: 280px;'>\n<div style='border: 1px solid rgba(150&comma; 150&comma; 150&comma; 0.3); border-radius: 8px; overflow: hidden; background-color: rgba(150&comma; 150&comma; 150&comma; 0.05);'>\n<div style='background-color: rgba(150&comma; 150&comma; 150&comma; 0.1); padding: 15px; border-bottom: 1px solid rgba(150&comma; 150&comma; 150&comma; 0.3);'> <img style='width: 100%; height: auto; border: 1px solid rgba(150&comma;150&comma;150&comma;0.3); border-radius: 8px;' src='https:\/\/ftp3.syscom.mx\/usuarios\/fotos\/BancoFotografiasSyscom\/EPCOMPOWERLINE\/P5DC1AZK\/P5DC1AZK-FRENTE-l.PNG' alt='...'> <\/div>\n<div style='padding: 20px;'>\n<h3 style='font-size: 22px; border-bottom: 2px solid currentColor; padding-bottom: 5px; margin-top: 0; color: inherit; opacity: 0.8;'>Caracter\u00edsticas F\u00edsicas y El\u00e9ctricas:<\/h3>\n<ul style='padding-left: 20px; font-size: 15px; color: inherit; list-style-type: disc;'>\n<li style='margin-bottom: 5px;'>Potencia de salida 5 W<\/li>\n<li style='margin-bottom: 5px;'>Frecuencia Nominal 50-60 Hz<\/li>\n<li style='margin-bottom: 5px;'>Eficiencia 75% M\u00ednimo<\/li>\n<li style='margin-bottom: 5px;'>Perdida de potencia 0.1 W<\/li>\n<li style='margin-bottom: 5px;'>Pico de salida 120mV<\/li>\n<li style='margin-bottom: 5px;'>Dimensiones (W x H x D) 62.2 x 39 x 23.4 mm<\/li>\n<li style='margin-bottom: 5px;'>Condiciones de funcionamiento Temperatura: -20\u00b0C ~ +45\u00b0C&comma; Humedad: 20% ~ 90%RH<\/li>\n<\/ul><\/div>\n<\/p><\/div>\n<\/p><\/div>\n<div style='flex: 1 1 300px; min-width: 280px;'>\n<div style='border: 1px solid rgba(150&comma; 150&comma; 150&comma; 0.3); border-radius: 8px; overflow: hidden; background-color: rgba(150&comma; 150&comma; 150&comma; 0.05);'>\n<div style='background-color: rgba(150&comma; 150&comma; 150&comma; 0.1); padding: 15px; border-bottom: 1px solid rgba(150&comma; 150&comma; 150&comma; 0.3);'> <img style='width: 100%; height: auto; border: 1px solid rgba(150&comma;150&comma;150&comma;0.3); border-radius: 8px;' src='https:\/\/ftp3.syscom.mx\/usuarios\/fotos\/BancoFotografiasSyscom\/EPCOMPOWERLINE\/P5DC1AZK\/P5DC1AZK-l.PNG' alt='...'> <\/div>\n<div style='padding: 20px;'>\n<h3 style='font-size: 22px; border-bottom: 2px solid currentColor; padding-bottom: 5px; margin-top: 0; color: inherit; opacity: 0.8;'>Caracter\u00edsticas Destacadas:<\/h3>\n<ul style='padding-left: 20px; font-size: 15px; color: inherit; list-style-type: disc;'>\n<li style='margin-bottom: 5px;'><strong>Para uso en biom\u00e9tricos de 5Vcc de la marca ZK<\/strong><\/li>\n<li style='margin-bottom: 5px;'>Protecci\u00f3n de cortocircuito&comma; la salida se interrumpe y reinicia en autom\u00e1tico.<\/li>\n<li style='margin-bottom: 5px;'><strong>Plug de tama\u00f1o 5.5mm * 2.5mm * 10mm (Diferente del convencional)<\/strong><\/li>\n<li style='margin-bottom: 5px;'>Certificaciones: CE&comma; UL&comma; CUL&comma; GS<\/li>\n<\/ul><\/div>\n<\/p><\/div>\n<\/p><\/div>\n<\/p><\/div>\n<\/p><\/div>\n","protected":false},"excerpt":{"rendered":"<p>Adaptador 5 Vcc \/ 1A \/ UL \/ Voltaje de Entrada de 100-240 Vca \/ Para uso, solo en lectores biom\u00e9tricos de 5 Vcc de la marca ZK<\/p>\n","protected":false},"featured_media":111528,"comment_status":"open","ping_status":"closed","template":"","meta":[],"product_brand":[],"product_cat":[1325],"product_tag":[1326,142,454],"class_list":{"0":"post-111529","1":"product","2":"type-product","3":"status-publish","4":"has-post-thumbnail","6":"product_cat-adaptadores-de-pared","7":"product_tag-adaptadores-de-pared","8":"product_tag-energia","9":"product_tag-epcom-powerline","11":"first","12":"instock","13":"sale","14":"shipping-taxable","15":"purchasable","16":"product-type-simple"},"_links":{"self":[{"href":"https:\/\/soydeaqui.ddns.net\/pachuca\/index.php\/wp-json\/wp\/v2\/product\/111529","targetHints":{"allow":["GET"]}}],"collection":[{"href":"https:\/\/soydeaqui.ddns.net\/pachuca\/index.php\/wp-json\/wp\/v2\/product"}],"about":[{"href":"https:\/\/soydeaqui.ddns.net\/pachuca\/index.php\/wp-json\/wp\/v2\/types\/product"}],"replies":[{"embeddable":true,"href":"https:\/\/soydeaqui.ddns.net\/pachuca\/index.php\/wp-json\/wp\/v2\/comments?post=111529"}],"wp:featuredmedia":[{"embeddable":true,"href":"https:\/\/soydeaqui.ddns.net\/pachuca\/index.php\/wp-json\/wp\/v2\/media\/111528"}],"wp:attachment":[{"href":"https:\/\/soydeaqui.ddns.net\/pachuca\/index.php\/wp-json\/wp\/v2\/media?parent=111529"}],"wp:term":[{"taxonomy":"product_brand","embeddable":true,"href":"https:\/\/soydeaqui.ddns.net\/pachuca\/index.php\/wp-json\/wp\/v2\/product_brand?post=111529"},{"taxonomy":"product_cat","embeddable":true,"href":"https:\/\/soydeaqui.ddns.net\/pachuca\/index.php\/wp-json\/wp\/v2\/product_cat?post=111529"},{"taxonomy":"product_tag","embeddable":true,"href":"https:\/\/soydeaqui.ddns.net\/pachuca\/index.php\/wp-json\/wp\/v2\/product_tag?post=111529"}],"curies":[{"name":"wp","href":"https:\/\/api.w.org\/{rel}","templated":true}]}}