{"id":111510,"date":"2026-03-20T20:50:47","date_gmt":"2026-03-20T20:50:47","guid":{"rendered":"https:\/\/soydeaqui.ddns.net\/pachuca\/index.php\/producto\/conector-rj45-para-cable-utp-categora-6\/"},"modified":"2026-03-20T20:50:55","modified_gmt":"2026-03-20T20:50:55","slug":"conector-rj45-para-cable-utp-categora-6","status":"publish","type":"product","link":"https:\/\/soydeaqui.ddns.net\/pachuca\/index.php\/producto\/conector-rj45-para-cable-utp-categora-6\/","title":{"rendered":"Conector RJ45 para Cable UTP Categor?a 6"},"content":{"rendered":"<div style='width: 100%; max-width: 1200px; margin: 0 auto; font-family: sans-serif; line-height: 1.6; color: inherit;'> <!-- Secci\u00f3n de caracter\u00edsticas principales --> <\/p>\n<div style='display: flex; flex-wrap: wrap; gap: 30px; margin-bottom: 30px;'>\n<div style='flex: 1 1 300px; min-width: 280px;'>\n<h3 style='font-size: 22px; border-bottom: 2px solid currentColor; padding-bottom: 5px; margin-top: 0; color: inherit; opacity: 0.8;'>Caracter\u00edsticas principales<\/h3>\n<ul style='padding-left: 20px; font-size: 15px; color: inherit;'>\n<li style='margin-bottom: 5px;'>Conector RJ-45&comma; compatible con cable CAT6<\/li>\n<li style='margin-bottom: 5px;'>Dise\u00f1ado para cables par trenzado UTP<\/li>\n<li style='margin-bottom: 5px;'>Sin blindaje&comma; ideal para interiores<\/li>\n<li style='margin-bottom: 5px;'>Cumple requisitos de redes de datos<\/li>\n<li style='margin-bottom: 5px;'>F\u00e1cil instalaci\u00f3n y conexi\u00f3n confiable<\/li>\n<\/ul><\/div>\n<\/p><\/div>\n<p> <!-- Secci\u00f3n de especificaciones t\u00e9cnicas --> <\/p>\n<div style='display: flex; flex-wrap: wrap; gap: 20px; margin-bottom: 30px;'>\n<div style='flex: 1 1 250px; border: 1px solid rgba(150&comma; 150&comma; 150&comma; 0.4); border-radius: 8px; overflow: hidden; display: flex; flex-direction: column;'>\n<div style='padding: 15px; border-bottom: 1px solid rgba(150&comma; 150&comma; 150&comma; 0.2); font-weight: bold; font-size: 18px; color: inherit;'>Especificaciones El\u00e9ctricas<\/div>\n<div style='padding: 15px; color: inherit;'>\n<ul style='padding-left: 20px; margin: 0; font-size: 14px; list-style-type: disc;'>\n<li style='margin-bottom: 5px;'>No aplica (NA)<\/li>\n<\/ul><\/div>\n<\/p><\/div>\n<div style='flex: 1 1 250px; border: 1px solid rgba(150&comma; 150&comma; 150&comma; 0.4); border-radius: 8px; overflow: hidden; display: flex; flex-direction: column;'>\n<div style='padding: 15px; border-bottom: 1px solid rgba(150&comma; 150&comma; 150&comma; 0.2); font-weight: bold; font-size: 18px; color: inherit;'>Caracter\u00edsticas F\u00edsicas<\/div>\n<div style='padding: 15px; color: inherit;'>\n<ul style='padding-left: 20px; margin: 0; font-size: 14px; list-style-type: disc;'>\n<li style='margin-bottom: 5px;'><strong>Tipo:<\/strong> RJ-45<\/li>\n<li style='margin-bottom: 5px;'><strong>Compatibilidad:<\/strong> Cable CAT6<\/li>\n<li style='margin-bottom: 5px;'><strong>Blindaje:<\/strong> Sin blindaje<\/li>\n<li style='margin-bottom: 5px;'><strong>Aplicaci\u00f3n:<\/strong> Interior<\/li>\n<li style='margin-bottom: 5px;'><strong>Tipo de cable:<\/strong> Par trenzado UTP<\/li>\n<\/ul><\/div>\n<\/p><\/div>\n<div style='flex: 1 1 250px; border: 1px solid rgba(150&comma; 150&comma; 150&comma; 0.4); border-radius: 8px; overflow: hidden; display: flex; flex-direction: column;'>\n<div style='padding: 15px; border-bottom: 1px solid rgba(150&comma; 150&comma; 150&comma; 0.2); font-weight: bold; font-size: 18px; color: inherit;'>Informaci\u00f3n Comercial<\/div>\n<div style='padding: 15px; color: inherit;'>\n<ul style='padding-left: 20px; margin: 0; font-size: 14px; list-style-type: disc;'>\n<li style='margin-bottom: 5px;'><strong>Contenido:<\/strong> 100 piezas<\/li>\n<li style='margin-bottom: 5px;'><strong>Garant\u00eda:<\/strong> 1 a\u00f1o<\/li>\n<li style='margin-bottom: 5px;'><strong>Hecho en:<\/strong> China<\/li>\n<li style='margin-bottom: 5px;'><strong>Importador:<\/strong> Sistemas y Servicios de Comunicaci\u00f3n&comma; S.A. de C.V.<\/li>\n<\/ul><\/div>\n<\/p><\/div>\n<div style='flex: 1 1 250px; border: 1px solid rgba(150&comma; 150&comma; 150&comma; 0.4); border-radius: 8px; overflow: hidden; display: flex; flex-direction: column;'>\n<div style='padding: 15px; border-bottom: 1px solid rgba(150&comma; 150&comma; 150&comma; 0.2); font-weight: bold; font-size: 18px; color: inherit;'>Datos de Fabricaci\u00f3n<\/div>\n<div style='padding: 15px; color: inherit;'>\n<ul style='padding-left: 20px; margin: 0; font-size: 14px; list-style-type: disc;'>\n<li style='margin-bottom: 5px;'><strong>Fabricante:<\/strong> A solicitud de la autoridad<\/li>\n<li style='margin-bottom: 5px;'><strong>Direcci\u00f3n:<\/strong> Av. 20 de Noviembre No. 805&comma; Col. Centro&comma; Chihuahua&comma; Chih. M\u00e9xico&comma; C.P. 31000<\/li>\n<li style='margin-bottom: 5px;'><strong>RFC:<\/strong> SSC-840823-JT3<\/li>\n<li style='margin-bottom: 5px;'><strong>Tel\u00e9fono:<\/strong> 6144152525<\/li>\n<\/ul><\/div>\n<\/p><\/div>\n<\/p><\/div>\n<p> <!-- Separador --> <\/p>\n<hr style='border: 0; border-top: 1px solid rgba(150&comma; 150&comma; 150&comma; 0.3); margin: 30px 0;'> <!-- Secci\u00f3n de im\u00e1genes y videos --> <\/p>\n<div style='display: flex; flex-wrap: wrap; gap: 30px; margin-bottom: 30px;'>\n<div style='flex: 1 1 400px; min-width: 300px;'> <img style='width: 100%; height: auto; border: 1px solid rgba(150&comma;150&comma;150&comma;0.3); border-radius: 8px;' src='http:\/\/ftp3.syscom.mx\/usuarios\/fotos\/recursos\/625.jpg' alt='Vista lateral'> <\/div>\n<div style='flex: 1 1 560px; min-width: 300px;'>\n<div style='position: relative; padding-bottom: 56.25%; height: 0; overflow: hidden; margin-bottom: 30px;'>   <\/div>\n<\/p><\/div>\n<\/p><\/div>\n<p> <!-- Notas importantes --> <\/p>\n<div style='margin-top: 30px; padding: 15px; border-left: 4px solid rgba(150&comma; 150&comma; 150&comma; 0.5); background-color: rgba(240&comma; 240&comma; 240&comma; 0.05);'>\n<p style='margin: 0; font-weight: bold; color: inherit;'>Informaci\u00f3n importante:<\/p>\n<ul style='padding-left: 20px; margin: 10px 0 0 20px; font-size: 14px; color: inherit;'>\n<li style='margin-bottom: 5px;'>Mercanc\u00eda nueva<\/li>\n<li style='margin-bottom: 5px;'>Este producto debe ser instalado por un profesional<\/li>\n<\/ul><\/div>\n<\/p><\/div>\n","protected":false},"excerpt":{"rendered":"<p>Conector RJ45 para Cable UTP Categor?a 6<\/p>\n","protected":false},"featured_media":111509,"comment_status":"open","ping_status":"closed","template":"","meta":[],"product_brand":[],"product_cat":[595],"product_tag":[586,596,435],"class_list":{"0":"post-111510","1":"product","2":"type-product","3":"status-publish","4":"has-post-thumbnail","6":"product_cat-jacks-plugs","7":"product_tag-cableado-de-cobre","8":"product_tag-jacks-plugs","9":"product_tag-linkedpro-by-epcom","11":"first","12":"instock","13":"sale","14":"shipping-taxable","15":"purchasable","16":"product-type-simple"},"_links":{"self":[{"href":"https:\/\/soydeaqui.ddns.net\/pachuca\/index.php\/wp-json\/wp\/v2\/product\/111510","targetHints":{"allow":["GET"]}}],"collection":[{"href":"https:\/\/soydeaqui.ddns.net\/pachuca\/index.php\/wp-json\/wp\/v2\/product"}],"about":[{"href":"https:\/\/soydeaqui.ddns.net\/pachuca\/index.php\/wp-json\/wp\/v2\/types\/product"}],"replies":[{"embeddable":true,"href":"https:\/\/soydeaqui.ddns.net\/pachuca\/index.php\/wp-json\/wp\/v2\/comments?post=111510"}],"wp:featuredmedia":[{"embeddable":true,"href":"https:\/\/soydeaqui.ddns.net\/pachuca\/index.php\/wp-json\/wp\/v2\/media\/111509"}],"wp:attachment":[{"href":"https:\/\/soydeaqui.ddns.net\/pachuca\/index.php\/wp-json\/wp\/v2\/media?parent=111510"}],"wp:term":[{"taxonomy":"product_brand","embeddable":true,"href":"https:\/\/soydeaqui.ddns.net\/pachuca\/index.php\/wp-json\/wp\/v2\/product_brand?post=111510"},{"taxonomy":"product_cat","embeddable":true,"href":"https:\/\/soydeaqui.ddns.net\/pachuca\/index.php\/wp-json\/wp\/v2\/product_cat?post=111510"},{"taxonomy":"product_tag","embeddable":true,"href":"https:\/\/soydeaqui.ddns.net\/pachuca\/index.php\/wp-json\/wp\/v2\/product_tag?post=111510"}],"curies":[{"name":"wp","href":"https:\/\/api.w.org\/{rel}","templated":true}]}}