{"id":111419,"date":"2026-03-20T20:45:50","date_gmt":"2026-03-20T20:45:50","guid":{"rendered":"https:\/\/soydeaqui.ddns.net\/pachuca\/index.php\/producto\/cable-con-conector-hembra-alimentacin-para-vcc-con-puntas-libres\/"},"modified":"2026-03-20T20:46:15","modified_gmt":"2026-03-20T20:46:15","slug":"cable-con-conector-hembra-alimentacin-para-vcc-con-puntas-libres","status":"publish","type":"product","link":"https:\/\/soydeaqui.ddns.net\/pachuca\/index.php\/producto\/cable-con-conector-hembra-alimentacin-para-vcc-con-puntas-libres\/","title":{"rendered":"Cable con Conector Hembra, Alimentaci?n para Vcc con Puntas Libres."},"content":{"rendered":"<div style='width: 100%; max-width: 1200px; margin: 0 auto; font-family: sans-serif; line-height: 1.6; color: inherit; background-color: transparent;'> <!-- T\u00edtulos --> <\/p>\n<div style='width: 100%; text-align: center; margin-bottom: 30px;'>\n<h1 style='font-size: 28px; font-weight: bold; margin: 0 0 10px 0; color: inherit;'>DC-CORDF<\/h1>\n<h3 style='margin: 0 0 20px 0; color: inherit;'>Cable con conector hembra&comma; alimentaci\u00f3n para Vcc con puntas libres.<\/h3>\n<p style='margin: 0 auto; max-width: 800px; font-size: 15px; color: inherit;'>Se utiliza para conectar c\u00e1maras de seguridad a su sistema de distribuci\u00f3n de energ\u00eda o adaptadores de energ\u00eda. Cuenta con un enchufe hembra en un extremo y dos cables desnudos en el otro. Las cubiertas de alambre rojo y negro indican polaridad.<\/p>\n<\/p><\/div>\n<p> <!-- Secci\u00f3n de cards --> <\/p>\n<div style='display: flex; flex-wrap: wrap; gap: 30px; margin-bottom: 30px;'> <!-- Card 1 --> <\/p>\n<div style='flex: 1 1 300px; min-width: 280px;'>\n<div style='width: 100%; border: 1px solid rgba(150&comma;150&comma;150&comma;0.3); border-radius: 8px; overflow: hidden; display: flex; flex-direction: column;'>\n<div style='background-color: rgba(238&comma;238&comma;238&comma;0.6);'> <img style='width: 100%; height: auto; border: 1px solid rgba(150&comma;150&comma;150&comma;0.3); border-radius: 8px;' src='http:\/\/ftp3.syscom.mx\/usuarios\/hallende\/Familia%20Centro\/Miscelaneos\/DCCORDF\/DCCORDF-h.png' alt=''> <\/div>\n<div style='flex: 1 1 auto; padding: 15px; background-color: rgba(223&comma;0&comma;29&comma;0.05);'>\n<div style='font-size: 18px; font-weight: bold; margin-bottom: 15px; color: inherit;'>Caracter\u00edsticas Principales:<\/div>\n<ul style='padding-left: 20px; margin: 0; font-size: 14px; list-style-type: disc; color: inherit;'>\n<li style='margin-bottom: 8px;'>Conector de alimentaci\u00f3n en Vcc de color rojo \/ negro con un extremo desnudo<\/li>\n<li style='margin-bottom: 8px;'>Conector para uso en adaptaciones entre conexiones hembra \/ macho para DVR&comma; y c\u00e1maras de CCTV.<\/li>\n<li style='margin-bottom: 8px;'>Conector hembra de alimentaci\u00f3n de corriente continua<\/li>\n<\/ul><\/div>\n<\/p><\/div>\n<\/p><\/div>\n<p> <!-- Card 2 --> <\/p>\n<div style='flex: 1 1 300px; min-width: 280px;'>\n<div style='width: 100%; border: 1px solid rgba(150&comma;150&comma;150&comma;0.3); border-radius: 8px; overflow: hidden; display: flex; flex-direction: column;'>\n<div style='background-color: rgba(238&comma;238&comma;238&comma;0.6);'> <img style='width: 100%; height: auto; border: 1px solid rgba(150&comma;150&comma;150&comma;0.3); border-radius: 8px;' src='http:\/\/ftp3.syscom.mx\/usuarios\/hallende\/Familia%20Centro\/Miscelaneos\/DCCORDF\/DCCORDF-FRENTE-h.png' alt=''> <\/div>\n<div style='flex: 1 1 auto; padding: 15px; background-color: rgba(223&comma;0&comma;29&comma;0.05);'>\n<div style='font-size: 18px; font-weight: bold; margin-bottom: 15px; color: inherit;'>Caracter\u00edsticas F\u00edsicas y El\u00e9ctricas:<\/div>\n<ul style='padding-left: 20px; margin: 0; font-size: 14px; list-style-type: disc; color: inherit;'>\n<li style='margin-bottom: 8px;'>Di\u00e1metro del enchufe de CC: 5&comma;5 mm de di\u00e1metro exterior \/ 2&comma;1 mm de di\u00e1metro interno<\/li>\n<li style='margin-bottom: 8px;'>Longitud: 28.5 cm.<\/li>\n<li style='margin-bottom: 8px;'>Rojo: positivo<\/li>\n<li style='margin-bottom: 8px;'>Negro: negativo<\/li>\n<\/ul><\/div>\n<\/p><\/div>\n<\/p><\/div>\n<p> <!-- Card 3 --> <\/p>\n<div style='flex: 1 1 300px; min-width: 280px;'>\n<div style='width: 100%; border: 1px solid rgba(150&comma;150&comma;150&comma;0.3); border-radius: 8px; overflow: hidden; display: flex; flex-direction: column;'>\n<div style='background-color: rgba(238&comma;238&comma;238&comma;0.6);'> <img style='width: 100%; height: auto; border: 1px solid rgba(150&comma;150&comma;150&comma;0.3); border-radius: 8px;' src='http:\/\/ftp3.syscom.mx\/usuarios\/hallende\/Familia%20Centro\/Miscelaneos\/DCCORDF\/DCCORDF-AD-1-h.png' alt=''> <\/div>\n<div style='flex: 1 1 auto; padding: 15px; background-color: rgba(223&comma;0&comma;29&comma;0.05);'>\n<div style='font-size: 18px; font-weight: bold; margin-bottom: 15px; color: inherit;'>Caracter\u00edsticas Destacadas:<\/div>\n<ul style='padding-left: 20px; margin: 0; font-size: 14px; list-style-type: disc; color: inherit;'>\n<li style='margin-bottom: 8px;'>Este cable conector hembra es muy perfecto para tu c\u00e1mara de seguridad CCTV.<\/li>\n<li style='margin-bottom: 8px;'>Cable de alta calidad&comma; compatible con componentes de 12 Vcc para c\u00e1maras de CCTV&comma; tiras de luz LED&comma; barras y otros accesorios de bajo voltaje<\/li>\n<li style='margin-bottom: 8px;'>Util para conectar c\u00e1maras de seguridad a su fuente de alimentaci\u00f3n y\/o adaptadores de pared.<\/li>\n<\/ul><\/div>\n<\/p><\/div>\n<\/p><\/div>\n<\/p><\/div>\n<p> <!-- Separador --> <\/p>\n<hr style='border: 0; border-top: 1px solid rgba(150&comma; 150&comma; 150&comma; 0.3); margin: 30px 0;'> <\/div>\n","protected":false},"excerpt":{"rendered":"<p>Cable con Conector Hembra, Alimentaci?n para Vcc con Puntas Libres.<\/p>\n","protected":false},"featured_media":111418,"comment_status":"open","ping_status":"closed","template":"","meta":[],"product_brand":[],"product_cat":[487],"product_tag":[488,489,63],"class_list":{"0":"post-111419","1":"product","2":"type-product","3":"status-publish","4":"has-post-thumbnail","6":"product_cat-para-alimentacion-y-electricidad","7":"product_tag-cables-y-conectores","8":"product_tag-para-alimentacion-y-electricidad","9":"product_tag-syscom","11":"first","12":"outofstock","13":"sale","14":"shipping-taxable","15":"purchasable","16":"product-type-simple"},"_links":{"self":[{"href":"https:\/\/soydeaqui.ddns.net\/pachuca\/index.php\/wp-json\/wp\/v2\/product\/111419","targetHints":{"allow":["GET"]}}],"collection":[{"href":"https:\/\/soydeaqui.ddns.net\/pachuca\/index.php\/wp-json\/wp\/v2\/product"}],"about":[{"href":"https:\/\/soydeaqui.ddns.net\/pachuca\/index.php\/wp-json\/wp\/v2\/types\/product"}],"replies":[{"embeddable":true,"href":"https:\/\/soydeaqui.ddns.net\/pachuca\/index.php\/wp-json\/wp\/v2\/comments?post=111419"}],"wp:featuredmedia":[{"embeddable":true,"href":"https:\/\/soydeaqui.ddns.net\/pachuca\/index.php\/wp-json\/wp\/v2\/media\/111418"}],"wp:attachment":[{"href":"https:\/\/soydeaqui.ddns.net\/pachuca\/index.php\/wp-json\/wp\/v2\/media?parent=111419"}],"wp:term":[{"taxonomy":"product_brand","embeddable":true,"href":"https:\/\/soydeaqui.ddns.net\/pachuca\/index.php\/wp-json\/wp\/v2\/product_brand?post=111419"},{"taxonomy":"product_cat","embeddable":true,"href":"https:\/\/soydeaqui.ddns.net\/pachuca\/index.php\/wp-json\/wp\/v2\/product_cat?post=111419"},{"taxonomy":"product_tag","embeddable":true,"href":"https:\/\/soydeaqui.ddns.net\/pachuca\/index.php\/wp-json\/wp\/v2\/product_tag?post=111419"}],"curies":[{"name":"wp","href":"https:\/\/api.w.org\/{rel}","templated":true}]}}