{"id":111391,"date":"2026-03-20T20:44:17","date_gmt":"2026-03-20T20:44:17","guid":{"rendered":"https:\/\/soydeaqui.ddns.net\/pachuca\/index.php\/producto\/sistema-multiapartamento-touch-hasta-450-apartamentos-300-metros-apertura-con-tarjeta\/"},"modified":"2026-03-20T20:44:32","modified_gmt":"2026-03-20T20:44:32","slug":"sistema-multiapartamento-touch-hasta-450-apartamentos-300-metros-apertura-con-tarjeta","status":"publish","type":"product","link":"https:\/\/soydeaqui.ddns.net\/pachuca\/index.php\/producto\/sistema-multiapartamento-touch-hasta-450-apartamentos-300-metros-apertura-con-tarjeta\/","title":{"rendered":"Sistema Multiapartamento Touch, Hasta 450 Apartamentos, 300 Metros, Apertura con tarjeta"},"content":{"rendered":"<div style='width: 100%; max-width: 1200px; margin: 0 auto; font-family: sans-serif; line-height: 1.6; color: inherit; background-color: transparent;'>\n<div style='display: flex; flex-wrap: wrap; gap: 30px; margin-bottom: 30px;'>\n<div style='flex: 1 1 300px; min-width: 280px;'>\n<h3 style='font-size: 22px; border-bottom: 2px solid currentColor; padding-bottom: 5px; margin-top: 0; color: inherit; opacity: 0.8;'>Caracter\u00edsticas principales<\/h3>\n<ul style='padding-left: 20px; font-size: 15px; color: inherit;'>\n<li style='margin-bottom: 5px;'>Compatible con monitor <strong>KCVT701SM<\/strong><\/li>\n<li style='margin-bottom: 5px;'>Teclado Touch.<\/li>\n<li style='margin-bottom: 5px;'>Hasta 450 apartamentos.<\/li>\n<li style='margin-bottom: 5px;'><strong>Instalaci\u00f3n de 4 hilos tipo BUS.<\/strong><\/li>\n<li style='margin-bottom: 5px;'>Conversaci\u00f3n de audio y video con visitante.<\/li>\n<li style='margin-bottom: 5px;'>Apertura de puerta desde el apartamento.<\/li>\n<li style='margin-bottom: 5px;'>Apertura de puerta con c\u00f3digo o tarjeta MIFARE (solo de 1K&comma; ACESSCARDM1K&comma; S50)<\/li>\n<li style='margin-bottom: 5px;'>Luz blanca para visi\u00f3n nocturna.<\/li>\n<li style='margin-bottom: 5px;'>Hasta 4 unidades de extensi\u00f3n (KLP-C420R).<\/li>\n<li style='margin-bottom: 5px;'>\u00c1ngulo de c\u00e1mara ajustable.<\/li>\n<li style='margin-bottom: 5px;'>Compatible con TV Porteros KOCOM de 4 Hilos.<\/li>\n<li style='margin-bottom: 5px;'>Compatible con auricular KDP-602GD.<\/li>\n<li style='margin-bottom: 5px;'><strong>Requiere repetidor para 4 \u00f3 8 apartamentos (KVS-A4P y KVS-A8P).<\/strong><\/li>\n<li style='margin-bottom: 5px;'>Fabricado en aluminio.<\/li>\n<\/ul><\/div>\n<div style='flex: 1 1 300px; min-width: 280px;'>\n<h3 style='font-size: 22px; border-bottom: 2px solid currentColor; padding-bottom: 5px; margin-top: 0; color: inherit; opacity: 0.8;'>Caracter\u00edsticas F\u00edsicas y El\u00e9ctricas<\/h3>\n<ul style='padding-left: 20px; font-size: 15px; color: inherit;'>\n<li style='margin-bottom: 5px;'>Requiere alimentaci\u00f3n: 15 Vcc (PS-M2 Incluida).<\/li>\n<li style='margin-bottom: 5px;'>Consumo: Stand by 3W y 7W en operaci\u00f3n<\/li>\n<li style='margin-bottom: 5px;'>Dimensiones: 174 x 263 x 15 mm.<\/li>\n<li style='margin-bottom: 5px;'>Temperatura de operaci\u00f3n: -10 a 50 oC<\/li>\n<\/ul><\/div>\n<div style='flex: 1 1 300px; min-width: 280px;'>\n<h3 style='font-size: 22px; border-bottom: 2px solid currentColor; padding-bottom: 5px; margin-top: 0; color: inherit; opacity: 0.8;'>Caracter\u00edsticas Destacadas<\/h3>\n<p style='margin-bottom: 15px; font-size: 15px; color: inherit;'>Los sistemas de videoporteros KLPC420R son muy redituables ya que al ser equipos anal\u00f3gicos es muy sencilla y fiable su instalaci\u00f3n&comma; para estos equipos se recomienda usar cable calibre 18 100% cobre de preferencia blindado para tener la mayor distancia y calidad de video.<\/p>\n<p style='margin-bottom: 15px; font-size: 15px; color: inherit;'><strong>2 A\u00f1os de Garant\u00eda<\/strong><\/p>\n<h4 style='font-size: 18px; margin-top: 20px; margin-bottom: 10px; color: inherit;'>Cables sugeridos<\/h4>\n<p style='margin-bottom: 15px; font-size: 15px; color: inherit;'> <a style='color: inherit; text-decoration: none; font-weight: bold;' href='https:\/\/www.syscom.mx\/principal\/searchcont?route=9274-VIAKON-183319&#038;autodetect=calibre_18'>9274<\/a> <a style='color: inherit; text-decoration: none; font-weight: bold;' href='https:\/\/www.syscom.mx\/principal\/searchcont?route=1119-5501\/500-HONEYWELL-HOME-RESIDEO-74981&#038;autodetect=111955'>1119-5501\/500<\/a> <a style='color: inherit; text-decoration: none; font-weight: bold;' href='https:\/\/www.syscom.mx\/principal\/searchcont?route=92-70-VIAKON-78789&#038;autodetect=calibre_18'>92-70<\/a> <a style='color: inherit; text-decoration: none; font-weight: bold;' href='https:\/\/www.syscom.mx\/principal\/searchcont?route=ACCESS-184\/500-AccessPRO-166995&#038;autodetect=ACCESS184'>ACCESS-184\/500<\/a> <\/p>\n<p style='margin-bottom: 15px; font-size: 15px; color: inherit;'>La Expansi\u00f3n de cada Apartamento Depender\u00e1 de las Especificaciones del TV Portero Utilizado.<\/p>\n<p style='margin-bottom: 0; font-size: 15px; color: inherit;'><strong>Compatible con KCVS701M&comma; KCVT701SM KCV340M y auricular KDP602GD<\/strong>.<\/p>\n<\/p><\/div>\n<\/p><\/div>\n<hr style='border: 0; border-top: 1px solid rgba(150&comma; 150&comma; 150&comma; 0.3); margin: 30px 0;'>\n<div style='display: flex; flex-wrap: wrap; gap: 20px; margin-bottom: 30px;'>\n<div style='flex: 1 1 45%; min-width: 280px;'> <img style='width: 100%; height: auto; border: 1px solid rgba(150&comma;150&comma;150&comma;0.3); border-radius: 8px;' src='http:\/\/ftp3.syscom.mx\/usuarios\/fotos\/kfranco\/kocom\/kocom_01.png' alt=''> <\/div>\n<div style='flex: 1 1 45%; min-width: 280px;'> <img style='width: 100%; height: auto; border: 1px solid rgba(150&comma;150&comma;150&comma;0.3); border-radius: 8px;' src='http:\/\/ftp3.syscom.mx\/usuarios\/fotos\/kfranco\/kocom\/kocom_02.png' alt=''> <\/div>\n<\/p><\/div>\n<div style='display: flex; flex-wrap: wrap; gap: 20px; margin-bottom: 30px;'>\n<div style='flex: 1 1 45%; min-width: 280px;'> <img style='width: 100%; height: auto; border: 1px solid rgba(150&comma;150&comma;150&comma;0.3); border-radius: 8px;' src='http:\/\/ftp3.syscom.mx\/usuarios\/fotos\/recursos\/tv_porteros\/tv_portero_337_b.jpg' alt=''> <\/div>\n<div style='flex: 1 1 45%; min-width: 280px;'>\n<div style='position: relative; padding-bottom: 56.25%; height: 0; overflow: hidden; margin-bottom: 30px;'>   <\/div>\n<div style='position: relative; padding-bottom: 56.25%; height: 0; overflow: hidden; margin-bottom: 30px;'>   <\/div>\n<\/p><\/div>\n<\/p><\/div>\n<div style='text-align: center; margin-bottom: 30px;'> <img style='width: 100%; max-width: 600px; height: auto; border: 1px solid rgba(150&comma;150&comma;150&comma;0.3); border-radius: 8px;' src='https:\/\/ftp3.syscom.mx\/usuarios\/amesta\/KOCOM\/anuncio.jpg' alt=''> <\/div>\n<\/p><\/div>\n","protected":false},"excerpt":{"rendered":"<p>Sistema Multiapartamento Touch, Hasta 450 Apartamentos, 300 Metros, Apertura con tarjeta<\/p>\n","protected":false},"featured_media":111390,"comment_status":"open","ping_status":"closed","template":"","meta":[],"product_brand":[],"product_cat":[894],"product_tag":[799,820,557],"class_list":{"0":"post-111391","1":"product","2":"type-product","3":"status-publish","4":"has-post-thumbnail","6":"product_cat-multiapartamentos-videoporteros-e-interfonos","7":"product_tag-kocom","8":"product_tag-multiapartamentos","9":"product_tag-videoporteros-e-interfonos","11":"first","12":"outofstock","13":"sale","14":"shipping-taxable","15":"purchasable","16":"product-type-simple"},"_links":{"self":[{"href":"https:\/\/soydeaqui.ddns.net\/pachuca\/index.php\/wp-json\/wp\/v2\/product\/111391","targetHints":{"allow":["GET"]}}],"collection":[{"href":"https:\/\/soydeaqui.ddns.net\/pachuca\/index.php\/wp-json\/wp\/v2\/product"}],"about":[{"href":"https:\/\/soydeaqui.ddns.net\/pachuca\/index.php\/wp-json\/wp\/v2\/types\/product"}],"replies":[{"embeddable":true,"href":"https:\/\/soydeaqui.ddns.net\/pachuca\/index.php\/wp-json\/wp\/v2\/comments?post=111391"}],"wp:featuredmedia":[{"embeddable":true,"href":"https:\/\/soydeaqui.ddns.net\/pachuca\/index.php\/wp-json\/wp\/v2\/media\/111390"}],"wp:attachment":[{"href":"https:\/\/soydeaqui.ddns.net\/pachuca\/index.php\/wp-json\/wp\/v2\/media?parent=111391"}],"wp:term":[{"taxonomy":"product_brand","embeddable":true,"href":"https:\/\/soydeaqui.ddns.net\/pachuca\/index.php\/wp-json\/wp\/v2\/product_brand?post=111391"},{"taxonomy":"product_cat","embeddable":true,"href":"https:\/\/soydeaqui.ddns.net\/pachuca\/index.php\/wp-json\/wp\/v2\/product_cat?post=111391"},{"taxonomy":"product_tag","embeddable":true,"href":"https:\/\/soydeaqui.ddns.net\/pachuca\/index.php\/wp-json\/wp\/v2\/product_tag?post=111391"}],"curies":[{"name":"wp","href":"https:\/\/api.w.org\/{rel}","templated":true}]}}