{"id":111368,"date":"2026-03-20T20:43:01","date_gmt":"2026-03-20T20:43:01","guid":{"rendered":"https:\/\/soydeaqui.ddns.net\/pachuca\/index.php\/producto\/nvr-4-megapixel-64-canales-ip-16-bahias-de-disco-duro-soporta-raid-h264-ideal-para-proyectos-grandes\/"},"modified":"2026-03-20T20:43:03","modified_gmt":"2026-03-20T20:43:03","slug":"nvr-4-megapixel-64-canales-ip-16-bahias-de-disco-duro-soporta-raid-h264-ideal-para-proyectos-grandes","status":"publish","type":"product","link":"https:\/\/soydeaqui.ddns.net\/pachuca\/index.php\/producto\/nvr-4-megapixel-64-canales-ip-16-bahias-de-disco-duro-soporta-raid-h264-ideal-para-proyectos-grandes\/","title":{"rendered":"NVR 4 Megapixel \/ 64 Canales IP \/ 16 Bah\u00edas de Disco Duro \/ Soporta RAID \/ H264+ \/ IDEAL PARA PROYECTOS GRANDES"},"content":{"rendered":"<div style='width: 100%; max-width: 1200px; margin: 0 auto; font-family: sans-serif; line-height: 1.6; color: inherit;'>\n<div style='display: flex; flex-wrap: wrap; gap: 30px; margin-bottom: 30px;'>\n<div style='flex: 1 1 300px; min-width: 280px;'>\n<h3 style='font-size: 22px; border-bottom: 2px solid currentColor; padding-bottom: 5px; margin-top: 0; color: inherit; opacity: 0.8;'>Caracter\u00edsticas Generales<\/h3>\n<ul style='padding-left: 20px; font-size: 15px; color: inherit;'>\n<li style='margin-bottom: 5px;'><strong>Compresi\u00f3n:<\/strong> H.264&comma; H264+<\/li>\n<li style='margin-bottom: 5px;'><strong>Salidas:<\/strong> Principal y spot<\/li>\n<li style='margin-bottom: 5px;'><strong>Control:<\/strong> Mouse USB incluido<\/li>\n<li style='margin-bottom: 5px;'><strong>Control Remoto:<\/strong> Incluido<\/li>\n<li style='margin-bottom: 5px;'><strong>PTZ:<\/strong> Soportado<\/li>\n<li style='margin-bottom: 5px;'><strong>B\u00fasqueda:<\/strong> Agenda local\/remota<\/li>\n<li style='margin-bottom: 5px;'><strong>Grabaci\u00f3n Redundante:<\/strong> S\u00ed<\/li>\n<li style='margin-bottom: 5px;'><strong>Compatibilidad:<\/strong> HIKVISION&comma; Panasonic&comma; Sony&comma; AXIS&comma; Bosch&comma; SANYO&comma; etc.<\/li>\n<li style='margin-bottom: 5px;'><strong>Aprobaciones:<\/strong> FCC&comma; UL&comma; CE&comma; CB&comma; CCC&comma; SGS<\/li>\n<li style='margin-bottom: 5px;'><strong>Temperatura:<\/strong> -10 a 55 \u00b0C<\/li>\n<li style='margin-bottom: 5px;'><strong>Garant\u00eda:<\/strong> 3 A\u00f1os<\/li>\n<\/ul><\/div>\n<div style='flex: 1 1 300px; min-width: 280px;'>\n<h3 style='font-size: 22px; border-bottom: 2px solid currentColor; padding-bottom: 5px; margin-top: 0; color: inherit; opacity: 0.8;'>Funciones de Red<\/h3>\n<ul style='padding-left: 20px; font-size: 15px; color: inherit;'>\n<li style='margin-bottom: 5px;'><strong>Protocolo:<\/strong> DDNS<\/li>\n<li style='margin-bottom: 5px;'><strong>Acceso Remoto:<\/strong> iPhone&comma; iPad&comma; Tel\u00e9fonos Celulares<\/li>\n<li style='margin-bottom: 5px;'><strong>Navegadores:<\/strong> Chrome&comma; Firefox&comma; Safari&comma; IE<\/li>\n<li style='margin-bottom: 5px;'><strong>Software:<\/strong> Cliente multisitio 64 canales<\/li>\n<li style='margin-bottom: 5px;'><strong>Configuraci\u00f3n:<\/strong> Remota<\/li>\n<li style='margin-bottom: 5px;'><strong>Descarga:<\/strong> Archivos grabados y bit\u00e1cora de alarmas<\/li>\n<li style='margin-bottom: 5px;'><strong>Actualizaci\u00f3n:<\/strong> Remota de firmware<\/li>\n<\/ul><\/div>\n<div style='flex: 1 1 300px; min-width: 280px;'>\n<h3 style='font-size: 22px; border-bottom: 2px solid currentColor; padding-bottom: 5px; margin-top: 0; color: inherit; opacity: 0.8;'>Interfaces<\/h3>\n<ul style='padding-left: 20px; font-size: 15px; color: inherit;'>\n<li style='margin-bottom: 5px;'><strong>HDMI:<\/strong> 1080P\/720P<\/li>\n<li style='margin-bottom: 5px;'><strong>VGA:<\/strong> 1080P\/720P<\/li>\n<li style='margin-bottom: 5px;'><strong>Entrada Audio:<\/strong> 1 Canal<\/li>\n<li style='margin-bottom: 5px;'><strong>Salida Audio:<\/strong> 2 Canales<\/li>\n<li style='margin-bottom: 5px;'><strong>Entrada Alarma:<\/strong> 16<\/li>\n<li style='margin-bottom: 5px;'><strong>Salida Alarma:<\/strong> 4<\/li>\n<li style='margin-bottom: 5px;'><strong>Red:<\/strong> 2 interfaces Gigabit<\/li>\n<li style='margin-bottom: 5px;'><strong>Grabaci\u00f3n Externa:<\/strong> 8 Servidores NAS o 7NAS+1SCSI<\/li>\n<li style='margin-bottom: 5px;'><strong>Discos:<\/strong> 16 HDDs \/4TBc\/u<\/li>\n<li style='margin-bottom: 5px;'><strong>eSATA:<\/strong> 2 Puertos<\/li>\n<li style='margin-bottom: 5px;'><strong>RAID:<\/strong> 4<\/li>\n<\/ul><\/div>\n<div style='flex: 1 1 300px; min-width: 280px;'>\n<h3 style='font-size: 22px; border-bottom: 2px solid currentColor; padding-bottom: 5px; margin-top: 0; color: inherit; opacity: 0.8;'>Especificaciones El\u00e9ctricas<\/h3>\n<ul style='padding-left: 20px; font-size: 15px; color: inherit;'>\n<li style='margin-bottom: 5px;'><strong>Fuente:<\/strong> 100 ~ 240 Vca&comma; 6.3 A&comma; 50~60 Hz<\/li>\n<li style='margin-bottom: 5px;'><strong>Consumo:<\/strong> 115 Watts<\/li>\n<li style='margin-bottom: 5px;'><strong>Dimensiones:<\/strong> 445 \u00d7 496 \u00d7146 mm<\/li>\n<li style='margin-bottom: 5px;'><strong>Peso:<\/strong> 12.5 kg<\/li>\n<\/ul><\/div>\n<div style='flex: 1 1 300px; min-width: 280px;'>\n<h3 style='font-size: 22px; border-bottom: 2px solid currentColor; padding-bottom: 5px; margin-top: 0; color: inherit; opacity: 0.8;'>Funciones de Grabaci\u00f3n<\/h3>\n<ul style='padding-left: 20px; font-size: 15px; color: inherit;'>\n<li style='margin-bottom: 5px;'><strong>Detecci\u00f3n de Movimiento:<\/strong> Multizona<\/li>\n<li style='margin-bottom: 5px;'><strong>Zoom:<\/strong> Digital en visualizaci\u00f3n y grabaci\u00f3n<\/li>\n<li style='margin-bottom: 5px;'><strong>Salida de Video:<\/strong> HDMI (1920 x 1080)&comma; VGA@1080p<\/li>\n<li style='margin-bottom: 5px;'><strong>S.M.A.R.T.:<\/strong> Soportado<\/li>\n<li style='margin-bottom: 5px;'><strong>Tipos de Grabaci\u00f3n:<\/strong> Tiempo real&comma; manual&comma; video sensor&comma; alarma externa&comma; videosensor y alarma&comma; videosensor o alarma<\/li>\n<li style='margin-bottom: 5px;'><strong>B\u00fasqueda:<\/strong> Inteligente por detecci\u00f3n de movimiento<\/li>\n<li style='margin-bottom: 5px;'><strong>SDK:<\/strong> Disponible<\/li>\n<li style='margin-bottom: 5px;'><strong>Capacidad:<\/strong> 160 Mbps\/Input<\/li>\n<li style='margin-bottom: 5px;'><strong>Reproducci\u00f3n:<\/strong> 16 Canales<\/li>\n<\/ul><\/div>\n<div style='flex: 1 1 300px; min-width: 280px;'>\n<h3 style='font-size: 22px; border-bottom: 2px solid currentColor; padding-bottom: 5px; margin-top: 0; color: inherit; opacity: 0.8;'>Resoluci\u00f3n por Canal<\/h3>\n<ul style='padding-left: 20px; font-size: 15px; color: inherit;'>\n<li style='margin-bottom: 5px;'>2CIF: 64 Canales@30IPS<\/li>\n<li style='margin-bottom: 5px;'>4CIF: 64 Canales@30IPS<\/li>\n<li style='margin-bottom: 5px;'>720P: 64 Canales@10IPS<\/li>\n<li style='margin-bottom: 5px;'>1080P: 40 Canales@Tiempo lapsado<\/li>\n<\/ul><\/div>\n<\/p><\/div>\n<div style='display: flex; flex-wrap: wrap; gap: 20px; margin-bottom: 30px;'>\n<div style='flex: 1 1 250px; border: 1px solid rgba(150&comma; 150&comma; 150&comma; 0.4); border-radius: 8px; overflow: hidden; display: flex; flex-direction: column;'>\n<div style='padding: 15px; border-bottom: 1px solid rgba(150&comma; 150&comma; 150&comma; 0.2); font-weight: bold; font-size: 18px; color: inherit;'>Compatibilidad<\/div>\n<div style='padding: 15px; color: inherit;'>\n<p style='margin: 0; font-size: 14px;'>Compatible con c\u00e1maras y domos IP HIKVISION. Para integraci\u00f3n con otras marcas consultar con el departamento de ingenier\u00eda.<\/p>\n<\/p><\/div>\n<\/p><\/div>\n<div style='flex: 1 1 250px; border: 1px solid rgba(150&comma; 150&comma; 150&comma; 0.4); border-radius: 8px; overflow: hidden; display: flex; flex-direction: column;'>\n<div style='padding: 15px; border-bottom: 1px solid rgba(150&comma; 150&comma; 150&comma; 0.2); font-weight: bold; font-size: 18px; color: inherit;'>Nota Importante<\/div>\n<div style='padding: 15px; color: inherit;'>\n<p style='margin: 0; font-size: 14px;'>Las salidas de video se utilizan solo para configuraci\u00f3n. Para monitoreo de c\u00e1maras se requiere estaci\u00f3n de monitoreo.<\/p>\n<\/p><\/div>\n<\/p><\/div>\n<\/p><\/div>\n<div style='display: flex; flex-wrap: wrap; gap: 20px; margin-bottom: 30px;'>\n<div style='flex: 1 1 400px; min-width: 300px;'> <img style='width: 100%; height: auto; border: 1px solid rgba(150&comma;150&comma;150&comma;0.3); border-radius: 8px;' src='http:\/\/ftp3.syscom.mx\/usuarios\/leobardo.hernandez\/fotos\/h264+.gif' alt='' \/> <\/div>\n<div style='flex: 1 1 400px; min-width: 300px;'> <img style='width: 100%; height: auto; border: 1px solid rgba(150&comma;150&comma;150&comma;0.3); border-radius: 8px;' src='http:\/\/ftp3.syscom.mx\/usuarios\/leobardo.hernandez\/fotos\/unnamed.gif' alt='' \/> <\/div>\n<\/p><\/div>\n<div style='position: relative; padding-bottom: 56.25%; height: 0; overflow: hidden; margin-bottom: 30px;'>   <\/div>\n<\/p><\/div>\n","protected":false},"excerpt":{"rendered":"<p>NVR 4 Megapixel \/ 64 Canales IP \/ 16 Bah\u00edas de Disco Duro \/ Soporta RAID \/ H264+ \/ IDEAL PARA PROYECTOS GRANDES<\/p>\n","protected":false},"featured_media":111367,"comment_status":"open","ping_status":"closed","template":"","meta":[],"product_brand":[],"product_cat":[2234],"product_tag":[122,54,2235],"class_list":{"0":"post-111368","1":"product","2":"type-product","3":"status-publish","4":"has-post-thumbnail","6":"product_cat-nvrs-network-video-recorders","7":"product_tag-camaras-ip-y-nvrs","8":"product_tag-hikvision","9":"product_tag-nvrs-network-video-recorders","11":"first","12":"outofstock","13":"sale","14":"shipping-taxable","15":"purchasable","16":"product-type-simple"},"_links":{"self":[{"href":"https:\/\/soydeaqui.ddns.net\/pachuca\/index.php\/wp-json\/wp\/v2\/product\/111368","targetHints":{"allow":["GET"]}}],"collection":[{"href":"https:\/\/soydeaqui.ddns.net\/pachuca\/index.php\/wp-json\/wp\/v2\/product"}],"about":[{"href":"https:\/\/soydeaqui.ddns.net\/pachuca\/index.php\/wp-json\/wp\/v2\/types\/product"}],"replies":[{"embeddable":true,"href":"https:\/\/soydeaqui.ddns.net\/pachuca\/index.php\/wp-json\/wp\/v2\/comments?post=111368"}],"wp:featuredmedia":[{"embeddable":true,"href":"https:\/\/soydeaqui.ddns.net\/pachuca\/index.php\/wp-json\/wp\/v2\/media\/111367"}],"wp:attachment":[{"href":"https:\/\/soydeaqui.ddns.net\/pachuca\/index.php\/wp-json\/wp\/v2\/media?parent=111368"}],"wp:term":[{"taxonomy":"product_brand","embeddable":true,"href":"https:\/\/soydeaqui.ddns.net\/pachuca\/index.php\/wp-json\/wp\/v2\/product_brand?post=111368"},{"taxonomy":"product_cat","embeddable":true,"href":"https:\/\/soydeaqui.ddns.net\/pachuca\/index.php\/wp-json\/wp\/v2\/product_cat?post=111368"},{"taxonomy":"product_tag","embeddable":true,"href":"https:\/\/soydeaqui.ddns.net\/pachuca\/index.php\/wp-json\/wp\/v2\/product_tag?post=111368"}],"curies":[{"name":"wp","href":"https:\/\/api.w.org\/{rel}","templated":true}]}}