{"id":111353,"date":"2026-03-20T20:42:14","date_gmt":"2026-03-20T20:42:14","guid":{"rendered":"https:\/\/soydeaqui.ddns.net\/pachuca\/index.php\/producto\/gabinete-para-camara-cumple-con-norma-anti-explosion-y-norma-de-intrusion-ip68-fabricado-en-acero-inoxidable\/"},"modified":"2026-03-20T20:42:25","modified_gmt":"2026-03-20T20:42:25","slug":"gabinete-para-camara-cumple-con-norma-anti-explosion-y-norma-de-intrusion-ip68-fabricado-en-acero-inoxidable","status":"publish","type":"product","link":"https:\/\/soydeaqui.ddns.net\/pachuca\/index.php\/producto\/gabinete-para-camara-cumple-con-norma-anti-explosion-y-norma-de-intrusion-ip68-fabricado-en-acero-inoxidable\/","title":{"rendered":"Gabinete para c\u00e1mara cumple con norma anti explosi\u00f3n y norma de intrusi\u00f3n IP68 fabricado en acero inoxidable"},"content":{"rendered":"<div style='width: 100%; max-width: 1200px; margin: 0 auto; font-family: sans-serif; line-height: 1.6; color: inherit; background-color: transparent;'>\n<div style='display: flex; flex-wrap: wrap; gap: 30px; margin-bottom: 30px;'>\n<div style='flex: 1 1 300px; min-width: 280px;'>\n<h3 style='font-size: 22px; border-bottom: 2px solid currentColor; padding-bottom: 5px; margin-top: 0; color: inherit; opacity: 0.8;'>Descripci\u00f3n<\/h3>\n<p style='font-size: 15px; color: inherit; margin-top: 0; margin-bottom: 15px;'>El gabinete a prueba de explosiones SYE801 est\u00e1 dise\u00f1ado para su uso en atm\u00f3sferas explosivas como el grupo de gases IIC (vapores de gas t\u00edpicos: hidr\u00f3geno&comma; acetileno&comma; eteno&comma; gas de horno de coque y \u00e9ter met\u00edlico&comma; etc.)&comma; as\u00ed como en polvo inflamable. La carcasa est\u00e1 dise\u00f1ada para evitar explosiones al contener el calor&comma; las chispas o las llamas generadas. Esto evita que se enciendan atm\u00f3sferas o materiales potencialmente explosivos fuera del equipo. SYE801 est\u00e1 equipado con limpiaparabrisas para mantener limpio el vidrio. Se adapta a la mayor\u00eda de las combinaciones de c\u00e1mara \/ lente con parasol y limpiaparabrisas a juego. Transmite video en tiempo real y escaneo en el lugar&comma; con funciones de almacenamiento de video en tiempo real y transmisi\u00f3n remota en l\u00ednea&comma; etc.<\/p>\n<\/p><\/div>\n<\/p><\/div>\n<div style='display: flex; flex-wrap: wrap; gap: 20px; margin-bottom: 30px;'>\n<div style='flex: 1 1 250px; border: 1px solid rgba(150&comma; 150&comma; 150&comma; 0.4); border-radius: 8px; overflow: hidden; display: flex; flex-direction: column;'>\n<div style='padding: 15px; border-bottom: 1px solid rgba(150&comma; 150&comma; 150&comma; 0.2); font-weight: bold; font-size: 18px; color: inherit;'>Especificaciones<\/div>\n<div style='padding: 15px; color: inherit;'>\n<ul style='padding-left: 20px; margin: 0; font-size: 14px; list-style-type: disc;'>\n<li style='margin-bottom: 5px;'>Fabricado en acero inoxidable<\/li>\n<li style='margin-bottom: 5px;'>Soporta IP68<\/li>\n<li style='margin-bottom: 5px;'>Temperatura de operaci\u00f3n: -25\u00b0 a 60 \u00b0C<\/li>\n<li style='margin-bottom: 5px;'>Marca de prueba anti explosi\u00f3n: Zona 2 Exd IICT6 \/ DIP A20 TA&comma;T6<\/li>\n<li style='margin-bottom: 5px;'>No incluye montaje<\/li>\n<li style='margin-bottom: 5px;'>2 Entradas de cable antiexplosi\u00f3n G1\/2\u201d<\/li>\n<li style='margin-bottom: 5px;'>Peso: 6kg<\/li>\n<li style='margin-bottom: 5px;'>Di\u00e1metro del vidrio frontal 67mm<\/li>\n<li style='margin-bottom: 5px;'>Dimensiones exteriores: 350 mm \u00d7 150 mm \u00d7 165 mm<\/li>\n<li style='margin-bottom: 5px;'>Dimensiones interiores: 112 mm (di\u00e1metro) x 300 mm (largo)<\/li>\n<\/ul><\/div>\n<\/p><\/div>\n<div style='flex: 1 1 250px; border: 1px solid rgba(150&comma; 150&comma; 150&comma; 0.4); border-radius: 8px; overflow: hidden; display: flex; flex-direction: column;'>\n<div style='padding: 15px; border-bottom: 1px solid rgba(150&comma; 150&comma; 150&comma; 0.2); font-weight: bold; font-size: 18px; color: inherit;'>Informaci\u00f3n Adicional<\/div>\n<div style='padding: 15px; color: inherit;'>\n<p style='margin-top: 0; margin-bottom: 15px;'><strong>Nota:<\/strong> Espacio disponible tomando en cuenta el riel de fijaci\u00f3n de la c\u00e1mara 90mm<\/p>\n<p style='margin-top: 0; margin-bottom: 15px;'>*2 A\u00f1os de Garant\u00eda.<\/p>\n<p style='margin-top: 0; margin-bottom: 15px;'><strong>GABINETES ANTI-EXPLOSI\u00d3N<\/strong><\/p>\n<p style='margin-top: 0; margin-bottom: 15px;'>El tener un equipo anti-explosi\u00f3n no significa que pueda llegar a soportar explosiones o impactos en el exterior de dicho equipo; el t\u00e9rmino se refiere a que el equipo anti-explosi\u00f3n es capaz de mantener o contener una explosi\u00f3n que se suscite dentro del mismo equipo&comma; y de esta manera puede mantener seguro un lugar de ambiente peligroso.<\/p>\n<p style='margin-top: 0; margin-bottom: 15px;'>Los lugares de ambiente peligroso son comunes en plantas petrol\u00edferas&comma; qu\u00edmicas y en f\u00e1bricas donde se producen y almacenan gases&comma; \u00e1cidos&comma; pinturas y otros productos no estables. Todo equipo el\u00e9ctrico instalado en este tipo de lugares&comma; debe estar dise\u00f1ado de manera que no pueda producir chispas.<\/p>\n<\/p><\/div>\n<\/p><\/div>\n<\/p><\/div>\n<div style='display: flex; flex-wrap: wrap; gap: 20px; margin-bottom: 30px;'>\n<div style='flex: 1 1 300px; min-width: 280px;'>\n<div style='position: relative; padding-bottom: 56.25%; height: 0; overflow: hidden; margin-bottom: 30px;'>   <\/div>\n<\/p><\/div>\n<\/p><\/div>\n<div style='display: flex; flex-wrap: wrap; gap: 20px; margin-bottom: 30px;'>\n<div style='flex: 1 1 300px; min-width: 280px;'> <img style='width: 100%; height: auto; border: 1px solid rgba(150&comma;150&comma;150&comma;0.3); border-radius: 8px;' src='http:\/\/ftp3.syscom.mx\/usuarios\/fotos\/SYE801\/SYE801.png' alt=''> <\/div>\n<div style='flex: 1 1 300px; min-width: 280px;'> <img style='width: 100%; height: auto; border: 1px solid rgba(150&comma;150&comma;150&comma;0.3); border-radius: 8px;' src='http:\/\/ftp3.syscom.mx\/usuarios\/fotos\/SYE801\/SYE801_1.png' alt=''> <\/div>\n<div style='flex: 1 1 300px; min-width: 280px;'> <img style='width: 100%; height: auto; border: 1px solid rgba(150&comma;150&comma;150&comma;0.3); border-radius: 8px;' src='http:\/\/ftp3.syscom.mx\/usuarios\/fotos\/SYE801\/SYE801_2.png' alt=''> <\/div>\n<div style='flex: 1 1 300px; min-width: 280px;'> <img style='width: 100%; height: auto; border: 1px solid rgba(150&comma;150&comma;150&comma;0.3); border-radius: 8px;' src='http:\/\/ftp3.syscom.mx\/usuarios\/fotos\/SYE801\/SYE801_3.png' alt=''> <\/div>\n<div style='flex: 1 1 300px; min-width: 280px;'> <img style='width: 100%; height: auto; border: 1px solid rgba(150&comma;150&comma;150&comma;0.3); border-radius: 8px;' src='http:\/\/ftp3.syscom.mx\/usuarios\/fotos\/SYE801\/SYE801_4.png' alt=''> <\/div>\n<\/p><\/div>\n<hr style='border: 0; border-top: 1px solid rgba(150&comma; 150&comma; 150&comma; 0.3); margin: 30px 0;'> <\/div>\n","protected":false},"excerpt":{"rendered":"<p>Gabinete para c\u00e1mara cumple con norma anti explosi\u00f3n y norma de intrusi\u00f3n IP68 fabricado en acero inoxidable<\/p>\n","protected":false},"featured_media":111352,"comment_status":"open","ping_status":"closed","template":"","meta":[],"product_brand":[],"product_cat":[2309],"product_tag":[417,2310,939],"class_list":{"0":"post-111353","1":"product","2":"type-product","3":"status-publish","4":"has-post-thumbnail","6":"product_cat-gabinetes-para-camaras","7":"product_tag-accesorios-generales","8":"product_tag-gabinetes-para-camaras","9":"product_tag-syscom-video","11":"first","12":"instock","13":"sale","14":"shipping-taxable","15":"purchasable","16":"product-type-simple"},"_links":{"self":[{"href":"https:\/\/soydeaqui.ddns.net\/pachuca\/index.php\/wp-json\/wp\/v2\/product\/111353","targetHints":{"allow":["GET"]}}],"collection":[{"href":"https:\/\/soydeaqui.ddns.net\/pachuca\/index.php\/wp-json\/wp\/v2\/product"}],"about":[{"href":"https:\/\/soydeaqui.ddns.net\/pachuca\/index.php\/wp-json\/wp\/v2\/types\/product"}],"replies":[{"embeddable":true,"href":"https:\/\/soydeaqui.ddns.net\/pachuca\/index.php\/wp-json\/wp\/v2\/comments?post=111353"}],"wp:featuredmedia":[{"embeddable":true,"href":"https:\/\/soydeaqui.ddns.net\/pachuca\/index.php\/wp-json\/wp\/v2\/media\/111352"}],"wp:attachment":[{"href":"https:\/\/soydeaqui.ddns.net\/pachuca\/index.php\/wp-json\/wp\/v2\/media?parent=111353"}],"wp:term":[{"taxonomy":"product_brand","embeddable":true,"href":"https:\/\/soydeaqui.ddns.net\/pachuca\/index.php\/wp-json\/wp\/v2\/product_brand?post=111353"},{"taxonomy":"product_cat","embeddable":true,"href":"https:\/\/soydeaqui.ddns.net\/pachuca\/index.php\/wp-json\/wp\/v2\/product_cat?post=111353"},{"taxonomy":"product_tag","embeddable":true,"href":"https:\/\/soydeaqui.ddns.net\/pachuca\/index.php\/wp-json\/wp\/v2\/product_tag?post=111353"}],"curies":[{"name":"wp","href":"https:\/\/api.w.org\/{rel}","templated":true}]}}