{"id":111341,"date":"2026-03-20T20:41:31","date_gmt":"2026-03-20T20:41:31","guid":{"rendered":"https:\/\/soydeaqui.ddns.net\/pachuca\/index.php\/producto\/switch-poe-no-administrable-8-puertos-10-100-1000-mbps-con-4-puertos-poe-802-3af-at-modo-extender-hasta-250-mts\/"},"modified":"2026-03-20T20:41:44","modified_gmt":"2026-03-20T20:41:44","slug":"switch-poe-no-administrable-8-puertos-10-100-1000-mbps-con-4-puertos-poe-802-3af-at-modo-extender-hasta-250-mts","status":"publish","type":"product","link":"https:\/\/soydeaqui.ddns.net\/pachuca\/index.php\/producto\/switch-poe-no-administrable-8-puertos-10-100-1000-mbps-con-4-puertos-poe-802-3af-at-modo-extender-hasta-250-mts\/","title":{"rendered":"Switch PoE no Administrable, 8 Puertos 10\/100\/1000 Mbps con 4 Puertos PoE 802.3af\/at, Modo Extender Hasta 250 mts"},"content":{"rendered":"<div style='width: 100%; max-width: 1200px; margin: 0 auto; font-family: sans-serif; line-height: 1.6; color: inherit; background-color: transparent;'>\n<div style='display: flex; flex-wrap: wrap; gap: 30px; margin-bottom: 30px;'>\n<div style='flex: 1 1 300px; min-width: 280px;'>\n<h3 style='font-size: 22px; border-bottom: 2px solid currentColor; padding-bottom: 5px; margin-top: 0; color: inherit; opacity: 0.8;'>Descripci\u00f3n General<\/h3>\n<p style='font-size: 15px; color: inherit; margin-top: 15px; margin-bottom: 15px;'>Soluci\u00f3n de integraci\u00f3n ideal y de alto rendimiento para una peque\u00f1a infraestructura de vigilancia IP segura. El GSD-804P est\u00e1 equipado con 8 puertos 10\/100\/1000BASE-T&comma; 4 de los cuales son interfaces PoE 802.3at. Con un presupuesto de energ\u00eda PoE de hasta 60W y un rendimiento de conmutaci\u00f3n de datos sin bloqueo&comma; satisface la demanda de energ\u00eda PoE suficiente para la vigilancia IP HD.<\/p>\n<p style='font-size: 15px; color: inherit; margin-top: 15px; margin-bottom: 15px;'>Viene con una carcasa met\u00e1lica de 9 pulgadas&comma; soluci\u00f3n de alimentaci\u00f3n PoE confiable adecuada para SOHO&comma; peque\u00f1as empresas e integradores de sistemas para implementar redes Power over Ethernet.<\/p>\n<\/p><\/div>\n<\/p><\/div>\n<div style='display: flex; flex-wrap: wrap; justify-content: center; margin-bottom: 30px;'> <img style='width: 100%; height: auto; border: 1px solid rgba(150&comma;150&comma;150&comma;0.3); border-radius: 8px; max-width: 700px; margin: 10px 0;' src='https:\/\/www.planet.com.tw\/storage\/products\/49123\/GSD-804Pv3_Front-Panel-Introducton.png' alt=''> <\/div>\n<div style='display: flex; flex-wrap: wrap; gap: 30px; margin-bottom: 30px;'>\n<div style='flex: 1 1 300px; min-width: 280px;'>\n<h3 style='font-size: 22px; border-bottom: 2px solid currentColor; padding-bottom: 5px; margin-top: 0; color: inherit; opacity: 0.8;'>Modo Extender<\/h3>\n<p style='font-size: 15px; color: inherit; margin-top: 15px; margin-bottom: 15px;'>En el modo &#8216;Extender&#8217;&comma; opera por puerto a una operaci\u00f3n d\u00faplex&comma; puede admitir una salida de potencia PoE de 25W a una distancia de hasta 250 metros superando el l\u00edmite de 100m en el cable Ethernet UTP.<\/p>\n<\/p><\/div>\n<\/p><\/div>\n<div style='display: flex; flex-wrap: wrap; justify-content: center; margin-bottom: 30px;'> <img style='width: 100%; height: auto; border: 1px solid rgba(150&comma;150&comma;150&comma;0.3); border-radius: 8px; max-width: 700px; margin: 10px 0;' src='https:\/\/www.planet.com.tw\/storage\/products\/49123\/GSD-804Pv3-1.png' alt=''> <\/div>\n<div style='display: flex; flex-wrap: wrap; justify-content: center; margin-bottom: 30px;'> <img style='width: 100%; height: auto; border: 1px solid rgba(150&comma;150&comma;150&comma;0.3); border-radius: 8px; max-width: 700px; margin: 10px 0;' src='https:\/\/www.planet.com.tw\/storage\/products\/49123\/GSD-804Pv3-2.png' alt=''> <\/div>\n<div style='display: flex; flex-wrap: wrap; gap: 30px; margin-bottom: 30px;'>\n<div style='flex: 1 1 300px; min-width: 280px;'>\n<h3 style='font-size: 22px; border-bottom: 2px solid currentColor; padding-bottom: 5px; margin-top: 0; color: inherit; opacity: 0.8;'>Dise\u00f1o sin ventilador<\/h3>\n<p style='font-size: 15px; color: inherit; margin-top: 15px; margin-bottom: 15px;'>Carcasa met\u00e1lica compacta de escritorio que permite ubicaci\u00f3n conveniente. Construcci\u00f3n ventilada sin necesidad de ventilador de refrigeraci\u00f3n&comma; operaci\u00f3n silenciosa. Funcionamiento confiable y estable en cualquier entorno sin afectar su rendimiento.<\/p>\n<\/p><\/div>\n<\/p><\/div>\n<div style='display: flex; flex-wrap: wrap; gap: 30px; margin-bottom: 30px;'>\n<div style='flex: 1 1 300px; min-width: 280px;'>\n<h3 style='font-size: 22px; border-bottom: 2px solid currentColor; padding-bottom: 5px; margin-top: 0; color: inherit; opacity: 0.8;'>Conexi\u00f3n sencilla<\/h3>\n<p style='font-size: 15px; color: inherit; margin-top: 15px; margin-bottom: 15px;'>Con conmutaci\u00f3n de datos y alimentaci\u00f3n a trav\u00e9s de Ethernet integrados en una unidad&comma; reduce los requisitos de cableado y elimina la necesidad de enchufes el\u00e9ctricos dedicados. Un solo cable transporta datos y energ\u00eda&comma; reduciendo costos de instalaci\u00f3n y simplificando el esfuerzo de instalaci\u00f3n.<\/p>\n<p style='font-size: 15px; color: inherit; margin-top: 15px; margin-bottom: 15px;'>Ideal para peque\u00f1as empresas y grupos de trabajo&comma; facilita la implementaci\u00f3n de c\u00e1maras IP&comma; puntos de acceso inal\u00e1mbricos y tel\u00e9fonos IP.<\/p>\n<\/p><\/div>\n<\/p><\/div>\n<div style='display: flex; flex-wrap: wrap; justify-content: center; margin-bottom: 30px;'> <img style='width: 100%; height: auto; border: 1px solid rgba(150&comma;150&comma;150&comma;0.3); border-radius: 8px; max-width: 700px; margin: 10px 0;' src='https:\/\/www.planet.com.tw\/storage\/products\/49123\/GSD-804Pv2-3.gif' alt=''> <\/div>\n<div style='display: flex; flex-wrap: wrap; gap: 20px; margin-bottom: 30px;'>\n<div style='flex: 1 1 250px; border: 1px solid rgba(150&comma; 150&comma; 150&comma; 0.4); border-radius: 8px; overflow: hidden; display: flex; flex-direction: column;'>\n<div style='padding: 15px; border-bottom: 1px solid rgba(150&comma; 150&comma; 150&comma; 0.2); font-weight: bold; font-size: 18px; color: inherit;'>Puerto f\u00edsico<\/div>\n<div style='padding: 15px; color: inherit;'>\n<ul style='padding-left: 20px; margin: 0; font-size: 14px; list-style-type: disc;'>\n<li style='margin-bottom: 5px;'>4 puertos RJ45 Gigabit Ethernet 10\/100\/1000BASE-T con PoE+ IEEE 802.3at (puertos 1-4)<\/li>\n<li style='margin-bottom: 5px;'>4 puertos RJ45 Gigabit Ethernet 10\/100\/1000BASE-T<\/li>\n<\/ul><\/div>\n<\/p><\/div>\n<div style='flex: 1 1 250px; border: 1px solid rgba(150&comma; 150&comma; 150&comma; 0.4); border-radius: 8px; overflow: hidden; display: flex; flex-direction: column;'>\n<div style='padding: 15px; border-bottom: 1px solid rgba(150&comma; 150&comma; 150&comma; 0.2); font-weight: bold; font-size: 18px; color: inherit;'>Alimentaci\u00f3n a trav\u00e9s de Ethernet<\/div>\n<div style='padding: 15px; color: inherit;'>\n<ul style='padding-left: 20px; margin: 0; font-size: 14px; list-style-type: disc;'>\n<li style='margin-bottom: 5px;'>Cumple con IEEE 802.3af\/at Power over Ethernet<\/li>\n<li style='margin-bottom: 5px;'>Hasta 4 puertos de dispositivos IEEE 802.3af\/at<\/li>\n<li style='margin-bottom: 5px;'>Soporta hasta 30.8W por puerto PoE<\/li>\n<li style='margin-bottom: 5px;'>Cada puerto admite 55V CC para dispositivos PoE<\/li>\n<li style='margin-bottom: 5px;'>Presupuesto de PoE de 60W<\/li>\n<li style='margin-bottom: 5px;'>Detecci\u00f3n autom\u00e1tica de dispositivos alimentados (PD)<\/li>\n<li style='margin-bottom: 5px;'>Protecci\u00f3n contra interferencias entre puertos<\/li>\n<li style='margin-bottom: 5px;'>Alimentaci\u00f3n remota hasta 100m (est\u00e1ndar) o 250m (extendido)<\/li>\n<\/ul><\/div>\n<\/p><\/div>\n<div style='flex: 1 1 250px; border: 1px solid rgba(150&comma; 150&comma; 150&comma; 0.4); border-radius: 8px; overflow: hidden; display: flex; flex-direction: column;'>\n<div style='padding: 15px; border-bottom: 1px solid rgba(150&comma; 150&comma; 150&comma; 0.2); font-weight: bold; font-size: 18px; color: inherit;'>Especificaciones de transmisi\u00f3n<\/div>\n<div style='padding: 15px; color: inherit;'>\n<ul style='padding-left: 20px; margin: 0; font-size: 14px; list-style-type: disc;'>\n<li style='margin-bottom: 5px;'>Negociaci\u00f3n autom\u00e1tica 10\/100\/1000 Mbps y MDI\/MDI-X autom\u00e1tico<\/li>\n<li style='margin-bottom: 5px;'>Control de flujo full duplex y contrapresi\u00f3n half duplex<\/li>\n<li style='margin-bottom: 5px;'>Tabla de direcciones MAC de 4K<\/li>\n<li style='margin-bottom: 5px;'>Marco jumbo de 9K<\/li>\n<li style='margin-bottom: 5px;'>Transparencia VLAN IEEE 802.1Q<\/li>\n<li style='margin-bottom: 5px;'>Selector DIP para modo &#8216;Est\u00e1ndar&#8217;\/&#8217;Extendido&#8217;<\/li>\n<\/ul><\/div>\n<\/p><\/div>\n<div style='flex: 1 1 250px; border: 1px solid rgba(150&comma; 150&comma; 150&comma; 0.4); border-radius: 8px; overflow: hidden; display: flex; flex-direction: column;'>\n<div style='padding: 15px; border-bottom: 1px solid rgba(150&comma; 150&comma; 150&comma; 0.2); font-weight: bold; font-size: 18px; color: inherit;'>Caracter\u00edsticas f\u00edsicas<\/div>\n<div style='padding: 15px; color: inherit;'>\n<ul style='padding-left: 20px; margin: 0; font-size: 14px; list-style-type: disc;'>\n<li style='margin-bottom: 5px;'>Tama\u00f1o de escritorio de 9 pulgadas&comma; altura 1U<\/li>\n<li style='margin-bottom: 5px;'>Indicadores LED para alimentaci\u00f3n&comma; PoE Max&comma; estado de PoE por puerto&comma; actividad&comma; velocidad y Link\/Act<\/li>\n<li style='margin-bottom: 5px;'>Dise\u00f1o sin ventilador<\/li>\n<li style='margin-bottom: 5px;'>Soporta Ethernet de bajo consumo (IEEE 802.3az)<\/li>\n<li style='margin-bottom: 5px;'>Protecci\u00f3n ESD Ethernet de 4000VDC<\/li>\n<\/ul><\/div>\n<\/p><\/div>\n<div style='flex: 1 1 250px; border: 1px solid rgba(150&comma; 150&comma; 150&comma; 0.4); border-radius: 8px; overflow: hidden; display: flex; flex-direction: column;'>\n<div style='padding: 15px; border-bottom: 1px solid rgba(150&comma; 150&comma; 150&comma; 0.2); font-weight: bold; font-size: 18px; color: inherit;'>Accesorios incluidos<\/div>\n<div style='padding: 15px; color: inherit;'>\n<ul style='padding-left: 20px; margin: 0; font-size: 14px; list-style-type: disc;'>\n<li style='margin-bottom: 5px;'>Equipo GSD-804P<\/li>\n<li style='margin-bottom: 5px;'>Manual de usuario<\/li>\n<li style='margin-bottom: 5px;'>Cable de alimentaci\u00f3n 110V<\/li>\n<li style='margin-bottom: 5px;'>Kit de tornillos<\/li>\n<li style='margin-bottom: 5px;'>Patas de goma<\/li>\n<li style='margin-bottom: 5px;'>Montajes para rack<\/li>\n<\/ul><\/div>\n<\/p><\/div>\n<\/p><\/div>\n<hr style='border: 0; border-top: 1px solid rgba(150&comma; 150&comma; 150&comma; 0.3); margin: 30px 0;'> <\/div>\n","protected":false},"excerpt":{"rendered":"<p>Switch PoE no Administrable, 8 Puertos 10\/100\/1000 Mbps con 4 Puertos PoE 802.3af\/at, Modo Extender Hasta 250 mts<\/p>\n","protected":false},"featured_media":111340,"comment_status":"open","ping_status":"closed","template":"","meta":[],"product_brand":[],"product_cat":[1986],"product_tag":[664,2033,1987],"class_list":{"0":"post-111341","1":"product","2":"type-product","3":"status-publish","4":"has-post-thumbnail","6":"product_cat-switches-poe","7":"product_tag-networking","8":"product_tag-planet","9":"product_tag-switches-poe","11":"first","12":"outofstock","13":"sale","14":"shipping-taxable","15":"purchasable","16":"product-type-simple"},"_links":{"self":[{"href":"https:\/\/soydeaqui.ddns.net\/pachuca\/index.php\/wp-json\/wp\/v2\/product\/111341","targetHints":{"allow":["GET"]}}],"collection":[{"href":"https:\/\/soydeaqui.ddns.net\/pachuca\/index.php\/wp-json\/wp\/v2\/product"}],"about":[{"href":"https:\/\/soydeaqui.ddns.net\/pachuca\/index.php\/wp-json\/wp\/v2\/types\/product"}],"replies":[{"embeddable":true,"href":"https:\/\/soydeaqui.ddns.net\/pachuca\/index.php\/wp-json\/wp\/v2\/comments?post=111341"}],"wp:featuredmedia":[{"embeddable":true,"href":"https:\/\/soydeaqui.ddns.net\/pachuca\/index.php\/wp-json\/wp\/v2\/media\/111340"}],"wp:attachment":[{"href":"https:\/\/soydeaqui.ddns.net\/pachuca\/index.php\/wp-json\/wp\/v2\/media?parent=111341"}],"wp:term":[{"taxonomy":"product_brand","embeddable":true,"href":"https:\/\/soydeaqui.ddns.net\/pachuca\/index.php\/wp-json\/wp\/v2\/product_brand?post=111341"},{"taxonomy":"product_cat","embeddable":true,"href":"https:\/\/soydeaqui.ddns.net\/pachuca\/index.php\/wp-json\/wp\/v2\/product_cat?post=111341"},{"taxonomy":"product_tag","embeddable":true,"href":"https:\/\/soydeaqui.ddns.net\/pachuca\/index.php\/wp-json\/wp\/v2\/product_tag?post=111341"}],"curies":[{"name":"wp","href":"https:\/\/api.w.org\/{rel}","templated":true}]}}