{"id":111331,"date":"2026-03-20T20:40:59","date_gmt":"2026-03-20T20:40:59","guid":{"rendered":"https:\/\/soydeaqui.ddns.net\/pachuca\/index.php\/producto\/fuente-de-poder-profesional-de-24-vca-15a-para-16-camaras-con-voltaje-de-entrada-en-120-vca\/"},"modified":"2026-03-20T20:41:02","modified_gmt":"2026-03-20T20:41:02","slug":"fuente-de-poder-profesional-de-24-vca-15a-para-16-camaras-con-voltaje-de-entrada-en-120-vca","status":"publish","type":"product","link":"https:\/\/soydeaqui.ddns.net\/pachuca\/index.php\/producto\/fuente-de-poder-profesional-de-24-vca-15a-para-16-camaras-con-voltaje-de-entrada-en-120-vca\/","title":{"rendered":"Fuente de poder profesional de 24 Vca @ 15A para 16 c\u00e1maras, con voltaje de entrada en 120 Vca"},"content":{"rendered":"<div style='width: 100%; max-width: 1200px; margin: 0 auto; font-family: sans-serif; line-height: 1.6; color: inherit; background-color: transparent;'> <!-- Secci\u00f3n de caracter\u00edsticas --> <\/p>\n<div style='display: flex; flex-wrap: wrap; gap: 30px; margin-bottom: 30px;'>\n<div style='flex: 1 1 300px; min-width: 280px;'>\n<h3 style='font-size: 22px; border-bottom: 2px solid currentColor; padding-bottom: 5px; margin-top: 0; color: inherit; opacity: 0.8;'>Caracter\u00edsticas<\/h3>\n<ul style='padding-left: 20px; font-size: 15px; color: inherit;'>\n<li>16 salidas en 24 Vca<\/li>\n<li>Entrada de 120 Vca 60Hz<\/li>\n<li>Indicador LED de entrada de l\u00ednea<\/li>\n<li>Protecci\u00f3n de salida individual PTC (Coeficiente de Temperatura Positivo)<\/li>\n<li>Protecci\u00f3n de corriente individual con reinicio autom\u00e1tico despu\u00e9s de cortocircuito<\/li>\n<li>Protecci\u00f3n incorporada contra cortocircuitos<\/li>\n<li>Transformador Toroidal para operaci\u00f3n de alta eficiencia y baja temperatura<\/li>\n<li>Incluye cable de alimentaci\u00f3n IEC<\/li>\n<\/ul><\/div>\n<p> <!-- Secci\u00f3n de condiciones de funcionamiento --> <\/p>\n<div style='flex: 1 1 300px; min-width: 280px;'>\n<h3 style='font-size: 22px; border-bottom: 2px solid currentColor; padding-bottom: 5px; margin-top: 0; color: inherit; opacity: 0.8;'>Condiciones de Funcionamiento<\/h3>\n<ul style='padding-left: 20px; font-size: 15px; color: inherit;'>\n<li>Temperatura de operaci\u00f3n: -10\u00b0 a 45\u00b0C<\/li>\n<li>Temperatura de almacenamiento: -30\u00b0 a 70\u00b0C<\/li>\n<li>Humedad: 30% ~ 80% RH sin condensaci\u00f3n<\/li>\n<li>Altitud: No especificado<\/li>\n<li>Protecci\u00f3n contra salpicaduras de agua: No recomendado su uso en ambientes con salpicaduras de agua<\/li>\n<\/ul><\/div>\n<\/p><\/div>\n<p> <!-- Secci\u00f3n de especificaciones t\u00e9cnicas --> <\/p>\n<div style='display: flex; flex-wrap: wrap; gap: 30px; margin-bottom: 30px;'>\n<div style='flex: 1 1 300px; min-width: 280px;'>\n<h3 style='font-size: 22px; border-bottom: 2px solid currentColor; padding-bottom: 5px; margin-top: 0; color: inherit; opacity: 0.8;'>Especificaciones T\u00e9cnicas<\/h3>\n<ul style='padding-left: 20px; font-size: 15px; color: inherit;'>\n<li><strong>Voltaje de entrada:<\/strong> 120 Vca<\/li>\n<li><strong>Frecuencia:<\/strong> 60Hz<\/li>\n<li><strong>Corriente de entrada:<\/strong> 6A<\/li>\n<li><strong>Voltaje de salida:<\/strong> 24 Vca<\/li>\n<li><strong>Corriente total de salida:<\/strong> 15A<\/li>\n<li><strong>Corriente por canal:<\/strong> 1A<\/li>\n<li><strong>Corriente de disparo:<\/strong> 1.8A<\/li>\n<li><strong>Tiempo de respuesta contra cortocircuito:<\/strong> 0.2 segundos<\/li>\n<li><strong>Protecci\u00f3n contra sobretemperaturas:<\/strong> Incorporada<\/li>\n<li><strong>Reactivaci\u00f3n:<\/strong> Autom\u00e1tica<\/li>\n<li><strong>Tiempo de reactivaci\u00f3n:<\/strong> 1 segundo<\/li>\n<li><strong>Conector de entrada:<\/strong> Toma IEC<\/li>\n<li><strong>Conectores de salida:<\/strong> Tipo tornillo<\/li>\n<li><strong>Amperaje total:<\/strong> 15A m\u00e1ximo<\/li>\n<li><strong>Tipo de circuito:<\/strong> Abierto de acero<\/li>\n<\/ul><\/div>\n<p> <!-- Secci\u00f3n de dimensiones y peso --> <\/p>\n<div style='flex: 1 1 300px; min-width: 280px;'>\n<h3 style='font-size: 22px; border-bottom: 2px solid currentColor; padding-bottom: 5px; margin-top: 0; color: inherit; opacity: 0.8;'>Dimensiones y Peso<\/h3>\n<ul style='padding-left: 20px; font-size: 15px; color: inherit;'>\n<li><strong>Dimensiones:<\/strong> 256 x 210 x 95 mm<\/li>\n<li><strong>Peso:<\/strong> 3 Kgs<\/li>\n<li><strong>Dimensiones del embalaje:<\/strong> 220 x 260 x 90 mm<\/li>\n<li><strong>Peso del embalaje:<\/strong> 11 lb (5 kg)<\/li>\n<\/ul><\/div>\n<\/p><\/div>\n<p> <!-- Secci\u00f3n de certificaciones --> <\/p>\n<div style='display: flex; flex-wrap: wrap; gap: 30px; margin-bottom: 30px;'>\n<div style='flex: 1 1 300px; min-width: 280px;'>\n<h3 style='font-size: 22px; border-bottom: 2px solid currentColor; padding-bottom: 5px; margin-top: 0; color: inherit; opacity: 0.8;'>Certificaciones<\/h3>\n<ul style='padding-left: 20px; font-size: 15px; color: inherit;'>\n<li>CE<\/li>\n<li>FCC<\/li>\n<li>RoHS<\/li>\n<li>UL<\/li>\n<\/ul><\/div>\n<p> <!-- Secci\u00f3n de recomendaciones de instalaci\u00f3n --> <\/p>\n<div style='flex: 1 1 300px; min-width: 280px;'>\n<h3 style='font-size: 22px; border-bottom: 2px solid currentColor; padding-bottom: 5px; margin-top: 0; color: inherit; opacity: 0.8;'>Recomendaciones de Instalaci\u00f3n<\/h3>\n<ul style='padding-left: 20px; font-size: 15px; color: inherit;'>\n<li>El enchufe y la toma de corriente son dispositivos desconectados. Preste atenci\u00f3n para que sea f\u00e1cil de operar durante la instalaci\u00f3n.<\/li>\n<li>Antes de encender&comma; verifique si el cableado de entrada y salida es correcto para evitar da\u00f1ar el equipo del usuario.<\/li>\n<li>No instale la fuente de alimentaci\u00f3n bajo luz solar directa&comma; alta temperatura&comma; lluvia y en entornos con polvo.<\/li>\n<\/ul><\/div>\n<\/p><\/div>\n<p> <!-- Separador --> <\/p>\n<hr style='border: 0; border-top: 1px solid rgba(150&comma; 150&comma; 150&comma; 0.3); margin: 30px 0;'> <\/div>\n","protected":false},"excerpt":{"rendered":"<p>Fuente de poder profesional de 24 Vca @ 15A para 16 c\u00e1maras, con voltaje de entrada en 120 Vca<\/p>\n","protected":false},"featured_media":111330,"comment_status":"open","ping_status":"closed","template":"","meta":[],"product_brand":[],"product_cat":[1103],"product_tag":[142,454,457],"class_list":{"0":"post-111331","1":"product","2":"type-product","3":"status-publish","4":"has-post-thumbnail","6":"product_cat-fuentes-de-alimentacion-energia-videovigilancia","7":"product_tag-energia","8":"product_tag-epcom-powerline","9":"product_tag-fuentes-de-alimentacion","11":"first","12":"outofstock","13":"sale","14":"shipping-taxable","15":"purchasable","16":"product-type-simple"},"_links":{"self":[{"href":"https:\/\/soydeaqui.ddns.net\/pachuca\/index.php\/wp-json\/wp\/v2\/product\/111331","targetHints":{"allow":["GET"]}}],"collection":[{"href":"https:\/\/soydeaqui.ddns.net\/pachuca\/index.php\/wp-json\/wp\/v2\/product"}],"about":[{"href":"https:\/\/soydeaqui.ddns.net\/pachuca\/index.php\/wp-json\/wp\/v2\/types\/product"}],"replies":[{"embeddable":true,"href":"https:\/\/soydeaqui.ddns.net\/pachuca\/index.php\/wp-json\/wp\/v2\/comments?post=111331"}],"wp:featuredmedia":[{"embeddable":true,"href":"https:\/\/soydeaqui.ddns.net\/pachuca\/index.php\/wp-json\/wp\/v2\/media\/111330"}],"wp:attachment":[{"href":"https:\/\/soydeaqui.ddns.net\/pachuca\/index.php\/wp-json\/wp\/v2\/media?parent=111331"}],"wp:term":[{"taxonomy":"product_brand","embeddable":true,"href":"https:\/\/soydeaqui.ddns.net\/pachuca\/index.php\/wp-json\/wp\/v2\/product_brand?post=111331"},{"taxonomy":"product_cat","embeddable":true,"href":"https:\/\/soydeaqui.ddns.net\/pachuca\/index.php\/wp-json\/wp\/v2\/product_cat?post=111331"},{"taxonomy":"product_tag","embeddable":true,"href":"https:\/\/soydeaqui.ddns.net\/pachuca\/index.php\/wp-json\/wp\/v2\/product_tag?post=111331"}],"curies":[{"name":"wp","href":"https:\/\/api.w.org\/{rel}","templated":true}]}}