{"id":111253,"date":"2026-03-20T20:36:18","date_gmt":"2026-03-20T20:36:18","guid":{"rendered":"https:\/\/soydeaqui.ddns.net\/pachuca\/index.php\/producto\/rollo-de-soldadura-de-63-sn-y-37-pb-de-0-031-con-454-gr\/"},"modified":"2026-03-20T20:36:25","modified_gmt":"2026-03-20T20:36:25","slug":"rollo-de-soldadura-de-63-sn-y-37-pb-de-0-031-con-454-gr","status":"publish","type":"product","link":"https:\/\/soydeaqui.ddns.net\/pachuca\/index.php\/producto\/rollo-de-soldadura-de-63-sn-y-37-pb-de-0-031-con-454-gr\/","title":{"rendered":"Rollo de Soldadura de 63% Sn y 37% Pb de 0.031&#8243; con 454 gr."},"content":{"rendered":"<div style='width: 100%; max-width: 1200px; margin: 0 auto; font-family: sans-serif; line-height: 1.6; color: inherit; background-color: transparent;'>\n<div style='display: flex; flex-wrap: wrap; gap: 30px; margin-bottom: 30px;'>\n<div style='flex: 1 1 300px; min-width: 280px;'>\n<h3 style='font-size: 22px; border-bottom: 2px solid currentColor; padding-bottom: 5px; margin-top: 0; color: inherit; opacity: 0.8;'>Caracter\u00edsticas del producto<\/h3>\n<ul style='padding-left: 20px; font-size: 15px; color: inherit;'>\n<li style='margin-bottom: 5px;'>Cuerpo de la soldadura hecha con una base de resina Activa con acci\u00f3n humectante excelente<\/li>\n<li style='margin-bottom: 5px;'>M\u00e9todo de eliminaci\u00f3n de residuos: No se requiere para la mayor\u00eda de las aplicaciones<\/li>\n<li style='margin-bottom: 5px;'>Cumple Especificaciones: ROM1 por J-STD-004<\/li>\n<li style='margin-bottom: 5px;'>Usarse en s: platino&comma; oro&comma; cobre&comma; soldadura de esta\u00f1o&comma; paladio&comma; plata&comma; n\u00edquel&comma; cadmio&comma; lat\u00f3n&comma; plomo&comma; bronce&comma; rodio&comma; berilio<\/li>\n<li style='margin-bottom: 5px;'>Flujo: 44<\/li>\n<li style='margin-bottom: 5px;'>Flujo%: 3.3%<\/li>\n<li style='margin-bottom: 5px;'>Cuerpo.- 66 Regular; 63% esta\u00f1o&comma; 37% aleaci\u00f3n de plomo; (Plomo)<\/li>\n<li style='margin-bottom: 5px;'>Contiene plomo y hal\u00f3geno<\/li>\n<li style='margin-bottom: 5px;'>Di\u00e1metro: .031 pulgadas\/0&comma;80 mm<\/li>\n<li style='margin-bottom: 5px;'>Calibre 21; carrete de 1 lb<\/li>\n<\/ul><\/div>\n<\/p><\/div>\n<\/p><\/div>\n","protected":false},"excerpt":{"rendered":"<p>Rollo de Soldadura de 63% Sn y 37% Pb de 0.031&#8243; con 454 gr.<\/p>\n","protected":false},"featured_media":111252,"comment_status":"open","ping_status":"closed","template":"","meta":[],"product_brand":[],"product_cat":[930],"product_tag":[931,932,63],"class_list":{"0":"post-111253","1":"product","2":"type-product","3":"status-publish","4":"has-post-thumbnail","6":"product_cat-estacion-de-soldar-y-desoldadoras","7":"product_tag-equipo-de-laboratorio","8":"product_tag-estacion-de-soldar-y-desoldadoras","9":"product_tag-syscom","11":"first","12":"instock","13":"sale","14":"shipping-taxable","15":"purchasable","16":"product-type-simple"},"_links":{"self":[{"href":"https:\/\/soydeaqui.ddns.net\/pachuca\/index.php\/wp-json\/wp\/v2\/product\/111253","targetHints":{"allow":["GET"]}}],"collection":[{"href":"https:\/\/soydeaqui.ddns.net\/pachuca\/index.php\/wp-json\/wp\/v2\/product"}],"about":[{"href":"https:\/\/soydeaqui.ddns.net\/pachuca\/index.php\/wp-json\/wp\/v2\/types\/product"}],"replies":[{"embeddable":true,"href":"https:\/\/soydeaqui.ddns.net\/pachuca\/index.php\/wp-json\/wp\/v2\/comments?post=111253"}],"wp:featuredmedia":[{"embeddable":true,"href":"https:\/\/soydeaqui.ddns.net\/pachuca\/index.php\/wp-json\/wp\/v2\/media\/111252"}],"wp:attachment":[{"href":"https:\/\/soydeaqui.ddns.net\/pachuca\/index.php\/wp-json\/wp\/v2\/media?parent=111253"}],"wp:term":[{"taxonomy":"product_brand","embeddable":true,"href":"https:\/\/soydeaqui.ddns.net\/pachuca\/index.php\/wp-json\/wp\/v2\/product_brand?post=111253"},{"taxonomy":"product_cat","embeddable":true,"href":"https:\/\/soydeaqui.ddns.net\/pachuca\/index.php\/wp-json\/wp\/v2\/product_cat?post=111253"},{"taxonomy":"product_tag","embeddable":true,"href":"https:\/\/soydeaqui.ddns.net\/pachuca\/index.php\/wp-json\/wp\/v2\/product_tag?post=111253"}],"curies":[{"name":"wp","href":"https:\/\/api.w.org\/{rel}","templated":true}]}}