{"id":111226,"date":"2026-03-20T20:34:45","date_gmt":"2026-03-20T20:34:45","guid":{"rendered":"https:\/\/soydeaqui.ddns.net\/pachuca\/index.php\/producto\/bobina-de-305-metros-1000-pies-cable-par-trenzado-nivel-5-cat-5e-cmr-color-azul-4-pares-de-conductores-slidos-de-cobre-awg-24-para-aplicaciones-de-cctv-redes-de-datos-ip-megapixel-cont\/"},"modified":"2026-03-20T20:34:57","modified_gmt":"2026-03-20T20:34:57","slug":"bobina-de-305-metros-1000-pies-cable-par-trenzado-nivel-5-cat-5e-cmr-color-azul-4-pares-de-conductores-slidos-de-cobre-awg-24-para-aplicaciones-de-cctv-redes-de-datos-ip-megapixel-cont","status":"publish","type":"product","link":"https:\/\/soydeaqui.ddns.net\/pachuca\/index.php\/producto\/bobina-de-305-metros-1000-pies-cable-par-trenzado-nivel-5-cat-5e-cmr-color-azul-4-pares-de-conductores-slidos-de-cobre-awg-24-para-aplicaciones-de-cctv-redes-de-datos-ip-megapixel-cont\/","title":{"rendered":"Bobina de 305 Metros (1000 Pies) Cable Par Trenzado Nivel 5 (CAT 5e) \/ CMR \/ Color Azul \/ 4 Pares de Conductores S?lidos de Cobre AWG 24 \/ Para Aplicaciones de CCTV, Redes de Datos, IP Megapixel, Control RS485"},"content":{"rendered":"<div style='width: 100%; max-width: 1200px; margin: 0 auto; font-family: sans-serif; line-height: 1.6; color: inherit; background-color: transparent;'> <!-- Secci\u00f3n de descripci\u00f3n --> <\/p>\n<div style='margin-bottom: 30px;'>\n<p style='font-size: 15px; margin-bottom: 15px; color: inherit;'>Genesis ofrece una gama completa de cables de baja tensi\u00f3n para la seguridad&comma; sistemas de alarma&comma; detecci\u00f3n de fuego&comma; audio&comma; voceo&comma; datos&comma; cableado estructurado.<\/p>\n<p style='font-size: 15px; margin-bottom: 15px; color: inherit;'>Con equipos de alta tecnolog\u00eda e innovaci\u00f3n para satisfacer los m\u00e1s rigurosos est\u00e1ndares de calidad.<\/p>\n<\/p><\/div>\n<p> <!-- Secci\u00f3n de aplicaciones --> <\/p>\n<div style='margin-bottom: 30px;'>\n<h3 style='font-size: 22px; border-bottom: 2px solid currentColor; padding-bottom: 5px; margin-top: 0; color: inherit; opacity: 0.8;'>Aplicaciones<\/h3>\n<ul style='padding-left: 20px; font-size: 15px; color: inherit; list-style-type: disc;'>\n<li style='margin-bottom: 5px;'>Conexi\u00f3n de equipos de red inal\u00e1mbrica<\/li>\n<li style='margin-bottom: 5px;'>Redes de datos<\/li>\n<li style='margin-bottom: 5px;'>Cableado estructurado<\/li>\n<li style='margin-bottom: 5px;'>Sistemas de seguridad de CCTV<\/li>\n<\/ul><\/div>\n<p> <!-- Secci\u00f3n de caracter\u00edsticas --> <\/p>\n<div style='display: flex; flex-wrap: wrap; gap: 20px; margin-bottom: 30px;'>\n<div style='flex: 1 1 250px; border: 1px solid rgba(150&comma; 150&comma; 150&comma; 0.4); border-radius: 8px; overflow: hidden; display: flex; flex-direction: column;'>\n<div style='padding: 15px; border-bottom: 1px solid rgba(150&comma; 150&comma; 150&comma; 0.2); font-weight: bold; font-size: 18px; color: inherit;'>Caracter\u00edsticas<\/div>\n<div style='padding: 15px; color: inherit;'>\n<ul style='padding-left: 20px; margin: 0; font-size: 14px; list-style-type: disc;'>\n<li style='margin-bottom: 5px;'><strong>Pares:<\/strong> 4<\/li>\n<li style='margin-bottom: 5px;'><strong>Tipo:<\/strong> UTP 5e<\/li>\n<li style='margin-bottom: 5px;'><strong>Clasificaci\u00f3n UL:<\/strong> CMR<\/li>\n<\/ul><\/div>\n<\/p><\/div>\n<p> <!-- Secci\u00f3n de detalles adicionales --> <\/p>\n<div style='flex: 1 1 250px; border: 1px solid rgba(150&comma; 150&comma; 150&comma; 0.4); border-radius: 8px; overflow: hidden; display: flex; flex-direction: column;'>\n<div style='padding: 15px; border-bottom: 1px solid rgba(150&comma; 150&comma; 150&comma; 0.2); font-weight: bold; font-size: 18px; color: inherit;'>Detalles Adicionales<\/div>\n<div style='padding: 15px; color: inherit;'>\n<ul style='padding-left: 20px; margin: 0; font-size: 14px; list-style-type: disc;'>\n<li style='margin-bottom: 5px;'><strong>Color:<\/strong> Azul<\/li>\n<li style='margin-bottom: 5px;'><strong>Aislamiento:<\/strong> PVC con protecci\u00f3n de rayos UV<\/li>\n<li style='margin-bottom: 5px;'><strong>Temperatura de operaci\u00f3n:<\/strong> -20 \u00b0C a 75 \u00b0C<\/li>\n<\/ul><\/div>\n<\/p><\/div>\n<p> <!-- Secci\u00f3n de certificaciones --> <\/p>\n<div style='flex: 1 1 250px; border: 1px solid rgba(150&comma; 150&comma; 150&comma; 0.4); border-radius: 8px; overflow: hidden; display: flex; flex-direction: column;'>\n<div style='padding: 15px; border-bottom: 1px solid rgba(150&comma; 150&comma; 150&comma; 0.2); font-weight: bold; font-size: 18px; color: inherit;'>Certificaciones<\/div>\n<div style='padding: 15px; color: inherit;'>\n<ul style='padding-left: 20px; margin: 0; font-size: 14px; list-style-type: disc;'>\n<li style='margin-bottom: 5px;'>UL<\/li>\n<li style='margin-bottom: 5px;'>CMR<\/li>\n<\/ul><\/div>\n<\/p><\/div>\n<\/p><\/div>\n<p> <!-- Nota de precio --> <\/p>\n<div style='margin-bottom: 30px;'>\n<p style='font-size: 14px; color: inherit; margin: 0; padding: 15px; background-color: rgba(240&comma; 240&comma; 240&comma; 0.1); border-left: 4px solid rgba(150&comma; 150&comma; 150&comma; 0.4); border-radius: 4px;'>* Precio por bobina de 305 metros.<\/p>\n<\/p><\/div>\n<p> <!-- Nota t\u00e9cnica --> <\/p>\n<div style='margin-bottom: 30px;'>\n<p style='font-size: 14px; color: inherit; margin: 0; padding: 15px; background-color: rgba(240&comma; 240&comma; 240&comma; 0.1); border-left: 4px solid rgba(150&comma; 150&comma; 150&comma; 0.4); border-radius: 4px;'>* Cable de tipo riser dise\u00f1ado para evitar la propagaci\u00f3n del fuego piso a piso y son adecuados para aplicaciones de eje vertical<\/p>\n<\/p><\/div>\n<\/p><\/div>\n","protected":false},"excerpt":{"rendered":"<p>Bobina de 305 Metros (1000 Pies) Cable Par Trenzado Nivel 5 (CAT 5e) \/ CMR \/ Color Azul \/ 4 Pares de Conductores S?lidos de Cobre AWG 24 \/ Para Aplicaciones de CCTV, Redes de Datos, IP Megapixel, Control RS485<\/p>\n","protected":false},"featured_media":111225,"comment_status":"open","ping_status":"closed","template":"","meta":[],"product_brand":[],"product_cat":[619],"product_tag":[488,620,139],"class_list":{"0":"post-111226","1":"product","2":"type-product","3":"status-publish","4":"has-post-thumbnail","6":"product_cat-categoria-5e","7":"product_tag-cables-y-conectores","8":"product_tag-categoria-5e","9":"product_tag-genesis","11":"first","12":"instock","13":"sale","14":"shipping-taxable","15":"purchasable","16":"product-type-simple"},"_links":{"self":[{"href":"https:\/\/soydeaqui.ddns.net\/pachuca\/index.php\/wp-json\/wp\/v2\/product\/111226","targetHints":{"allow":["GET"]}}],"collection":[{"href":"https:\/\/soydeaqui.ddns.net\/pachuca\/index.php\/wp-json\/wp\/v2\/product"}],"about":[{"href":"https:\/\/soydeaqui.ddns.net\/pachuca\/index.php\/wp-json\/wp\/v2\/types\/product"}],"replies":[{"embeddable":true,"href":"https:\/\/soydeaqui.ddns.net\/pachuca\/index.php\/wp-json\/wp\/v2\/comments?post=111226"}],"wp:featuredmedia":[{"embeddable":true,"href":"https:\/\/soydeaqui.ddns.net\/pachuca\/index.php\/wp-json\/wp\/v2\/media\/111225"}],"wp:attachment":[{"href":"https:\/\/soydeaqui.ddns.net\/pachuca\/index.php\/wp-json\/wp\/v2\/media?parent=111226"}],"wp:term":[{"taxonomy":"product_brand","embeddable":true,"href":"https:\/\/soydeaqui.ddns.net\/pachuca\/index.php\/wp-json\/wp\/v2\/product_brand?post=111226"},{"taxonomy":"product_cat","embeddable":true,"href":"https:\/\/soydeaqui.ddns.net\/pachuca\/index.php\/wp-json\/wp\/v2\/product_cat?post=111226"},{"taxonomy":"product_tag","embeddable":true,"href":"https:\/\/soydeaqui.ddns.net\/pachuca\/index.php\/wp-json\/wp\/v2\/product_tag?post=111226"}],"curies":[{"name":"wp","href":"https:\/\/api.w.org\/{rel}","templated":true}]}}