{"id":111217,"date":"2026-03-20T20:34:18","date_gmt":"2026-03-20T20:34:18","guid":{"rendered":"https:\/\/soydeaqui.ddns.net\/pachuca\/index.php\/producto\/navaja-victorinox-multiherramienta-swisstool-x-con-26-funciones-incluye-funda-de-nylon\/"},"modified":"2026-03-20T20:34:30","modified_gmt":"2026-03-20T20:34:30","slug":"navaja-victorinox-multiherramienta-swisstool-x-con-26-funciones-incluye-funda-de-nylon","status":"publish","type":"product","link":"https:\/\/soydeaqui.ddns.net\/pachuca\/index.php\/producto\/navaja-victorinox-multiherramienta-swisstool-x-con-26-funciones-incluye-funda-de-nylon\/","title":{"rendered":"Navaja Victorinox Multiherramienta SwissTool X con 26 Funciones. Incluye Funda de Nylon"},"content":{"rendered":"<div style='width: 100%; max-width: 1200px; margin: 0 auto; font-family: sans-serif; line-height: 1.6; color: inherit;'>\n<div style='display: flex; flex-direction: column; align-items: center; margin-bottom: 30px;'> <img style='width: 100%; max-width: 300px; height: auto; border: 1px solid rgba(150&comma;150&comma;150&comma;0.3); border-radius: 8px;' src='https:\/\/ftp3.syscom.mx\/usuarios\/fotos\/30163801\/170463-victorinox.png' alt='Navaja Victorinox Multiherramienta' \/> <\/p>\n<h2 style='font-size: 22px; margin-top: 15px; margin-bottom: 10px; text-align: center; color: inherit; opacity: 0.8;'>Navaja SwissTool X Multiherramienta Resistente con 26 funciones<\/h2>\n<\/p><\/div>\n<div style='margin-bottom: 30px;'>\n<p style='font-size: 15px; color: inherit; margin-bottom: 15px;'>Cuando necesitas m\u00e1s que una navaja de bolsillo&comma; la Swiss Tool X entra en acci\u00f3n: una caja de herramientas completa elegantemente comprimida dentro de una sofisticada multiherramienta. Una sabelotodo para llevar a todas partes y hacer cualquier trabajo; y su belleza es una clara prueba de que no es necesario sacrificar dise\u00f1o por funcionalidad. Encontrar\u00e1s millones de maneras de utilizar este caballo de batalla ya sea en la casa&comma; el trabajo o en medio de la naturaleza.<\/p>\n<ul style='padding-left: 20px; font-size: 15px; color: inherit; list-style: none; margin: 0; padding: 0;'>\n<li style='margin-bottom: 5px; position: relative; padding-left: 20px;'> <span style='position: absolute; left: 0; top: 2px; width: 6px; height: 6px; background-color: currentColor; border-radius: 50%;'><\/span> <strong>Incluye Funda de Nylon<\/strong> <\/li>\n<\/ul><\/div>\n<div style='margin-bottom: 30px;'>\n<h3 style='font-size: 20px; border-bottom: 2px solid currentColor; padding-bottom: 5px; margin-top: 0; margin-bottom: 15px; color: inherit; opacity: 0.8;'>Herramientas<\/h3>\n<div style='display: flex; flex-wrap: wrap; gap: 15px;'>\n<div style='flex: 1 1 200px; min-width: 180px;'>\n<ul style='padding-left: 20px; font-size: 14px; color: inherit; margin: 0;'>\n<li style='margin-bottom: 5px;'>Alicate multiuso de punta fina<\/li>\n<li style='margin-bottom: 5px;'>Corte para alambre delgado\/suave 40 HRc<\/li>\n<li style='margin-bottom: 5px;'>Corte para alambre endurecido<\/li>\n<li style='margin-bottom: 5px;'>Prensa terminales<\/li>\n<li style='margin-bottom: 5px;'>Hoja grande<\/li>\n<li style='margin-bottom: 5px;'>Tijeras<\/li>\n<li style='margin-bottom: 5px;'>Regla (pulgadas)<\/li>\n<li style='margin-bottom: 5px;'>Ojal de fijaci\u00f3n<\/li>\n<li style='margin-bottom: 5px;'>Sierra para madera<\/li>\n<li style='margin-bottom: 5px;'>Regla (cm)<\/li>\n<\/ul><\/div>\n<div style='flex: 1 1 200px; min-width: 180px;'>\n<ul style='padding-left: 20px; font-size: 14px; color: inherit; margin: 0;'>\n<li style='margin-bottom: 5px;'>Punz\u00f3n escariador<\/li>\n<li style='margin-bottom: 5px;'>Abrelatas<\/li>\n<li style='margin-bottom: 5px;'>Destornillador plano 3 mm<\/li>\n<li style='margin-bottom: 5px;'>Destapador<\/li>\n<li style='margin-bottom: 5px;'>Destornillador plano 2.3 mm<\/li>\n<li style='margin-bottom: 5px;'>Curvador de alambres<\/li>\n<li style='margin-bottom: 5px;'>Destornillador Phillips cruz<\/li>\n<li style='margin-bottom: 5px;'>Destornillador plano 5 mm<\/li>\n<li style='margin-bottom: 5px;'>Destornillador plano 7.5 mm<\/li>\n<li style='margin-bottom: 5px;'>Pela cables<\/li>\n<\/ul><\/div>\n<div style='flex: 1 1 200px; min-width: 180px;'>\n<ul style='padding-left: 20px; font-size: 14px; color: inherit; margin: 0;'>\n<li style='margin-bottom: 5px;'>Cincel<\/li>\n<li style='margin-bottom: 5px;'>Sierra para metal<\/li>\n<li style='margin-bottom: 5px;'>Lima met\u00e1lica<\/li>\n<li style='margin-bottom: 5px;'>Mini-destornillador de 1.5 mm<\/li>\n<li style='margin-bottom: 5px;'>Abre botellas<\/li>\n<li style='margin-bottom: 5px;'>Navaja de acero afilada<\/li>\n<\/ul><\/div>\n<\/p><\/div>\n<\/p><\/div>\n<hr style='border: 0; border-top: 1px solid rgba(150&comma; 150&comma; 150&comma; 0.3); margin: 30px 0;'>\n<div style='display: flex; flex-wrap: wrap; gap: 30px; margin-bottom: 30px;'>\n<div style='flex: 1 1 300px; min-width: 250px;'>\n<h3 style='font-size: 18px; border-bottom: 1px solid rgba(150&comma;150&comma;150&comma;0.3); padding-bottom: 8px; margin-top: 0; margin-bottom: 15px; color: inherit; opacity: 0.8;'>Dimensiones<\/h3>\n<ul style='padding-left: 0; list-style: none; margin: 0; font-size: 14px; color: inherit;'>\n<li style='margin-bottom: 8px; display: flex; justify-content: space-between;'><strong style='color: inherit; opacity: 0.8;'>Altura:<\/strong> 18 mm<\/li>\n<li style='margin-bottom: 8px; display: flex; justify-content: space-between;'><strong style='color: inherit; opacity: 0.8;'>Longitud:<\/strong> 115 mm<\/li>\n<li style='margin-bottom: 8px; display: flex; justify-content: space-between;'><strong style='color: inherit; opacity: 0.8;'>Ancho:<\/strong> 35 mm<\/li>\n<li style='display: flex; justify-content: space-between;'><strong style='color: inherit; opacity: 0.8;'>Peso:<\/strong> 336 g<\/li>\n<\/ul><\/div>\n<div style='flex: 1 1 300px; min-width: 250px;'>\n<h3 style='font-size: 18px; border-bottom: 1px solid rgba(150&comma;150&comma;150&comma;0.3); padding-bottom: 8px; margin-top: 0; margin-bottom: 15px; color: inherit; opacity: 0.8;'>Detalles<\/h3>\n<ul style='padding-left: 0; list-style: none; margin: 0; font-size: 14px; color: inherit;'>\n<li style='margin-bottom: 8px; display: flex; justify-content: space-between;'><strong style='color: inherit; opacity: 0.8;'>Material:<\/strong> Acero<\/li>\n<li style='margin-bottom: 8px; display: flex; justify-content: space-between;'><strong style='color: inherit; opacity: 0.8;'>Bloqueable:<\/strong> S\u00ed<\/li>\n<li style='margin-bottom: 8px; display: flex; justify-content: space-between;'><strong style='color: inherit; opacity: 0.8;'>Hoja para una mano:<\/strong> No<\/li>\n<li style='margin-bottom: 8px; display: flex; justify-content: space-between;'><strong style='color: inherit; opacity: 0.8;'>N.\u00b0 de caracter\u00edsticas:<\/strong> 26<\/li>\n<li style='display: flex; justify-content: space-between;'><strong style='color: inherit; opacity: 0.8;'>Color:<\/strong> Gris<\/li>\n<\/ul><\/div>\n<\/p><\/div>\n<div style='margin: 30px 0;'> <img style='width: 100%; max-width: 1000px; height: auto; border: 1px solid rgba(150&comma;150&comma;150&comma;0.3); border-radius: 8px;' src='https:\/\/ftp3.syscom.mx\/usuarios\/fotos\/30338N\/220032-220032-vict.jpg' alt='Funda de nylon para navaja' \/> <\/div>\n<hr style='border: 0; border-top: 1px solid rgba(150&comma; 150&comma; 150&comma; 0.3); margin: 30px 0;'>\n<div style='margin-bottom: 30px;'>\n<h3 style='font-size: 20px; border-bottom: 2px solid currentColor; padding-bottom: 5px; margin-top: 0; margin-bottom: 15px; color: inherit; opacity: 0.8;'>Pol\u00edtica de Garant\u00eda<\/h3>\n<p style='font-size: 14px; color: inherit; margin-bottom: 10px;'>SYSCOM se apega a las pol\u00edticas de garant\u00eda de cada proveedor de la marca y\/o f\u00e1brica.<\/p>\n<p style='font-size: 14px; color: inherit; margin-bottom: 10px;'>La cobertura de garant\u00eda por defecto de f\u00e1brica y\/o mal funcionamiento es de 90 d\u00edas con Syscom. Posterior a este periodo&comma; la garant\u00eda es directa con el fabricante. En quebraduras&comma; da\u00f1os f\u00edsicos de equipo y\/o empaque da\u00f1ado&comma; reportarlo dentro de las 24 horas posteriores a la fecha de recepci\u00f3n para el reclamo a paqueter\u00eda.<\/p>\n<\/p><\/div>\n<\/p><\/div>\n","protected":false},"excerpt":{"rendered":"<p>Navaja Victorinox Multiherramienta SwissTool X con 26 Funciones. Incluye Funda de Nylon<\/p>\n","protected":false},"featured_media":111216,"comment_status":"open","ping_status":"closed","template":"","meta":[],"product_brand":[],"product_cat":[130],"product_tag":[25,131,1135],"class_list":{"0":"post-111217","1":"product","2":"type-product","3":"status-publish","4":"has-post-thumbnail","6":"product_cat-herramientas-electricas","7":"product_tag-herramientas","8":"product_tag-herramientas-electricas","9":"product_tag-victorinox","11":"first","12":"instock","13":"sale","14":"shipping-taxable","15":"purchasable","16":"product-type-simple"},"_links":{"self":[{"href":"https:\/\/soydeaqui.ddns.net\/pachuca\/index.php\/wp-json\/wp\/v2\/product\/111217","targetHints":{"allow":["GET"]}}],"collection":[{"href":"https:\/\/soydeaqui.ddns.net\/pachuca\/index.php\/wp-json\/wp\/v2\/product"}],"about":[{"href":"https:\/\/soydeaqui.ddns.net\/pachuca\/index.php\/wp-json\/wp\/v2\/types\/product"}],"replies":[{"embeddable":true,"href":"https:\/\/soydeaqui.ddns.net\/pachuca\/index.php\/wp-json\/wp\/v2\/comments?post=111217"}],"wp:featuredmedia":[{"embeddable":true,"href":"https:\/\/soydeaqui.ddns.net\/pachuca\/index.php\/wp-json\/wp\/v2\/media\/111216"}],"wp:attachment":[{"href":"https:\/\/soydeaqui.ddns.net\/pachuca\/index.php\/wp-json\/wp\/v2\/media?parent=111217"}],"wp:term":[{"taxonomy":"product_brand","embeddable":true,"href":"https:\/\/soydeaqui.ddns.net\/pachuca\/index.php\/wp-json\/wp\/v2\/product_brand?post=111217"},{"taxonomy":"product_cat","embeddable":true,"href":"https:\/\/soydeaqui.ddns.net\/pachuca\/index.php\/wp-json\/wp\/v2\/product_cat?post=111217"},{"taxonomy":"product_tag","embeddable":true,"href":"https:\/\/soydeaqui.ddns.net\/pachuca\/index.php\/wp-json\/wp\/v2\/product_tag?post=111217"}],"curies":[{"name":"wp","href":"https:\/\/api.w.org\/{rel}","templated":true}]}}