{"id":111208,"date":"2026-03-20T20:33:46","date_gmt":"2026-03-20T20:33:46","guid":{"rendered":"https:\/\/soydeaqui.ddns.net\/pachuca\/index.php\/producto\/supresor-de-picos-transitorios-para-lineas-de-voltaje-alterna-de-120-vca-a-15-a\/"},"modified":"2026-03-20T20:33:57","modified_gmt":"2026-03-20T20:33:57","slug":"supresor-de-picos-transitorios-para-lineas-de-voltaje-alterna-de-120-vca-a-15-a","status":"publish","type":"product","link":"https:\/\/soydeaqui.ddns.net\/pachuca\/index.php\/producto\/supresor-de-picos-transitorios-para-lineas-de-voltaje-alterna-de-120-vca-a-15-a\/","title":{"rendered":"Supresor de Picos\/Transitorios Para L\u00edneas de Voltaje Alterna de 120 VCA a 15 A"},"content":{"rendered":"<div style='width: 100%; max-width: 1200px; margin: 0 auto; font-family: sans-serif; line-height: 1.6; color: inherit; background-color: transparent;'>\n<div style='width: 100%; text-align: center; margin-bottom: 20px;'> <img style='width: 100%; max-width: 300px; height: auto; border: 1px solid rgba(150&comma;150&comma;150&comma;0.3); border-radius: 8px;' src='https:\/\/ftp3.syscom.mx\/usuarios\/fotos\/ALPUF140\/80800-transtector_logo.jpg' alt='Logo Transtector'> <\/div>\n<div style='margin-bottom: 30px;'>\n<p style='text-align: justify; font-size: 15px; color: inherit;'>Protector\/pararrayos de transtector AC (tambi\u00e9n conocido como dispositivo de protecci\u00f3n contra sobretensiones de corriente alterna o SPD&comma; as\u00ed como supresor de sobretensiones transitorias o TVSS) 1100-647 est\u00e1 disponible y se enviar\u00e1 el mismo d\u00eda h\u00e1bil en que nos lo compr\u00f3. Nuestro protector contra sobretensiones de CA \/ SPD brinda protecci\u00f3n contra sobrevoltaje para su equipo y respalda la confiabilidad del sistema a largo plazo al absorber grandes cantidades de energ\u00eda transitoria mientras mantiene un bajo voltaje de sujeci\u00f3n. Este protector contra sobretensiones industrial para CA ayuda a prevenir da\u00f1os por sobrevoltaje de VCA que pueden ser causados por sobretensiones de rayos y otros picos de energ\u00eda el\u00e9ctrica fuertes. El supresor de voltaje transitorio\/dispositivo de protecci\u00f3n TVSS puede actuar como un protector\/supresor de sobrevoltaje por rayos&comma; as\u00ed como un dispositivo de protecci\u00f3n contra sobrevoltaje pico de sobrevoltaje el\u00e9ctrico de CA.<\/p>\n<p style='text-align: justify; font-size: 15px; color: inherit; margin-top: 20px;'>El dispositivo protector contra sobretensiones de CA n\u00famero de pieza 1100-647 de Transtector est\u00e1 dise\u00f1ado para proteger equipos el\u00e9ctricos y electr\u00f3nicos sensibles de voltaje transitorio. Este producto TVSS para corriente alterna ofrece una protecci\u00f3n supresora de sobretensiones el\u00e9ctricas de alta calidad. Nuestra unidad de protecci\u00f3n contra sobretensiones el\u00e9ctricas est\u00e1 clasificada para uso en interiores. El SPD interior para CA es un dise\u00f1o de tipo cableado.<\/p>\n<\/p><\/div>\n<div style='display: flex; flex-wrap: wrap; gap: 20px; margin-bottom: 30px;'>\n<div style='flex: 1 1 250px; border: 1px solid rgba(150&comma; 150&comma; 150&comma; 0.4); border-radius: 8px; overflow: hidden; display: flex; flex-direction: column;'>\n<div style='padding: 15px; border-bottom: 1px solid rgba(150&comma; 150&comma; 150&comma; 0.2); font-weight: bold; font-size: 18px; color: inherit;'>Caracter\u00edsticas principales<\/div>\n<div style='padding: 15px; color: inherit;'>\n<ul style='padding-left: 20px; margin: 0; font-size: 14px; list-style-type: disc;'>\n<li style='margin-bottom: 5px;'>Protector modular<\/li>\n<li style='margin-bottom: 5px;'>Voltaje de 120 Vca<\/li>\n<li style='margin-bottom: 5px;'>Tecnolog\u00eda: H\u00edbrida&comma; Diodo avalancha de silicio (SASD) y Tubo de gas (GDT)<\/li>\n<li style='margin-bottom: 5px;'>Tiempo de respuesta de supresi\u00f3n < 5 ns<\/li>\n<li style='margin-bottom: 5px;'>Terminal atornillable #4 a #14 AWG<\/li>\n<li style='margin-bottom: 5px;'>Garant\u00eda 1 a\u00f1o<\/li>\n<\/ul><\/div>\n<\/p><\/div>\n<div style='flex: 1 1 250px; border: 1px solid rgba(150&comma; 150&comma; 150&comma; 0.4); border-radius: 8px; overflow: hidden; display: flex; flex-direction: column;'>\n<div style='padding: 15px; border-bottom: 1px solid rgba(150&comma; 150&comma; 150&comma; 0.2); font-weight: bold; font-size: 18px; color: inherit;'>Beneficios<\/div>\n<div style='padding: 15px; color: inherit;'>\n<ul style='padding-left: 20px; margin: 0; font-size: 14px; list-style-type: disc;'>\n<li style='margin-bottom: 5px;'>F\u00e1cil instalaci\u00f3n<\/li>\n<li style='margin-bottom: 5px;'>Indicador de LED estado del protector<\/li>\n<li style='margin-bottom: 5px;'>Rango de temperatura: -40\u00b0 a 80\u00b0C<\/li>\n<li style='margin-bottom: 5px;'>Certificaci\u00f3n UL 1449 4th Ed<\/li>\n<li style='margin-bottom: 5px;'>Peso: 181.44 g<\/li>\n<li style='margin-bottom: 5px;'>Modos de protecci\u00f3n: L-N\/G<\/li>\n<li style='margin-bottom: 5px;'>Montaje en Riel DIN<\/li>\n<\/ul><\/div>\n<\/p><\/div>\n<div style='flex: 1 1 250px; border: 1px solid rgba(150&comma; 150&comma; 150&comma; 0.4); border-radius: 8px; overflow: hidden; display: flex; flex-direction: column;'>\n<div style='padding: 15px; border-bottom: 1px solid rgba(150&comma; 150&comma; 150&comma; 0.2); font-weight: bold; font-size: 18px; color: inherit;'>Aplicaciones<\/div>\n<div style='padding: 15px; color: inherit;'>\n<ul style='padding-left: 20px; margin: 0; font-size: 14px; list-style-type: disc;'>\n<li style='margin-bottom: 5px;'>Paneles el\u00e9ctricos<\/li>\n<li style='margin-bottom: 5px;'>Escuelas<\/li>\n<li style='margin-bottom: 5px;'>Control central de motores<\/li>\n<li style='margin-bottom: 5px;'>Hospitales<\/li>\n<li style='margin-bottom: 5px;'>Automatizaci\u00f3n industrial<\/li>\n<li style='margin-bottom: 5px;'>Estaci\u00f3n de comunicaciones<\/li>\n<li style='margin-bottom: 5px;'>Centros de datos<\/li>\n<\/ul><\/div>\n<\/p><\/div>\n<\/p><\/div>\n<hr style='border: 0; border-top: 1px solid rgba(150&comma; 150&comma; 150&comma; 0.3); margin: 30px 0;'> <\/div>\n","protected":false},"excerpt":{"rendered":"<p>Supresor de Picos\/Transitorios Para L\u00edneas de Voltaje Alterna de 120 VCA a 15 A<\/p>\n","protected":false},"featured_media":111207,"comment_status":"open","ping_status":"closed","template":"","meta":[],"product_brand":[],"product_cat":[532],"product_tag":[533,62,546],"class_list":{"0":"post-111208","1":"product","2":"type-product","3":"status-publish","4":"has-post-thumbnail","6":"product_cat-todos-proteccion-contra-sobretensiones","7":"product_tag-proteccion-contra-sobretensiones","8":"product_tag-todos","9":"product_tag-transtector","11":"first","12":"instock","13":"sale","14":"shipping-taxable","15":"purchasable","16":"product-type-simple"},"_links":{"self":[{"href":"https:\/\/soydeaqui.ddns.net\/pachuca\/index.php\/wp-json\/wp\/v2\/product\/111208","targetHints":{"allow":["GET"]}}],"collection":[{"href":"https:\/\/soydeaqui.ddns.net\/pachuca\/index.php\/wp-json\/wp\/v2\/product"}],"about":[{"href":"https:\/\/soydeaqui.ddns.net\/pachuca\/index.php\/wp-json\/wp\/v2\/types\/product"}],"replies":[{"embeddable":true,"href":"https:\/\/soydeaqui.ddns.net\/pachuca\/index.php\/wp-json\/wp\/v2\/comments?post=111208"}],"wp:featuredmedia":[{"embeddable":true,"href":"https:\/\/soydeaqui.ddns.net\/pachuca\/index.php\/wp-json\/wp\/v2\/media\/111207"}],"wp:attachment":[{"href":"https:\/\/soydeaqui.ddns.net\/pachuca\/index.php\/wp-json\/wp\/v2\/media?parent=111208"}],"wp:term":[{"taxonomy":"product_brand","embeddable":true,"href":"https:\/\/soydeaqui.ddns.net\/pachuca\/index.php\/wp-json\/wp\/v2\/product_brand?post=111208"},{"taxonomy":"product_cat","embeddable":true,"href":"https:\/\/soydeaqui.ddns.net\/pachuca\/index.php\/wp-json\/wp\/v2\/product_cat?post=111208"},{"taxonomy":"product_tag","embeddable":true,"href":"https:\/\/soydeaqui.ddns.net\/pachuca\/index.php\/wp-json\/wp\/v2\/product_tag?post=111208"}],"curies":[{"name":"wp","href":"https:\/\/api.w.org\/{rel}","templated":true}]}}