{"id":111175,"date":"2026-03-20T20:32:01","date_gmt":"2026-03-20T20:32:01","guid":{"rendered":"https:\/\/soydeaqui.ddns.net\/pachuca\/index.php\/producto\/bobina-de-305-metros-1000-pies-cat5e-con-gel-para-exterior-color-negro-para-aplicaciones-en-sistemas-de-redes-de-datos-y-cableado-estructurado-uso-intemperie\/"},"modified":"2026-03-20T20:32:12","modified_gmt":"2026-03-20T20:32:12","slug":"bobina-de-305-metros-1000-pies-cat5e-con-gel-para-exterior-color-negro-para-aplicaciones-en-sistemas-de-redes-de-datos-y-cableado-estructurado-uso-intemperie","status":"publish","type":"product","link":"https:\/\/soydeaqui.ddns.net\/pachuca\/index.php\/producto\/bobina-de-305-metros-1000-pies-cat5e-con-gel-para-exterior-color-negro-para-aplicaciones-en-sistemas-de-redes-de-datos-y-cableado-estructurado-uso-intemperie\/","title":{"rendered":"Bobina de 305 Metros (1000 Pies) Cat5e con Gel para Exterior, Color Negro, para Aplicaciones en Sistemas de Redes de Datos y Cableado Estructurado. Uso Intemperie."},"content":{"rendered":"<div style='width: 100%; max-width: 1200px; margin: 0 auto; font-family: sans-serif; line-height: 1.6; color: inherit; background-color: transparent;'>\n<p style='margin-top: 0; margin-bottom: 1.5em; font-size: 15px; color: inherit; opacity: 0.9;'> <strong>Los cables CONDUMEX ofrecen una gama completa de cables de baja tensi\u00f3n para la seguridad&comma; sistemas de alarma&comma; detecci\u00f3n de fuego&comma; audio&comma; voceo&comma; datos&comma; y cableado estructurado.<\/strong> <br \/> <strong>Para aplicaciones en equipos de alta tecnolog\u00eda e innovaci\u00f3n con el mejor prop\u00f3sito de satisfacer los m\u00e1s rigurosos est\u00e1ndares de calidad.<\/strong> <\/p>\n<div style='width: 100%; text-align: center; margin: 20px 0;'> <img style='width: auto; max-width: 100%; height: auto; border: 1px solid rgba(150&comma;150&comma;150&comma;0.3); border-radius: 8px;' src='https:\/\/ftp3.syscom.mx\/usuarios\/fotos\/logotipos\/condumex.png' alt='Logo Condumex'> <\/div>\n<div style='display: flex; flex-wrap: wrap; gap: 30px; margin-bottom: 30px;'>\n<div style='flex: 1 1 300px; min-width: 280px;'>\n<div style='border-left: 5px solid #F52207; border-radius: 5px; padding: 15px; box-shadow: 2px 2px 10px rgba(216&comma; 216&comma; 216&comma; 0.4);'> <strong style='font-size: 18px; display: block; margin-bottom: 10px; color: inherit;'>Caracter\u00edsticas:<\/strong> <\/p>\n<ul style='padding-left: 20px; font-size: 15px; color: inherit; list-style-type: disc;'>\n<li style='margin-bottom: 5px;'>Cable para redes de datos.<\/li>\n<li style='margin-bottom: 5px;'>CCTV IP Megapixel&comma; CCTV sistemas de seguridad.<\/li>\n<li style='margin-bottom: 5px;'>Cableado estructurado<\/li>\n<li style='margin-bottom: 5px;'>Conexi\u00f3n de equipos de red Inal\u00e1mbrica<\/li>\n<li style='margin-bottom: 5px;'><strong>Conductor de cobre de 0.5mm (24AWG)<\/strong><\/li>\n<\/ul><\/div>\n<\/p><\/div>\n<div style='flex: 1 1 300px; min-width: 280px;'>\n<div style='border-left: 5px solid #F52207; border-radius: 5px; padding: 15px; box-shadow: 2px 2px 10px rgba(216&comma; 216&comma; 216&comma; 0.4);'> <strong style='font-size: 18px; display: block; margin-bottom: 10px; color: inherit;'>Caracter\u00edsticas f\u00edsicas y el\u00e9ctricas:<\/strong> <\/p>\n<ul style='padding-left: 20px; font-size: 15px; color: inherit; list-style-type: disc;'>\n<li style='margin-bottom: 5px;'><strong>Tipo: Cable (4 pares)<\/strong><\/li>\n<li style='margin-bottom: 5px;'><strong>Tipo: UTP 5e<\/strong><\/li>\n<li style='margin-bottom: 5px;'>Calibre: 24<\/li>\n<li style='margin-bottom: 5px;'>Color: Negro<\/li>\n<li style='margin-bottom: 5px;'>Aislamiento de polietileno.<\/li>\n<li style='margin-bottom: 5px;'>Sin blindaje<\/li>\n<li style='margin-bottom: 5px;'>Di\u00e1metro exterior: 6 mm.<\/li>\n<li style='margin-bottom: 5px;'>Temperatura de Operaci\u00f3n : -20 \u00b0C a 75 \u00b0C<\/li>\n<\/ul><\/div>\n<\/p><\/div>\n<div style='flex: 1 1 300px; min-width: 280px;'>\n<div style='border-left: 5px solid #F52207; border-radius: 5px; padding: 15px; box-shadow: 2px 2px 10px rgba(216&comma; 216&comma; 216&comma; 0.4);'> <strong style='font-size: 18px; display: block; margin-bottom: 10px; color: inherit;'>Est\u00e1ndares:<\/strong> <\/p>\n<ul style='padding-left: 20px; font-size: 15px; color: inherit; list-style-type: disc;'>\n<li style='margin-bottom: 5px;'>ANSI\/TIA<\/li>\n<li style='margin-bottom: 5px;'>EIA 568B -2<\/li>\n<li style='margin-bottom: 5px;'>NMX &#8211; I -236\/02<\/li>\n<li style='margin-bottom: 5px;'>ISO\/IEC 11801<\/li>\n<\/ul><\/div>\n<\/p><\/div>\n<\/p><\/div>\n<p style='margin-top: 0; margin-bottom: 1.5em; font-size: 15px; color: inherit; opacity: 0.9;'> <strong>* Precio por bobina de 305 metros.<\/strong> <\/p>\n<div style='display: flex; flex-wrap: wrap; gap: 20px; margin: 30px 0;'>\n<div style='flex: 1 1 300px; min-width: 280px;'> <img style='width: 100%; height: auto; border: 1px solid rgba(150&comma;150&comma;150&comma;0.3); border-radius: 8px;' src='http:\/\/ftp3.syscom.mx\/usuarios\/maguilar\/Cables\/Guia%20de%20selelccion%20rapida%20para%20de%20par%20trenzado.jpg' alt='Gu\u00eda de selecci\u00f3n r\u00e1pida para par trenzado'> <\/div>\n<div style='flex: 1 1 300px; min-width: 280px;'> <img style='width: 100%; height: auto; border: 1px solid rgba(150&comma;150&comma;150&comma;0.3); border-radius: 8px;' src='https:\/\/ftp3.syscom.mx\/usuarios\/ccasares\/CCTV\/Guia%20rapida%20de%20seleccion%20de%20cable.jpg' alt='Gu\u00eda r\u00e1pida de selecci\u00f3n de cable'> <\/div>\n<\/p><\/div>\n<div style='display: flex; flex-wrap: wrap; gap: 20px; margin: 30px 0;'>\n<div style='flex: 1 1 300px; min-width: 280px;'>\n<div style='position: relative; padding-bottom: 56.25%; height: 0; overflow: hidden;'>   <\/div>\n<\/p><\/div>\n<div style='flex: 1 1 300px; min-width: 280px;'>\n<div style='position: relative; padding-bottom: 56.25%; height: 0; overflow: hidden;'>   <\/div>\n<\/p><\/div>\n<\/p><\/div>\n<hr style='border: 0; border-top: 1px solid rgba(150&comma; 150&comma; 150&comma; 0.3); margin: 30px 0;'> <\/div>\n","protected":false},"excerpt":{"rendered":"<p>Bobina de 305 Metros (1000 Pies) Cat5e con Gel para Exterior, Color Negro, para Aplicaciones en Sistemas de Redes de Datos y Cableado Estructurado. Uso Intemperie.<\/p>\n","protected":false},"featured_media":111174,"comment_status":"open","ping_status":"closed","template":"","meta":[],"product_brand":[],"product_cat":[619],"product_tag":[488,620,538],"class_list":{"0":"post-111175","1":"product","2":"type-product","3":"status-publish","4":"has-post-thumbnail","6":"product_cat-categoria-5e","7":"product_tag-cables-y-conectores","8":"product_tag-categoria-5e","9":"product_tag-condumex","11":"first","12":"instock","13":"sale","14":"shipping-taxable","15":"purchasable","16":"product-type-simple"},"_links":{"self":[{"href":"https:\/\/soydeaqui.ddns.net\/pachuca\/index.php\/wp-json\/wp\/v2\/product\/111175","targetHints":{"allow":["GET"]}}],"collection":[{"href":"https:\/\/soydeaqui.ddns.net\/pachuca\/index.php\/wp-json\/wp\/v2\/product"}],"about":[{"href":"https:\/\/soydeaqui.ddns.net\/pachuca\/index.php\/wp-json\/wp\/v2\/types\/product"}],"replies":[{"embeddable":true,"href":"https:\/\/soydeaqui.ddns.net\/pachuca\/index.php\/wp-json\/wp\/v2\/comments?post=111175"}],"wp:featuredmedia":[{"embeddable":true,"href":"https:\/\/soydeaqui.ddns.net\/pachuca\/index.php\/wp-json\/wp\/v2\/media\/111174"}],"wp:attachment":[{"href":"https:\/\/soydeaqui.ddns.net\/pachuca\/index.php\/wp-json\/wp\/v2\/media?parent=111175"}],"wp:term":[{"taxonomy":"product_brand","embeddable":true,"href":"https:\/\/soydeaqui.ddns.net\/pachuca\/index.php\/wp-json\/wp\/v2\/product_brand?post=111175"},{"taxonomy":"product_cat","embeddable":true,"href":"https:\/\/soydeaqui.ddns.net\/pachuca\/index.php\/wp-json\/wp\/v2\/product_cat?post=111175"},{"taxonomy":"product_tag","embeddable":true,"href":"https:\/\/soydeaqui.ddns.net\/pachuca\/index.php\/wp-json\/wp\/v2\/product_tag?post=111175"}],"curies":[{"name":"wp","href":"https:\/\/api.w.org\/{rel}","templated":true}]}}