{"id":111165,"date":"2026-03-20T20:31:30","date_gmt":"2026-03-20T20:31:30","guid":{"rendered":"https:\/\/soydeaqui.ddns.net\/pachuca\/index.php\/producto\/multimetro-digital-para-electricista-para-pruebas-de-capacitancia-y-diodos-uso-con-voltaje-maximo-de-600-v-pantalla-led-retroiluminada\/"},"modified":"2026-03-20T20:31:35","modified_gmt":"2026-03-20T20:31:35","slug":"multimetro-digital-para-electricista-para-pruebas-de-capacitancia-y-diodos-uso-con-voltaje-maximo-de-600-v-pantalla-led-retroiluminada","status":"publish","type":"product","link":"https:\/\/soydeaqui.ddns.net\/pachuca\/index.php\/producto\/multimetro-digital-para-electricista-para-pruebas-de-capacitancia-y-diodos-uso-con-voltaje-maximo-de-600-v-pantalla-led-retroiluminada\/","title":{"rendered":"Mult\u00edmetro Digital para Electricista, Para Pruebas de Capacitancia y Diodos, Uso con Voltaje M\u00e1ximo de 600 V, Pantalla LED Retroiluminada"},"content":{"rendered":"<div style='width: 100%; max-width: 1200px; margin: 0 auto; font-family: sans-serif; line-height: 1.6; color: inherit; background-color: transparent;'>\n<div style='display: flex; flex-wrap: wrap; gap: 30px; margin-bottom: 30px;'>\n<div style='flex: 1 1 300px; min-width: 280px;'>\n<h3 style='font-size: 22px; border-bottom: 2px solid currentColor; padding-bottom: 5px; margin-top: 0; color: inherit; opacity: 0.8;'>Descripci\u00f3n<\/h3>\n<p style='font-size: 15px; color: inherit;'>El mult\u00edmetro digital de valor eficaz verdadero Fluke 115&comma; gracias a su funcionamiento sencillo&comma; dise\u00f1o compacto y facilidad de uso&comma; es la respuesta perfecta para las necesidades generales de las pruebas el\u00e9ctricas y electr\u00f3nicas. El Fluke 115 muestra las lecturas de corriente y voltaje de valor eficaz verdadero con una resoluci\u00f3n de 600 recuentos&comma; continuidad y capacitancia&comma; lo que lo hace perfecto para las verificaciones r\u00e1pidas y el mantenimiento de campo.<\/p>\n<p style='font-size: 15px; color: inherit;'>Los mult\u00edmetros digitales Fluke 115 han superado pruebas independientes de uso seguro en entornos de CAT III 600 V.<\/p>\n<p style='font-size: 15px; color: inherit;'><strong>Incluye:<\/strong> Puntas de prueba&comma; manual y bater\u00eda de 9V<\/p>\n<\/p><\/div>\n<\/p><\/div>\n<div style='display: flex; flex-wrap: wrap; gap: 20px; margin-bottom: 30px;'>\n<div style='flex: 1 1 250px; border: 1px solid rgba(150&comma; 150&comma; 150&comma; 0.4); border-radius: 8px; overflow: hidden; display: flex; flex-direction: column;'>\n<div style='padding: 15px; border-bottom: 1px solid rgba(150&comma; 150&comma; 150&comma; 0.2); font-weight: bold; font-size: 18px; color: inherit;'>Especificaciones<\/div>\n<div style='padding: 15px; color: inherit;'>\n<ul style='padding-left: 20px; margin: 0; font-size: 14px; list-style-type: disc;'>\n<li style='margin-bottom: 5px;'><strong>Voltaje m\u00e1ximo entre cualquier terminal y tierra:<\/strong> 600 V<\/li>\n<li style='margin-bottom: 5px;'><strong>Protecci\u00f3n contra sobrecargas:<\/strong> Voltaje de pico de 6 kV conforme a la norma IEC 61010-1 600 V CAT III&comma; Grado 2 de contaminaci\u00f3n<\/li>\n<li style='margin-bottom: 5px;'><strong>Gr\u00e1fico de barras:<\/strong> 33 segmentos&comma; se actualiza con una frecuencia de 32 veces por segundo<\/li>\n<li style='margin-bottom: 5px;'><strong>Pantalla:<\/strong> Digital: 6000 recuentos&comma; se actualiza con una frecuencia de 4 veces por segundo<\/li>\n<li style='margin-bottom: 5px;'><strong>Temperatura de trabajo:<\/strong> -10 \u00b0C a + 50 \u00b0C<\/li>\n<li style='margin-bottom: 5px;'><strong>Temperatura de almacenamiento:<\/strong> -40 \u00b0C a + 60 \u00b0C<\/li>\n<li style='margin-bottom: 5px;'><strong>Tipo de bater\u00eda:<\/strong> 9 voltios alcalina&comma; NEDA 1604A \/ IEC 6LR61<\/li>\n<li style='margin-bottom: 5px;'><strong>Duraci\u00f3n de la bater\u00eda:<\/strong> Valor t\u00edpico de 400 horas&comma; sin usar retroiluminaci\u00f3n<\/li>\n<\/ul><\/div>\n<\/p><\/div>\n<div style='flex: 1 1 250px; border: 1px solid rgba(150&comma; 150&comma; 150&comma; 0.4); border-radius: 8px; overflow: hidden; display: flex; flex-direction: column;'>\n<div style='padding: 15px; border-bottom: 1px solid rgba(150&comma; 150&comma; 150&comma; 0.2); font-weight: bold; font-size: 18px; color: inherit;'>Especificaciones mec\u00e1nicas y generales<\/div>\n<div style='padding: 15px; color: inherit;'>\n<ul style='padding-left: 20px; margin: 0; font-size: 14px; list-style-type: disc;'>\n<li style='margin-bottom: 5px;'><strong>Dimensiones:<\/strong> 167 x 84 x 46 mm (6.57 x 3.31 x 1.82 pulg.)<\/li>\n<li style='margin-bottom: 5px;'><strong>Peso:<\/strong> 550 g<\/li>\n<li style='margin-bottom: 5px;'><strong>Garant\u00eda:<\/strong> 3 a\u00f1os<\/li>\n<\/ul><\/div>\n<\/p><\/div>\n<\/p><\/div>\n<div style='display: flex; flex-wrap: wrap; gap: 30px; margin-bottom: 30px;'>\n<div style='flex: 1 1 300px; min-width: 280px;'>\n<h3 style='font-size: 22px; border-bottom: 2px solid currentColor; padding-bottom: 5px; margin-top: 0; color: inherit; opacity: 0.8;'>Logotipo de Fluke<\/h3>\n<p> <img style='width: 100%; height: auto; border: 1px solid rgba(150&comma;150&comma;150&comma;0.3); border-radius: 8px;' src='https:\/\/www.risoul.com.mx\/hs-fs\/hubfs\/Fluke-Logo.png?width=1557&#038;name=Fluke-Logo.png' alt='Distribuidor productos Fluke' \/> <\/div>\n<\/p><\/div>\n<hr style='border: 0; border-top: 1px solid rgba(150&comma; 150&comma; 150&comma; 0.3); margin: 30px 0;'> <\/div>\n","protected":false},"excerpt":{"rendered":"<p>Mult\u00edmetro Digital para Electricista, Para Pruebas de Capacitancia y Diodos, Uso con Voltaje M\u00e1ximo de 600 V, Pantalla LED Retroiluminada<\/p>\n","protected":false},"featured_media":111164,"comment_status":"open","ping_status":"closed","template":"","meta":[],"product_brand":[],"product_cat":[130],"product_tag":[393,25,131],"class_list":{"0":"post-111165","1":"product","2":"type-product","3":"status-publish","4":"has-post-thumbnail","6":"product_cat-herramientas-electricas","7":"product_tag-fluke","8":"product_tag-herramientas","9":"product_tag-herramientas-electricas","11":"first","12":"instock","13":"sale","14":"shipping-taxable","15":"purchasable","16":"product-type-simple"},"_links":{"self":[{"href":"https:\/\/soydeaqui.ddns.net\/pachuca\/index.php\/wp-json\/wp\/v2\/product\/111165","targetHints":{"allow":["GET"]}}],"collection":[{"href":"https:\/\/soydeaqui.ddns.net\/pachuca\/index.php\/wp-json\/wp\/v2\/product"}],"about":[{"href":"https:\/\/soydeaqui.ddns.net\/pachuca\/index.php\/wp-json\/wp\/v2\/types\/product"}],"replies":[{"embeddable":true,"href":"https:\/\/soydeaqui.ddns.net\/pachuca\/index.php\/wp-json\/wp\/v2\/comments?post=111165"}],"wp:featuredmedia":[{"embeddable":true,"href":"https:\/\/soydeaqui.ddns.net\/pachuca\/index.php\/wp-json\/wp\/v2\/media\/111164"}],"wp:attachment":[{"href":"https:\/\/soydeaqui.ddns.net\/pachuca\/index.php\/wp-json\/wp\/v2\/media?parent=111165"}],"wp:term":[{"taxonomy":"product_brand","embeddable":true,"href":"https:\/\/soydeaqui.ddns.net\/pachuca\/index.php\/wp-json\/wp\/v2\/product_brand?post=111165"},{"taxonomy":"product_cat","embeddable":true,"href":"https:\/\/soydeaqui.ddns.net\/pachuca\/index.php\/wp-json\/wp\/v2\/product_cat?post=111165"},{"taxonomy":"product_tag","embeddable":true,"href":"https:\/\/soydeaqui.ddns.net\/pachuca\/index.php\/wp-json\/wp\/v2\/product_tag?post=111165"}],"curies":[{"name":"wp","href":"https:\/\/api.w.org\/{rel}","templated":true}]}}