{"id":111114,"date":"2026-03-20T20:28:34","date_gmt":"2026-03-20T20:28:34","guid":{"rendered":"https:\/\/soydeaqui.ddns.net\/pachuca\/index.php\/producto\/protector-rf-coaxial-contra-descargas-atmosfericas-para-1-5-a-700-mhz-con-ceja-lateral-y-conectores-uhf-hembra\/"},"modified":"2026-03-20T20:28:46","modified_gmt":"2026-03-20T20:28:46","slug":"protector-rf-coaxial-contra-descargas-atmosfericas-para-1-5-a-700-mhz-con-ceja-lateral-y-conectores-uhf-hembra","status":"publish","type":"product","link":"https:\/\/soydeaqui.ddns.net\/pachuca\/index.php\/producto\/protector-rf-coaxial-contra-descargas-atmosfericas-para-1-5-a-700-mhz-con-ceja-lateral-y-conectores-uhf-hembra\/","title":{"rendered":"Protector RF Coaxial Contra Descargas Atmosf\u00e9ricas Para 1.5 a 700 MHz Con Ceja Lateral y Conectores UHF Hembra"},"content":{"rendered":"<div style='width: 100%; max-width: 1200px; margin: 0 auto; font-family: sans-serif; line-height: 1.6; color: inherit; background-color: transparent;'>\n<div style='display: flex; flex-wrap: wrap; gap: 30px; margin-bottom: 30px;'>\n<div style='flex: 1 1 300px; min-width: 280px;'> <img style='width: 100%; height: auto; border: 1px solid rgba(150&comma;150&comma;150&comma;0.3); border-radius: 8px;' src='http:\/\/www.polyphaser.com\/SiteMedia\/SiteResources\/Brands\/Polyphaser\/Logos\/polyphaser_4.png?width=268&#038;height=118&#038;ext=.png' alt='Logo Polyphaser'> <\/div>\n<div style='flex: 1 1 300px; min-width: 280px;'>\n<h3 style='font-size: 22px; border-bottom: 2px solid currentColor; padding-bottom: 5px; margin-top: 0; color: inherit; opacity: 0.8;'>Descripci\u00f3n General<\/h3>\n<p style='font-size: 15px; color: inherit;'>La familia de protectores contra descargas atmosf\u00e9ricas IS-50 con bloqueador de DC est\u00e1n dise\u00f1ados para proteger contra eventos de tormentas el\u00e9ctricas y son ideales para HF&comma; UHF y VHF. Esta familia puede ser usada para uso general de radios con rangos de frecuencia desde 1.5 MHz a 1000 MHz.<\/p>\n<\/p><\/div>\n<\/p><\/div>\n<div style='display: flex; flex-wrap: wrap; gap: 20px; margin-bottom: 30px;'>\n<div style='flex: 1 1 250px; border: 1px solid rgba(150&comma; 150&comma; 150&comma; 0.4); border-radius: 8px; overflow: hidden; display: flex; flex-direction: column;'>\n<div style='padding: 15px; border-bottom: 1px solid rgba(150&comma; 150&comma; 150&comma; 0.2); font-weight: bold; font-size: 18px; color: inherit;'>Caracter\u00edsticas Generales<\/div>\n<div style='padding: 15px; color: inherit;'>\n<ul style='padding-left: 20px; margin: 0; font-size: 14px; list-style-type: disc;'>\n<li style='margin-bottom: 5px;'>Rangos de frecuencia desde 1.5 MHz a 1000 MHz<\/li>\n<li style='margin-bottom: 5px;'>Conectores: UHF hembra<\/li>\n<li style='margin-bottom: 5px;'>Versiones de alta potencia hasta 2 kW<\/li>\n<li style='margin-bottom: 5px;'>Industry leading surge rating of 20kA Tasa de supresi\u00f3n l\u00edder de la industria de 20 kA<\/li>\n<li style='margin-bottom: 5px;'>Versi\u00f3n de 50\u03a9<\/li>\n<\/ul><\/div>\n<\/p><\/div>\n<div style='flex: 1 1 250px; border: 1px solid rgba(150&comma; 150&comma; 150&comma; 0.4); border-radius: 8px; overflow: hidden; display: flex; flex-direction: column;'>\n<div style='padding: 15px; border-bottom: 1px solid rgba(150&comma; 150&comma; 150&comma; 0.2); font-weight: bold; font-size: 18px; color: inherit;'>Est\u00e1ndares<\/div>\n<div style='padding: 15px; color: inherit;'>\n<ul style='padding-left: 20px; margin: 0; font-size: 14px; list-style-type: disc;'>\n<li style='margin-bottom: 5px;'>CE Compliant<\/li>\n<li style='margin-bottom: 5px;'>RoHS Compliant<\/li>\n<\/ul><\/div>\n<\/p><\/div>\n<div style='flex: 1 1 250px; border: 1px solid rgba(150&comma; 150&comma; 150&comma; 0.4); border-radius: 8px; overflow: hidden; display: flex; flex-direction: column;'>\n<div style='padding: 15px; border-bottom: 1px solid rgba(150&comma; 150&comma; 150&comma; 0.2); font-weight: bold; font-size: 18px; color: inherit;'>Caracter\u00edsticas del IS-50UX-C0<\/div>\n<div style='padding: 15px; color: inherit;'>\n<ul style='padding-left: 20px; margin: 0; font-size: 14px; list-style-type: disc;'>\n<li style='margin-bottom: 5px;'><strong>Rango de frecuencia:<\/strong> 1.5 &#8211; 700 MHz<\/li>\n<li style='margin-bottom: 5px;'><strong>Potencia m\u00e1xima:<\/strong> HF (2 kW)&comma; VHF(375 W)&comma; UHF (125 W)<\/li>\n<li style='margin-bottom: 5px;'><strong>P\u00e9rdida por inserci\u00f3n:<\/strong> \u2264 0.1 dB<\/li>\n<li style='margin-bottom: 5px;'><strong>Flujo de energ\u00eda:<\/strong> \u2264 10 mJ<\/li>\n<li style='margin-bottom: 5px;'><strong>Conectores:<\/strong> UHF Hembra (ambos)<\/li>\n<li style='margin-bottom: 5px;'><strong>VSWR:<\/strong> \u22641.2 a 1 sobre el rango de frecuencia<\/li>\n<\/ul><\/div>\n<\/p><\/div>\n<\/p><\/div>\n<hr style='border: 0; border-top: 1px solid rgba(150&comma; 150&comma; 150&comma; 0.3); margin: 30px 0;'> <\/div>\n","protected":false},"excerpt":{"rendered":"<p>Protector RF Coaxial Contra Descargas Atmosf\u00e9ricas Para 1.5 a 700 MHz Con Ceja Lateral y Conectores UHF Hembra<\/p>\n","protected":false},"featured_media":111113,"comment_status":"open","ping_status":"closed","template":"","meta":[],"product_brand":[],"product_cat":[543],"product_tag":[545,549,544],"class_list":{"0":"post-111114","1":"product","2":"type-product","3":"status-publish","4":"has-post-thumbnail","6":"product_cat-coaxial","7":"product_tag-coaxial","8":"product_tag-polyphaser","9":"product_tag-proteccion-contra-descarga","11":"first","12":"outofstock","13":"sale","14":"shipping-taxable","15":"purchasable","16":"product-type-simple"},"_links":{"self":[{"href":"https:\/\/soydeaqui.ddns.net\/pachuca\/index.php\/wp-json\/wp\/v2\/product\/111114","targetHints":{"allow":["GET"]}}],"collection":[{"href":"https:\/\/soydeaqui.ddns.net\/pachuca\/index.php\/wp-json\/wp\/v2\/product"}],"about":[{"href":"https:\/\/soydeaqui.ddns.net\/pachuca\/index.php\/wp-json\/wp\/v2\/types\/product"}],"replies":[{"embeddable":true,"href":"https:\/\/soydeaqui.ddns.net\/pachuca\/index.php\/wp-json\/wp\/v2\/comments?post=111114"}],"wp:featuredmedia":[{"embeddable":true,"href":"https:\/\/soydeaqui.ddns.net\/pachuca\/index.php\/wp-json\/wp\/v2\/media\/111113"}],"wp:attachment":[{"href":"https:\/\/soydeaqui.ddns.net\/pachuca\/index.php\/wp-json\/wp\/v2\/media?parent=111114"}],"wp:term":[{"taxonomy":"product_brand","embeddable":true,"href":"https:\/\/soydeaqui.ddns.net\/pachuca\/index.php\/wp-json\/wp\/v2\/product_brand?post=111114"},{"taxonomy":"product_cat","embeddable":true,"href":"https:\/\/soydeaqui.ddns.net\/pachuca\/index.php\/wp-json\/wp\/v2\/product_cat?post=111114"},{"taxonomy":"product_tag","embeddable":true,"href":"https:\/\/soydeaqui.ddns.net\/pachuca\/index.php\/wp-json\/wp\/v2\/product_tag?post=111114"}],"curies":[{"name":"wp","href":"https:\/\/api.w.org\/{rel}","templated":true}]}}