{"id":111110,"date":"2026-03-20T20:28:23","date_gmt":"2026-03-20T20:28:23","guid":{"rendered":"https:\/\/soydeaqui.ddns.net\/pachuca\/index.php\/producto\/regulador-de-voltaje-a-10-v-1-amp-para-camaras-video-porteros-y-monitores-to-220\/"},"modified":"2026-03-20T20:28:25","modified_gmt":"2026-03-20T20:28:25","slug":"regulador-de-voltaje-a-10-v-1-amp-para-camaras-video-porteros-y-monitores-to-220","status":"publish","type":"product","link":"https:\/\/soydeaqui.ddns.net\/pachuca\/index.php\/producto\/regulador-de-voltaje-a-10-v-1-amp-para-camaras-video-porteros-y-monitores-to-220\/","title":{"rendered":"Regulador de Voltaje a 10 V., 1 Amp. para C\u00e1maras, Video-Porteros y Monitores, TO-220."},"content":{"rendered":"<div style='width: 100%; max-width: 1200px; margin: 0 auto; font-family: sans-serif; line-height: 1.6; color: inherit; background-color: transparent;'>\n<div style='display: flex; flex-wrap: wrap; gap: 30px; margin-bottom: 30px;'>\n<div style='flex: 1 1 300px; min-width: 280px;'>\n<h3 style='font-size: 22px; border-bottom: 2px solid currentColor; padding-bottom: 5px; margin-top: 0; color: inherit; opacity: 0.8;'>Caracter\u00edsticas Principales<\/h3>\n<ul style='padding-left: 20px; font-size: 15px; color: inherit;'>\n<li style='margin-bottom: 5px;'>Regulador de voltaje de salida 10 V<\/li>\n<li style='margin-bottom: 5px;'>Corriente de salida de hasta 1 ampere<\/li>\n<li style='margin-bottom: 5px;'>Montaje en encapsulado TO-220<\/li>\n<li style='margin-bottom: 5px;'>Protecci\u00f3n contra sobrecarga t\u00e9rmica<\/li>\n<li style='margin-bottom: 5px;'>Protecci\u00f3n contra cortocircuitos<\/li>\n<li style='margin-bottom: 5px;'>Protecci\u00f3n del \u00e1rea operativa segura del transistor de salida<\/li>\n<\/ul>\n<\/div>\n<div style='flex: 1 1 300px; min-width: 280px;'>\n<h3 style='font-size: 22px; border-bottom: 2px solid currentColor; padding-bottom: 5px; margin-top: 0; color: inherit; opacity: 0.8;'>Especificaciones T\u00e9cnicas<\/h3>\n<ul style='padding-left: 20px; font-size: 15px; color: inherit;'>\n<li style='margin-bottom: 5px;'><strong>Voltaje de salida:<\/strong> 9.5 a 10.5 V (5 mA a 1 A&comma; P \u226415 W)<\/li>\n<li style='margin-bottom: 5px;'><strong>Regulaci\u00f3n de l\u00ednea:<\/strong> 10-200 mV (V<sub>I<\/sub> = 12.5 V a 25 V)<\/li>\n<li style='margin-bottom: 5px;'><strong>Regulaci\u00f3n de carga:<\/strong> 12-400 mV (I<sub>O<\/sub> = 5 mA a 1.5 A)<\/li>\n<li style='margin-bottom: 5px;'><strong>Corriente en reposo:<\/strong> 5.1-8.0 mA<\/li>\n<li style='margin-bottom: 5px;'><strong>Tensi\u00f3n de dropout:<\/strong> 2 V (I<sub>O<\/sub> = 1 A)<\/li>\n<li style='margin-bottom: 5px;'><strong>Protecci\u00f3n contra cortocircuito:<\/strong> 250 mA<\/li>\n<li style='margin-bottom: 5px;'><strong>Corriente pico:<\/strong> 2.2 A<\/li>\n<\/ul>\n<\/div>\n<\/div>\n<div style='display: flex; flex-wrap: wrap; gap: 20px; margin-bottom: 30px;'>\n<div style='flex: 1 1 250px; border: 1px solid rgba(150&comma; 150&comma; 150&comma; 0.4); border-radius: 8px; overflow: hidden; display: flex; flex-direction: column;'>\n<div style='padding: 15px; border-bottom: 1px solid rgba(150&comma; 150&comma; 150&comma; 0.2); font-weight: bold; font-size: 18px; color: inherit;'>L\u00edmites M\u00e1ximos<\/div>\n<div style='padding: 15px; color: inherit;'>\n<ul style='padding-left: 20px; margin: 0; font-size: 14px; list-style-type: disc;'>\n<li style='margin-bottom: 5px;'><strong>V<sub>I<\/sub> (5V a 18V):<\/strong> 35 V<\/li>\n<li style='margin-bottom: 5px;'><strong>V<sub>I<\/sub> (24V):<\/strong> 40 V<\/li>\n<li style='margin-bottom: 5px;'><strong>Temperatura operativa:<\/strong> -40\u00b0C a +125\u00b0C<\/li>\n<li style='margin-bottom: 5px;'><strong>Temperatura de almacenamiento:<\/strong> -65\u00b0C a +150\u00b0C<\/li>\n<\/ul>\n<\/div>\n<\/div>\n<div style='flex: 1 1 250px; border: 1px solid rgba(150&comma; 150&comma; 150&comma; 0.4); border-radius: 8px; overflow: hidden; display: flex; flex-direction: column;'>\n<div style='padding: 15px; border-bottom: 1px solid rgba(150&comma; 150&comma; 150&comma; 0.2); font-weight: bold; font-size: 18px; color: inherit;'>Caracter\u00edsticas El\u00e9ctricas<\/div>\n<div style='padding: 15px; color: inherit;'>\n<ul style='padding-left: 20px; margin: 0; font-size: 14px; list-style-type: disc;'>\n<li style='margin-bottom: 5px;'><strong>Rizado:<\/strong> 56-71 dB<\/li>\n<li style='margin-bottom: 5px;'><strong>Voltaje de ruido:<\/strong> 58 \u03bcV<\/li>\n<li style='margin-bottom: 5px;'><strong>Resistencia de salida:<\/strong> 17 m\u03a9<\/li>\n<li style='margin-bottom: 5px;'><strong>Deriva de voltaje:<\/strong> -1 mV\/\u00b0C<\/li>\n<\/ul>\n<\/div>\n<\/div>\n<div style='flex: 1 1 250px; border: 1px solid rgba(150&comma; 150&comma; 150&comma; 0.4); border-radius: 8px; overflow: hidden; display: flex; flex-direction: column;'>\n<div style='padding: 15px; border-bottom: 1px solid rgba(150&comma; 150&comma; 150&comma; 0.2); font-weight: bold; font-size: 18px; color: inherit;'>Disipaci\u00f3n T\u00e9rmica<\/div>\n<div style='padding: 15px; color: inherit;'>\n<ul style='padding-left: 20px; margin: 0; font-size: 14px; list-style-type: disc;'>\n<li style='margin-bottom: 5px;'><strong>R\u03b8JC:<\/strong> 5 \u00b0C\/W (TO-220)<\/li>\n<li style='margin-bottom: 5px;'><strong>R\u03b8JA:<\/strong> 65 \u00b0C\/W (TO-220)<\/li>\n<\/ul>\n<\/div>\n<\/div>\n<\/div>\n<div style='display: flex; flex-wrap: wrap; gap: 30px; margin-bottom: 30px;'>\n<div style='flex: 1 1 300px; min-width: 280px;'>\n<h3 style='font-size: 22px; border-bottom: 2px solid currentColor; padding-bottom: 5px; margin-top: 0; color: inherit; opacity: 0.8;'>Aplicaciones<\/h3>\n<ul style='padding-left: 20px; font-size: 15px; color: inherit;'>\n<li style='margin-bottom: 5px;'>Sistemas de c\u00e1maras de seguridad<\/li>\n<li style='margin-bottom: 5px;'>Videoporteros electr\u00f3nicos<\/li>\n<li style='margin-bottom: 5px;'>Monitores de video<\/li>\n<li style='margin-bottom: 5px;'>Dispositivos audiovisuales<\/li>\n<li style='margin-bottom: 5px;'>Equipos de vigilancia<\/li>\n<\/ul>\n<\/div>\n<div style='flex: 1 1 300px; min-width: 280px;'>\n<h3 style='font-size: 22px; border-bottom: 2px solid currentColor; padding-bottom: 5px; margin-top: 0; color: inherit; opacity: 0.8;'>Caracter\u00edsticas de Dise\u00f1o<\/h3>\n<ul style='padding-left: 20px; font-size: 15px; color: inherit;'>\n<li style='margin-bottom: 5px;'>Regulaci\u00f3n interna de corriente<\/li>\n<li style='margin-bottom: 5px;'>Protecci\u00f3n t\u00e9rmica con apagado autom\u00e1tico<\/li>\n<li style='margin-bottom: 5px;'>\u00c1rea operativa segura (SOA) del transistor<\/li>\n<li style='margin-bottom: 5px;'>Dise\u00f1o primario como regulador de voltaje fijo<\/li>\n<li style='margin-bottom: 5px;'>Posibilidad de uso con componentes externos para voltajes y corrientes ajustables<\/li>\n<\/ul>\n<\/div>\n<\/div>\n<\/div>\n","protected":false},"excerpt":{"rendered":"<p>Regulador de Voltaje a 10 V., 1 Amp. para C\u00e1maras, Video-Porteros y Monitores, TO-220.<\/p>\n","protected":false},"featured_media":111109,"comment_status":"open","ping_status":"closed","template":"","meta":[],"product_brand":[],"product_cat":[2291],"product_tag":[417,2292,63],"class_list":{"0":"post-111110","1":"product","2":"type-product","3":"status-publish","4":"has-post-thumbnail","6":"product_cat-partes-o-refacciones","7":"product_tag-accesorios-generales","8":"product_tag-partes-o-refacciones","9":"product_tag-syscom","11":"first","12":"instock","13":"sale","14":"shipping-taxable","15":"purchasable","16":"product-type-simple"},"_links":{"self":[{"href":"https:\/\/soydeaqui.ddns.net\/pachuca\/index.php\/wp-json\/wp\/v2\/product\/111110","targetHints":{"allow":["GET"]}}],"collection":[{"href":"https:\/\/soydeaqui.ddns.net\/pachuca\/index.php\/wp-json\/wp\/v2\/product"}],"about":[{"href":"https:\/\/soydeaqui.ddns.net\/pachuca\/index.php\/wp-json\/wp\/v2\/types\/product"}],"replies":[{"embeddable":true,"href":"https:\/\/soydeaqui.ddns.net\/pachuca\/index.php\/wp-json\/wp\/v2\/comments?post=111110"}],"wp:featuredmedia":[{"embeddable":true,"href":"https:\/\/soydeaqui.ddns.net\/pachuca\/index.php\/wp-json\/wp\/v2\/media\/111109"}],"wp:attachment":[{"href":"https:\/\/soydeaqui.ddns.net\/pachuca\/index.php\/wp-json\/wp\/v2\/media?parent=111110"}],"wp:term":[{"taxonomy":"product_brand","embeddable":true,"href":"https:\/\/soydeaqui.ddns.net\/pachuca\/index.php\/wp-json\/wp\/v2\/product_brand?post=111110"},{"taxonomy":"product_cat","embeddable":true,"href":"https:\/\/soydeaqui.ddns.net\/pachuca\/index.php\/wp-json\/wp\/v2\/product_cat?post=111110"},{"taxonomy":"product_tag","embeddable":true,"href":"https:\/\/soydeaqui.ddns.net\/pachuca\/index.php\/wp-json\/wp\/v2\/product_tag?post=111110"}],"curies":[{"name":"wp","href":"https:\/\/api.w.org\/{rel}","templated":true}]}}