{"id":111095,"date":"2026-03-20T20:27:38","date_gmt":"2026-03-20T20:27:38","guid":{"rendered":"https:\/\/soydeaqui.ddns.net\/pachuca\/index.php\/producto\/kit-de-audio-portero-con-2-auriculares-y-frente-de-calle\/"},"modified":"2026-03-20T20:27:49","modified_gmt":"2026-03-20T20:27:49","slug":"kit-de-audio-portero-con-2-auriculares-y-frente-de-calle","status":"publish","type":"product","link":"https:\/\/soydeaqui.ddns.net\/pachuca\/index.php\/producto\/kit-de-audio-portero-con-2-auriculares-y-frente-de-calle\/","title":{"rendered":"Kit de Audio Portero con 2 Auriculares y Frente de Calle"},"content":{"rendered":"<div style='width: 100%; max-width: 1200px; margin: 0 auto; font-family: sans-serif; line-height: 1.6; color: inherit; background-color: transparent;'>\n<div style='display: flex; flex-wrap: wrap; gap: 30px; margin-bottom: 30px;'>\n<div style='flex: 1 1 300px; min-width: 280px;'>\n<h3 style='font-size: 22px; border-bottom: 2px solid currentColor; padding-bottom: 5px; margin-top: 0; color: inherit; opacity: 0.8;'>Caracter\u00edsticas principales<\/h3>\n<ul style='padding-left: 20px; font-size: 15px; color: inherit;'>\n<li style='margin-bottom: 5px;'>Incluye frente de calle metalico y 2 auriculares sin expansion adicional.<\/li>\n<li style='margin-bottom: 5px;'>Funciona como intercom y portero.<\/li>\n<li style='margin-bottom: 5px;'>Comunicacion entre los 2 auriculares.<\/li>\n<li style='margin-bottom: 5px;'>F\u00e1cil instalaci\u00f3n (montaje en pared o escritorio).<\/li>\n<li style='margin-bottom: 5px;'>2 tonos diferentes (desde el frente de calle \/ desde otro auricular).<\/li>\n<li style='margin-bottom: 5px;'>Salida de relevador N\/A&comma; para uso con contrachapas el\u00e9ctricas.<\/li>\n<\/ul><\/div>\n<div style='flex: 1 1 300px; min-width: 280px;'>\n<h3 style='font-size: 22px; border-bottom: 2px solid currentColor; padding-bottom: 5px; margin-top: 0; color: inherit; opacity: 0.8;'>Caracter\u00edsticas F\u00edsicas y El\u00e9ctricas<\/h3>\n<ul style='padding-left: 20px; font-size: 15px; color: inherit;'>\n<li style='margin-bottom: 5px;'>Consumo de Potencia en Reposo 0.5 W y en Comunicaci\u00f3n 3.3 W.<\/li>\n<li style='margin-bottom: 5px;'>Para uso con chapa magn\u00e9tica requiere relevador adicional (utilizar PRORELAY).<\/li>\n<li style='margin-bottom: 5px;'>La chapa magn\u00e9tica o contrachapa el\u00e9ctrica requiere alimentaci\u00f3n adicional.<\/li>\n<li style='margin-bottom: 5px;'><strong style='color: inherit;'>Incluye Kit de instalaci\u00f3n.<\/strong><\/li>\n<\/ul><\/div>\n<div style='flex: 1 1 300px; min-width: 280px;'>\n<h3 style='font-size: 22px; border-bottom: 2px solid currentColor; padding-bottom: 5px; margin-top: 0; color: inherit; opacity: 0.8;'>Caracter\u00edsticas Destacadas<\/h3>\n<p style='font-size: 15px; color: inherit; margin-bottom: 15px;'>Los sistemas de audioporteros KDP-602A\/D son muy redituables ya que al ser equipos anal\u00f3gicos es muy sencilla y fiable su instalaci\u00f3n&comma; para estos equipos se recomienda usar cable calibre 18 100% cobre de preferencia blindado para tener la mayor distancia y calidad de audio.<\/p>\n<h4 style='font-size: 18px; margin-top: 20px; margin-bottom: 10px; color: inherit; opacity: 0.9;'>Cables sugeridos<\/h4>\n<p style='font-size: 14px; color: inherit; margin-bottom: 5px;'> <a style='color: inherit; text-decoration: none; font-weight: bold;' href='https:\/\/www.syscom.mx\/principal\/searchcont?route=9274-VIAKON-183319&#038;autodetect=calibre_18'>9274<\/a> <a style='color: inherit; text-decoration: none; font-weight: bold;' href='https:\/\/www.syscom.mx\/principal\/searchcont?route=1119-5501\/500-HONEYWELL-HOME-RESIDEO-74981&#038;autodetect=111955'>1119-5501\/500<\/a> <a style='color: inherit; text-decoration: none; font-weight: bold;' href='https:\/\/www.syscom.mx\/principal\/searchcont?route=92-70-VIAKON-78789&#038;autodetect=calibre_18'>92-70<\/a> <a style='color: inherit; text-decoration: none; font-weight: bold;' href='https:\/\/www.syscom.mx\/principal\/searchcont?route=ACCESS-184\/500-AccessPRO-166995&#038;autodetect=ACCESS184'>ACCESS-184\/500<\/a> <\/p>\n<p style='font-size: 14px; color: inherit; margin-top: 20px; margin-bottom: 0;'><strong>*2 A\u00f1os de Garant\u00eda<\/strong><\/p>\n<\/p><\/div>\n<\/p><\/div>\n<hr style='border: 0; border-top: 1px solid rgba(150&comma; 150&comma; 150&comma; 0.3); margin: 30px 0;'>\n<div style='width: 100%; margin: 0 auto;'> <img style='width: 100%; height: auto; border: 1px solid rgba(150&comma;150&comma;150&comma;0.3); border-radius: 8px;' src='http:\/\/ftp3.syscom.mx\/usuarios\/fotos\/recursos\/tv_porteros\/tv_portero_341_b.jpg' alt=''> <\/div>\n<\/p><\/div>\n","protected":false},"excerpt":{"rendered":"<p>Kit de Audio Portero con 2 Auriculares y Frente de Calle<\/p>\n","protected":false},"featured_media":111094,"comment_status":"open","ping_status":"closed","template":"","meta":[],"product_brand":[],"product_cat":[916],"product_tag":[908,939,557],"class_list":{"0":"post-111095","1":"product","2":"type-product","3":"status-publish","4":"has-post-thumbnail","6":"product_cat-interfones-videoporteros-e-interfonos","7":"product_tag-interfones","8":"product_tag-syscom-video","9":"product_tag-videoporteros-e-interfonos","11":"first","12":"outofstock","13":"sale","14":"shipping-taxable","15":"purchasable","16":"product-type-simple"},"_links":{"self":[{"href":"https:\/\/soydeaqui.ddns.net\/pachuca\/index.php\/wp-json\/wp\/v2\/product\/111095","targetHints":{"allow":["GET"]}}],"collection":[{"href":"https:\/\/soydeaqui.ddns.net\/pachuca\/index.php\/wp-json\/wp\/v2\/product"}],"about":[{"href":"https:\/\/soydeaqui.ddns.net\/pachuca\/index.php\/wp-json\/wp\/v2\/types\/product"}],"replies":[{"embeddable":true,"href":"https:\/\/soydeaqui.ddns.net\/pachuca\/index.php\/wp-json\/wp\/v2\/comments?post=111095"}],"wp:featuredmedia":[{"embeddable":true,"href":"https:\/\/soydeaqui.ddns.net\/pachuca\/index.php\/wp-json\/wp\/v2\/media\/111094"}],"wp:attachment":[{"href":"https:\/\/soydeaqui.ddns.net\/pachuca\/index.php\/wp-json\/wp\/v2\/media?parent=111095"}],"wp:term":[{"taxonomy":"product_brand","embeddable":true,"href":"https:\/\/soydeaqui.ddns.net\/pachuca\/index.php\/wp-json\/wp\/v2\/product_brand?post=111095"},{"taxonomy":"product_cat","embeddable":true,"href":"https:\/\/soydeaqui.ddns.net\/pachuca\/index.php\/wp-json\/wp\/v2\/product_cat?post=111095"},{"taxonomy":"product_tag","embeddable":true,"href":"https:\/\/soydeaqui.ddns.net\/pachuca\/index.php\/wp-json\/wp\/v2\/product_tag?post=111095"}],"curies":[{"name":"wp","href":"https:\/\/api.w.org\/{rel}","templated":true}]}}