{"id":111085,"date":"2026-03-20T20:27:07","date_gmt":"2026-03-20T20:27:07","guid":{"rendered":"https:\/\/soydeaqui.ddns.net\/pachuca\/index.php\/producto\/sistema-de-intercomunicador-manos-libres-para-una-extension\/"},"modified":"2026-03-20T20:27:18","modified_gmt":"2026-03-20T20:27:18","slug":"sistema-de-intercomunicador-manos-libres-para-una-extension","status":"publish","type":"product","link":"https:\/\/soydeaqui.ddns.net\/pachuca\/index.php\/producto\/sistema-de-intercomunicador-manos-libres-para-una-extension\/","title":{"rendered":"Sistema de intercomunicador manos libres para una extensi\u00f3n"},"content":{"rendered":"<div style='width: 100%; max-width: 1200px; margin: 0 auto; font-family: sans-serif; line-height: 1.6; color: inherit; background-color: transparent;'> <!-- T\u00edtulo (preservado pero simplificado) --> <\/p>\n<h2 style='text-align: center; font-size: 24px; margin: 0 0 20px; color: inherit;'> Intercomunicador de una extensi\u00f3n <\/h2>\n<p> <!-- Secci\u00f3n de caracter\u00edsticas en grid --> <\/p>\n<div style='display: grid; grid-template-columns: repeat(auto-fit&comma; minmax(280px&comma; 1fr)); gap: 30px; margin-bottom: 30px;'> <!-- Caracter\u00edsticas principales --> <\/p>\n<div style='border-left: 5px solid #0091ff; border-radius: 8px; padding: 15px; background-color: rgba(150&comma;150&comma;150&comma;0.05); box-shadow: 0 2px 6px rgba(0&comma;0&comma;0&comma;0.05);'>\n<h3 style='font-size: 18px; margin-top: 0; margin-bottom: 15px; color: inherit; font-weight: bold;'> Caracter\u00edsticas principales: <\/h3>\n<ul style='padding-left: 20px; font-size: 14px; color: inherit; list-style: disc outside;'>\n<li style='margin-bottom: 8px;'>Led indicador para llamado en l\u00ednea.<\/li>\n<li style='margin-bottom: 8px;'>Sonido electr\u00f3nico.<\/li>\n<li style='margin-bottom: 8px;'>Distancia t\u00edpica de 200 metros con cable calibre 18.<\/li>\n<li style='margin-bottom: 8px;'>Conexi\u00f3n a 2 hilos.<\/li>\n<li style='margin-bottom: 8px;'>Alimentaci\u00f3n de la extensi\u00f3n (KIC-300S) obtenida por los intercomunicadores KIC-301\/4\/8 seg\u00fan sea el caso.<\/li>\n<li style='margin-bottom: 8px;'>Montaje para pared.<\/li>\n<\/ul><\/div>\n<p> <!-- Caracter\u00edsticas F\u00edsicas y El\u00e9ctricas --> <\/p>\n<div style='border-left: 5px solid #0091ff; border-radius: 8px; padding: 15px; background-color: rgba(150&comma;150&comma;150&comma;0.05); box-shadow: 0 2px 6px rgba(0&comma;0&comma;0&comma;0.05);'>\n<h3 style='font-size: 18px; margin-top: 0; margin-bottom: 15px; color: inherit; font-weight: bold;'> Caracter\u00edsticas F\u00edsicas y El\u00e9ctricas: <\/h3>\n<ul style='padding-left: 20px; font-size: 14px; color: inherit; list-style: disc outside;'>\n<li style='margin-bottom: 8px;'>Alimentaci\u00f3n de 6 Vcc con 4 bater\u00edas AA de 1.5 V (no incluidas).<\/li>\n<li style='margin-bottom: 8px;'>Temperatura de operaci\u00f3n: 0 a 50\u00b0C<\/li>\n<li style='margin-bottom: 8px;'>Consumo en reposo 0.2 W y en comunicaci\u00f3n 0.9 W.<\/li>\n<li style='margin-bottom: 8px;'>Consumo de corriente en reposo 30 mA y en comunicaci\u00f3n 150 mA.<\/li>\n<li style='margin-bottom: 8px;'>Dimensiones 125 x 272 x 42 mm.<\/li>\n<\/ul><\/div>\n<p> <!-- Caracter\u00edsticas Destacadas --> <\/p>\n<div style='border-left: 5px solid #0091ff; border-radius: 8px; padding: 15px; background-color: rgba(150&comma;150&comma;150&comma;0.05); box-shadow: 0 2px 6px rgba(0&comma;0&comma;0&comma;0.05);'>\n<h3 style='font-size: 18px; margin-top: 0; margin-bottom: 15px; color: inherit; font-weight: bold;'> Caracter\u00edsticas Destacadas: <\/h3>\n<p style='font-size: 14px; margin-bottom: 15px; color: inherit;'> Los sistemas de intercomunicadores KIC30# Family son muy redituables ya que al ser equipos anal\u00f3gicos es muy sencilla y fiable su instalaci\u00f3n&comma; para estos equipos se recomienda usar cable calibre 18 100% cobre de preferencia blindado para tener la mayor distancia y calidad de audio. <\/p>\n<p style='font-size: 14px; margin-bottom: 10px; color: inherit;'> <strong style='color: inherit;'>Cables sugeridos:<\/strong> <\/p>\n<p style='font-size: 14px; margin: 0 0 15px 0; color: inherit;'> <a href='https:\/\/www.syscom.mx\/principal\/searchcont?route=9222-VIAKON-183487&#038;autodetect=calibre_18_2hilos' style='color: #005cb9; text-decoration: none; font-weight: 600;'> 9222 <\/a> <a href='https:\/\/www.syscom.mx\/principal\/searchcont?route=9274-VIAKON-183319&#038;autodetect=calibre_18' style='color: #005cb9; text-decoration: none; font-weight: 600; margin: 0 8px;'> 9274 <\/a> <a href='https:\/\/www.syscom.mx\/principal\/searchcont?route=1118-5801\/500-HONEYWELL-HOME-RESIDEO-81074&#038;autodetect=calibre_18_2hilos' style='color: #005cb9; text-decoration: none; font-weight: 600; margin: 0 8px;'> 1118-5801\/500 <\/a> <a href='https:\/\/www.syscom.mx\/principal\/searchcont?route=92-59-VIAKON-78788&#038;autodetect=calibre_18_2hilos' style='color: #005cb9; text-decoration: none; font-weight: 600; margin: 0 8px;'> 92-59 <\/a> <a href='https:\/\/www.syscom.mx\/principal\/searchcont?route=ACCESS-184\/500-AccessPRO-166995&#038;autodetect=ACCESS184' style='color: #005cb9; text-decoration: none; font-weight: 600; margin: 0 8px;'> ACCESS-184\/500 <\/a> <\/p>\n<p style='font-size: 14px; margin: 0; color: inherit;'> *2 A\u00f1os de Garant\u00eda. <\/p>\n<\/p><\/div>\n<\/p><\/div>\n<p> <!-- Separador --> <\/p>\n<hr style='border: 0; border-top: 1px solid rgba(150&comma; 150&comma; 150&comma; 0.3); margin: 30px 0;'> <!-- Secci\u00f3n de media --> <\/p>\n<div style='display: flex; flex-wrap: wrap; gap: 30px; margin-bottom: 30px;'>\n<div style='flex: 1 1 300px; min-width: 280px;'> <img style='width: 100%; height: auto; border: 1px solid rgba(150&comma;150&comma;150&comma;0.3); border-radius: 8px;' src='https:\/\/ftp3.syscom.mx\/usuarios\/fotos\/recursos\/tv_porteros\/tv_portero_343.jpg' alt=''> <\/div>\n<div style='flex: 1 1 300px; min-width: 280px; position: relative; padding-bottom: 56.25%; height: 0; overflow: hidden;'>   <\/div>\n<\/p><\/div>\n<\/p><\/div>\n","protected":false},"excerpt":{"rendered":"<p>Sistema de intercomunicador manos libres para una extensi\u00f3n<\/p>\n","protected":false},"featured_media":111084,"comment_status":"open","ping_status":"closed","template":"","meta":[],"product_brand":[],"product_cat":[916],"product_tag":[908,63,557],"class_list":{"0":"post-111085","1":"product","2":"type-product","3":"status-publish","4":"has-post-thumbnail","6":"product_cat-interfones-videoporteros-e-interfonos","7":"product_tag-interfones","8":"product_tag-syscom","9":"product_tag-videoporteros-e-interfonos","11":"first","12":"instock","13":"sale","14":"shipping-taxable","15":"purchasable","16":"product-type-simple"},"_links":{"self":[{"href":"https:\/\/soydeaqui.ddns.net\/pachuca\/index.php\/wp-json\/wp\/v2\/product\/111085","targetHints":{"allow":["GET"]}}],"collection":[{"href":"https:\/\/soydeaqui.ddns.net\/pachuca\/index.php\/wp-json\/wp\/v2\/product"}],"about":[{"href":"https:\/\/soydeaqui.ddns.net\/pachuca\/index.php\/wp-json\/wp\/v2\/types\/product"}],"replies":[{"embeddable":true,"href":"https:\/\/soydeaqui.ddns.net\/pachuca\/index.php\/wp-json\/wp\/v2\/comments?post=111085"}],"wp:featuredmedia":[{"embeddable":true,"href":"https:\/\/soydeaqui.ddns.net\/pachuca\/index.php\/wp-json\/wp\/v2\/media\/111084"}],"wp:attachment":[{"href":"https:\/\/soydeaqui.ddns.net\/pachuca\/index.php\/wp-json\/wp\/v2\/media?parent=111085"}],"wp:term":[{"taxonomy":"product_brand","embeddable":true,"href":"https:\/\/soydeaqui.ddns.net\/pachuca\/index.php\/wp-json\/wp\/v2\/product_brand?post=111085"},{"taxonomy":"product_cat","embeddable":true,"href":"https:\/\/soydeaqui.ddns.net\/pachuca\/index.php\/wp-json\/wp\/v2\/product_cat?post=111085"},{"taxonomy":"product_tag","embeddable":true,"href":"https:\/\/soydeaqui.ddns.net\/pachuca\/index.php\/wp-json\/wp\/v2\/product_tag?post=111085"}],"curies":[{"name":"wp","href":"https:\/\/api.w.org\/{rel}","templated":true}]}}