{"id":111080,"date":"2026-03-20T20:26:48","date_gmt":"2026-03-20T20:26:48","guid":{"rendered":"https:\/\/soydeaqui.ddns.net\/pachuca\/index.php\/producto\/sistema-de-intercomunicador-manos-libres-para-4-extensiones\/"},"modified":"2026-03-20T20:27:00","modified_gmt":"2026-03-20T20:27:00","slug":"sistema-de-intercomunicador-manos-libres-para-4-extensiones","status":"publish","type":"product","link":"https:\/\/soydeaqui.ddns.net\/pachuca\/index.php\/producto\/sistema-de-intercomunicador-manos-libres-para-4-extensiones\/","title":{"rendered":"Sistema de intercomunicador manos libres para 4 extensi\u00f3nes"},"content":{"rendered":"<div style='width: 100%; max-width: 1200px; margin: 0 auto; font-family: sans-serif; line-height: 1.6; color: inherit; background-color: transparent;'>\n<h2 style='text-align: center; font-size: 24px; margin: 0 0 20px; color: inherit; border-bottom: 2px solid currentColor; padding-bottom: 5px; display: inline-block; width: 100%; max-width: 600px; margin-left: auto; margin-right: auto;'>Intercomunicador de cuatro extensi\u00f3nes<\/h2>\n<div style='display: flex; flex-wrap: wrap; gap: 30px; margin-bottom: 30px;'>\n<div style='flex: 1 1 300px; min-width: 280px;'>\n<h3 style='font-size: 20px; border-bottom: 2px solid currentColor; padding-bottom: 5px; margin-top: 0; color: inherit; opacity: 0.8;'>Caracter\u00edsticas principales<\/h3>\n<ul style='padding-left: 20px; font-size: 14px; color: inherit; list-style-type: disc;'>\n<li style='margin-bottom: 5px;'>Led indicador para llamado en l\u00ednea.<\/li>\n<li style='margin-bottom: 5px;'>Sonido electr\u00f3nico.<\/li>\n<li style='margin-bottom: 5px;'>Distancia t\u00edpica de 200 metros con cable calibre 18.<\/li>\n<li style='margin-bottom: 5px;'>Conexi\u00f3n a 2 hilos.<\/li>\n<li style='margin-bottom: 5px;'>Alimentaci\u00f3n de la extenci\u00f3n (KIC-300S) obtenida por los intercomunicadores KIC-301\/4\/8 seg\u00fan sea el caso.<\/li>\n<li style='margin-bottom: 5px;'>Montaje para pared.<\/li>\n<\/ul><\/div>\n<div style='flex: 1 1 300px; min-width: 280px;'>\n<h3 style='font-size: 20px; border-bottom: 2px solid currentColor; padding-bottom: 5px; margin-top: 0; color: inherit; opacity: 0.8;'>Caracter\u00edsticas F\u00edsicas y El\u00e9ctricas<\/h3>\n<ul style='padding-left: 20px; font-size: 14px; color: inherit; list-style-type: disc;'>\n<li style='margin-bottom: 5px;'>Alimentaci\u00f3n de 6 Vcc con 4 bater\u00edas AA de 1.5 V (no incluidas).<\/li>\n<li style='margin-bottom: 5px;'>Temperatura de operaci\u00f3n: 0 a 50\u00b0C<\/li>\n<li style='margin-bottom: 5px;'>Consumo en reposo 0.2 W y en comunicaci\u00f3n 0.9 W.<\/li>\n<li style='margin-bottom: 5px;'>Consumo de corriente en reposo 30 mA y en comunicaci\u00f3n 150 mA.<\/li>\n<li style='margin-bottom: 5px;'>Dimensiones 125 x 272 x 42 mm.<\/li>\n<\/ul><\/div>\n<div style='flex: 1 1 300px; min-width: 280px;'>\n<h3 style='font-size: 20px; border-bottom: 2px solid currentColor; padding-bottom: 5px; margin-top: 0; color: inherit; opacity: 0.8;'>Caracter\u00edsticas Destacadas<\/h3>\n<p style='font-size: 14px; margin-bottom: 15px; color: inherit;'>Los sistemas de intercomunicadores KIC30# Family son muy redituables ya que al ser equipos anal\u00f3gicos es muy sencilla y fiable su instalaci\u00f3n&comma; para estos equipos se recomienda usar cable calibre 18 100% cobre de preferencia blindado para tener la mayor distancia y calidad de audio.<\/p>\n<h4 style='font-size: 16px; margin-top: 20px; margin-bottom: 10px; color: inherit;'>Cables sugeridos<\/h4>\n<p style='font-size: 14px; margin-bottom: 15px; color: inherit;'> <a style='color: inherit; text-decoration: underline; font-weight: bold;' href='https:\/\/www.syscom.mx\/principal\/searchcont?route=9222-VIAKON-183487&#038;autodetect=calibre_18_2hilos'>9222<\/a> <a style='color: inherit; text-decoration: underline; font-weight: bold; margin-left: 10px;' href='https:\/\/www.syscom.mx\/principal\/searchcont?route=9274-VIAKON-183319&#038;autodetect=calibre_18'>9274<\/a> <a style='color: inherit; text-decoration: underline; font-weight: bold; margin-left: 10px;' href='https:\/\/www.syscom.mx\/principal\/searchcont?route=1118-5801\/500-HONEYWELL-HOME-RESIDEO-81074&#038;autodetect=calibre_18_2hilos'>1118-5801\/500<\/a> <a style='color: inherit; text-decoration: underline; font-weight: bold; margin-left: 10px;' href='https:\/\/www.syscom.mx\/principal\/searchcont?route=92-59-VIAKON-78788&#038;autodetect=calibre_18_2hilos'>92-59<\/a> <a style='color: inherit; text-decoration: underline; font-weight: bold; margin-left: 10px;' href='https:\/\/www.syscom.mx\/principal\/searchcont?route=ACCESS-184\/500-AccessPRO-166995&#038;autodetect=ACCESS184'>ACCESS-184\/500<\/a> <\/p>\n<p style='font-size: 14px; color: inherit; margin-bottom: 0;'><strong>*2 A\u00f1os de Garant\u00eda.<\/strong><\/p>\n<\/p><\/div>\n<\/p><\/div>\n<div style='margin-top: 40px;'>\n<div style='display: flex; flex-wrap: wrap; gap: 30px;'>\n<div style='flex: 1 1 400px; min-width: 300px;'> <img style='width: 100%; height: auto; border: 1px solid rgba(150&comma;150&comma;150&comma;0.3); border-radius: 8px;' src='https:\/\/ftp3.syscom.mx\/usuarios\/fotos\/recursos\/tv_porteros\/tv_portero_343.jpg' alt=''> <\/div>\n<div style='flex: 1 1 400px; min-width: 300px;'>\n<div style='position: relative; padding-bottom: 56.25%; height: 0; overflow: hidden; margin-bottom: 30px;'>   <\/div>\n<\/p><\/div>\n<\/p><\/div>\n<\/p><\/div>\n<\/p><\/div>\n","protected":false},"excerpt":{"rendered":"<p>Sistema de intercomunicador manos libres para 4 extensi\u00f3nes<\/p>\n","protected":false},"featured_media":111079,"comment_status":"open","ping_status":"closed","template":"","meta":[],"product_brand":[],"product_cat":[916],"product_tag":[908,63,557],"class_list":{"0":"post-111080","1":"product","2":"type-product","3":"status-publish","4":"has-post-thumbnail","6":"product_cat-interfones-videoporteros-e-interfonos","7":"product_tag-interfones","8":"product_tag-syscom","9":"product_tag-videoporteros-e-interfonos","11":"first","12":"instock","13":"sale","14":"shipping-taxable","15":"purchasable","16":"product-type-simple"},"_links":{"self":[{"href":"https:\/\/soydeaqui.ddns.net\/pachuca\/index.php\/wp-json\/wp\/v2\/product\/111080","targetHints":{"allow":["GET"]}}],"collection":[{"href":"https:\/\/soydeaqui.ddns.net\/pachuca\/index.php\/wp-json\/wp\/v2\/product"}],"about":[{"href":"https:\/\/soydeaqui.ddns.net\/pachuca\/index.php\/wp-json\/wp\/v2\/types\/product"}],"replies":[{"embeddable":true,"href":"https:\/\/soydeaqui.ddns.net\/pachuca\/index.php\/wp-json\/wp\/v2\/comments?post=111080"}],"wp:featuredmedia":[{"embeddable":true,"href":"https:\/\/soydeaqui.ddns.net\/pachuca\/index.php\/wp-json\/wp\/v2\/media\/111079"}],"wp:attachment":[{"href":"https:\/\/soydeaqui.ddns.net\/pachuca\/index.php\/wp-json\/wp\/v2\/media?parent=111080"}],"wp:term":[{"taxonomy":"product_brand","embeddable":true,"href":"https:\/\/soydeaqui.ddns.net\/pachuca\/index.php\/wp-json\/wp\/v2\/product_brand?post=111080"},{"taxonomy":"product_cat","embeddable":true,"href":"https:\/\/soydeaqui.ddns.net\/pachuca\/index.php\/wp-json\/wp\/v2\/product_cat?post=111080"},{"taxonomy":"product_tag","embeddable":true,"href":"https:\/\/soydeaqui.ddns.net\/pachuca\/index.php\/wp-json\/wp\/v2\/product_tag?post=111080"}],"curies":[{"name":"wp","href":"https:\/\/api.w.org\/{rel}","templated":true}]}}