{"id":111076,"date":"2026-03-20T20:26:39","date_gmt":"2026-03-20T20:26:39","guid":{"rendered":"https:\/\/soydeaqui.ddns.net\/pachuca\/index.php\/producto\/malla-para-sujetar-cable-7-8-para-llevarlo-a-la-punta-de-la-torre\/"},"modified":"2026-03-20T20:26:42","modified_gmt":"2026-03-20T20:26:42","slug":"malla-para-sujetar-cable-7-8-para-llevarlo-a-la-punta-de-la-torre","status":"publish","type":"product","link":"https:\/\/soydeaqui.ddns.net\/pachuca\/index.php\/producto\/malla-para-sujetar-cable-7-8-para-llevarlo-a-la-punta-de-la-torre\/","title":{"rendered":"Malla para Sujetar Cable 7\/8 para Llevarlo a la Punta de la Torre"},"content":{"rendered":"<div style='width: 100%; max-width: 1200px; margin: 0 auto; font-family: sans-serif; line-height: 1.6; color: inherit; background-color: transparent;'> <!-- Secci\u00f3n de caracter\u00edsticas principales --> <\/p>\n<div style='display: flex; flex-wrap: wrap; gap: 30px; margin-bottom: 30px;'>\n<div style='flex: 1 1 300px; min-width: 280px;'>\n<h3 style='font-size: 22px; border-bottom: 2px solid currentColor; padding-bottom: 5px; margin-top: 0; color: inherit; opacity: 0.8;'>Caracter\u00edsticas Principales<\/h3>\n<ul style='padding-left: 20px; font-size: 15px; color: inherit;'>\n<li style='margin-bottom: 5px;'>Malla para sujetar cable 7\/8&#8242; eficiente<\/li>\n<li style='margin-bottom: 5px;'>Fabricado en acero inoxidable duradero y resistente<\/li>\n<li style='margin-bottom: 5px;'>Ideal para instalaci\u00f3n en torres de telecomunicaciones<\/li>\n<li style='margin-bottom: 5px;'>Dise\u00f1o ligero para f\u00e1cil transportaci\u00f3n en altura<\/li>\n<li style='margin-bottom: 5px;'>Material anticorrosivo para ambientes exteriores exigentes<\/li>\n<\/ul><\/div>\n<\/p><\/div>\n<p> <!-- Secci\u00f3n de especificaciones t\u00e9cnicas --> <\/p>\n<div style='display: flex; flex-wrap: wrap; gap: 20px; margin-bottom: 30px;'>\n<div style='flex: 1 1 250px; border: 1px solid rgba(150&comma; 150&comma; 150&comma; 0.4); border-radius: 8px; overflow: hidden; display: flex; flex-direction: column;'>\n<div style='padding: 15px; border-bottom: 1px solid rgba(150&comma; 150&comma; 150&comma; 0.2); font-weight: bold; font-size: 18px; color: inherit;'>Especificaciones T\u00e9cnicas<\/div>\n<div style='padding: 15px; color: inherit;'>\n<ul style='padding-left: 20px; margin: 0; font-size: 14px; list-style-type: disc;'>\n<li style='margin-bottom: 5px;'><strong>Tama\u00f1o nominal:<\/strong> 7\/8&#8242;<\/li>\n<li style='margin-bottom: 5px;'><strong>Longitud m\u00ednima del agarre:<\/strong> 431.80 mm | 17.00 in<\/li>\n<li style='margin-bottom: 5px;'><strong>Longitud m\u00ednima del l\u00edder:<\/strong> 330.20 mm | 13.00 in<\/li>\n<li style='margin-bottom: 5px;'><strong>Efecto DTF:<\/strong> 0.1 dB<\/li>\n<li style='margin-bottom: 5px;'><strong>Efecto de p\u00e9rdida de retorno:<\/strong> 0.1 dB<\/li>\n<li style='margin-bottom: 5px;'><strong>Capacidad de carga de tracci\u00f3n:<\/strong> 500 lb<\/li>\n<li style='margin-bottom: 5px;'><strong>Peso de env\u00edo:<\/strong> 0.33 kg | 0.72 lb<\/li>\n<\/ul><\/div>\n<\/p><\/div>\n<p> <!-- Secci\u00f3n de especificaciones generales --> <\/p>\n<div style='flex: 1 1 250px; border: 1px solid rgba(150&comma; 150&comma; 150&comma; 0.4); border-radius: 8px; overflow: hidden; display: flex; flex-direction: column;'>\n<div style='padding: 15px; border-bottom: 1px solid rgba(150&comma; 150&comma; 150&comma; 0.2); font-weight: bold; font-size: 18px; color: inherit;'>Especificaciones Generales<\/div>\n<div style='padding: 15px; color: inherit;'>\n<ul style='padding-left: 20px; margin: 0; font-size: 14px; list-style-type: disc;'>\n<li style='margin-bottom: 5px;'><strong>Tipo de herramienta:<\/strong> Agarre de izado<\/li>\n<li style='margin-bottom: 5px;'><strong>Tipo de agarre de izado:<\/strong> Agarre de izado de soporte<\/li>\n<li style='margin-bottom: 5px;'><strong>Espaciado de fijaci\u00f3n:<\/strong> 61 m | 200 ft<\/li>\n<li style='margin-bottom: 5px;'><strong>Herramienta de instalaci\u00f3n:<\/strong> Requerida; no incluida<\/li>\n<li style='margin-bottom: 5px;'><strong>Tipo de material:<\/strong> Acero inoxidable<\/li>\n<li style='margin-bottom: 5px;'><strong>Nota de pedido:<\/strong> Producto est\u00e1ndar CommScope\u00ae (Global)<\/li>\n<li style='margin-bottom: 5px;'><strong>Cantidad por empaque:<\/strong> 1<\/li>\n<li style='margin-bottom: 5px;'><strong>Abrazadera de soporte:<\/strong> Incluida<\/li>\n<\/ul><\/div>\n<\/p><\/div>\n<p> <!-- Secci\u00f3n de normas y certificaciones --> <\/p>\n<div style='flex: 1 1 250px; border: 1px solid rgba(150&comma; 150&comma; 150&comma; 0.4); border-radius: 8px; overflow: hidden; display: flex; flex-direction: column;'>\n<div style='padding: 15px; border-bottom: 1px solid rgba(150&comma; 150&comma; 150&comma; 0.2); font-weight: bold; font-size: 18px; color: inherit;'>Normas y Certificaciones<\/div>\n<div style='padding: 15px; color: inherit;'>\n<ul style='padding-left: 20px; margin: 0; font-size: 14px; list-style-type: disc;'>\n<li style='margin-bottom: 5px;'><strong>Clasificaci\u00f3n de agencia:<\/strong> ISO 9001:2008<\/li>\n<li style='margin-bottom: 5px;'><strong>Conformidad:<\/strong> Dise\u00f1ado&comma; fabricado y\/o distribuido bajo este sistema de gesti\u00f3n de calidad<\/li>\n<\/ul><\/div>\n<\/p><\/div>\n<\/p><\/div>\n<p> <!-- Separador --> <\/p>\n<hr style='border: 0; border-top: 1px solid rgba(150&comma; 150&comma; 150&comma; 0.3); margin: 30px 0;'> <\/div>\n","protected":false},"excerpt":{"rendered":"<p>Malla para Sujetar Cable 7\/8 para Llevarlo a la Punta de la Torre<\/p>\n","protected":false},"featured_media":111075,"comment_status":"open","ping_status":"closed","template":"","meta":[],"product_brand":[],"product_cat":[1675],"product_tag":[93,1330,138],"class_list":{"0":"post-111076","1":"product","2":"type-product","3":"status-publish","4":"has-post-thumbnail","6":"product_cat-accesorios-cables-radiocomunicacion","7":"product_tag-accesorios","8":"product_tag-andrew-commscope","9":"product_tag-cables","11":"first","12":"outofstock","13":"sale","14":"shipping-taxable","15":"purchasable","16":"product-type-simple"},"_links":{"self":[{"href":"https:\/\/soydeaqui.ddns.net\/pachuca\/index.php\/wp-json\/wp\/v2\/product\/111076","targetHints":{"allow":["GET"]}}],"collection":[{"href":"https:\/\/soydeaqui.ddns.net\/pachuca\/index.php\/wp-json\/wp\/v2\/product"}],"about":[{"href":"https:\/\/soydeaqui.ddns.net\/pachuca\/index.php\/wp-json\/wp\/v2\/types\/product"}],"replies":[{"embeddable":true,"href":"https:\/\/soydeaqui.ddns.net\/pachuca\/index.php\/wp-json\/wp\/v2\/comments?post=111076"}],"wp:featuredmedia":[{"embeddable":true,"href":"https:\/\/soydeaqui.ddns.net\/pachuca\/index.php\/wp-json\/wp\/v2\/media\/111075"}],"wp:attachment":[{"href":"https:\/\/soydeaqui.ddns.net\/pachuca\/index.php\/wp-json\/wp\/v2\/media?parent=111076"}],"wp:term":[{"taxonomy":"product_brand","embeddable":true,"href":"https:\/\/soydeaqui.ddns.net\/pachuca\/index.php\/wp-json\/wp\/v2\/product_brand?post=111076"},{"taxonomy":"product_cat","embeddable":true,"href":"https:\/\/soydeaqui.ddns.net\/pachuca\/index.php\/wp-json\/wp\/v2\/product_cat?post=111076"},{"taxonomy":"product_tag","embeddable":true,"href":"https:\/\/soydeaqui.ddns.net\/pachuca\/index.php\/wp-json\/wp\/v2\/product_tag?post=111076"}],"curies":[{"name":"wp","href":"https:\/\/api.w.org\/{rel}","templated":true}]}}