{"id":111043,"date":"2026-03-20T20:24:58","date_gmt":"2026-03-20T20:24:58","guid":{"rendered":"https:\/\/soydeaqui.ddns.net\/pachuca\/index.php\/producto\/protector-rf-coaxial-con-filtro-pasa-altas-para-1-8-3-8-ghz-y-4-2-6-0-ghz-con-conectores-n-hembra\/"},"modified":"2026-03-20T20:25:00","modified_gmt":"2026-03-20T20:25:00","slug":"protector-rf-coaxial-con-filtro-pasa-altas-para-1-8-3-8-ghz-y-4-2-6-0-ghz-con-conectores-n-hembra","status":"publish","type":"product","link":"https:\/\/soydeaqui.ddns.net\/pachuca\/index.php\/producto\/protector-rf-coaxial-con-filtro-pasa-altas-para-1-8-3-8-ghz-y-4-2-6-0-ghz-con-conectores-n-hembra\/","title":{"rendered":"Protector RF Coaxial Con Filtro Pasa Altas Para 1.8 &#8211; 3.8 GHz y 4.2 &#8211; 6.0 GHz Con Conectores N Hembra"},"content":{"rendered":"<div style='width: 100%; max-width: 1200px; margin: 0 auto; font-family: sans-serif; line-height: 1.6; color: inherit; background-color: transparent;'>\n<div style='display: flex; flex-wrap: wrap; gap: 30px; margin-bottom: 30px;'>\n<div style='flex: 1 1 300px; min-width: 280px;'>\n<h3 style='font-size: 22px; border-bottom: 2px solid currentColor; padding-bottom: 5px; margin-top: 0; color: inherit; opacity: 0.8;'>Caracter\u00edsticas Principales<\/h3>\n<ul style='padding-left: 20px; font-size: 15px; color: inherit;'>\n<li style='margin-bottom: 5px;'>Dise\u00f1o ultra compacto y patentado<\/li>\n<li style='margin-bottom: 5px;'>Camino RF bloqueado de DC<\/li>\n<li style='margin-bottom: 5px;'>M\u00e1ximo rendimiento RF<\/li>\n<li style='margin-bottom: 5px;'>Ancho de banda ultra amplio<\/li>\n<li style='margin-bottom: 5px;'>M\u00ednima energ\u00eda de paso<\/li>\n<li style='margin-bottom: 5px;'>Capaz de m\u00faltiples descargas<\/li>\n<li style='margin-bottom: 5px;'>Vivienda completamente a prueba de intemperie<\/li>\n<li style='margin-bottom: 5px;'>Sin tubos de gas que reemplazar<\/li>\n<li style='margin-bottom: 5px;'>Mantenimiento libre<\/li>\n<li style='margin-bottom: 5px;'>Garant\u00eda de 10 a\u00f1os<\/li>\n<\/ul><\/div>\n<div style='flex: 1 1 300px; min-width: 280px;'>\n<h3 style='font-size: 22px; border-bottom: 2px solid currentColor; padding-bottom: 5px; margin-top: 0; color: inherit; opacity: 0.8;'>Especificaciones Ambientales<\/h3>\n<ul style='padding-left: 20px; font-size: 15px; color: inherit;'>\n<li style='margin-bottom: 5px;'>Vivienda a prueba de intemperie IP65<\/li>\n<li style='margin-bottom: 5px;'>Prueba de intrusi\u00f3n de lluvia<\/li>\n<li style='margin-bottom: 5px;'>Temperatura de almacenamiento y operaci\u00f3n: -40\u00baC a +85\u00baC<\/li>\n<li style='margin-bottom: 5px;'>Vibraci\u00f3n: 1G @ 5Hz a 100Hz<\/li>\n<li style='margin-bottom: 5px;'>Humedad: 0 a 100% condensante<\/li>\n<\/ul><\/div>\n<div style='flex: 1 1 300px; min-width: 280px;'>\n<h3 style='font-size: 22px; border-bottom: 2px solid currentColor; padding-bottom: 5px; margin-top: 0; color: inherit; opacity: 0.8;'>Especificaciones T\u00e9cnicas<\/h3>\n<ul style='padding-left: 20px; font-size: 15px; color: inherit;'>\n<li style='margin-bottom: 5px;'><strong>Rango de frecuencia:<\/strong> 1800-3800 MHz y 4200-6000 MHz<\/li>\n<li style='margin-bottom: 5px;'><strong>Conectores:<\/strong> N Hembra<\/li>\n<li style='margin-bottom: 5px;'><strong>Potencia m\u00e1xima:<\/strong> 10 Watts<\/li>\n<li style='margin-bottom: 5px;'><strong>P\u00e9rdida por inserci\u00f3n:<\/strong> \u2264 0.2 dB<\/li>\n<li style='margin-bottom: 5px;'><strong>P\u00e9rdida de retorno:<\/strong> >20 dB<\/li>\n<li style='margin-bottom: 5px;'><strong>Corriente de sobretensi\u00f3n:<\/strong> 20kA&comma; 8&#215;20\u00b5S<\/li>\n<li style='margin-bottom: 5px;'><strong>Energ\u00eda de paso:<\/strong> <10 nJ<\/li>\n<\/ul><\/div>\n<\/p><\/div>\n<div style='display: flex; flex-wrap: wrap; gap: 20px; margin-bottom: 30px;'>\n<div style='flex: 1 1 250px; border: 1px solid rgba(150&comma; 150&comma; 150&comma; 0.4); border-radius: 8px; overflow: hidden; display: flex; flex-direction: column;'>\n<div style='padding: 15px; border-bottom: 1px solid rgba(150&comma; 150&comma; 150&comma; 0.2); font-weight: bold; font-size: 18px; color: inherit;'>Aplicaciones<\/div>\n<div style='padding: 15px; color: inherit;'>\n<ul style='padding-left: 20px; margin: 0; font-size: 14px; list-style-type: disc;'>\n<li style='margin-bottom: 5px;'>Protecci\u00f3n de l\u00edneas de alimentaci\u00f3n RF de alta potencia<\/li>\n<li style='margin-bottom: 5px;'>Sitios de microondas de baja potencia (2-10 GHz)<\/li>\n<li style='margin-bottom: 5px;'>Sistemas de comunicaci\u00f3n inal\u00e1mbrica<\/li>\n<li style='margin-bottom: 5px;'>Infraestructura de telecomunicaciones<\/li>\n<\/ul><\/div>\n<\/p><\/div>\n<div style='flex: 1 1 250px; border: 1px solid rgba(150&comma; 150&comma; 150&comma; 0.4); border-radius: 8px; overflow: hidden; display: flex; flex-direction: column;'>\n<div style='padding: 15px; border-bottom: 1px solid rgba(150&comma; 150&comma; 150&comma; 0.2); font-weight: bold; font-size: 18px; color: inherit;'>Requerimientos de Instalaci\u00f3n<\/div>\n<div style='padding: 15px; color: inherit;'>\n<ul style='padding-left: 20px; margin: 0; font-size: 14px; list-style-type: disc;'>\n<li style='margin-bottom: 5px;'>Conexi\u00f3n a tierra de baja impedancia (baja R y baja L)<\/li>\n<li style='margin-bottom: 5px;'>Interconexi\u00f3n con tierra de torre y tierra de alimentaci\u00f3n<\/li>\n<li style='margin-bottom: 5px;'>Uso de correa de cobre de superficie amplia<\/li>\n<li style='margin-bottom: 5px;'>Radio m\u00ednimo de curvatura de 8&#8242; (203.2mm) en correas<\/li>\n<li style='margin-bottom: 5px;'>Cable de tierra de 6AWG si es menor a 12 pulgadas<\/li>\n<\/ul><\/div>\n<\/p><\/div>\n<div style='flex: 1 1 250px; border: 1px solid rgba(150&comma; 150&comma; 150&comma; 0.4); border-radius: 8px; overflow: hidden; display: flex; flex-direction: column;'>\n<div style='padding: 15px; border-bottom: 1px solid rgba(150&comma; 150&comma; 150&comma; 0.2); font-weight: bold; font-size: 18px; color: inherit;'>Opciones de Montaje<\/div>\n<div style='padding: 15px; color: inherit;'>\n<ul style='padding-left: 20px; margin: 0; font-size: 14px; list-style-type: disc;'>\n<li style='margin-bottom: 5px;'>Montaje con bracket BFN\/BFD (no incluye hardware)<\/li>\n<li style='margin-bottom: 5px;'>Montaje con terminal N (TLN) o Din (TLD)<\/li>\n<li style='margin-bottom: 5px;'>Montaje con correa de cobre (CS112-25) con hardware 9100-0413<\/li>\n<\/ul><\/div>\n<\/p><\/div>\n<\/p><\/div>\n<hr style='border: 0; border-top: 1px solid rgba(150&comma; 150&comma; 150&comma; 0.3); margin: 30px 0;'>\n<div style='display: flex; flex-wrap: wrap; gap: 20px;'>\n<div style='flex: 1 1 300px; min-width: 280px;'>\n<h3 style='font-size: 22px; border-bottom: 2px solid currentColor; padding-bottom: 5px; margin-top: 0; color: inherit; opacity: 0.8;'>Recomendaciones de Seguridad<\/h3>\n<ul style='padding-left: 20px; font-size: 15px; color: inherit;'>\n<li style='margin-bottom: 5px;'>La unidad debe conectarse a un sistema de tierra de baja impedancia<\/li>\n<li style='margin-bottom: 5px;'>La conexi\u00f3n a tierra debe interconectarse con la torre y tierra de alimentaci\u00f3n<\/li>\n<li style='margin-bottom: 5px;'>Minimizar la inductancia en conexiones a tierra<\/li>\n<li style='margin-bottom: 5px;'>Evitar curvas bruscas en las correas de cobre<\/li>\n<li style='margin-bottom: 5px;'>Usar superficie amplia de cobre para mejor drenaje de sobretensi\u00f3n<\/li>\n<\/ul><\/div>\n<div style='flex: 1 1 300px; min-width: 280px;'>\n<h3 style='font-size: 22px; border-bottom: 2px solid currentColor; padding-bottom: 5px; margin-top: 0; color: inherit; opacity: 0.8;'>Accesorios Recomendados<\/h3>\n<ul style='padding-left: 20px; font-size: 15px; color: inherit;'>\n<li style='margin-bottom: 5px;'>Paneles de entrada de tierra de punto \u00fanico<\/li>\n<li style='margin-bottom: 5px;'>Kits de conexi\u00f3n a tierra de blindaje de cable<\/li>\n<li style='margin-bottom: 5px;'>Kits de montaje en torre<\/li>\n<li style='margin-bottom: 5px;'>Kits de protecci\u00f3n contra intemperie<\/li>\n<li style='margin-bottom: 5px;'>Cable de conexi\u00f3n a tierra Uni-Kit<\/li>\n<\/ul><\/div>\n<\/p><\/div>\n<\/p><\/div>\n","protected":false},"excerpt":{"rendered":"<p>Protector RF Coaxial Con Filtro Pasa Altas Para 1.8 &#8211; 3.8 GHz y 4.2 &#8211; 6.0 GHz Con Conectores N Hembra<\/p>\n","protected":false},"featured_media":111042,"comment_status":"open","ping_status":"closed","template":"","meta":[],"product_brand":[],"product_cat":[543],"product_tag":[545,549,544],"class_list":{"0":"post-111043","1":"product","2":"type-product","3":"status-publish","4":"has-post-thumbnail","6":"product_cat-coaxial","7":"product_tag-coaxial","8":"product_tag-polyphaser","9":"product_tag-proteccion-contra-descarga","11":"first","12":"outofstock","13":"sale","14":"shipping-taxable","15":"purchasable","16":"product-type-simple"},"_links":{"self":[{"href":"https:\/\/soydeaqui.ddns.net\/pachuca\/index.php\/wp-json\/wp\/v2\/product\/111043","targetHints":{"allow":["GET"]}}],"collection":[{"href":"https:\/\/soydeaqui.ddns.net\/pachuca\/index.php\/wp-json\/wp\/v2\/product"}],"about":[{"href":"https:\/\/soydeaqui.ddns.net\/pachuca\/index.php\/wp-json\/wp\/v2\/types\/product"}],"replies":[{"embeddable":true,"href":"https:\/\/soydeaqui.ddns.net\/pachuca\/index.php\/wp-json\/wp\/v2\/comments?post=111043"}],"wp:featuredmedia":[{"embeddable":true,"href":"https:\/\/soydeaqui.ddns.net\/pachuca\/index.php\/wp-json\/wp\/v2\/media\/111042"}],"wp:attachment":[{"href":"https:\/\/soydeaqui.ddns.net\/pachuca\/index.php\/wp-json\/wp\/v2\/media?parent=111043"}],"wp:term":[{"taxonomy":"product_brand","embeddable":true,"href":"https:\/\/soydeaqui.ddns.net\/pachuca\/index.php\/wp-json\/wp\/v2\/product_brand?post=111043"},{"taxonomy":"product_cat","embeddable":true,"href":"https:\/\/soydeaqui.ddns.net\/pachuca\/index.php\/wp-json\/wp\/v2\/product_cat?post=111043"},{"taxonomy":"product_tag","embeddable":true,"href":"https:\/\/soydeaqui.ddns.net\/pachuca\/index.php\/wp-json\/wp\/v2\/product_tag?post=111043"}],"curies":[{"name":"wp","href":"https:\/\/api.w.org\/{rel}","templated":true}]}}