{"id":111041,"date":"2026-03-20T20:24:53","date_gmt":"2026-03-20T20:24:53","guid":{"rendered":"https:\/\/soydeaqui.ddns.net\/pachuca\/index.php\/producto\/protector-coaxial-rf-con-filtro-para-1-8-ghz-a-3-8-ghz-y-4-2-ghz-a-6-0-ghz-con-conector-n-macho-al-equipo\/"},"modified":"2026-03-20T20:24:55","modified_gmt":"2026-03-20T20:24:55","slug":"protector-coaxial-rf-con-filtro-para-1-8-ghz-a-3-8-ghz-y-4-2-ghz-a-6-0-ghz-con-conector-n-macho-al-equipo","status":"publish","type":"product","link":"https:\/\/soydeaqui.ddns.net\/pachuca\/index.php\/producto\/protector-coaxial-rf-con-filtro-para-1-8-ghz-a-3-8-ghz-y-4-2-ghz-a-6-0-ghz-con-conector-n-macho-al-equipo\/","title":{"rendered":"Protector Coaxial RF Con Filtro Para 1.8 GHz a 3.8 GHz y 4.2 GHz a 6.0 GHz con Conector  N Macho al Equipo"},"content":{"rendered":"<div style='width: 100%; max-width: 1200px; margin: 0 auto; font-family: sans-serif; line-height: 1.6; color: inherit; background-color: transparent;'> <!-- Secci\u00f3n de contenido con flex\/grid --> <\/p>\n<div style='display: flex; flex-wrap: wrap; gap: 30px; margin-bottom: 30px;'>\n<div style='flex: 1 1 300px; min-width: 280px;'>\n<h3 style='font-size: 22px; border-bottom: 2px solid currentColor; padding-bottom: 5px; margin-top: 0; color: inherit; opacity: 0.8;'>Descripci\u00f3n<\/h3>\n<p style='color: inherit; font-size: 15px; line-height: 1.6; margin: 15px 0;'>Supresor coaxial RF con bobina inductora patentada&comma; bloqueador de DC&comma; protecci\u00f3n contra descargas dise\u00f1ado para se\u00f1ales de altas potencias con pasa bandas desde los 1.8 GHz a 3.8 GHz y 4.2 GHz a 6.0 GHz.<\/p>\n<div style='width: 100%; text-align: center; margin: 20px 0;'> <img style='width: 100%; max-width: 300px; height: auto; border: 1px solid rgba(150&comma;150&comma;150&comma;0.3); border-radius: 8px;' src='http:\/\/www.polyphaser.com\/SiteMedia\/SiteResources\/Brands\/Polyphaser\/Logos\/polyphaser_4.png?width=268&#038;height=118&#038;ext=.png' alt='Imagen relacionada'> <\/div>\n<\/p><\/div>\n<\/p><\/div>\n<p> <!-- Secci\u00f3n de cards con especificaciones --> <\/p>\n<div style='display: flex; flex-wrap: wrap; gap: 20px; margin-bottom: 30px;'>\n<div style='flex: 1 1 250px; border: 1px solid rgba(150&comma; 150&comma; 150&comma; 0.4); border-radius: 8px; overflow: hidden; display: flex; flex-direction: column;'>\n<div style='padding: 15px; border-bottom: 1px solid rgba(150&comma; 150&comma; 150&comma; 0.2); font-weight: bold; font-size: 18px; color: inherit;'>Especificaciones generales<\/div>\n<div style='padding: 15px; color: inherit;'>\n<ul style='padding-left: 20px; margin: 0; font-size: 14px; list-style-type: disc;'>\n<li style='margin-bottom: 5px;'><strong>Tipo de protecci\u00f3n:<\/strong> Bloqueador de DC<\/li>\n<li style='margin-bottom: 5px;'><strong>Tipo de montaje:<\/strong> mampara (Bulkhead)<\/li>\n<li style='margin-bottom: 5px;'><strong>PIM Rated:<\/strong> N<\/li>\n<li style='margin-bottom: 5px;'><strong>Estandares:<\/strong> CE Compliant&comma; IEC 60529 IP65&comma; Bellcore #TA-NWT-000487<\/li>\n<li style='margin-bottom: 5px;'><strong>Conectores:<\/strong> N<\/li>\n<li style='margin-bottom: 5px;'><strong>Conector del lado de descarga:<\/strong> N hembra<\/li>\n<li style='margin-bottom: 5px;'><strong>Conector del lado protegido:<\/strong> N macho<\/li>\n<li style='margin-bottom: 5px;'><strong>Rango de frecuancia:<\/strong> 1.8 GHz a 3.8 GHz y 4.2 GHz a 6.0 GHz<\/li>\n<li style='margin-bottom: 5px;'><strong>Potencia en RF:<\/strong> 10 W<\/li>\n<li style='margin-bottom: 5px;'><strong>VSWR:<\/strong> \u22641.2:1 Typical \u22641.3:1 Max<\/li>\n<li style='margin-bottom: 5px;'><strong>Perdida por inserci\u00f3n:<\/strong> \u22640.2 dB<\/li>\n<li style='margin-bottom: 5px;'><strong>Protocolo\/Aplicaci\u00f3n:<\/strong> bloque DC&comma; y protecci\u00f3n RF<\/li>\n<\/ul><\/div>\n<\/p><\/div>\n<\/p><\/div>\n<p> <!-- Separador --> <\/p>\n<hr style='border: 0; border-top: 1px solid rgba(150&comma; 150&comma; 150&comma; 0.3); margin: 30px 0;'> <\/div>\n","protected":false},"excerpt":{"rendered":"<p>Protector Coaxial RF Con Filtro Para 1.8 GHz a 3.8 GHz y 4.2 GHz a 6.0 GHz con Conector  N Macho al Equipo<\/p>\n","protected":false},"featured_media":111040,"comment_status":"open","ping_status":"closed","template":"","meta":[],"product_brand":[],"product_cat":[1334],"product_tag":[545,549,898],"class_list":{"0":"post-111041","1":"product","2":"type-product","3":"status-publish","4":"has-post-thumbnail","6":"product_cat-coaxial-proteccion-contra-descargas","7":"product_tag-coaxial","8":"product_tag-polyphaser","9":"product_tag-proteccion-contra-descargas","11":"first","12":"instock","13":"sale","14":"shipping-taxable","15":"purchasable","16":"product-type-simple"},"_links":{"self":[{"href":"https:\/\/soydeaqui.ddns.net\/pachuca\/index.php\/wp-json\/wp\/v2\/product\/111041","targetHints":{"allow":["GET"]}}],"collection":[{"href":"https:\/\/soydeaqui.ddns.net\/pachuca\/index.php\/wp-json\/wp\/v2\/product"}],"about":[{"href":"https:\/\/soydeaqui.ddns.net\/pachuca\/index.php\/wp-json\/wp\/v2\/types\/product"}],"replies":[{"embeddable":true,"href":"https:\/\/soydeaqui.ddns.net\/pachuca\/index.php\/wp-json\/wp\/v2\/comments?post=111041"}],"wp:featuredmedia":[{"embeddable":true,"href":"https:\/\/soydeaqui.ddns.net\/pachuca\/index.php\/wp-json\/wp\/v2\/media\/111040"}],"wp:attachment":[{"href":"https:\/\/soydeaqui.ddns.net\/pachuca\/index.php\/wp-json\/wp\/v2\/media?parent=111041"}],"wp:term":[{"taxonomy":"product_brand","embeddable":true,"href":"https:\/\/soydeaqui.ddns.net\/pachuca\/index.php\/wp-json\/wp\/v2\/product_brand?post=111041"},{"taxonomy":"product_cat","embeddable":true,"href":"https:\/\/soydeaqui.ddns.net\/pachuca\/index.php\/wp-json\/wp\/v2\/product_cat?post=111041"},{"taxonomy":"product_tag","embeddable":true,"href":"https:\/\/soydeaqui.ddns.net\/pachuca\/index.php\/wp-json\/wp\/v2\/product_tag?post=111041"}],"curies":[{"name":"wp","href":"https:\/\/api.w.org\/{rel}","templated":true}]}}