{"id":111018,"date":"2026-03-20T20:23:41","date_gmt":"2026-03-20T20:23:41","guid":{"rendered":"https:\/\/soydeaqui.ddns.net\/pachuca\/index.php\/producto\/sistema-de-interfon-multiple\/"},"modified":"2026-03-20T20:23:55","modified_gmt":"2026-03-20T20:23:55","slug":"sistema-de-interfon-multiple","status":"publish","type":"product","link":"https:\/\/soydeaqui.ddns.net\/pachuca\/index.php\/producto\/sistema-de-interfon-multiple\/","title":{"rendered":"Sistema de Interf\u00f3n M\u00faltiple"},"content":{"rendered":"<div style='width: 100%; max-width: 1200px; margin: 0 auto; font-family: sans-serif; line-height: 1.6; color: inherit; background-color: transparent;'>\n<div style='display: flex; flex-wrap: wrap; gap: 30px; margin-bottom: 30px;'>\n<div style='flex: 1 1 300px; min-width: 280px;'>\n<h3 style='font-size: 22px; border-bottom: 2px solid currentColor; padding-bottom: 5px; margin-top: 0; color: inherit; opacity: 0.8;'>Caracter\u00edsticas principales<\/h3>\n<ul style='padding-left: 20px; font-size: 15px; color: inherit;'>\n<li style='margin-bottom: 5px;'>Permite tener comunicaci\u00f3n entre los Interfonos (seleccionable)<\/li>\n<li style='margin-bottom: 5px;'>Llamada selectiva y llamada grupal<\/li>\n<li style='margin-bottom: 5px;'>Caracter\u00edstica 3<\/li>\n<\/ul><\/div>\n<div style='flex: 1 1 300px; min-width: 280px;'>\n<h3 style='font-size: 22px; border-bottom: 2px solid currentColor; padding-bottom: 5px; margin-top: 0; color: inherit; opacity: 0.8;'>Caracter\u00edsticas F\u00edsicas y El\u00e9ctricas<\/h3>\n<ul style='padding-left: 20px; font-size: 15px; color: inherit;'>\n<li style='margin-bottom: 5px;'>Alimentaci\u00f3n: 24 Vdc a 1.2 A<\/li>\n<li style='margin-bottom: 5px;'>Consumo: Sin Carga; 0.85 Wats \u2013 Con Carga; 1.7 Wats<\/li>\n<li style='margin-bottom: 5px;'>Cantidad de cables: 4 en paralelo (voz&comma; llamada&comma; V + y tierra)<\/li>\n<li style='margin-bottom: 5px;'>Fuente de alimentacion PSM1 o similar<\/li>\n<\/ul><\/div>\n<div style='flex: 1 1 300px; min-width: 280px;'>\n<h3 style='font-size: 22px; border-bottom: 2px solid currentColor; padding-bottom: 5px; margin-top: 0; color: inherit; opacity: 0.8;'>Caracter\u00edsticas Destacadas<\/h3>\n<p style='font-size: 15px; color: inherit; margin-bottom: 15px;'> Los sistemas de intercomunicadores KIP-611-PG son muy redituables ya que al ser equipos anal\u00f3gicos es muy sencilla y fiable su instalaci\u00f3n&comma; para estos equipos se recomienda usar cable calibre 18 100% cobre de preferencia blindado para tener la mayor distancia y calidad de audio. <\/p>\n<p style='font-size: 15px; color: inherit; margin-bottom: 15px;'> <strong style='font-weight: bold;'>Cables sugeridos<\/strong><br \/> <a style='color: inherit; text-decoration: none; font-weight: 600;' href='https:\/\/www.syscom.mx\/principal\/searchcont?route=9274-VIAKON-183319&#038;autodetect=calibre_18'>9274<\/a> <a style='color: inherit; text-decoration: none;' href='https:\/\/www.syscom.mx\/principal\/searchcont?route=1119-5501\/500-HONEYWELL-HOME-RESIDEO-74981&#038;autodetect=111955'>1119-5501\/500<\/a> <a style='color: inherit; text-decoration: none;' href='https:\/\/www.syscom.mx\/principal\/searchcont?route=92-70-VIAKON-78789&#038;autodetect=calibre_18'>92-70<\/a> <a style='color: inherit; text-decoration: none; font-weight: 600;' href='https:\/\/www.syscom.mx\/principal\/searchcont?route=ACCESS-184\/500-AccessPRO-166995&#038;autodetect=ACCESS184'>ACCESS-184\/500<\/a> <\/p>\n<p style='font-size: 15px; color: inherit; margin-bottom: 0;'> *2 A\u00f1os de Garant\u00eda. <\/p>\n<\/p><\/div>\n<\/p><\/div>\n<p> <!-- Separador --> <\/p>\n<hr style='border: 0; border-top: 1px solid rgba(150&comma; 150&comma; 150&comma; 0.3); margin: 30px 0;'> <!-- Diagrama de aplicaci\u00f3n --> <\/p>\n<div style='margin-bottom: 30px;'>\n<h3 style='font-size: 22px; border-bottom: 2px solid currentColor; padding-bottom: 5px; margin-top: 0; color: inherit; opacity: 0.8; margin-bottom: 20px;'>Diagramas de Aplicaci\u00f3n<\/h3>\n<p> <img style='width: 100%; height: auto; border: 1px solid rgba(150&comma;150&comma;150&comma;0.3); border-radius: 8px;' src='http:\/\/ftp3.syscom.mx\/usuarios\/gjimenez\/KOCOM\/FOTOS\/KIP611%20diag%20con.jpg' alt=''> <\/div>\n<p> <!-- Videos --> <\/p>\n<div style='display: flex; flex-wrap: wrap; gap: 20px; margin-bottom: 30px;'>\n<div style='flex: 1 1 560px; min-width: 300px;'>\n<div style='position: relative; padding-bottom: 56.25%; height: 0; overflow: hidden;'>   <\/div>\n<\/p><\/div>\n<div style='flex: 1 1 560px; min-width: 300px;'>\n<div style='position: relative; padding-bottom: 56.25%; height: 0; overflow: hidden;'>   <\/div>\n<\/p><\/div>\n<\/p><\/div>\n<\/p><\/div>\n","protected":false},"excerpt":{"rendered":"<p>Sistema de Interf\u00f3n M\u00faltiple<\/p>\n","protected":false},"featured_media":111017,"comment_status":"open","ping_status":"closed","template":"","meta":[],"product_brand":[],"product_cat":[866],"product_tag":[789,799,557],"class_list":{"0":"post-111018","1":"product","2":"type-product","3":"status-publish","4":"has-post-thumbnail","6":"product_cat-intercomunicadores-videoporteros-e-interfonos","7":"product_tag-intercomunicadores","8":"product_tag-kocom","9":"product_tag-videoporteros-e-interfonos","11":"first","12":"instock","13":"sale","14":"shipping-taxable","15":"purchasable","16":"product-type-simple"},"_links":{"self":[{"href":"https:\/\/soydeaqui.ddns.net\/pachuca\/index.php\/wp-json\/wp\/v2\/product\/111018","targetHints":{"allow":["GET"]}}],"collection":[{"href":"https:\/\/soydeaqui.ddns.net\/pachuca\/index.php\/wp-json\/wp\/v2\/product"}],"about":[{"href":"https:\/\/soydeaqui.ddns.net\/pachuca\/index.php\/wp-json\/wp\/v2\/types\/product"}],"replies":[{"embeddable":true,"href":"https:\/\/soydeaqui.ddns.net\/pachuca\/index.php\/wp-json\/wp\/v2\/comments?post=111018"}],"wp:featuredmedia":[{"embeddable":true,"href":"https:\/\/soydeaqui.ddns.net\/pachuca\/index.php\/wp-json\/wp\/v2\/media\/111017"}],"wp:attachment":[{"href":"https:\/\/soydeaqui.ddns.net\/pachuca\/index.php\/wp-json\/wp\/v2\/media?parent=111018"}],"wp:term":[{"taxonomy":"product_brand","embeddable":true,"href":"https:\/\/soydeaqui.ddns.net\/pachuca\/index.php\/wp-json\/wp\/v2\/product_brand?post=111018"},{"taxonomy":"product_cat","embeddable":true,"href":"https:\/\/soydeaqui.ddns.net\/pachuca\/index.php\/wp-json\/wp\/v2\/product_cat?post=111018"},{"taxonomy":"product_tag","embeddable":true,"href":"https:\/\/soydeaqui.ddns.net\/pachuca\/index.php\/wp-json\/wp\/v2\/product_tag?post=111018"}],"curies":[{"name":"wp","href":"https:\/\/api.w.org\/{rel}","templated":true}]}}