{"id":111013,"date":"2026-03-20T20:23:25","date_gmt":"2026-03-20T20:23:25","guid":{"rendered":"https:\/\/soydeaqui.ddns.net\/pachuca\/index.php\/producto\/distribuidor-para-4-apartamentos-repetidor-de-4-departamentos-para-el-sistema-kplc420r\/"},"modified":"2026-03-20T20:23:37","modified_gmt":"2026-03-20T20:23:37","slug":"distribuidor-para-4-apartamentos-repetidor-de-4-departamentos-para-el-sistema-kplc420r","status":"publish","type":"product","link":"https:\/\/soydeaqui.ddns.net\/pachuca\/index.php\/producto\/distribuidor-para-4-apartamentos-repetidor-de-4-departamentos-para-el-sistema-kplc420r\/","title":{"rendered":"Distribuidor para 4 Apartamentos. Repetidor de 4 departamentos para el sistema KPLC420R"},"content":{"rendered":"<div style='width: 100%; max-width: 1200px; margin: 0 auto; font-family: sans-serif; line-height: 1.6; color: inherit; background-color: transparent;'>\n<div style='display: flex; flex-wrap: wrap; gap: 30px; margin-bottom: 30px;'>\n<div style='flex: 1 1 300px; min-width: 280px;'>\n<h3 style='font-size: 22px; border-bottom: 2px solid currentColor; padding-bottom: 5px; margin-top: 0; color: inherit; opacity: 0.8;'>Caracter\u00edsticas principales:<\/h3>\n<ul style='padding-left: 20px; font-size: 15px; color: inherit;'>\n<li style='margin-bottom: 5px;'>Distribuidor para sistema <a style='color: inherit; text-decoration: underline; font-weight: 600; background-color: transparent;' href='https:\/\/www.syscom.mx\/principal\/searchcont?route=KLP-C420R-KOCOM-67909&#038;autodetect=klpc420r'>KLP-C420R.<\/a><\/li>\n<li style='margin-bottom: 5px;'>Soporta hasta 4 departamentos.<\/li>\n<li style='margin-bottom: 5px;'>Conexi\u00f3n a 4 hilos.<\/li>\n<li style='margin-bottom: 5px;'>Configuraci\u00f3n a traves de dipSwitch.<\/li>\n<\/ul><\/div>\n<div style='flex: 1 1 300px; min-width: 280px;'>\n<h3 style='font-size: 22px; border-bottom: 2px solid currentColor; padding-bottom: 5px; margin-top: 0; color: inherit; opacity: 0.8;'>Caracter\u00edsticas F\u00edsicas y El\u00e9ctricas:<\/h3>\n<ul style='padding-left: 20px; font-size: 15px; color: inherit;'>\n<li style='margin-bottom: 5px;'>DC 13V\u00b12V<\/li>\n<li style='margin-bottom: 5px;'>Temperatura de trabajo -10\u00b0C ~ +50\u00b0C<\/li>\n<\/ul><\/div>\n<div style='flex: 1 1 300px; min-width: 280px;'>\n<h3 style='font-size: 22px; border-bottom: 2px solid currentColor; padding-bottom: 5px; margin-top: 0; color: inherit; opacity: 0.8;'>Caracter\u00edsticas Destacadas:<\/h3>\n<div style='font-size: 15px; color: inherit;'>\n<p style='margin-bottom: 10px; margin-top: 0;'> <strong style='font-weight: 600;'>Cables sugeridos<\/strong> <br \/> <a style='color: inherit; text-decoration: underline; font-weight: 600; background-color: transparent;' href='https:\/\/www.syscom.mx\/principal\/searchcont?route=9274-VIAKON-183319&#038;autodetect=calibre_18'>9274<\/a> <strong style='font-weight: 600;'> <a style='color: inherit; text-decoration: underline; background-color: transparent;' href='https:\/\/www.syscom.mx\/principal\/searchcont?route=1119-5501\/500-HONEYWELL-HOME-RESIDEO-74981&#038;autodetect=111955'>1119-5501\/500<\/a> <a style='color: inherit; text-decoration: underline; background-color: transparent;' href='https:\/\/www.syscom.mx\/principal\/searchcont?route=92-70-VIAKON-78789&#038;autodetect=calibre_18'>92-70<\/a> <\/strong> <a style='color: inherit; text-decoration: underline; font-weight: 600; background-color: transparent;' href='https:\/\/www.syscom.mx\/principal\/searchcont?route=ACCESS-184\/500-AccessPRO-166995&#038;autodetect=ACCESS184'>ACCESS-184\/500<\/a> <\/p>\n<p style='margin-bottom: 10px; margin-top: 0;'> La Expansi\u00f3n de cada Apartamento Depender\u00e1 de las Especificaciones del TV Portero Utilizado. <\/p>\n<p style='margin-bottom: 0; margin-top: 0;'> <strong style='font-weight: 600;'>Compatible con KVR-A510&comma; KCV-A374\/B&comma; KVM301M&comma; KCV301M&comma; KVM340M&comma; KCV340M y auricular KDP602GD<\/strong>. <\/p>\n<\/p><\/div>\n<\/p><\/div>\n<\/p><\/div>\n<div style='width: 100%; margin: 30px 0;'> <img style='width: 100%; height: auto; border: 1px solid rgba(150&comma;150&comma;150&comma;0.3); border-radius: 8px;' src='http:\/\/ftp3.syscom.mx\/usuarios\/fotos\/recursos\/tv_porteros\/tv_portero_337_b.jpg' alt=''> <\/div>\n<\/p><\/div>\n","protected":false},"excerpt":{"rendered":"<p>Distribuidor para 4 Apartamentos. Repetidor de 4 departamentos para el sistema KPLC420R<\/p>\n","protected":false},"featured_media":111012,"comment_status":"open","ping_status":"closed","template":"","meta":[],"product_brand":[],"product_cat":[894],"product_tag":[799,820,557],"class_list":{"0":"post-111013","1":"product","2":"type-product","3":"status-publish","4":"has-post-thumbnail","6":"product_cat-multiapartamentos-videoporteros-e-interfonos","7":"product_tag-kocom","8":"product_tag-multiapartamentos","9":"product_tag-videoporteros-e-interfonos","11":"first","12":"outofstock","13":"sale","14":"shipping-taxable","15":"purchasable","16":"product-type-simple"},"_links":{"self":[{"href":"https:\/\/soydeaqui.ddns.net\/pachuca\/index.php\/wp-json\/wp\/v2\/product\/111013","targetHints":{"allow":["GET"]}}],"collection":[{"href":"https:\/\/soydeaqui.ddns.net\/pachuca\/index.php\/wp-json\/wp\/v2\/product"}],"about":[{"href":"https:\/\/soydeaqui.ddns.net\/pachuca\/index.php\/wp-json\/wp\/v2\/types\/product"}],"replies":[{"embeddable":true,"href":"https:\/\/soydeaqui.ddns.net\/pachuca\/index.php\/wp-json\/wp\/v2\/comments?post=111013"}],"wp:featuredmedia":[{"embeddable":true,"href":"https:\/\/soydeaqui.ddns.net\/pachuca\/index.php\/wp-json\/wp\/v2\/media\/111012"}],"wp:attachment":[{"href":"https:\/\/soydeaqui.ddns.net\/pachuca\/index.php\/wp-json\/wp\/v2\/media?parent=111013"}],"wp:term":[{"taxonomy":"product_brand","embeddable":true,"href":"https:\/\/soydeaqui.ddns.net\/pachuca\/index.php\/wp-json\/wp\/v2\/product_brand?post=111013"},{"taxonomy":"product_cat","embeddable":true,"href":"https:\/\/soydeaqui.ddns.net\/pachuca\/index.php\/wp-json\/wp\/v2\/product_cat?post=111013"},{"taxonomy":"product_tag","embeddable":true,"href":"https:\/\/soydeaqui.ddns.net\/pachuca\/index.php\/wp-json\/wp\/v2\/product_tag?post=111013"}],"curies":[{"name":"wp","href":"https:\/\/api.w.org\/{rel}","templated":true}]}}