{"id":111006,"date":"2026-03-20T20:23:02","date_gmt":"2026-03-20T20:23:02","guid":{"rendered":"https:\/\/soydeaqui.ddns.net\/pachuca\/index.php\/producto\/modulo-individual-giga-ethernet-1000-mbps-para-chasis-tcpxh\/"},"modified":"2026-03-20T20:23:14","modified_gmt":"2026-03-20T20:23:14","slug":"modulo-individual-giga-ethernet-1000-mbps-para-chasis-tcpxh","status":"publish","type":"product","link":"https:\/\/soydeaqui.ddns.net\/pachuca\/index.php\/producto\/modulo-individual-giga-ethernet-1000-mbps-para-chasis-tcpxh\/","title":{"rendered":"Modulo Individual Giga Ethernet 1000 Mbps para Chasis TCPXH"},"content":{"rendered":"<div style='width: 100%; max-width: 1200px; margin: 0 auto; font-family: sans-serif; line-height: 1.6; color: inherit; background-color: transparent;'>\n<div style='display: flex; flex-wrap: wrap; gap: 30px; margin-bottom: 30px;'>\n<div style='flex: 1 1 300px; min-width: 280px;'>\n<p style='font-size: 15px; color: inherit; margin-top: 0;'>Proteja sus equipos de red IP con los protectores de Transtector. Que utilizan la m\u00e1s alta tecnolog\u00eda en sistemas de protecci\u00f3n desarrollada con <strong style='color: inherit;'>diodos de avalancha de silicio (SASD).<\/strong><\/p>\n<p style='font-size: 15px; color: inherit;'>A diferencia de otros fabricantes de protectores que utilizan <strong style='color: inherit;'>varistores de oxido de metal (MOV)<\/strong> que se van degradando con el tiempo al oponerse a los transitorios o sobre tensiones de voltaje que da\u00f1an sus equipos electr\u00f3nicos. Transtector utiliza la tecnolog\u00eda de <strong style='color: inherit;'>diodos de avalancha de silicio (SASD)<\/strong> que no se degrada al oponerse a las sobre tensiones&comma; cuentan con la m\u00e1s r\u00e1pida respuesta y el m\u00e1s alto rendimiento en sus protectores; manteniendo as\u00ed la mejor protecci\u00f3n y minimizando los costos de reparaci\u00f3n y reemplazo de equipo electr\u00f3nico.<\/p>\n<\/div>\n<\/div>\n<div style='display: flex; flex-wrap: wrap; gap: 20px; margin-bottom: 30px;'>\n<div style='flex: 1 1 250px; border: 1px solid rgba(150&comma; 150&comma; 150&comma; 0.4); border-radius: 8px; overflow: hidden; display: flex; flex-direction: column;'>\n<div style='padding: 15px; border-bottom: 1px solid rgba(150&comma; 150&comma; 150&comma; 0.2); font-weight: bold; font-size: 18px; color: inherit;'>Caracter\u00edsticas<\/div>\n<div style='padding: 15px; color: inherit;'>\n<ul style='padding-left: 20px; margin: 0; font-size: 14px; list-style-type: disc;'>\n<li style='margin-bottom: 5px;'><strong style='color: inherit;'>Tecnolog\u00eda:<\/strong> Diodo de Avalancha de Silicio (SASD)<\/li>\n<li style='margin-bottom: 5px;'><strong style='color: inherit;'>No se degrada:<\/strong> S\u00ed<\/li>\n<li style='margin-bottom: 5px;'><strong style='color: inherit;'>Protocolo:<\/strong> Giga Ethernet<\/li>\n<li style='margin-bottom: 5px;'><strong style='color: inherit;'>Velocidad de datos:<\/strong> 1000 Mbps<\/li>\n<li style='margin-bottom: 5px;'><strong style='color: inherit;'>Voltaje m\u00e1ximo de operaci\u00f3n:<\/strong> 11 Vcc<\/li>\n<li style='margin-bottom: 5px;'><strong style='color: inherit;'>Pines Protegidos:<\/strong> (1&comma;2) y (3&comma;6)<\/li>\n<li style='margin-bottom: 5px;'><strong style='color: inherit;'>Pines Aterrizados:<\/strong> (4&comma;5) y (7&comma;8)<\/li>\n<li style='margin-bottom: 5px;'><strong style='color: inherit;'>Baja Capacitancia:<\/strong> 3 pF<\/li>\n<li style='margin-bottom: 5px;'><strong style='color: inherit;'>Conector:<\/strong> RJ45<\/li>\n<li style='margin-bottom: 5px;'><strong style='color: inherit;'>Tipo de montaje:<\/strong> en gabinete TCPXH<\/li>\n<li style='margin-bottom: 5px;'><strong style='color: inherit;'>Temperatura:<\/strong> -40\u00b0 a 75\u00b0 C<\/li>\n<li style='margin-bottom: 5px;'><strong style='color: inherit;'>M\u00f3dulo de protecci\u00f3n reemplazable:<\/strong> S\u00ed<\/li>\n<\/ul>\n<\/div>\n<\/div>\n<\/div>\n<\/div>\n<hr style='border: 0; border-top: 1px solid rgba(150&comma; 150&comma; 150&comma; 0.3); margin: 30px 0;'><\/div>\n","protected":false},"excerpt":{"rendered":"<p>Modulo Individual Giga Ethernet 1000 Mbps para Chasis TCPXH<\/p>\n","protected":false},"featured_media":111005,"comment_status":"open","ping_status":"closed","template":"","meta":[],"product_brand":[],"product_cat":[953],"product_tag":[898,954,546],"class_list":{"0":"post-111006","1":"product","2":"type-product","3":"status-publish","4":"has-post-thumbnail","6":"product_cat-redes","7":"product_tag-proteccion-contra-descargas","8":"product_tag-redes","9":"product_tag-transtector","11":"first","12":"outofstock","13":"sale","14":"shipping-taxable","15":"purchasable","16":"product-type-simple"},"_links":{"self":[{"href":"https:\/\/soydeaqui.ddns.net\/pachuca\/index.php\/wp-json\/wp\/v2\/product\/111006","targetHints":{"allow":["GET"]}}],"collection":[{"href":"https:\/\/soydeaqui.ddns.net\/pachuca\/index.php\/wp-json\/wp\/v2\/product"}],"about":[{"href":"https:\/\/soydeaqui.ddns.net\/pachuca\/index.php\/wp-json\/wp\/v2\/types\/product"}],"replies":[{"embeddable":true,"href":"https:\/\/soydeaqui.ddns.net\/pachuca\/index.php\/wp-json\/wp\/v2\/comments?post=111006"}],"wp:featuredmedia":[{"embeddable":true,"href":"https:\/\/soydeaqui.ddns.net\/pachuca\/index.php\/wp-json\/wp\/v2\/media\/111005"}],"wp:attachment":[{"href":"https:\/\/soydeaqui.ddns.net\/pachuca\/index.php\/wp-json\/wp\/v2\/media?parent=111006"}],"wp:term":[{"taxonomy":"product_brand","embeddable":true,"href":"https:\/\/soydeaqui.ddns.net\/pachuca\/index.php\/wp-json\/wp\/v2\/product_brand?post=111006"},{"taxonomy":"product_cat","embeddable":true,"href":"https:\/\/soydeaqui.ddns.net\/pachuca\/index.php\/wp-json\/wp\/v2\/product_cat?post=111006"},{"taxonomy":"product_tag","embeddable":true,"href":"https:\/\/soydeaqui.ddns.net\/pachuca\/index.php\/wp-json\/wp\/v2\/product_tag?post=111006"}],"curies":[{"name":"wp","href":"https:\/\/api.w.org\/{rel}","templated":true}]}}