{"id":111000,"date":"2026-03-20T20:22:40","date_gmt":"2026-03-20T20:22:40","guid":{"rendered":"https:\/\/soydeaqui.ddns.net\/pachuca\/index.php\/producto\/inyector-hub-high-poe-802-3at-mid-span-administrable-de-12-puertos-10-100-1000-mbps\/"},"modified":"2026-03-20T20:22:57","modified_gmt":"2026-03-20T20:22:57","slug":"inyector-hub-high-poe-802-3at-mid-span-administrable-de-12-puertos-10-100-1000-mbps","status":"publish","type":"product","link":"https:\/\/soydeaqui.ddns.net\/pachuca\/index.php\/producto\/inyector-hub-high-poe-802-3at-mid-span-administrable-de-12-puertos-10-100-1000-mbps\/","title":{"rendered":"Inyector HUB high PoE 802.3at (Mid-span) administrable de 12 puertos 10\/100\/1000 Mbps"},"content":{"rendered":"<div style='width: 100%; max-width: 1200px; margin: 0 auto; font-family: sans-serif; line-height: 1.6; color: inherit; background-color: transparent;'> <!-- Secci\u00f3n de descripci\u00f3n general --> <\/p>\n<div style='margin-bottom: 30px;'>\n<p style='font-size: 15px; margin: 0 0 15px 0; color: inherit;'>Inyecta la alimentaci\u00f3n a 12 dispositivos High PoE por los mismos cables de datos.<\/p>\n<p style='font-size: 15px; margin: 0; color: inherit;'>Distancia de transmisi\u00f3n y alimentaci\u00f3n hasta 100m&comma; hasta 200m con extensores POE-E201.<\/p>\n<\/p><\/div>\n<p> <!-- Secci\u00f3n de contenido con flex\/grid --> <\/p>\n<div style='display: flex; flex-wrap: wrap; gap: 30px; margin-bottom: 30px;'>\n<div style='flex: 1 1 300px; min-width: 280px;'>\n<h3 style='font-size: 22px; border-bottom: 2px solid currentColor; padding-bottom: 5px; margin-top: 0; color: inherit; opacity: 0.8;'>Protecci\u00f3n<\/h3>\n<ul style='padding-left: 20px; font-size: 15px; color: inherit;'>\n<li style='margin-bottom: 5px;'>Autodetecta dispositivos High PoE 802.3af\/at&comma; protege los equipos de da\u00f1os por mala instalaci\u00f3n<\/li>\n<li style='margin-bottom: 5px;'>Protecci\u00f3n de Circuito que previene interferencia entre puertos<\/li>\n<\/ul><\/div>\n<div style='flex: 1 1 300px; min-width: 280px;'>\n<h3 style='font-size: 22px; border-bottom: 2px solid currentColor; padding-bottom: 5px; margin-top: 0; color: inherit; opacity: 0.8;'>Puertos<\/h3>\n<ul style='padding-left: 20px; font-size: 15px; color: inherit;'>\n<li style='margin-bottom: 5px;'>12 Puertos de Entrada 10\/100\/1000Base-T<\/li>\n<li style='margin-bottom: 5px;'>12 Puertos de Salida 10\/100\/1000Base-T con High PoE 802.3af\/at<\/li>\n<li style='margin-bottom: 5px;'>1 Puerto 10\/100Base-TX para Administraci\u00f3n<\/li>\n<li style='margin-bottom: 5px;'>Compatible con dispositivos PoE 802.3af (15.4W) \/ High PoE 802.3at (30W)<\/li>\n<\/ul><\/div>\n<div style='flex: 1 1 300px; min-width: 280px;'>\n<h3 style='font-size: 22px; border-bottom: 2px solid currentColor; padding-bottom: 5px; margin-top: 0; color: inherit; opacity: 0.8;'>Administraci\u00f3n PoE<\/h3>\n<ul style='padding-left: 20px; font-size: 15px; color: inherit;'>\n<li style='margin-bottom: 5px;'>Intuitiva Interfaz Web para Administraci\u00f3n<\/li>\n<li style='margin-bottom: 5px;'>Monitoreo de Estado y Potencia consumida por puerto<\/li>\n<li style='margin-bottom: 5px;'>Monitoreo de la Potencia Total consumida<\/li>\n<li style='margin-bottom: 5px;'>L\u00edmite de potencia por puerto y prioridad<\/li>\n<li style='margin-bottom: 5px;'>Activaci\u00f3n \/ Desactivaci\u00f3n de PoE por puerto<\/li>\n<li style='margin-bottom: 5px;'>Soporta SNMP Trap para eventos de notificaci\u00f3n de alarma<\/li>\n<\/ul><\/div>\n<div style='flex: 1 1 300px; min-width: 280px;'>\n<h3 style='font-size: 22px; border-bottom: 2px solid currentColor; padding-bottom: 5px; margin-top: 0; color: inherit; opacity: 0.8;'>Caracter\u00edsticas F\u00edsicas y El\u00e9ctricas<\/h3>\n<ul style='padding-left: 20px; font-size: 15px; color: inherit;'>\n<li style='margin-bottom: 5px;'>Alimentaci\u00f3n: 100-240VCA @ 370W<\/li>\n<li style='margin-bottom: 5px;'>Potencia total: 340W<\/li>\n<li style='margin-bottom: 5px;'>Dimensiones: 1U Rack&comma; 440 x 300 x 44 mm<\/li>\n<li style='margin-bottom: 5px;'>Peso: 4.27Kg<\/li>\n<li style='margin-bottom: 5px;'>Temperatura de Operaci\u00f3n: 0 a 50\u00b0C<\/li>\n<\/ul><\/div>\n<\/p><\/div>\n<p> <!-- Secci\u00f3n de imagen --> <\/p>\n<div style='margin-bottom: 30px;'> <img style='width: 100%; height: auto; border: 1px solid rgba(150&comma;150&comma;150&comma;0.3); border-radius: 8px;' src='https:\/\/ftp3.syscom.mx\/usuarios\/fotos\/HPOE1200G\/66800-hpoe-1200gv2-1_l.gif' alt='HPOE1200G'> <\/div>\n<p> <!-- Garant\u00eda --> <\/p>\n<div style='margin-bottom: 30px;'>\n<p style='font-size: 15px; color: inherit; margin: 0;'>*2 A\u00f1os de Garant\u00eda<\/p>\n<\/p><\/div>\n<\/p><\/div>\n","protected":false},"excerpt":{"rendered":"<p>Inyector HUB high PoE 802.3at (Mid-span) administrable de 12 puertos 10\/100\/1000 Mbps<\/p>\n","protected":false},"featured_media":110999,"comment_status":"open","ping_status":"closed","template":"","meta":[],"product_brand":[],"product_cat":[1260],"product_tag":[1261,664,2033],"class_list":{"0":"post-111000","1":"product","2":"type-product","3":"status-publish","4":"has-post-thumbnail","6":"product_cat-inyectores-poe","7":"product_tag-inyectores-poe","8":"product_tag-networking","9":"product_tag-planet","11":"first","12":"outofstock","13":"sale","14":"shipping-taxable","15":"purchasable","16":"product-type-simple"},"_links":{"self":[{"href":"https:\/\/soydeaqui.ddns.net\/pachuca\/index.php\/wp-json\/wp\/v2\/product\/111000","targetHints":{"allow":["GET"]}}],"collection":[{"href":"https:\/\/soydeaqui.ddns.net\/pachuca\/index.php\/wp-json\/wp\/v2\/product"}],"about":[{"href":"https:\/\/soydeaqui.ddns.net\/pachuca\/index.php\/wp-json\/wp\/v2\/types\/product"}],"replies":[{"embeddable":true,"href":"https:\/\/soydeaqui.ddns.net\/pachuca\/index.php\/wp-json\/wp\/v2\/comments?post=111000"}],"wp:featuredmedia":[{"embeddable":true,"href":"https:\/\/soydeaqui.ddns.net\/pachuca\/index.php\/wp-json\/wp\/v2\/media\/110999"}],"wp:attachment":[{"href":"https:\/\/soydeaqui.ddns.net\/pachuca\/index.php\/wp-json\/wp\/v2\/media?parent=111000"}],"wp:term":[{"taxonomy":"product_brand","embeddable":true,"href":"https:\/\/soydeaqui.ddns.net\/pachuca\/index.php\/wp-json\/wp\/v2\/product_brand?post=111000"},{"taxonomy":"product_cat","embeddable":true,"href":"https:\/\/soydeaqui.ddns.net\/pachuca\/index.php\/wp-json\/wp\/v2\/product_cat?post=111000"},{"taxonomy":"product_tag","embeddable":true,"href":"https:\/\/soydeaqui.ddns.net\/pachuca\/index.php\/wp-json\/wp\/v2\/product_tag?post=111000"}],"curies":[{"name":"wp","href":"https:\/\/api.w.org\/{rel}","templated":true}]}}