{"id":110986,"date":"2026-03-20T20:21:55","date_gmt":"2026-03-20T20:21:55","guid":{"rendered":"https:\/\/soydeaqui.ddns.net\/pachuca\/index.php\/producto\/cargador-de-baterias-de-plomo-acido-12-volts-15-a-bancos-de-100-a-200-ah\/"},"modified":"2026-03-20T20:22:10","modified_gmt":"2026-03-20T20:22:10","slug":"cargador-de-baterias-de-plomo-acido-12-volts-15-a-bancos-de-100-a-200-ah","status":"publish","type":"product","link":"https:\/\/soydeaqui.ddns.net\/pachuca\/index.php\/producto\/cargador-de-baterias-de-plomo-acido-12-volts-15-a-bancos-de-100-a-200-ah\/","title":{"rendered":"Cargador de Bater\u00edas de Plomo \u00c1cido 12 Volts, 15 A \/ Bancos de 100 a 200 Ah"},"content":{"rendered":"<div style='width: 100%; max-width: 1200px; margin: 0 auto; font-family: sans-serif; line-height: 1.6; color: inherit; background-color: transparent;'>\n<div style='text-align: center; margin-bottom: 30px;'>\n<h1 style='font-size: 26px; margin: 0; color: inherit;'>Cargadores Industriales Serie SEC-UL<\/h1>\n<\/p><\/div>\n<div style='display: flex; flex-wrap: wrap; justify-content: center; gap: 15px; margin-bottom: 30px;'>\n<div style='flex: 1 1 511px; min-width: 280px;'> <img style='width: 100%; height: auto; border: 1px solid rgba(150&comma;150&comma;150&comma;0.3); border-radius: 8px;' src='https:\/\/ftp3.syscom.mx\/usuarios\/anavarro\/Samlex\/SAM\/Samlexamerica.png' alt=''> <\/div>\n<\/p><\/div>\n<div style='display: grid; grid-template-columns: repeat(auto-fill&comma; minmax(280px&comma; 1fr)); gap: 30px; margin-bottom: 15px;'>\n<div> <img style='width: 100%; height: auto; border: 1px solid rgba(150&comma;150&comma;150&comma;0.3); border-radius: 8px;' src='https:\/\/ftp3.syscom.mx\/usuarios\/anavarro\/Samlex\/cargadores\/Battery%20Charger%20Samlex%20SEC-1215UL%20L.jpg' alt=''> <\/div>\n<div> <img style='width: 100%; height: auto; border: 1px solid rgba(150&comma;150&comma;150&comma;0.3); border-radius: 8px;' src='https:\/\/ftp3.syscom.mx\/usuarios\/anavarro\/Samlex\/cargadores\/Battery%20Charger%20Samlex%20SEC-1215UL%20Back%20L.jpg' alt=''> <\/div>\n<\/p><\/div>\n<div style='text-align: right; margin-bottom: 30px; font-size: 14px; color: inherit; opacity: 0.7;'> *Imagen ilustrativa&comma; el producto f\u00edsico puede variar. <\/div>\n<div style='text-align: center; margin-bottom: 30px;'>\n<h2 style='font-size: 24px; margin: 0; color: inherit;'>SEC-1215-UL<\/h2>\n<\/p><\/div>\n<div style='display: flex; flex-direction: column; gap: 30px;'>\n<div>\n<h3 style='font-size: 20px; border-bottom: 2px solid currentColor; padding-bottom: 5px; margin-top: 0; color: inherit; opacity: 0.8;'>Caracter\u00edsticas principales<\/h3>\n<ul style='padding-left: 20px; font-size: 15px; color: inherit;'>\n<li style='margin-bottom: 5px;'>Alta eficiencia&comma; peso ligero y operaci\u00f3n silenciosa.<\/li>\n<li style='margin-bottom: 5px;'>Operaci\u00f3n completamente autom\u00e1tica &#8216;conecte y olvide&#8217;.<\/li>\n<li style='margin-bottom: 5px;'>Amper\u00edmetro integrado.<\/li>\n<li style='margin-bottom: 5px;'>Modo de operaci\u00f3n como fuente con respaldo de energ\u00eda en CD.<\/li>\n<\/ul><\/div>\n<div>\n<h3 style='font-size: 20px; border-bottom: 2px solid currentColor; padding-bottom: 5px; margin-top: 0; color: inherit; opacity: 0.8;'>Funci\u00f3n de fuente de poder y fuente con respaldo de energ\u00eda en CD<\/h3>\n<p style='margin-bottom: 15px;'>Los cargadores industriales de la serie SEC-UL de Samlex America se pueden utilizar como fuente de poder y como fuente con respaldo de energ\u00eda.<\/p>\n<h4 style='font-size: 18px; margin-top: 20px; margin-bottom: 10px; color: inherit;'>Uso como de fuente de poder:<\/h4>\n<ul style='padding-left: 20px; font-size: 15px; color: inherit;'>\n<li style='margin-bottom: 5px;'>Cuando el cargador es utilizado como fuente de poder&comma; \u00fanicamente se conecta la carga directamente en el cargador en la terminal negativa y una de las tres terminales positivas. <strong>Considere que el consumo de la carga no debe exceder la capacidad del cargador.<\/strong><\/li>\n<\/ul>\n<h4 style='font-size: 18px; margin-top: 20px; margin-bottom: 10px; color: inherit;'>Uso como fuente con respaldo de energ\u00eda:<\/h4>\n<ul style='padding-left: 20px; font-size: 15px; color: inherit;'>\n<li style='margin-bottom: 5px;'>Cuando el cargador es utilizado como fuente con respaldo de energ\u00eda es necesario modificar la configuraci\u00f3n de los DIP switches que tiene el cargador de la siguiente manera:<\/li>\n<\/ul>\n<div style='margin: 20px 0;'> <img style='width: 100%; height: auto; border: 1px solid rgba(150&comma;150&comma;150&comma;0.3); border-radius: 8px;' src='https:\/\/ftp3.syscom.mx\/usuarios\/anavarro\/Samlex\/cargadores\/Captura%20de%20pantalla%202021-03-03%20113330.jpg' alt=''> <\/div>\n<ul style='padding-left: 20px; font-size: 15px; color: inherit;'>\n<li style='margin-bottom: 5px;'>Una vez modificada la configuraci\u00f3n de los DIP switches&comma; la carga debe de ser conectada directamente en la bater\u00eda -se recomienda utilizar un interruptor entre la carga y la bater\u00eda- con la carga apagada.<\/li>\n<li style='margin-bottom: 5px;'>Posteriormente se conecta el cargador a la bater\u00eda&comma; una vez conectado el sistema se conecta la alimentaci\u00f3n del cargador&comma; el cargador comenzar\u00e1 a entregar corriente a la bater\u00eda en funci\u00f3n del estado de carga de la misma&comma; cuidando que esta se encuentre cargada&comma; en caso de fallo de energ\u00eda la carga se alimentar\u00e1 directamente de la bater\u00eda&comma; y una vez que regrese el energ\u00eda el cargador volver\u00e1 a cargar la bater\u00eda.<\/li>\n<\/ul><\/div>\n<div> <img style='width: 100%; height: auto; border: 1px solid rgba(150&comma;150&comma;150&comma;0.3); border-radius: 8px;' src='https:\/\/ftp3.syscom.mx\/usuarios\/anavarro\/Samlex\/cargadores\/dcups.jpg' alt=''> <\/div>\n<div>\n<h3 style='font-size: 20px; border-bottom: 2px solid currentColor; padding-bottom: 5px; margin-top: 0; color: inherit; opacity: 0.8;'>Protecciones:<\/h3>\n<ul style='padding-left: 20px; font-size: 15px; color: inherit;'>\n<li style='margin-bottom: 5px;'>Corto circuito.<\/li>\n<li style='margin-bottom: 5px;'>Polaridad inversa en bater\u00eda.<\/li>\n<li style='margin-bottom: 5px;'>Sobrecorriente.<\/li>\n<\/ul><\/div>\n<div>\n<h3 style='font-size: 20px; border-bottom: 2px solid currentColor; padding-bottom: 5px; margin-top: 0; color: inherit; opacity: 0.8;'>Especificaciones t\u00e9cnicas:<\/h3>\n<ul style='padding-left: 20px; font-size: 15px; color: inherit;'>\n<li style='margin-bottom: 5px;'><strong>Voltaje de entrada:<\/strong> 120\/220* Vca.<\/li>\n<li style='margin-bottom: 5px;'><strong>Corriente de carga:<\/strong> 15 A.<\/li>\n<li style='margin-bottom: 5px;'><strong>Voltaje de salida (nominal):<\/strong> 12 Vcc.<\/li>\n<li style='margin-bottom: 5px;'><strong>Dimensiones:<\/strong> 218 x 214 x 83 mm<\/li>\n<li style='margin-bottom: 5px;'><strong>Peso:<\/strong> 2.2 kg<\/li>\n<\/ul>\n<div style='margin-top: 15px; font-size: 13px; color: inherit; opacity: 0.7;'> *Seleccionable a trav\u00e9s de jumper interno. <\/div>\n<\/p><\/div>\n<\/p><\/div>\n<\/p><\/div>\n","protected":false},"excerpt":{"rendered":"<p>Cargador de Bater\u00edas de Plomo \u00c1cido 12 Volts, 15 A \/ Bancos de 100 a 200 Ah<\/p>\n","protected":false},"featured_media":110985,"comment_status":"open","ping_status":"closed","template":"","meta":[],"product_brand":[],"product_cat":[1231],"product_tag":[142,1221,1232],"class_list":{"0":"post-110986","1":"product","2":"type-product","3":"status-publish","4":"has-post-thumbnail","6":"product_cat-ups-no-break-energia-videovigilancia","7":"product_tag-energia","8":"product_tag-samlex","9":"product_tag-ups-no-break-2","11":"first","12":"instock","13":"sale","14":"shipping-taxable","15":"purchasable","16":"product-type-simple"},"_links":{"self":[{"href":"https:\/\/soydeaqui.ddns.net\/pachuca\/index.php\/wp-json\/wp\/v2\/product\/110986","targetHints":{"allow":["GET"]}}],"collection":[{"href":"https:\/\/soydeaqui.ddns.net\/pachuca\/index.php\/wp-json\/wp\/v2\/product"}],"about":[{"href":"https:\/\/soydeaqui.ddns.net\/pachuca\/index.php\/wp-json\/wp\/v2\/types\/product"}],"replies":[{"embeddable":true,"href":"https:\/\/soydeaqui.ddns.net\/pachuca\/index.php\/wp-json\/wp\/v2\/comments?post=110986"}],"wp:featuredmedia":[{"embeddable":true,"href":"https:\/\/soydeaqui.ddns.net\/pachuca\/index.php\/wp-json\/wp\/v2\/media\/110985"}],"wp:attachment":[{"href":"https:\/\/soydeaqui.ddns.net\/pachuca\/index.php\/wp-json\/wp\/v2\/media?parent=110986"}],"wp:term":[{"taxonomy":"product_brand","embeddable":true,"href":"https:\/\/soydeaqui.ddns.net\/pachuca\/index.php\/wp-json\/wp\/v2\/product_brand?post=110986"},{"taxonomy":"product_cat","embeddable":true,"href":"https:\/\/soydeaqui.ddns.net\/pachuca\/index.php\/wp-json\/wp\/v2\/product_cat?post=110986"},{"taxonomy":"product_tag","embeddable":true,"href":"https:\/\/soydeaqui.ddns.net\/pachuca\/index.php\/wp-json\/wp\/v2\/product_tag?post=110986"}],"curies":[{"name":"wp","href":"https:\/\/api.w.org\/{rel}","templated":true}]}}