{"id":110981,"date":"2026-03-20T20:21:38","date_gmt":"2026-03-20T20:21:38","guid":{"rendered":"https:\/\/soydeaqui.ddns.net\/pachuca\/index.php\/producto\/inversor-de-corriente-onda-pura-300w-entrada-12-vcc-salida-120-vca-60-hz\/"},"modified":"2026-03-20T20:21:49","modified_gmt":"2026-03-20T20:21:49","slug":"inversor-de-corriente-onda-pura-300w-entrada-12-vcc-salida-120-vca-60-hz","status":"publish","type":"product","link":"https:\/\/soydeaqui.ddns.net\/pachuca\/index.php\/producto\/inversor-de-corriente-onda-pura-300w-entrada-12-vcc-salida-120-vca-60-hz\/","title":{"rendered":"Inversor de corriente onda pura 300W, entrada 12 Vcc, salida 120 Vca 60 Hz"},"content":{"rendered":"<div style='width: 100%; max-width: 1200px; margin: 0 auto; font-family: sans-serif; line-height: 1.6; color: inherit; background-color: transparent;'>\n<div style='text-align: center; margin-bottom: 30px;'>\n<h1 style='font-size: 24px; margin: 0 0 20px; color: inherit;'><span style='font-size: 24pt;'>Inversores de CD-CA de onda sinusoidal pura serie PST<\/span><\/h1>\n<p> <img style='width: 100%; max-width: 511px; height: auto; border: 1px solid rgba(150&comma;150&comma;150&comma;0.3); border-radius: 8px; display: block; margin: 15px auto;' src='https:\/\/ftp3.syscom.mx\/usuarios\/anavarro\/Samlex\/SAM\/Samlexamerica.png' alt=''> <\/div>\n<div style='display: flex; flex-wrap: wrap; gap: 20px; margin-bottom: 20px;'>\n<div style='flex: 1 1 300px; min-width: 280px;'> <img style='width: 100%; height: auto; border: 1px solid rgba(150&comma;150&comma;150&comma;0.3); border-radius: 8px;' src='https:\/\/ftp3.syscom.mx\/usuarios\/anavarro\/Samlex\/PST\/PST300\/PST-300-12_1100x680.jpg' alt=''> <\/div>\n<div style='flex: 1 1 300px; min-width: 280px;'> <img style='width: 100%; height: auto; border: 1px solid rgba(150&comma;150&comma;150&comma;0.3); border-radius: 8px;' src='https:\/\/ftp3.syscom.mx\/usuarios\/anavarro\/Samlex\/PST\/PST300\/pst-300-back-1100x680.jpg' alt=''> <\/div>\n<\/p><\/div>\n<div style='text-align: right; margin-bottom: 20px; font-size: 14px; color: inherit; opacity: 0.8;'> *Imagen ilustrativa&comma; el producto f\u00edsico puede variar. <\/div>\n<div style='text-align: center; margin-bottom: 30px;'>\n<p style='font-size: 14pt; color: inherit; max-width: 800px; margin: 0 auto;'> La serie PST de Samlex America es una serie de inversores de corriente dise\u00f1ada para aplicaciones de uso rudo y trabajo continuo&comma; ofreciendo una soluci\u00f3n confiable y de calidad para cubrir las necesidades energ\u00e9ticas en sistemas aislados de la red y una amplia gama aplicaciones m\u00f3viles. <\/p>\n<\/p><\/div>\n<div style='display: flex; flex-wrap: wrap; gap: 30px; margin-bottom: 30px;'>\n<div style='flex: 1 1 300px; min-width: 280px;'>\n<h3 style='font-size: 22px; border-bottom: 2px solid currentColor; padding-bottom: 5px; margin-top: 0; color: inherit; opacity: 0.8;'>Caracter\u00edsticas principales:<\/h3>\n<ul style='padding-left: 20px; font-size: 15px; color: inherit;'>\n<li style='margin-bottom: 5px;'><span style='font-size: 14pt;'>Modelos de 120 a 3000 W en configuraci\u00f3n de 12 o 24 Vcc.<\/span><\/li>\n<li style='margin-bottom: 5px;'><span style='font-size: 14pt;'>Dise\u00f1ados para trabajo continuo.<\/span><\/li>\n<li style='margin-bottom: 5px;'><span style='font-size: 14pt;'>Tecnolog\u00eda de onda sinusoidal pura.<\/span><\/li>\n<li style='margin-bottom: 5px;'><span style='font-size: 14pt;'>Alta eficiencia.<\/span><\/li>\n<li style='margin-bottom: 5px;'><span style='font-size: 14pt;'>Ventilador controlado por temperatura.<\/span><\/li>\n<li style='margin-bottom: 5px;'><span style='font-size: 14pt;'>Amplio rango de voltaje de entrada.<\/span><\/li>\n<\/ul><\/div>\n<div style='flex: 1 1 300px; min-width: 280px;'>\n<h3 style='font-size: 22px; border-bottom: 2px solid currentColor; padding-bottom: 5px; margin-top: 0; color: inherit; opacity: 0.8;'>Especificaciones:<\/h3>\n<ul style='padding-left: 20px; font-size: 15px; color: inherit;'>\n<li style='margin-bottom: 5px;'><span style='font-size: 14pt;'>Voltaje de entrada: 12 Vcc<\/span><\/li>\n<li style='margin-bottom: 5px;'><span style='font-size: 14pt;'>Voltaje de salida: 120 Vca<\/span><\/li>\n<li style='margin-bottom: 5px;'><span style='font-size: 14pt;'>Potencia nominal: 300 W<\/span><\/li>\n<li style='margin-bottom: 5px;'><span style='font-size: 14pt;'>Contactos de salida: 2<\/span><\/li>\n<li style='margin-bottom: 5px;'><span style='font-size: 14pt;'>Tipo de onda: Sinusoidal pura<\/span><\/li>\n<li style='margin-bottom: 5px;'><span style='font-size: 14pt;'>Dimensiones: 155 x 246 x 65.5 mm<\/span><\/li>\n<li style='margin-bottom: 5px;'><span style='font-size: 14pt;'>Peso: 1.57 kg<\/span><\/li>\n<\/ul><\/div>\n<\/p><\/div>\n<div style='display: flex; flex-wrap: wrap; gap: 30px; margin-bottom: 30px;'>\n<div style='flex: 1 1 300px; min-width: 280px;'>\n<h3 style='font-size: 22px; border-bottom: 2px solid currentColor; padding-bottom: 5px; margin-top: 0; color: inherit; opacity: 0.8;'>Aplicaciones:<\/h3>\n<ul style='padding-left: 20px; font-size: 15px; color: inherit;'>\n<li style='margin-bottom: 5px;'><span style='font-size: 14pt;'>Sistemas de energ\u00eda solar<\/span><\/li>\n<li style='margin-bottom: 5px;'><span style='font-size: 14pt;'>Sistemas de energ\u00eda e\u00f3lica<\/span><\/li>\n<li style='margin-bottom: 5px;'><span style='font-size: 14pt;'>Sistemas de respaldo para emergencias<\/span><\/li>\n<li style='margin-bottom: 5px;'><span style='font-size: 14pt;'>Sistemas de energ\u00eda en veh\u00edculos recreativos<\/span><\/li>\n<li style='margin-bottom: 5px;'><span style='font-size: 14pt;'>Sistemas de energ\u00eda para equipos m\u00e9dicos<\/span><\/li>\n<\/ul><\/div>\n<div style='flex: 1 1 300px; min-width: 280px;'>\n<h3 style='font-size: 22px; border-bottom: 2px solid currentColor; padding-bottom: 5px; margin-top: 0; color: inherit; opacity: 0.8;'>Certificaciones:<\/h3>\n<ul style='padding-left: 20px; font-size: 15px; color: inherit;'>\n<li style='margin-bottom: 5px;'><span style='font-size: 14pt;'>CE<\/span><\/li>\n<li style='margin-bottom: 5px;'><span style='font-size: 14pt;'>FCC<\/span><\/li>\n<li style='margin-bottom: 5px;'><span style='font-size: 14pt;'>UL<\/span><\/li>\n<\/ul><\/div>\n<\/p><\/div>\n<div style='display: flex; flex-wrap: wrap; gap: 30px; margin-bottom: 30px;'>\n<div style='flex: 1 1 300px; min-width: 280px;'>\n<h3 style='font-size: 22px; border-bottom: 2px solid currentColor; padding-bottom: 5px; margin-top: 0; color: inherit; opacity: 0.8;'>Contenido del paquete:<\/h3>\n<ul style='padding-left: 20px; font-size: 15px; color: inherit;'>\n<li style='margin-bottom: 5px;'><span style='font-size: 14pt;'>1 Inversor PST30012<\/span><\/li>\n<li style='margin-bottom: 5px;'><span style='font-size: 14pt;'>1 Manual de usuario<\/span><\/li>\n<li style='margin-bottom: 5px;'><span style='font-size: 14pt;'>Kit de montaje<\/span><\/li>\n<li style='margin-bottom: 5px;'><span style='font-size: 14pt;'>Cables de conexi\u00f3n<\/span><\/li>\n<li style='margin-bottom: 5px;'><span style='font-size: 14pt;'>Fusibles<\/span><\/li>\n<\/ul><\/div>\n<\/p><\/div>\n<\/p><\/div>\n","protected":false},"excerpt":{"rendered":"<p>Inversor de corriente onda pura 300W, entrada 12 Vcc, salida 120 Vca 60 Hz<\/p>\n","protected":false},"featured_media":110980,"comment_status":"open","ping_status":"closed","template":"","meta":[],"product_brand":[],"product_cat":[1120],"product_tag":[964,1121,1221],"class_list":{"0":"post-110981","1":"product","2":"type-product","3":"status-publish","4":"has-post-thumbnail","6":"product_cat-inversores-aislados-off-grid","7":"product_tag-energia-solar","8":"product_tag-inversores-aislados-off-grid","9":"product_tag-samlex","11":"first","12":"instock","13":"sale","14":"shipping-taxable","15":"purchasable","16":"product-type-simple"},"_links":{"self":[{"href":"https:\/\/soydeaqui.ddns.net\/pachuca\/index.php\/wp-json\/wp\/v2\/product\/110981","targetHints":{"allow":["GET"]}}],"collection":[{"href":"https:\/\/soydeaqui.ddns.net\/pachuca\/index.php\/wp-json\/wp\/v2\/product"}],"about":[{"href":"https:\/\/soydeaqui.ddns.net\/pachuca\/index.php\/wp-json\/wp\/v2\/types\/product"}],"replies":[{"embeddable":true,"href":"https:\/\/soydeaqui.ddns.net\/pachuca\/index.php\/wp-json\/wp\/v2\/comments?post=110981"}],"wp:featuredmedia":[{"embeddable":true,"href":"https:\/\/soydeaqui.ddns.net\/pachuca\/index.php\/wp-json\/wp\/v2\/media\/110980"}],"wp:attachment":[{"href":"https:\/\/soydeaqui.ddns.net\/pachuca\/index.php\/wp-json\/wp\/v2\/media?parent=110981"}],"wp:term":[{"taxonomy":"product_brand","embeddable":true,"href":"https:\/\/soydeaqui.ddns.net\/pachuca\/index.php\/wp-json\/wp\/v2\/product_brand?post=110981"},{"taxonomy":"product_cat","embeddable":true,"href":"https:\/\/soydeaqui.ddns.net\/pachuca\/index.php\/wp-json\/wp\/v2\/product_cat?post=110981"},{"taxonomy":"product_tag","embeddable":true,"href":"https:\/\/soydeaqui.ddns.net\/pachuca\/index.php\/wp-json\/wp\/v2\/product_tag?post=110981"}],"curies":[{"name":"wp","href":"https:\/\/api.w.org\/{rel}","templated":true}]}}