{"id":110979,"date":"2026-03-20T20:21:32","date_gmt":"2026-03-20T20:21:32","guid":{"rendered":"https:\/\/soydeaqui.ddns.net\/pachuca\/index.php\/producto\/inyector-poe-802-3af-administrable-de-24-puertos-10-100-mbps\/"},"modified":"2026-03-20T20:21:35","modified_gmt":"2026-03-20T20:21:35","slug":"inyector-poe-802-3af-administrable-de-24-puertos-10-100-mbps","status":"publish","type":"product","link":"https:\/\/soydeaqui.ddns.net\/pachuca\/index.php\/producto\/inyector-poe-802-3af-administrable-de-24-puertos-10-100-mbps\/","title":{"rendered":"Inyector PoE 802.3af administrable de 24 puertos 10\/100 Mbps"},"content":{"rendered":"<div style='width: 100%; max-width: 1200px; margin: 0 auto; font-family: sans-serif; line-height: 1.6; color: inherit; background-color: transparent;'> <!-- Secci\u00f3n de descripci\u00f3n general --> <\/p>\n<div style='margin-bottom: 30px; font-size: 15px;'>\n<p style='margin-top: 0;'>Inyecta la alimentaci\u00f3n a 24 dispositivos PoE por los mismos cables de datos.<\/p>\n<p>Distancia de transmisi\u00f3n y alimentaci\u00f3n hasta 100m&comma; hasta 300m con extensores POE-E101.<\/p>\n<\/p><\/div>\n<p> <!-- Secci\u00f3n de caracter\u00edsticas con grid --> <\/p>\n<div style='display: grid; grid-template-columns: repeat(auto-fill&comma; minmax(250px&comma; 1fr)); gap: 20px; margin-bottom: 30px;'>\n<div style='border: 1px solid rgba(150&comma; 150&comma; 150&comma; 0.4); border-radius: 8px; overflow: hidden;'>\n<div style='padding: 15px; border-bottom: 1px solid rgba(150&comma; 150&comma; 150&comma; 0.2); font-weight: bold; font-size: 18px; color: inherit;'>Protecci\u00f3n<\/div>\n<div style='padding: 15px; color: inherit;'>\n<ul style='padding-left: 20px; margin: 0; font-size: 14px; list-style-type: disc;'>\n<li style='margin-bottom: 5px;'>Autodetecta dispositivos PoE 802.3af&comma; protege los equipos de da\u00f1os por mala instalaci\u00f3n<\/li>\n<li style='margin-bottom: 5px;'>Protecci\u00f3n de Circuito que previene interferencia entre puertos<\/li>\n<\/ul><\/div>\n<\/p><\/div>\n<div style='border: 1px solid rgba(150&comma; 150&comma; 150&comma; 0.4); border-radius: 8px; overflow: hidden;'>\n<div style='padding: 15px; border-bottom: 1px solid rgba(150&comma; 150&comma; 150&comma; 0.2); font-weight: bold; font-size: 18px; color: inherit;'>Puertos<\/div>\n<div style='padding: 15px; color: inherit;'>\n<ul style='padding-left: 20px; margin: 0; font-size: 14px; list-style-type: disc;'>\n<li style='margin-bottom: 5px;'>24 Puertos de Entrada 10\/100Base-TX<\/li>\n<li style='margin-bottom: 5px;'>24 Puertos de Salida 10\/100Base-TX con PoE 802.3af<\/li>\n<li style='margin-bottom: 5px;'>1 Puerto 10\/100Base-TX para Administraci\u00f3n<\/li>\n<li style='margin-bottom: 5px;'>Compatible con dispositivos PoE 802.3af Clase 1&comma;2 y 3 hasta 15.4W por Puerto<\/li>\n<\/ul><\/div>\n<\/p><\/div>\n<div style='border: 1px solid rgba(150&comma; 150&comma; 150&comma; 0.4); border-radius: 8px; overflow: hidden;'>\n<div style='padding: 15px; border-bottom: 1px solid rgba(150&comma; 150&comma; 150&comma; 0.2); font-weight: bold; font-size: 18px; color: inherit;'>Administraci\u00f3n PoE<\/div>\n<div style='padding: 15px; color: inherit;'>\n<ul style='padding-left: 20px; margin: 0; font-size: 14px; list-style-type: disc;'>\n<li style='margin-bottom: 5px;'>Intuitiva Interfaz Web para Administraci\u00f3n<\/li>\n<li style='margin-bottom: 5px;'>Monitoreo de Estado y Potencia consumida por puerto<\/li>\n<li style='margin-bottom: 5px;'>Monitoreo de la Potencia Total consumida<\/li>\n<li style='margin-bottom: 5px;'>L\u00edmite de potencia por puerto y prioridad<\/li>\n<li style='margin-bottom: 5px;'>Activaci\u00f3n \/ Desactivaci\u00f3n de PoE por puerto<\/li>\n<li style='margin-bottom: 5px;'>Soporta SNMP Trap para eventos de notificaci\u00f3n de alarma<\/li>\n<\/ul><\/div>\n<\/p><\/div>\n<div style='border: 1px solid rgba(150&comma; 150&comma; 150&comma; 0.4); border-radius: 8px; overflow: hidden;'>\n<div style='padding: 15px; border-bottom: 1px solid rgba(150&comma; 150&comma; 150&comma; 0.2); font-weight: bold; font-size: 18px; color: inherit;'>Caracter\u00edsticas F\u00edsicas y El\u00e9ctricas<\/div>\n<div style='padding: 15px; color: inherit;'>\n<ul style='padding-left: 20px; margin: 0; font-size: 14px; list-style-type: disc;'>\n<li style='margin-bottom: 5px;'>Alimentaci\u00f3n: 100-240VCA @ 260W<\/li>\n<li style='margin-bottom: 5px;'>Potencia total: 380W<\/li>\n<li style='margin-bottom: 5px;'>Dimensiones: 1U Rack&comma; 440 x 200 x 44 mm<\/li>\n<li style='margin-bottom: 5px;'>Peso: 3.3Kg<\/li>\n<li style='margin-bottom: 5px;'>Temperatura de Operaci\u00f3n: 0 a 50\u00b0C<\/li>\n<\/ul><\/div>\n<\/p><\/div>\n<\/p><\/div>\n<p> <!-- Secci\u00f3n de im\u00e1genes --> <\/p>\n<div style='display: flex; flex-wrap: wrap; gap: 20px; margin-bottom: 30px; justify-content: center;'> <img style='width: 100%; max-width: 400px; height: auto; border: 1px solid rgba(150&comma;150&comma;150&comma;0.3); border-radius: 8px;' src='http:\/\/ftp3.syscom.mx\/usuarios\/fotos\/POE2400P4\/POE2400P4_1.png' alt=''> <img style='width: 100%; max-width: 400px; height: auto; border: 1px solid rgba(150&comma;150&comma;150&comma;0.3); border-radius: 8px;' src='http:\/\/ftp3.syscom.mx\/usuarios\/fotos\/POE2400P4\/POE2400P4_2.png' alt=''> <\/div>\n<p> <!-- Garant\u00eda --> <\/p>\n<div style='font-size: 15px; text-align: center; margin-bottom: 30px; color: inherit;'> *2 A\u00f1os de Garant\u00eda <\/div>\n<\/p><\/div>\n","protected":false},"excerpt":{"rendered":"<p>Inyector PoE 802.3af administrable de 24 puertos 10\/100 Mbps<\/p>\n","protected":false},"featured_media":110978,"comment_status":"open","ping_status":"closed","template":"","meta":[],"product_brand":[],"product_cat":[1260],"product_tag":[1261,664,2033],"class_list":{"0":"post-110979","1":"product","2":"type-product","3":"status-publish","4":"has-post-thumbnail","6":"product_cat-inyectores-poe","7":"product_tag-inyectores-poe","8":"product_tag-networking","9":"product_tag-planet","11":"first","12":"outofstock","13":"sale","14":"shipping-taxable","15":"purchasable","16":"product-type-simple"},"_links":{"self":[{"href":"https:\/\/soydeaqui.ddns.net\/pachuca\/index.php\/wp-json\/wp\/v2\/product\/110979","targetHints":{"allow":["GET"]}}],"collection":[{"href":"https:\/\/soydeaqui.ddns.net\/pachuca\/index.php\/wp-json\/wp\/v2\/product"}],"about":[{"href":"https:\/\/soydeaqui.ddns.net\/pachuca\/index.php\/wp-json\/wp\/v2\/types\/product"}],"replies":[{"embeddable":true,"href":"https:\/\/soydeaqui.ddns.net\/pachuca\/index.php\/wp-json\/wp\/v2\/comments?post=110979"}],"wp:featuredmedia":[{"embeddable":true,"href":"https:\/\/soydeaqui.ddns.net\/pachuca\/index.php\/wp-json\/wp\/v2\/media\/110978"}],"wp:attachment":[{"href":"https:\/\/soydeaqui.ddns.net\/pachuca\/index.php\/wp-json\/wp\/v2\/media?parent=110979"}],"wp:term":[{"taxonomy":"product_brand","embeddable":true,"href":"https:\/\/soydeaqui.ddns.net\/pachuca\/index.php\/wp-json\/wp\/v2\/product_brand?post=110979"},{"taxonomy":"product_cat","embeddable":true,"href":"https:\/\/soydeaqui.ddns.net\/pachuca\/index.php\/wp-json\/wp\/v2\/product_cat?post=110979"},{"taxonomy":"product_tag","embeddable":true,"href":"https:\/\/soydeaqui.ddns.net\/pachuca\/index.php\/wp-json\/wp\/v2\/product_tag?post=110979"}],"curies":[{"name":"wp","href":"https:\/\/api.w.org\/{rel}","templated":true}]}}