{"id":110977,"date":"2026-03-20T20:21:27","date_gmt":"2026-03-20T20:21:27","guid":{"rendered":"https:\/\/soydeaqui.ddns.net\/pachuca\/index.php\/producto\/protector-ethernet-100-1000-mbps-cat5e-100-mbps\/"},"modified":"2026-03-20T20:21:30","modified_gmt":"2026-03-20T20:21:30","slug":"protector-ethernet-100-1000-mbps-cat5e-100-mbps","status":"publish","type":"product","link":"https:\/\/soydeaqui.ddns.net\/pachuca\/index.php\/producto\/protector-ethernet-100-1000-mbps-cat5e-100-mbps\/","title":{"rendered":"Protector Ethernet (100\/1000 Mbps) Cat5e 100 Mbps"},"content":{"rendered":"<div style='width: 100%; max-width: 1200px; margin: 0 auto; font-family: sans-serif; line-height: 1.6; color: inherit; background-color: transparent;'> <!-- Secci\u00f3n de caracter\u00edsticas --> <\/p>\n<div style='display: flex; flex-wrap: wrap; gap: 30px; margin-bottom: 30px;'>\n<div style='flex: 1 1 300px; min-width: 280px;'>\n<h3 style='font-size: 22px; border-bottom: 2px solid currentColor; padding-bottom: 5px; margin-top: 0; color: inherit; opacity: 0.8;'>Caracter\u00edsticas<\/h3>\n<ul style='padding-left: 20px; font-size: 15px; color: inherit;'>\n<li style='margin-bottom: 5px;'>Protecci\u00f3n multi-nivel con tecnolog\u00eda Gas-Tube + TVS<\/li>\n<li style='margin-bottom: 5px;'>Protecci\u00f3n dual en modo com\u00fan y modo diferencial<\/li>\n<li style='margin-bottom: 5px;'>Tecnolog\u00eda de matriz TVS con baja capacitancia<\/li>\n<li style='margin-bottom: 5px;'>Capacidad de protecci\u00f3n multi-descarga<\/li>\n<li style='margin-bottom: 5px;'>Tiempo de respuesta: 1ns<\/li>\n<li style='margin-bottom: 5px;'>Conector RJ45<\/li>\n<li style='margin-bottom: 5px;'>Uso interior<\/li>\n<li style='margin-bottom: 5px;'>Compatible con cables Cat5e y Cat6<\/li>\n<\/ul><\/div>\n<p> <!-- Secci\u00f3n de especificaciones el\u00e9ctricas --> <\/p>\n<div style='flex: 1 1 300px; min-width: 280px;'>\n<h3 style='font-size: 22px; border-bottom: 2px solid currentColor; padding-bottom: 5px; margin-top: 0; color: inherit; opacity: 0.8;'>Especificaciones el\u00e9ctricas<\/h3>\n<ul style='padding-left: 20px; font-size: 15px; color: inherit;'>\n<li style='margin-bottom: 5px;'><strong>Voltaje m\u00e1ximo de operaci\u00f3n:<\/strong> 5V<\/li>\n<li style='margin-bottom: 5px;'><strong>Corriente nominal de descarga (8\/20\u00b5s):<\/strong> 3kA<\/li>\n<li style='margin-bottom: 5px;'><strong>Corriente m\u00e1xima de descarga (8\/20\u00b5s):<\/strong> 5kA<\/li>\n<li style='margin-bottom: 5px;'><strong>Voltaje limitante:<\/strong> 25V (l\u00ednea-l\u00ednea)&comma; 500V (l\u00ednea-tierra)<\/li>\n<li style='margin-bottom: 5px;'><strong>Velocidad de transmisi\u00f3n:<\/strong> 100 Mbps<\/li>\n<li style='margin-bottom: 5px;'><strong>P\u00e9rdida de inserci\u00f3n:<\/strong> 0.5dB<\/li>\n<li style='margin-bottom: 5px;'><strong>Pines protegidos:<\/strong> 1\/2&comma; 3\/6<\/li>\n<\/ul><\/div>\n<p> <!-- Secci\u00f3n de caracter\u00edsticas mec\u00e1nicas --> <\/p>\n<div style='flex: 1 1 300px; min-width: 280px;'>\n<h3 style='font-size: 22px; border-bottom: 2px solid currentColor; padding-bottom: 5px; margin-top: 0; color: inherit; opacity: 0.8;'>Caracter\u00edsticas mec\u00e1nicas<\/h3>\n<ul style='padding-left: 20px; font-size: 15px; color: inherit;'>\n<li style='margin-bottom: 5px;'><strong>Dimensiones:<\/strong> 83 \u00d7 25 \u00d7 25 mm<\/li>\n<li style='margin-bottom: 5px;'><strong>Peso:<\/strong> 76g<\/li>\n<li style='margin-bottom: 5px;'><strong>Protecci\u00f3n:<\/strong> IP20<\/li>\n<\/ul><\/div>\n<p> <!-- Secci\u00f3n de condiciones de operaci\u00f3n --> <\/p>\n<div style='flex: 1 1 300px; min-width: 280px;'>\n<h3 style='font-size: 22px; border-bottom: 2px solid currentColor; padding-bottom: 5px; margin-top: 0; color: inherit; opacity: 0.8;'>Condiciones de operaci\u00f3n<\/h3>\n<ul style='padding-left: 20px; font-size: 15px; color: inherit;'>\n<li style='margin-bottom: 5px;'><strong>Temperatura de operaci\u00f3n:<\/strong> -40\u00b0C a 80\u00b0C<\/li>\n<li style='margin-bottom: 5px;'><strong>Humedad relativa:<\/strong> \u226495%<\/li>\n<li style='margin-bottom: 5px;'><strong>Normas:<\/strong> IEC61643-1&comma; RoHS<\/li>\n<\/ul><\/div>\n<\/p><\/div>\n<p> <!-- Diagrama --> <\/p>\n<div style='margin-bottom: 30px;'>\n<h3 style='font-size: 22px; border-bottom: 2px solid currentColor; padding-bottom: 5px; margin-top: 0; color: inherit; opacity: 0.8;'>Diagrama<\/h3>\n<p> <img style='width: 100%; height: auto; border: 1px solid rgba(150&comma;150&comma;150&comma;0.3); border-radius: 8px;' src='http:\/\/148.223.3.142\/archivos\/jvillela\/recursos\/212.jpg' alt='Diagrama'> <\/div>\n<p> <!-- Instrucciones de instalaci\u00f3n --> <\/p>\n<div style='margin-bottom: 30px;'>\n<h3 style='font-size: 22px; border-bottom: 2px solid currentColor; padding-bottom: 5px; margin-top: 0; color: inherit; opacity: 0.8;'>Instrucciones de instalaci\u00f3n<\/h3>\n<ol style='padding-left: 20px; font-size: 15px; color: inherit;'>\n<li style='margin-bottom: 5px;'>Conectar en serie entre el dispositivo protegido y el canal de transmisi\u00f3n de se\u00f1al\/alimentaci\u00f3n<\/li>\n<li style='margin-bottom: 5px;'>Conectar terminal de entrada (IN) al canal de transmisi\u00f3n y terminal de salida (OUT) al dispositivo protegido<\/li>\n<li style='margin-bottom: 5px;'>Conectar el cable de tierra del SPD al barraje de tierra del sistema de protecci\u00f3n contra rayos de la habitaci\u00f3n o edificio<\/li>\n<\/ol><\/div>\n<p> <!-- Mantenimiento --> <\/p>\n<div style='margin-bottom: 30px;'>\n<h3 style='font-size: 22px; border-bottom: 2px solid currentColor; padding-bottom: 5px; margin-top: 0; color: inherit; opacity: 0.8;'>Mantenimiento<\/h3>\n<p style='font-size: 15px; color: inherit; margin-bottom: 5px;'>No requiere mantenimiento especial. Cuando surja un problema y se sospeche del SPD&comma; verificar el sistema extrayendo el SPD del circuito. Si el sistema se recupera&comma; el SPD debe considerarse da\u00f1ado y debe reemplazarse inmediatamente.<\/p>\n<\/p><\/div>\n<p> <!-- Separador --> <\/p>\n<hr style='border: 0; border-top: 1px solid rgba(150&comma; 150&comma; 150&comma; 0.3); margin: 30px 0;'> <\/div>\n","protected":false},"excerpt":{"rendered":"<p>Protector Ethernet (100\/1000 Mbps) Cat5e 100 Mbps<\/p>\n","protected":false},"featured_media":110976,"comment_status":"open","ping_status":"closed","template":"","meta":[],"product_brand":[],"product_cat":[953],"product_tag":[898,954,560],"class_list":{"0":"post-110977","1":"product","2":"type-product","3":"status-publish","4":"has-post-thumbnail","6":"product_cat-redes","7":"product_tag-proteccion-contra-descargas","8":"product_tag-redes","9":"product_tag-txpro","11":"first","12":"outofstock","13":"sale","14":"shipping-taxable","15":"purchasable","16":"product-type-simple"},"_links":{"self":[{"href":"https:\/\/soydeaqui.ddns.net\/pachuca\/index.php\/wp-json\/wp\/v2\/product\/110977","targetHints":{"allow":["GET"]}}],"collection":[{"href":"https:\/\/soydeaqui.ddns.net\/pachuca\/index.php\/wp-json\/wp\/v2\/product"}],"about":[{"href":"https:\/\/soydeaqui.ddns.net\/pachuca\/index.php\/wp-json\/wp\/v2\/types\/product"}],"replies":[{"embeddable":true,"href":"https:\/\/soydeaqui.ddns.net\/pachuca\/index.php\/wp-json\/wp\/v2\/comments?post=110977"}],"wp:featuredmedia":[{"embeddable":true,"href":"https:\/\/soydeaqui.ddns.net\/pachuca\/index.php\/wp-json\/wp\/v2\/media\/110976"}],"wp:attachment":[{"href":"https:\/\/soydeaqui.ddns.net\/pachuca\/index.php\/wp-json\/wp\/v2\/media?parent=110977"}],"wp:term":[{"taxonomy":"product_brand","embeddable":true,"href":"https:\/\/soydeaqui.ddns.net\/pachuca\/index.php\/wp-json\/wp\/v2\/product_brand?post=110977"},{"taxonomy":"product_cat","embeddable":true,"href":"https:\/\/soydeaqui.ddns.net\/pachuca\/index.php\/wp-json\/wp\/v2\/product_cat?post=110977"},{"taxonomy":"product_tag","embeddable":true,"href":"https:\/\/soydeaqui.ddns.net\/pachuca\/index.php\/wp-json\/wp\/v2\/product_tag?post=110977"}],"curies":[{"name":"wp","href":"https:\/\/api.w.org\/{rel}","templated":true}]}}