{"id":110934,"date":"2026-03-20T20:19:04","date_gmt":"2026-03-20T20:19:04","guid":{"rendered":"https:\/\/soydeaqui.ddns.net\/pachuca\/index.php\/producto\/cable-de-parcheo-utp-cat5e-3-0-metros-9-84-pies-rojo\/"},"modified":"2026-03-20T20:19:17","modified_gmt":"2026-03-20T20:19:17","slug":"cable-de-parcheo-utp-cat5e-3-0-metros-9-84-pies-rojo","status":"publish","type":"product","link":"https:\/\/soydeaqui.ddns.net\/pachuca\/index.php\/producto\/cable-de-parcheo-utp-cat5e-3-0-metros-9-84-pies-rojo\/","title":{"rendered":"Cable de Parcheo UTP Cat5e &#8211; 3.0 Metros (9.84 Pies) &#8211; Rojo"},"content":{"rendered":"<div style='width: 100%; max-width: 1200px; margin: 0 auto; font-family: sans-serif; line-height: 1.6; color: inherit; background-color: transparent;'> <!-- Secci\u00f3n de introducci\u00f3n --> <\/p>\n<div style='margin-bottom: 30px;'>\n<p style='margin: 15px 0; color: inherit;'>El cable UTP&comma;FTP LinkedPro CAT5e y CAT6 permite flexibilidad en instalaci\u00f3n&comma; capacidad de crecimiento y facilidad de administraci\u00f3n. Es un cable de alto rendimiento y completa toda la soluci\u00f3n de LinkedPro.<\/p>\n<\/p><\/div>\n<p> <!-- Secci\u00f3n de definici\u00f3n UTP --> <\/p>\n<div style='margin-bottom: 30px;'>\n<h3 style='font-size: 22px; border-bottom: 2px solid currentColor; padding-bottom: 5px; margin-top: 0; margin-bottom: 15px; color: inherit; opacity: 0.8;'>CABLE DE PAR TRENZADO NO APANTALLADO (UTP&comma; Unshielded Twisted Pair)<\/h3>\n<p style='margin: 15px 0; color: inherit;'>Cable de pares trenzados m\u00e1s simple y empleado&comma; sin ning\u00fan tipo de pantalla adicional y con una impedancia caracter\u00edstica de 100 Ohms.<\/p>\n<\/p><\/div>\n<p> <!-- Secci\u00f3n de Cat5e --> <\/p>\n<div style='margin-bottom: 30px;'>\n<h3 style='font-size: 22px; border-bottom: 2px solid currentColor; padding-bottom: 5px; margin-top: 0; margin-bottom: 15px; color: inherit; opacity: 0.8;'>Cat5e<\/h3>\n<p style='margin: 15px 0; color: inherit;'>Su objetivo es la interfaz f\u00edsica para conectar los puntos del cuarto de telecomunicaciones hasta el \u00e1rea de trabajo&comma; adecu\u00e1ndose a las especificaciones de la norma IEEE 802.3i\/3u en redes LAN con transmisi\u00f3n de datos 10\/100Base T\/Tx con un rendimiento que supera los 110 Mbps.<\/p>\n<\/p><\/div>\n<p> <!-- Secci\u00f3n de especificaciones --> <\/p>\n<div style='display: flex; flex-wrap: wrap; gap: 20px; margin-bottom: 30px;'>\n<div style='flex: 1 1 250px; border: 1px solid rgba(150&comma; 150&comma; 150&comma; 0.4); border-radius: 8px; overflow: hidden; display: flex; flex-direction: column;'>\n<div style='padding: 15px; border-bottom: 1px solid rgba(150&comma; 150&comma; 150&comma; 0.2); font-weight: bold; font-size: 18px; color: inherit;'>Especificaciones t\u00e9cnicas<\/div>\n<div style='padding: 15px; color: inherit;'>\n<ul style='padding-left: 20px; margin: 0; font-size: 14px; list-style-type: disc;'>\n<li style='margin-bottom: 5px;'><strong>Tipo:<\/strong> Cable de parcheo de cobre.<\/li>\n<li style='margin-bottom: 5px;'><strong>Color:<\/strong> Rojo.<\/li>\n<li style='margin-bottom: 5px;'><strong>Nivel de rendimiento:<\/strong> Cat5e\/Clase D.<\/li>\n<li style='margin-bottom: 5px;'><strong>Longitud:<\/strong> 3.0m.<\/li>\n<li style='margin-bottom: 5px;'><strong>Tipo de conector:<\/strong> RJ45 8(8).<\/li>\n<li style='margin-bottom: 5px;'><strong>Terminaci\u00f3n extremo 1:<\/strong> Plug modular.<\/li>\n<li style='margin-bottom: 5px;'><strong>Terminaci\u00f3n extremo 2:<\/strong> Plug modular.<\/li>\n<li style='margin-bottom: 5px;'><strong>Tipo de cable:<\/strong> Sin blindaje.<\/li>\n<\/ul><\/div>\n<\/p><\/div>\n<\/p><\/div>\n<p> <!-- Notas --> <\/p>\n<div style='margin-bottom: 30px;'>\n<p style='margin: 15px 0; color: inherit;'><strong>*<\/strong><\/p>\n<\/p><\/div>\n<\/p><\/div>\n","protected":false},"excerpt":{"rendered":"<p>Cable de Parcheo UTP Cat5e &#8211; 3.0 Metros (9.84 Pies) &#8211; Rojo<\/p>\n","protected":false},"featured_media":110933,"comment_status":"open","ping_status":"closed","template":"","meta":[],"product_brand":[],"product_cat":[598],"product_tag":[586,435,599],"class_list":{"0":"post-110934","1":"product","2":"type-product","3":"status-publish","4":"has-post-thumbnail","6":"product_cat-patch-cords","7":"product_tag-cableado-de-cobre","8":"product_tag-linkedpro-by-epcom","9":"product_tag-patch-cords","11":"first","12":"instock","13":"sale","14":"shipping-taxable","15":"purchasable","16":"product-type-simple"},"_links":{"self":[{"href":"https:\/\/soydeaqui.ddns.net\/pachuca\/index.php\/wp-json\/wp\/v2\/product\/110934","targetHints":{"allow":["GET"]}}],"collection":[{"href":"https:\/\/soydeaqui.ddns.net\/pachuca\/index.php\/wp-json\/wp\/v2\/product"}],"about":[{"href":"https:\/\/soydeaqui.ddns.net\/pachuca\/index.php\/wp-json\/wp\/v2\/types\/product"}],"replies":[{"embeddable":true,"href":"https:\/\/soydeaqui.ddns.net\/pachuca\/index.php\/wp-json\/wp\/v2\/comments?post=110934"}],"wp:featuredmedia":[{"embeddable":true,"href":"https:\/\/soydeaqui.ddns.net\/pachuca\/index.php\/wp-json\/wp\/v2\/media\/110933"}],"wp:attachment":[{"href":"https:\/\/soydeaqui.ddns.net\/pachuca\/index.php\/wp-json\/wp\/v2\/media?parent=110934"}],"wp:term":[{"taxonomy":"product_brand","embeddable":true,"href":"https:\/\/soydeaqui.ddns.net\/pachuca\/index.php\/wp-json\/wp\/v2\/product_brand?post=110934"},{"taxonomy":"product_cat","embeddable":true,"href":"https:\/\/soydeaqui.ddns.net\/pachuca\/index.php\/wp-json\/wp\/v2\/product_cat?post=110934"},{"taxonomy":"product_tag","embeddable":true,"href":"https:\/\/soydeaqui.ddns.net\/pachuca\/index.php\/wp-json\/wp\/v2\/product_tag?post=110934"}],"curies":[{"name":"wp","href":"https:\/\/api.w.org\/{rel}","templated":true}]}}