{"id":110866,"date":"2026-03-20T20:15:26","date_gmt":"2026-03-20T20:15:26","guid":{"rendered":"https:\/\/soydeaqui.ddns.net\/pachuca\/index.php\/producto\/bobina-de-cable-de-305-metros-1000-pies-cat5e-aleacin-de-cobre-y-aluminio-cca-color-gris-uso-interior-2\/"},"modified":"2026-03-20T20:15:45","modified_gmt":"2026-03-20T20:15:45","slug":"bobina-de-cable-de-305-metros-1000-pies-cat5e-aleacin-de-cobre-y-aluminio-cca-color-gris-uso-interior-2","status":"publish","type":"product","link":"https:\/\/soydeaqui.ddns.net\/pachuca\/index.php\/producto\/bobina-de-cable-de-305-metros-1000-pies-cat5e-aleacin-de-cobre-y-aluminio-cca-color-gris-uso-interior-2\/","title":{"rendered":"Bobina de Cable de 305 Metros (1000 Pies) Cat5e, Aleaci?n de Cobre y Aluminio (CCA), Color Gris, Uso Interior"},"content":{"rendered":"<div style='width: 100%; max-width: 1200px; margin: 0 auto; font-family: sans-serif; line-height: 1.6; color: inherit;'>\n<div style='text-align: center; margin: 20px 0;'> <img style='width: 100%; max-width: 378px; height: auto; border: 1px solid rgba(150&comma;150&comma;150&comma;0.3); border-radius: 8px;' src='https:\/\/ftp3.syscom.mx\/usuarios\/orobles\/LinkedPro\/linkedpro_banner.jpg' alt='' \/> <\/div>\n<p style='font-size: 16px; font-weight: bold; text-align: center; margin: 20px 0; color: inherit;'>Cable de alto rendimiento&comma; dise\u00f1ado para integradores de seguridad profesional.<\/p>\n<div style='display: flex; flex-wrap: wrap; gap: 30px; margin-top: 30px; margin-bottom: 30px;'>\n<div style='flex: 1 1 300px; min-width: 280px;'>\n<div style='border-left: 5px solid #F52207; border-radius: 5px; padding: 15px; background-color: rgba(245&comma;34&comma;7&comma;0.05);'>\n<h3 style='font-size: 18px; margin-top: 0; margin-bottom: 15px; color: inherit;'>Caracter\u00edsticas<\/h3>\n<ul style='padding-left: 20px; margin: 0; font-size: 14px; color: inherit;'>\n<li style='margin-bottom: 8px;'>CCTV IP Megapixel \/ Instalaciones de video an\u00e1logo \/ Redes locales de alta velocidad<\/li>\n<li style='margin-bottom: 8px;'>Redes inal\u00e1mbricas<\/li>\n<li style='margin-bottom: 8px;'>Aplicaci\u00f3n: IP Megapixel<\/li>\n<li style='margin-bottom: 8px;'>CCTV&comma; Redes de Datos&comma; Control RS485<\/li>\n<\/ul><\/div>\n<\/p><\/div>\n<div style='flex: 1 1 300px; min-width: 280px;'>\n<div style='border-left: 5px solid #F52207; border-radius: 5px; padding: 15px; background-color: rgba(245&comma;34&comma;7&comma;0.05);'>\n<h3 style='font-size: 18px; margin-top: 0; margin-bottom: 15px; color: inherit;'>Caracter\u00edsticas f\u00edsicas y el\u00e9ctricas<\/h3>\n<ul style='padding-left: 20px; margin: 0; font-size: 14px; color: inherit;'>\n<li style='margin-bottom: 8px;'><strong>Conductor:<\/strong> CCA (Revestido de cobre\/aluminio)<\/li>\n<li style='margin-bottom: 8px;'><strong>Aplicaci\u00f3n:<\/strong> Interior<\/li>\n<li style='margin-bottom: 8px;'><strong>Color Exterior:<\/strong> Gris<\/li>\n<li style='margin-bottom: 8px;'><strong>Calibre:<\/strong> 24<\/li>\n<li style='margin-bottom: 8px;'><strong>Aislamiento:<\/strong> PVC<\/li>\n<li style='margin-bottom: 8px;'><strong>Blindaje:<\/strong> Sin blindaje<\/li>\n<li style='margin-bottom: 8px;'><strong>Tipo:<\/strong> UTP5 (4 pares)<\/li>\n<li style='margin-bottom: 8px;'><strong>Di\u00e1metro:<\/strong> 5.1 mm<\/li>\n<li style='margin-bottom: 8px;'><strong>Frecuencia:<\/strong> 100MHz<\/li>\n<\/ul><\/div>\n<\/p><\/div>\n<div style='flex: 1 1 300px; min-width: 280px;'>\n<div style='border-left: 5px solid #F52207; border-radius: 5px; padding: 15px; background-color: rgba(245&comma;34&comma;7&comma;0.05);'>\n<h3 style='font-size: 18px; margin-top: 0; margin-bottom: 15px; color: inherit;'>Est\u00e1ndares y certificaciones<\/h3>\n<ul style='padding-left: 20px; margin: 0; font-size: 14px; color: inherit;'>\n<li style='margin-bottom: 8px;'>CMX<\/li>\n<li style='margin-bottom: 8px;'>ANSI\/TIA<\/li>\n<li style='margin-bottom: 8px;'>ISO\/IEC<\/li>\n<\/ul><\/div>\n<\/p><\/div>\n<\/p><\/div>\n<div style='margin: 30px 0; text-align: center;'>\n<p style='font-size: 14px; color: inherit;'><strong>* Precio por carrete de 305 mts.<\/strong><\/p>\n<\/p><\/div>\n<div style='margin: 30px 0;'> <img style='width: 100%; height: auto; border: 1px solid rgba(150&comma;150&comma;150&comma;0.3); border-radius: 8px;' src='https:\/\/ftp3.syscom.mx\/usuarios\/ccasares\/CCTV\/Guia%20rapida%20de%20seleccion%20de%20cable.jpg' alt='' \/> <\/div>\n<div style='margin: 30px 0;'>\n<div style='position: relative; padding-bottom: 56.25%; height: 0; overflow: hidden; margin-bottom: 30px;'>   <\/div>\n<div style='position: relative; padding-bottom: 56.25%; height: 0; overflow: hidden; margin-bottom: 30px;'>   <\/div>\n<\/p><\/div>\n<\/p><\/div>\n","protected":false},"excerpt":{"rendered":"<p>Bobina de Cable de 305 Metros (1000 Pies) Cat5e, Aleaci?n de Cobre y Aluminio (CCA), Color Gris, Uso Interior<\/p>\n","protected":false},"featured_media":110865,"comment_status":"open","ping_status":"closed","template":"","meta":[],"product_brand":[],"product_cat":[619],"product_tag":[488,620,435],"class_list":{"0":"post-110866","1":"product","2":"type-product","3":"status-publish","4":"has-post-thumbnail","6":"product_cat-categoria-5e","7":"product_tag-cables-y-conectores","8":"product_tag-categoria-5e","9":"product_tag-linkedpro-by-epcom","11":"first","12":"instock","13":"sale","14":"shipping-taxable","15":"purchasable","16":"product-type-simple"},"_links":{"self":[{"href":"https:\/\/soydeaqui.ddns.net\/pachuca\/index.php\/wp-json\/wp\/v2\/product\/110866","targetHints":{"allow":["GET"]}}],"collection":[{"href":"https:\/\/soydeaqui.ddns.net\/pachuca\/index.php\/wp-json\/wp\/v2\/product"}],"about":[{"href":"https:\/\/soydeaqui.ddns.net\/pachuca\/index.php\/wp-json\/wp\/v2\/types\/product"}],"replies":[{"embeddable":true,"href":"https:\/\/soydeaqui.ddns.net\/pachuca\/index.php\/wp-json\/wp\/v2\/comments?post=110866"}],"wp:featuredmedia":[{"embeddable":true,"href":"https:\/\/soydeaqui.ddns.net\/pachuca\/index.php\/wp-json\/wp\/v2\/media\/110865"}],"wp:attachment":[{"href":"https:\/\/soydeaqui.ddns.net\/pachuca\/index.php\/wp-json\/wp\/v2\/media?parent=110866"}],"wp:term":[{"taxonomy":"product_brand","embeddable":true,"href":"https:\/\/soydeaqui.ddns.net\/pachuca\/index.php\/wp-json\/wp\/v2\/product_brand?post=110866"},{"taxonomy":"product_cat","embeddable":true,"href":"https:\/\/soydeaqui.ddns.net\/pachuca\/index.php\/wp-json\/wp\/v2\/product_cat?post=110866"},{"taxonomy":"product_tag","embeddable":true,"href":"https:\/\/soydeaqui.ddns.net\/pachuca\/index.php\/wp-json\/wp\/v2\/product_tag?post=110866"}],"curies":[{"name":"wp","href":"https:\/\/api.w.org\/{rel}","templated":true}]}}