{"id":110862,"date":"2026-03-20T20:15:15","date_gmt":"2026-03-20T20:15:15","guid":{"rendered":"https:\/\/soydeaqui.ddns.net\/pachuca\/index.php\/producto\/bobina-de-cable-de-305-metros-1000-pies-cat5e-alto-desempeo-de-color-gris-ul-para-aplicaciones-en-video-vigilancia-redes-de-datos-uso-interior-2\/"},"modified":"2026-03-20T20:15:23","modified_gmt":"2026-03-20T20:15:23","slug":"bobina-de-cable-de-305-metros-1000-pies-cat5e-alto-desempeo-de-color-gris-ul-para-aplicaciones-en-video-vigilancia-redes-de-datos-uso-interior-2","status":"publish","type":"product","link":"https:\/\/soydeaqui.ddns.net\/pachuca\/index.php\/producto\/bobina-de-cable-de-305-metros-1000-pies-cat5e-alto-desempeo-de-color-gris-ul-para-aplicaciones-en-video-vigilancia-redes-de-datos-uso-interior-2\/","title":{"rendered":"Bobina de Cable de 305 Metros (1000 Pies), Cat5e, Alto Desempe?o, de Color Gris, UL, para Aplicaciones en Video Vigilancia, Redes de Datos. Uso Interior"},"content":{"rendered":"<div style='width: 100%; max-width: 1200px; margin: 0 auto; font-family: sans-serif; line-height: 1.6; color: inherit; background-color: transparent;'> <!-- Banner de marca --> <\/p>\n<div style='width: 100%; margin-bottom: 20px;'> <img style='width: 100%; max-width: 600px; height: auto; display: block; margin: 0 auto; border: 1px solid rgba(150&comma;150&comma;150&comma;0.3); border-radius: 8px;' src='https:\/\/ftp3.syscom.mx\/usuarios\/fotos\/PROCAT5EXT\/65736-linkedpro_ul_banner.jpg' alt='Banner de marca'> <\/div>\n<p> <!-- Descripci\u00f3n principal --> <\/p>\n<div style='margin-bottom: 30px;'>\n<p style='font-size: 16px; color: inherit; margin: 0 0 15px;'> <strong>Cable de alto rendimiento&comma; dise\u00f1ado para integradores de seguridad profesional<\/strong>.<br \/> <strong>Aplicaciones:<\/strong> Voz&comma; datos&comma; seguridad&comma; y video vigilancia IP Megapixel. <\/p>\n<\/p><\/div>\n<p> <!-- Secci\u00f3n de caracter\u00edsticas con grid --> <\/p>\n<div style='display: grid; grid-template-columns: repeat(auto-fit&comma; minmax(280px&comma; 1fr)); gap: 30px; margin-bottom: 30px;'> <!-- Caracter\u00edsticas --> <\/p>\n<div style='border: 1px solid rgba(150&comma; 150&comma; 150&comma; 0.4); border-radius: 8px; overflow: hidden;'>\n<div style='padding: 15px; background-color: rgba(245&comma; 34&comma; 7&comma; 0.1); border-bottom: 1px solid rgba(150&comma; 150&comma; 150&comma; 0.3); font-weight: bold; font-size: 18px; color: inherit;'>Caracter\u00edsticas<\/div>\n<div style='padding: 15px; color: inherit;'>\n<ul style='padding-left: 20px; margin: 0; font-size: 14px; list-style-type: disc; color: inherit;'>\n<li style='margin-bottom: 5px;'>Voz&comma; datos&comma; seguridad&comma; y aplicaciones de video vigilancia IP Megapixel.<\/li>\n<li style='margin-bottom: 5px;'>Redes Inal\u00e1mbricas.<\/li>\n<li style='margin-bottom: 5px;'>Instalaciones gigabits de voz \/ datos.<\/li>\n<li style='margin-bottom: 5px;'>Env\u00edo de POE a largas distancias.<\/li>\n<\/ul><\/div>\n<\/p><\/div>\n<p> <!-- Caracter\u00edsticas f\u00edsicas y el\u00e9ctricas --> <\/p>\n<div style='border: 1px solid rgba(150&comma; 150&comma; 150&comma; 0.4); border-radius: 8px; overflow: hidden;'>\n<div style='padding: 15px; background-color: rgba(245&comma; 34&comma; 7&comma; 0.1); border-bottom: 1px solid rgba(150&comma; 150&comma; 150&comma; 0.3); font-weight: bold; font-size: 18px; color: inherit;'>Caracter\u00edsticas f\u00edsicas y el\u00e9ctricas<\/div>\n<div style='padding: 15px; color: inherit;'>\n<ul style='padding-left: 20px; margin: 0; font-size: 14px; list-style-type: disc; color: inherit;'>\n<li style='margin-bottom: 5px;'><strong>Conductor 100% Cobre.<\/strong><\/li>\n<li style='margin-bottom: 5px;'>Color: Gris.<\/li>\n<li style='margin-bottom: 5px;'>Calibre: 24.<\/li>\n<li style='margin-bottom: 5px;'>Aislamiento: PVC.<\/li>\n<li style='margin-bottom: 5px;'>Blindaje: No.<\/li>\n<li style='margin-bottom: 5px;'>Di\u00e1metro nominal: 5.1 \u00b1 0.2 mm<\/li>\n<\/ul><\/div>\n<\/p><\/div>\n<p> <!-- Est\u00e1ndares y certificaciones --> <\/p>\n<div style='border: 1px solid rgba(150&comma; 150&comma; 150&comma; 0.4); border-radius: 8px; overflow: hidden;'>\n<div style='padding: 15px; background-color: rgba(245&comma; 34&comma; 7&comma; 0.1); border-bottom: 1px solid rgba(150&comma; 150&comma; 150&comma; 0.3); font-weight: bold; font-size: 18px; color: inherit;'>Est\u00e1ndares y certificaciones<\/div>\n<div style='padding: 15px; color: inherit;'>\n<ul style='padding-left: 20px; margin: 0; font-size: 14px; list-style-type: disc; color: inherit;'>\n<li style='margin-bottom: 5px;'>UL: E488955<\/li>\n<li style='margin-bottom: 5px;'>CM<\/li>\n<li style='margin-bottom: 5px;'>ANSI\/TIA 568 C.2<\/li>\n<li style='margin-bottom: 5px;'>ISO\/IEC 11801 2nd Ed; IEC 61156-5<\/li>\n<li style='margin-bottom: 5px;'>CENELEC EN.<\/li>\n<li style='margin-bottom: 5px;'>Cumple con las Pruebas de Rendimiento para Enlace Permanente a 90 metros<\/li>\n<\/ul><\/div>\n<\/p><\/div>\n<\/p><\/div>\n<p> <!-- Informaci\u00f3n adicional --> <\/p>\n<div style='margin-bottom: 30px;'>\n<p style='font-size: 14px; color: inherit; margin: 0;'> * Precio por carrete de 305 metros. <\/p>\n<\/p><\/div>\n<p> <!-- Videos --> <\/p>\n<div style='margin-bottom: 30px;'>\n<div style='position: relative; padding-bottom: 56.25%; height: 0; overflow: hidden; margin-bottom: 30px;'>   <\/div>\n<div style='position: relative; padding-bottom: 56.25%; height: 0; overflow: hidden; margin-bottom: 30px;'>   <\/div>\n<\/p><\/div>\n<\/p><\/div>\n","protected":false},"excerpt":{"rendered":"<p>Bobina de Cable de 305 Metros (1000 Pies), Cat5e, Alto Desempe?o, de Color Gris, UL, para Aplicaciones en Video Vigilancia, Redes de Datos. Uso Interior<\/p>\n","protected":false},"featured_media":110861,"comment_status":"open","ping_status":"closed","template":"","meta":[],"product_brand":[],"product_cat":[619],"product_tag":[488,620,435],"class_list":{"0":"post-110862","1":"product","2":"type-product","3":"status-publish","4":"has-post-thumbnail","6":"product_cat-categoria-5e","7":"product_tag-cables-y-conectores","8":"product_tag-categoria-5e","9":"product_tag-linkedpro-by-epcom","11":"first","12":"instock","13":"sale","14":"shipping-taxable","15":"purchasable","16":"product-type-simple"},"_links":{"self":[{"href":"https:\/\/soydeaqui.ddns.net\/pachuca\/index.php\/wp-json\/wp\/v2\/product\/110862","targetHints":{"allow":["GET"]}}],"collection":[{"href":"https:\/\/soydeaqui.ddns.net\/pachuca\/index.php\/wp-json\/wp\/v2\/product"}],"about":[{"href":"https:\/\/soydeaqui.ddns.net\/pachuca\/index.php\/wp-json\/wp\/v2\/types\/product"}],"replies":[{"embeddable":true,"href":"https:\/\/soydeaqui.ddns.net\/pachuca\/index.php\/wp-json\/wp\/v2\/comments?post=110862"}],"wp:featuredmedia":[{"embeddable":true,"href":"https:\/\/soydeaqui.ddns.net\/pachuca\/index.php\/wp-json\/wp\/v2\/media\/110861"}],"wp:attachment":[{"href":"https:\/\/soydeaqui.ddns.net\/pachuca\/index.php\/wp-json\/wp\/v2\/media?parent=110862"}],"wp:term":[{"taxonomy":"product_brand","embeddable":true,"href":"https:\/\/soydeaqui.ddns.net\/pachuca\/index.php\/wp-json\/wp\/v2\/product_brand?post=110862"},{"taxonomy":"product_cat","embeddable":true,"href":"https:\/\/soydeaqui.ddns.net\/pachuca\/index.php\/wp-json\/wp\/v2\/product_cat?post=110862"},{"taxonomy":"product_tag","embeddable":true,"href":"https:\/\/soydeaqui.ddns.net\/pachuca\/index.php\/wp-json\/wp\/v2\/product_tag?post=110862"}],"curies":[{"name":"wp","href":"https:\/\/api.w.org\/{rel}","templated":true}]}}