{"id":110777,"date":"2026-03-20T20:10:41","date_gmt":"2026-03-20T20:10:41","guid":{"rendered":"https:\/\/soydeaqui.ddns.net\/pachuca\/index.php\/producto\/cable-de-parcheo-ftp-cat5e-2-0-metros-6-56-pies-negro\/"},"modified":"2026-03-20T20:10:49","modified_gmt":"2026-03-20T20:10:49","slug":"cable-de-parcheo-ftp-cat5e-2-0-metros-6-56-pies-negro","status":"publish","type":"product","link":"https:\/\/soydeaqui.ddns.net\/pachuca\/index.php\/producto\/cable-de-parcheo-ftp-cat5e-2-0-metros-6-56-pies-negro\/","title":{"rendered":"Cable de Parcheo FTP Cat5e &#8211; 2.0 Metros (6.56 Pies) &#8211; Negro"},"content":{"rendered":"<div style='width: 100%; max-width: 1200px; margin: 0 auto; font-family: sans-serif; line-height: 1.6; color: inherit; background-color: transparent;'> <!-- Secci\u00f3n de caracter\u00edsticas principales --> <\/p>\n<div style='display: flex; flex-wrap: wrap; gap: 30px; margin-bottom: 30px;'>\n<div style='flex: 1 1 300px; min-width: 280px;'>\n<h3 style='font-size: 22px; border-bottom: 2px solid currentColor; padding-bottom: 5px; margin-top: 0; color: inherit; opacity: 0.8;'>Caracter\u00edsticas principales<\/h3>\n<ul style='padding-left: 20px; font-size: 15px; color: inherit; list-style-type: disc;'>\n<li style='margin-bottom: 5px;'>Cable FTP apantallado contra interferencias externas<\/li>\n<li style='margin-bottom: 5px;'>Cumple norma IEEE 802.3i\/3u para redes LAN<\/li>\n<li style='margin-bottom: 5px;'>Transmisi\u00f3n hasta 110 Mbps eficiencia m\u00e1xima<\/li>\n<li style='margin-bottom: 5px;'>Longitud de 2 metros para conexiones vers\u00e1tiles<\/li>\n<li style='margin-bottom: 5px;'>Conectores RJ45 8(8) en ambos extremos<\/li>\n<\/ul><\/div>\n<\/p><\/div>\n<p> <!-- Secci\u00f3n de caracter\u00edsticas t\u00e9cnicas --> <\/p>\n<div style='display: flex; flex-wrap: wrap; gap: 20px; margin-bottom: 30px;'>\n<div style='flex: 1 1 250px; border: 1px solid rgba(150&comma; 150&comma; 150&comma; 0.4); border-radius: 8px; overflow: hidden; display: flex; flex-direction: column;'>\n<div style='padding: 15px; border-bottom: 1px solid rgba(150&comma; 150&comma; 150&comma; 0.2); font-weight: bold; font-size: 18px; color: inherit;'>Caracter\u00edsticas t\u00e9cnicas<\/div>\n<div style='padding: 15px; color: inherit;'>\n<ul style='padding-left: 20px; margin: 0; font-size: 14px; list-style-type: disc;'>\n<li style='margin-bottom: 5px;'><strong>Tipo:<\/strong> Cable de parcheo de cobre<\/li>\n<li style='margin-bottom: 5px;'><strong>Color:<\/strong> Negro<\/li>\n<li style='margin-bottom: 5px;'><strong>Nivel de rendimiento:<\/strong> Cat5e\/Clase D<\/li>\n<li style='margin-bottom: 5px;'><strong>Longitud:<\/strong> 2m<\/li>\n<li style='margin-bottom: 5px;'><strong>Tipo de conector:<\/strong> RJ45 8(8)<\/li>\n<li style='margin-bottom: 5px;'><strong>Terminaci\u00f3n extremo 1:<\/strong> Plug modular<\/li>\n<li style='margin-bottom: 5px;'><strong>Terminaci\u00f3n extremo 2:<\/strong> Plug modular<\/li>\n<li style='margin-bottom: 5px;'><strong>Tipo de cable:<\/strong> Con blindaje<\/li>\n<\/ul><\/div>\n<\/p><\/div>\n<p> <!-- Secci\u00f3n de especificaciones el\u00e9ctricas --> <\/p>\n<div style='flex: 1 1 250px; border: 1px solid rgba(150&comma; 150&comma; 150&comma; 0.4); border-radius: 8px; overflow: hidden; display: flex; flex-direction: column;'>\n<div style='padding: 15px; border-bottom: 1px solid rgba(150&comma; 150&comma; 150&comma; 0.2); font-weight: bold; font-size: 18px; color: inherit;'>Especificaciones el\u00e9ctricas<\/div>\n<div style='padding: 15px; color: inherit;'>\n<ul style='padding-left: 20px; margin: 0; font-size: 14px; list-style-type: disc;'>\n<li style='margin-bottom: 5px;'><strong>Nivel de rendimiento:<\/strong> Cat5e\/Clase D<\/li>\n<li style='margin-bottom: 5px;'><strong>Resistencia:<\/strong> 100 Ohms<\/li>\n<li style='margin-bottom: 5px;'><strong>Frecuencia:<\/strong> 100 MHz<\/li>\n<li style='margin-bottom: 5px;'><strong>AWG:<\/strong> 26<\/li>\n<li style='margin-bottom: 5px;'><strong>N\u00famero de usos:<\/strong> 1000 veces<\/li>\n<\/ul><\/div>\n<\/p><\/div>\n<p> <!-- Secci\u00f3n de accesorios --> <\/p>\n<div style='flex: 1 1 250px; border: 1px solid rgba(150&comma; 150&comma; 150&comma; 0.4); border-radius: 8px; overflow: hidden; display: flex; flex-direction: column;'>\n<div style='padding: 15px; border-bottom: 1px solid rgba(150&comma; 150&comma; 150&comma; 0.2); font-weight: bold; font-size: 18px; color: inherit;'>Accesorios<\/div>\n<div style='padding: 15px; color: inherit;'>\n<ul style='padding-left: 20px; margin: 0; font-size: 14px; list-style-type: disc;'>\n<li style='margin-bottom: 5px;'>Herramienta para instalar<\/li>\n<li style='margin-bottom: 5px;'>Punchdown tool<\/li>\n<li style='margin-bottom: 5px;'>Pinzas de precisi\u00f3n<\/li>\n<li style='margin-bottom: 5px;'>Cinta de velcro 15 ft (4.5m)<\/li>\n<li style='margin-bottom: 5px;'>Herramienta para pelar cables<\/li>\n<li style='margin-bottom: 5px;'>Cortador de cables<\/li>\n<\/ul><\/div>\n<\/p><\/div>\n<\/p><\/div>\n<p> <!-- Secci\u00f3n de descripci\u00f3n detallada --> <\/p>\n<div style='display: flex; flex-wrap: wrap; gap: 30px; margin-bottom: 30px;'>\n<div style='flex: 1 1 300px; min-width: 280px;'>\n<h3 style='font-size: 22px; border-bottom: 2px solid currentColor; padding-bottom: 5px; margin-top: 0; color: inherit; opacity: 0.8;'>Descripci\u00f3n detallada<\/h3>\n<p style='font-size: 15px; color: inherit; margin-bottom: 15px;'>Cable de par trenzado con pantalla global (FTP&comma; Foiled Twisted Pair): En este tipo de cable como en el UTP&comma; sus pares no est\u00e1n apantallados&comma; pero s\u00ed dispone de una apantalla global para mejorar su nivel de protecci\u00f3n ante interferencias externas.<\/p>\n<p style='font-size: 15px; color: inherit; margin-bottom: 15px;'>Cat5e: Su objetivo es la interfaz f\u00edsica para conectar los puntos del cuarto de telecomunicaciones hasta el \u00e1rea de trabajo&comma; adecu\u00e1ndose a las especificaciones de la norma IEEE 802.3i\/3u en redes LAN con transmisi\u00f3n de datos 10\/100Base T\/Tx con un rendimiento que supera los 110 Mbps.<\/p>\n<\/p><\/div>\n<\/p><\/div>\n<p> <!-- Separador --> <\/p>\n<hr style='border: 0; border-top: 1px solid rgba(150&comma; 150&comma; 150&comma; 0.3); margin: 30px 0;'> <\/div>\n","protected":false},"excerpt":{"rendered":"<p>Cable de Parcheo FTP Cat5e &#8211; 2.0 Metros (6.56 Pies) &#8211; Negro<\/p>\n","protected":false},"featured_media":110776,"comment_status":"open","ping_status":"closed","template":"","meta":[],"product_brand":[],"product_cat":[598],"product_tag":[586,435,599],"class_list":{"0":"post-110777","1":"product","2":"type-product","3":"status-publish","4":"has-post-thumbnail","6":"product_cat-patch-cords","7":"product_tag-cableado-de-cobre","8":"product_tag-linkedpro-by-epcom","9":"product_tag-patch-cords","11":"first","12":"instock","13":"sale","14":"shipping-taxable","15":"purchasable","16":"product-type-simple"},"_links":{"self":[{"href":"https:\/\/soydeaqui.ddns.net\/pachuca\/index.php\/wp-json\/wp\/v2\/product\/110777","targetHints":{"allow":["GET"]}}],"collection":[{"href":"https:\/\/soydeaqui.ddns.net\/pachuca\/index.php\/wp-json\/wp\/v2\/product"}],"about":[{"href":"https:\/\/soydeaqui.ddns.net\/pachuca\/index.php\/wp-json\/wp\/v2\/types\/product"}],"replies":[{"embeddable":true,"href":"https:\/\/soydeaqui.ddns.net\/pachuca\/index.php\/wp-json\/wp\/v2\/comments?post=110777"}],"wp:featuredmedia":[{"embeddable":true,"href":"https:\/\/soydeaqui.ddns.net\/pachuca\/index.php\/wp-json\/wp\/v2\/media\/110776"}],"wp:attachment":[{"href":"https:\/\/soydeaqui.ddns.net\/pachuca\/index.php\/wp-json\/wp\/v2\/media?parent=110777"}],"wp:term":[{"taxonomy":"product_brand","embeddable":true,"href":"https:\/\/soydeaqui.ddns.net\/pachuca\/index.php\/wp-json\/wp\/v2\/product_brand?post=110777"},{"taxonomy":"product_cat","embeddable":true,"href":"https:\/\/soydeaqui.ddns.net\/pachuca\/index.php\/wp-json\/wp\/v2\/product_cat?post=110777"},{"taxonomy":"product_tag","embeddable":true,"href":"https:\/\/soydeaqui.ddns.net\/pachuca\/index.php\/wp-json\/wp\/v2\/product_tag?post=110777"}],"curies":[{"name":"wp","href":"https:\/\/api.w.org\/{rel}","templated":true}]}}