{"id":110767,"date":"2026-03-20T20:10:12","date_gmt":"2026-03-20T20:10:12","guid":{"rendered":"https:\/\/soydeaqui.ddns.net\/pachuca\/index.php\/producto\/protectores-poe-cat5e-100mbps-interior\/"},"modified":"2026-03-20T20:10:14","modified_gmt":"2026-03-20T20:10:14","slug":"protectores-poe-cat5e-100mbps-interior","status":"publish","type":"product","link":"https:\/\/soydeaqui.ddns.net\/pachuca\/index.php\/producto\/protectores-poe-cat5e-100mbps-interior\/","title":{"rendered":"Protectores PoE Cat5e 100Mbps (Interior)"},"content":{"rendered":"<div style='width: 100%; max-width: 1200px; margin: 0 auto; font-family: sans-serif; line-height: 1.6; color: inherit; background-color: transparent;'> <!-- Secci\u00f3n de descripci\u00f3n --> <\/p>\n<div style='margin-bottom: 30px; font-size: 15px;'>\n<p>Los protectores tXPRO son utilizados en instalaciones profesionales para proteger los equipos de una descarga el\u00e9ctrica. La s\u00faper alta respuesta entrega una alta confiabilidad y evita el reemplazo de equipos da\u00f1ados adem\u00e1s de costos adicionales por reparaci\u00f3n.<\/p>\n<\/p><\/div>\n<p> <!-- Secci\u00f3n de caracter\u00edsticas --> <\/p>\n<div style='display: flex; flex-wrap: wrap; gap: 30px; margin-bottom: 30px;'>\n<div style='flex: 1 1 300px; min-width: 280px;'>\n<h3 style='font-size: 22px; border-bottom: 2px solid currentColor; padding-bottom: 5px; margin-top: 0; color: inherit; opacity: 0.8;'>Caracter\u00edsticas principales<\/h3>\n<ul style='padding-left: 20px; font-size: 15px; color: inherit; list-style-type: disc;'>\n<li style='margin-bottom: 5px;'>Protecci\u00f3n multietapa con tecnolog\u00eda Gas-Tube + TVS<\/li>\n<li style='margin-bottom: 5px;'>Doble protecci\u00f3n en m\u00f3dulo com\u00fan y diferencial<\/li>\n<li style='margin-bottom: 5px;'>Tecnolog\u00eda de matriz TVS con baja capacitancia<\/li>\n<li style='margin-bottom: 5px;'>Capacidad multi-impacto<\/li>\n<li style='margin-bottom: 5px;'>Tiempo de respuesta: 1ns<\/li>\n<\/ul><\/div>\n<p> <!-- Secci\u00f3n de par\u00e1metros de energ\u00eda --> <\/p>\n<div style='flex: 1 1 300px; min-width: 280px;'>\n<h3 style='font-size: 22px; border-bottom: 2px solid currentColor; padding-bottom: 5px; margin-top: 0; color: inherit; opacity: 0.8;'>Par\u00e1metros de energ\u00eda<\/h3>\n<ul style='padding-left: 20px; font-size: 15px; color: inherit; list-style-type: disc;'>\n<li style='margin-bottom: 5px;'><strong>Voltaje de trabajo:<\/strong> 48V DC<\/li>\n<li style='margin-bottom: 5px;'><strong>Voltaje m\u00e1ximo de operaci\u00f3n:<\/strong> 57V DC<\/li>\n<li style='margin-bottom: 5px;'><strong>Corriente nominal de descarga (8\/20\u00b5s):<\/strong> 5kA<\/li>\n<li style='margin-bottom: 5px;'><strong>Corriente m\u00e1xima de descarga (8\/20\u00b5s):<\/strong> 10kA<\/li>\n<li style='margin-bottom: 5px;'><strong>Nivel de protecci\u00f3n (8\/20\u00b5s):<\/strong> 150V<\/li>\n<li style='margin-bottom: 5px;'><strong>Pines protegidos:<\/strong> 4\/5&comma; 7\/8<\/li>\n<\/ul><\/div>\n<p> <!-- Secci\u00f3n de par\u00e1metros de red --> <\/p>\n<div style='flex: 1 1 300px; min-width: 280px;'>\n<h3 style='font-size: 22px; border-bottom: 2px solid currentColor; padding-bottom: 5px; margin-top: 0; color: inherit; opacity: 0.8;'>Par\u00e1metros de red<\/h3>\n<ul style='padding-left: 20px; font-size: 15px; color: inherit; list-style-type: disc;'>\n<li style='margin-bottom: 5px;'><strong>Voltaje m\u00e1ximo de operaci\u00f3n:<\/strong> 5V<\/li>\n<li style='margin-bottom: 5px;'><strong>Voltaje limitante l\u00ednea-tierra (10\/700\u00b5s):<\/strong> \u2264500V<\/li>\n<li style='margin-bottom: 5px;'><strong>Voltaje limitante l\u00ednea-l\u00ednea (10\/700\u00b5s):<\/strong> \u226420V<\/li>\n<li style='margin-bottom: 5px;'><strong>Corriente nominal de descarga (8\/20\u00b5s):<\/strong> 3kA<\/li>\n<li style='margin-bottom: 5px;'><strong>Corriente m\u00e1xima de descarga (8\/20\u00b5s):<\/strong> 5kA<\/li>\n<li style='margin-bottom: 5px;'><strong>Tasa de transmisi\u00f3n adaptativa:<\/strong> 100Mbps<\/li>\n<li style='margin-bottom: 5px;'><strong>P\u00e9rdida de inserci\u00f3n:<\/strong> \u22640.5dB<\/li>\n<li style='margin-bottom: 5px;'><strong>Pines protegidos:<\/strong> 1\/2&comma; 3\/6<\/li>\n<\/ul><\/div>\n<p> <!-- Secci\u00f3n de caracter\u00edsticas mec\u00e1nicas --> <\/p>\n<div style='flex: 1 1 300px; min-width: 280px;'>\n<h3 style='font-size: 22px; border-bottom: 2px solid currentColor; padding-bottom: 5px; margin-top: 0; color: inherit; opacity: 0.8;'>Caracter\u00edsticas mec\u00e1nicas<\/h3>\n<ul style='padding-left: 20px; font-size: 15px; color: inherit; list-style-type: disc;'>\n<li style='margin-bottom: 5px;'><strong>Dimensiones:<\/strong> 28(H) \u00d7 48(W) \u00d7 110(L) mm<\/li>\n<li style='margin-bottom: 5px;'><strong>Peso:<\/strong> 120g<\/li>\n<li style='margin-bottom: 5px;'><strong>Grado de protecci\u00f3n:<\/strong> IP20<\/li>\n<li style='margin-bottom: 5px;'><strong>Condiciones de operaci\u00f3n:<\/strong> Temperatura: -40 a 85\u2103&comma; Humedad relativa: \u226495%<\/li>\n<li style='margin-bottom: 5px;'><strong>Normas de cumplimiento:<\/strong> IEC61000&comma; RoHS<\/li>\n<\/ul><\/div>\n<p> <!-- Secci\u00f3n de instalaci\u00f3n y mantenimiento --> <\/p>\n<div style='flex: 1 1 300px; min-width: 280px;'>\n<h3 style='font-size: 22px; border-bottom: 2px solid currentColor; padding-bottom: 5px; margin-top: 0; color: inherit; opacity: 0.8;'>Instalaci\u00f3n y mantenimiento<\/h3>\n<ol style='padding-left: 20px; font-size: 15px; color: inherit;'>\n<li style='margin-bottom: 5px;'>El SPD debe conectarse en serie entre el dispositivo protegido y el canal de transmisi\u00f3n de se\u00f1al\/alimentaci\u00f3n.<\/li>\n<li style='margin-bottom: 5px;'>El terminal de entrada (IN) del SPD debe conectarse al canal de transmisi\u00f3n de se\u00f1al\/alimentaci\u00f3n&comma; y el terminal de salida (OUT) del SPD debe conectarse al dispositivo protegido.<\/li>\n<li style='margin-bottom: 5px;'>Conectar el cable de tierra del SPD a la barra de tierra del sistema de protecci\u00f3n contra rayos de la habitaci\u00f3n o edificio.<\/li>\n<li style='margin-bottom: 5px;'>No se requiere mantenimiento especial. Cuando surja un problema y se sospeche del SPD&comma; verificar el sistema con el SPD fuera del circuito. Si el sistema se recupera&comma; el SPD debe considerarse da\u00f1ado y debe reemplazarse inmediatamente.<\/li>\n<\/ol><\/div>\n<\/p><\/div>\n<p> <!-- Separador --> <\/p>\n<hr style='border: 0; border-top: 1px solid rgba(150&comma; 150&comma; 150&comma; 0.3); margin: 30px 0;'> <\/div>\n","protected":false},"excerpt":{"rendered":"<p>Protectores PoE Cat5e 100Mbps (Interior)<\/p>\n","protected":false},"featured_media":110766,"comment_status":"open","ping_status":"closed","template":"","meta":[],"product_brand":[],"product_cat":[953],"product_tag":[898,954,560],"class_list":{"0":"post-110767","1":"product","2":"type-product","3":"status-publish","4":"has-post-thumbnail","6":"product_cat-redes","7":"product_tag-proteccion-contra-descargas","8":"product_tag-redes","9":"product_tag-txpro","11":"first","12":"outofstock","13":"sale","14":"shipping-taxable","15":"purchasable","16":"product-type-simple"},"_links":{"self":[{"href":"https:\/\/soydeaqui.ddns.net\/pachuca\/index.php\/wp-json\/wp\/v2\/product\/110767","targetHints":{"allow":["GET"]}}],"collection":[{"href":"https:\/\/soydeaqui.ddns.net\/pachuca\/index.php\/wp-json\/wp\/v2\/product"}],"about":[{"href":"https:\/\/soydeaqui.ddns.net\/pachuca\/index.php\/wp-json\/wp\/v2\/types\/product"}],"replies":[{"embeddable":true,"href":"https:\/\/soydeaqui.ddns.net\/pachuca\/index.php\/wp-json\/wp\/v2\/comments?post=110767"}],"wp:featuredmedia":[{"embeddable":true,"href":"https:\/\/soydeaqui.ddns.net\/pachuca\/index.php\/wp-json\/wp\/v2\/media\/110766"}],"wp:attachment":[{"href":"https:\/\/soydeaqui.ddns.net\/pachuca\/index.php\/wp-json\/wp\/v2\/media?parent=110767"}],"wp:term":[{"taxonomy":"product_brand","embeddable":true,"href":"https:\/\/soydeaqui.ddns.net\/pachuca\/index.php\/wp-json\/wp\/v2\/product_brand?post=110767"},{"taxonomy":"product_cat","embeddable":true,"href":"https:\/\/soydeaqui.ddns.net\/pachuca\/index.php\/wp-json\/wp\/v2\/product_cat?post=110767"},{"taxonomy":"product_tag","embeddable":true,"href":"https:\/\/soydeaqui.ddns.net\/pachuca\/index.php\/wp-json\/wp\/v2\/product_tag?post=110767"}],"curies":[{"name":"wp","href":"https:\/\/api.w.org\/{rel}","templated":true}]}}