{"id":110753,"date":"2026-03-20T20:09:28","date_gmt":"2026-03-20T20:09:28","guid":{"rendered":"https:\/\/soydeaqui.ddns.net\/pachuca\/index.php\/producto\/gabinete-metalico-de-seguridad-para-dvr-nvr-tamano-max-de-dvr-nvr-440-x-177-x-462-mm-an-x-al-x-prof\/"},"modified":"2026-03-20T20:09:37","modified_gmt":"2026-03-20T20:09:37","slug":"gabinete-metalico-de-seguridad-para-dvr-nvr-tamano-max-de-dvr-nvr-440-x-177-x-462-mm-an-x-al-x-prof","status":"publish","type":"product","link":"https:\/\/soydeaqui.ddns.net\/pachuca\/index.php\/producto\/gabinete-metalico-de-seguridad-para-dvr-nvr-tamano-max-de-dvr-nvr-440-x-177-x-462-mm-an-x-al-x-prof\/","title":{"rendered":"Gabinete Met\u00e1lico de Seguridad para DVR\/NVR. Tama\u00f1o Max. de DVR\/NVR:  440 x 177 x 462 mm (An. x Al. x Prof.)"},"content":{"rendered":"<div style='width: 100%; max-width: 1200px; margin: 0 auto; font-family: sans-serif; line-height: 1.6; color: inherit; background-color: transparent;'> <!-- Logo --> <\/p>\n<div style='text-align: center; margin-bottom: 30px;'> <a href='http:\/\/ftp3.syscom.mx\/usuarios\/dcarreon\/IMPRESOS\/EPCOMindustrialFAMILIA.pdf' target='_new' style='display: inline-block;'> <img style='width: 400px; height: 80px; border: 1px solid rgba(150&comma;150&comma;150&comma;0.3); border-radius: 8px;' src='http:\/\/ftp3.syscom.mx\/usuarios\/dcarreon\/IMPRESOS\/LOGO_epcom%20industrial.jpg' alt='Logo EPCOM Industrial'> <\/a> <\/div>\n<p> <!-- Secci\u00f3n de caracter\u00edsticas funcionales --> <\/p>\n<div style='display: flex; flex-wrap: wrap; gap: 30px; margin-bottom: 30px;'>\n<div style='flex: 1 1 300px; min-width: 280px;'>\n<h3 style='font-size: 22px; border-bottom: 2px solid currentColor; padding-bottom: 5px; margin-top: 0; color: inherit; opacity: 0.8;'>Caracter\u00edsticas Funcionales<\/h3>\n<ul style='padding-left: 20px; font-size: 15px; color: inherit;'>\n<li style='margin-bottom: 5px;'>Tapa frontal totalmente desmontable<\/li>\n<li style='margin-bottom: 5px;'>Doble ventanilla de mica al frente<\/li>\n<li style='margin-bottom: 5px;'>Cinto con broche para sujeci\u00f3n de grabadora<\/li>\n<li style='margin-bottom: 5px;'>Ventilaciones laterales<\/li>\n<li style='margin-bottom: 5px;'>Perforaciones para fijarse a mesa o escritorio<\/li>\n<\/ul><\/div>\n<\/p><\/div>\n<p> <!-- Secci\u00f3n de aplicaci\u00f3n y funcionamiento --> <\/p>\n<div style='display: flex; flex-wrap: wrap; gap: 30px; margin-bottom: 30px;'>\n<div style='flex: 1 1 300px; min-width: 280px;'>\n<h3 style='font-size: 22px; border-bottom: 2px solid currentColor; padding-bottom: 5px; margin-top: 0; color: inherit; opacity: 0.8;'>Aplicaci\u00f3n y Funcionamiento<\/h3>\n<p style='margin-top: 0;'>El objetivo del equipo es resguardar de manera segura su DVR\/NVR para prevenir:<\/p>\n<ul style='padding-left: 20px; font-size: 15px; color: inherit;'>\n<li style='margin-bottom: 5px;'>Acceso a botones para apagar o modificar configuraciones establecidas<\/li>\n<li style='margin-bottom: 5px;'>Desconexi\u00f3n de cabelado de red o de alimentaci\u00f3n (en equipo)<\/li>\n<li style='margin-bottom: 5px;'>Da\u00f1o f\u00edsico directo sobre carcasa por golpes de otros elementos<\/li>\n<\/ul><\/div>\n<\/p><\/div>\n<p> <!-- Secci\u00f3n de caracter\u00edsticas f\u00edsicas --> <\/p>\n<div style='display: flex; flex-wrap: wrap; gap: 30px; margin-bottom: 30px;'>\n<div style='flex: 1 1 300px; min-width: 280px;'>\n<h3 style='font-size: 22px; border-bottom: 2px solid currentColor; padding-bottom: 5px; margin-top: 0; color: inherit; opacity: 0.8;'>Caracter\u00edsticas F\u00edsicas<\/h3>\n<ul style='padding-left: 20px; font-size: 15px; color: inherit;'>\n<li style='margin-bottom: 5px;'><strong>Aplicaci\u00f3n:<\/strong> Interior<\/li>\n<li style='margin-bottom: 5px;'><strong>Material:<\/strong> Acero Calibre 18<\/li>\n<li style='margin-bottom: 5px;'><strong>Peso:<\/strong> 10.75 Kg<\/li>\n<li style='margin-bottom: 5px;'><strong>Dimensiones exteriores:<\/strong><br \/> Ancho: 489 mm<br \/> Altura: 193 mm<br \/> Profundidad: 648 mm<\/li>\n<\/ul><\/div>\n<\/p><\/div>\n<p> <!-- Secci\u00f3n de dimensiones m\u00e1ximas --> <\/p>\n<div style='display: flex; flex-wrap: wrap; gap: 30px; margin-bottom: 30px;'>\n<div style='flex: 1 1 300px; min-width: 280px;'>\n<h3 style='font-size: 22px; border-bottom: 2px solid currentColor; padding-bottom: 5px; margin-top: 0; color: inherit; opacity: 0.8;'>Dimensi\u00f3n M\u00e1xima de Videograbadora a resguardar<\/h3>\n<ul style='padding-left: 20px; font-size: 15px; color: inherit;'>\n<li style='margin-bottom: 5px;'>Ancho: 440 mm<\/li>\n<li style='margin-bottom: 5px;'>Altura: 177 mm<\/li>\n<li style='margin-bottom: 5px;'>Profundidad: 462 mm<\/li>\n<\/ul><\/div>\n<\/p><\/div>\n<p> <!-- Secci\u00f3n de pintura --> <\/p>\n<div style='display: flex; flex-wrap: wrap; gap: 30px; margin-bottom: 30px;'>\n<div style='flex: 1 1 300px; min-width: 280px;'>\n<h3 style='font-size: 22px; border-bottom: 2px solid currentColor; padding-bottom: 5px; margin-top: 0; color: inherit; opacity: 0.8;'>Pintura<\/h3>\n<p style='margin-top: 0; font-size: 15px; color: inherit;'>Color Negro tonalidad semi-mate. Aplicada por proceso electrost\u00e1tico horneado de 5 pasos: Desengrasado&comma; enjuague&comma; fosfato de Hierro&comma; enjuague y sellado. Pintura Base Poliester.<\/p>\n<\/p><\/div>\n<\/p><\/div>\n<p> <!-- Imagen principal --> <\/p>\n<div style='display: flex; flex-wrap: wrap; gap: 30px; margin-bottom: 30px;'>\n<div style='flex: 1 1 100%; min-width: 280px;'> <img style='width: 100%; height: auto; border: 1px solid rgba(150&comma;150&comma;150&comma;0.3); border-radius: 8px;' src='https:\/\/ftp3.syscom.mx\/usuarios\/dcarreon\/EPCOM%20INDUSTRIAL\/PRODUCTOS2\/GABVID1\/IMAGEN%20GAB.png' alt='Gabinete Met\u00e1lico de Seguridad para DVR\/NVR'> <\/div>\n<\/p><\/div>\n<p> <!-- Separador final --> <\/p>\n<hr style='border: 0; border-top: 1px solid rgba(150&comma; 150&comma; 150&comma; 0.3); margin: 30px 0;'> <\/div>\n","protected":false},"excerpt":{"rendered":"<p>Gabinete Met\u00e1lico de Seguridad para DVR\/NVR. Tama\u00f1o Max. de DVR\/NVR:  440 x 177 x 462 mm (An. x Al. x Prof.)<\/p>\n","protected":false},"featured_media":110752,"comment_status":"open","ping_status":"closed","template":"","meta":[],"product_brand":[],"product_cat":[1307],"product_tag":[417,181,1308],"class_list":{"0":"post-110753","1":"product","2":"type-product","3":"status-publish","4":"has-post-thumbnail","6":"product_cat-gabinetes-de-acero-para-dvr-y-nvr","7":"product_tag-accesorios-generales","8":"product_tag-epcom-industrial","9":"product_tag-gabinetes-de-acero-para-dvr-y-nvr","11":"first","12":"outofstock","13":"sale","14":"shipping-taxable","15":"purchasable","16":"product-type-simple"},"_links":{"self":[{"href":"https:\/\/soydeaqui.ddns.net\/pachuca\/index.php\/wp-json\/wp\/v2\/product\/110753","targetHints":{"allow":["GET"]}}],"collection":[{"href":"https:\/\/soydeaqui.ddns.net\/pachuca\/index.php\/wp-json\/wp\/v2\/product"}],"about":[{"href":"https:\/\/soydeaqui.ddns.net\/pachuca\/index.php\/wp-json\/wp\/v2\/types\/product"}],"replies":[{"embeddable":true,"href":"https:\/\/soydeaqui.ddns.net\/pachuca\/index.php\/wp-json\/wp\/v2\/comments?post=110753"}],"wp:featuredmedia":[{"embeddable":true,"href":"https:\/\/soydeaqui.ddns.net\/pachuca\/index.php\/wp-json\/wp\/v2\/media\/110752"}],"wp:attachment":[{"href":"https:\/\/soydeaqui.ddns.net\/pachuca\/index.php\/wp-json\/wp\/v2\/media?parent=110753"}],"wp:term":[{"taxonomy":"product_brand","embeddable":true,"href":"https:\/\/soydeaqui.ddns.net\/pachuca\/index.php\/wp-json\/wp\/v2\/product_brand?post=110753"},{"taxonomy":"product_cat","embeddable":true,"href":"https:\/\/soydeaqui.ddns.net\/pachuca\/index.php\/wp-json\/wp\/v2\/product_cat?post=110753"},{"taxonomy":"product_tag","embeddable":true,"href":"https:\/\/soydeaqui.ddns.net\/pachuca\/index.php\/wp-json\/wp\/v2\/product_tag?post=110753"}],"curies":[{"name":"wp","href":"https:\/\/api.w.org\/{rel}","templated":true}]}}