{"id":110590,"date":"2026-03-20T20:00:20","date_gmt":"2026-03-20T20:00:20","guid":{"rendered":"https:\/\/soydeaqui.ddns.net\/pachuca\/index.php\/producto\/conector-a-presin-azul-para-conectores-bnc-instalacin-simple-rpida-resistente-y-de-calidad\/"},"modified":"2026-03-20T20:00:25","modified_gmt":"2026-03-20T20:00:25","slug":"conector-a-presin-azul-para-conectores-bnc-instalacin-simple-rpida-resistente-y-de-calidad","status":"publish","type":"product","link":"https:\/\/soydeaqui.ddns.net\/pachuca\/index.php\/producto\/conector-a-presin-azul-para-conectores-bnc-instalacin-simple-rpida-resistente-y-de-calidad\/","title":{"rendered":"Conector a Presi?n Azul \/ Para Conectores BNC \/ Instalaci?n Simple, R?pida, Resistente y de Calidad"},"content":{"rendered":"<div style='width: 100%; max-width: 1200px; margin: 0 auto; font-family: sans-serif; line-height: 1.6; color: inherit; background-color: transparent;'>\n<h1 style='text-align: center; font-size: 36px; margin-top: 0; margin-bottom: 20px;'><span style='color: inherit;'>Una nueva manera de entender la <br \/><strong>conexi\u00f3n coaxial<\/strong><\/span><\/h1>\n<div style='display: flex; flex-wrap: wrap; gap: 30px; margin-bottom: 30px;'>\n<div style='flex: 1 1 300px; min-width: 280px;'> <img style='width: 100%; height: auto; border: 1px solid rgba(150&comma;150&comma;150&comma;0.3); border-radius: 8px;' src='https:\/\/ftp3.syscom.mx\/usuarios\/xguereque\/Documentos\/folletos\/cap\/CaP-C-400x296.png' alt=''> <\/div>\n<div style='flex: 1 1 300px; min-width: 280px;'>\n<h2 style='text-align: center; font-size: 24px; color: inherit;'><span style='color: inherit;'>Herramienta <strong>especializada<\/strong> para personal profesional.<\/span><\/h2>\n<p style='text-align: center; font-size: 14px; color: inherit;'><span style='color: inherit;'>Conector a presi\u00f3n <strong>para todo tipo de cable coaxial<\/strong> (hasta 7 mm de di\u00e1metro).<\/span><\/p>\n<p style='text-align: center; font-size: 14px; color: inherit;'><span style='color: inherit;'>Producto patentado a nivel mundial. Simple&comma; r\u00e1pido&comma; econ\u00f3mico&comma; reutilizable y reciclable&comma; hecho en Italia&comma; mec\u00e1nicamente resistente&comma; el\u00e9ctricamente \u00f3ptimo&comma; disponible en 9 colores.<\/span><\/p>\n<\/p><\/div>\n<\/p><\/div>\n<div style='display: flex; flex-wrap: wrap; gap: 30px; margin-bottom: 30px;'>\n<div style='flex: 1 1 300px; min-width: 280px;'>\n<h3 style='font-size: 24px; border-bottom: 2px solid currentColor; padding-bottom: 5px; margin-top: 0; color: inherit; opacity: 0.8;'>Caracter\u00edsticas de <strong>CaP<\/strong><\/h3>\n<ul style='padding-left: 20px; font-size: 14px; color: inherit;'>\n<li style='margin-bottom: 5px;'><strong>Conector:<\/strong> Tipo F Macho<\/li>\n<li style='margin-bottom: 5px;'><strong>Material:<\/strong> Pl\u00e1stico color azul<\/li>\n<li style='margin-bottom: 5px;'><strong>Peso:<\/strong> 1g.<\/li>\n<li style='margin-bottom: 5px;'><strong>Certificaciones:<\/strong> CE&comma; RoHS&comma; SCTE<\/li>\n<li style='margin-bottom: 5px;'><strong>Impedancia:<\/strong> ninguna&comma; puede ser utilizado en cualquier instalaci\u00f3n coaxial (50 amperes&comma; 75amperes&comma; 95amperes&comma; etc.)<\/li>\n<li style='margin-bottom: 5px;'><strong>Atenuaci\u00f3n:<\/strong> clase A+<\/li>\n<li style='margin-bottom: 5px;'><strong>Temperatura de trabajo:<\/strong> de -40 a +120 grados C<\/li>\n<li style='margin-bottom: 5px;'><strong>Elasticidad hasta la ruptura:<\/strong> 650%<\/li>\n<\/ul><\/div>\n<div style='flex: 1 1 300px; min-width: 280px;'> <img style='width: 100%; height: auto; border: 1px solid rgba(150&comma;150&comma;150&comma;0.3); border-radius: 8px;' src='https:\/\/ftp3.syscom.mx\/usuarios\/xguereque\/Documentos\/folletos\/kbm-bnc_v2\/caracteristicas.png' alt=''> <\/div>\n<\/p><\/div>\n<div style='display: flex; flex-wrap: wrap; gap: 30px; margin-bottom: 30px;'>\n<div style='flex: 1 1 300px; min-width: 280px;'>\n<div style='position: relative; padding-bottom: 56.25%; height: 0; overflow: hidden; margin-bottom: 30px;'>   <\/div>\n<\/p><\/div>\n<div style='flex: 1 1 300px; min-width: 280px;'>\n<h2 style='text-align: center; font-size: 24px; color: inherit;'><span style='color: inherit;'>Tecnolog\u00eda <strong>CaP System<\/strong><\/span><\/h2>\n<p style='text-align: center; font-size: 14px; color: inherit;'><span style='color: inherit;'>El CaP (Conector a Presi\u00f3n) es un conector coaxial patentado&comma; dise\u00f1ado y producido en Italia. Todos los conectores BNC&comma; utilizan la tecnolog\u00eda patentada del CaP System&comma; que garantiza una instalaci\u00f3n simple y r\u00e1pida&comma; mec\u00e1nicamente resistente y de calidad.<\/span><\/p>\n<\/p><\/div>\n<\/p><\/div>\n<hr style='border: 0; border-top: 1px solid rgba(150&comma; 150&comma; 150&comma; 0.3); margin: 30px 0;'>\n<h1 style='text-align: center; font-size: 36px; margin-top: 0; margin-bottom: 20px;'><span style='color: inherit;'>S\u00f3lo siga estos 3 <strong>sencillos<\/strong> pasos<\/span><\/h1>\n<div style='display: flex; flex-wrap: wrap; gap: 30px; margin-bottom: 30px;'>\n<div style='flex: 1 1 300px; min-width: 280px;'>\n<div style='border: 1px solid rgba(150&comma; 150&comma; 150&comma; 0.4); border-radius: 8px; overflow: hidden; display: flex; flex-direction: column;'>\n<div style='padding: 15px; border-bottom: 1px solid rgba(150&comma; 150&comma; 150&comma; 0.2); font-weight: bold; font-size: 18px; color: inherit;'>1 .- Acomodar CaP&comma; cortar y pelar cable<\/div>\n<div style='padding: 15px; color: inherit;'> <img style='width: 100%; height: auto; border: 1px solid rgba(150&comma;150&comma;150&comma;0.3); border-radius: 8px;' src='https:\/\/ftp3.syscom.mx\/usuarios\/xguereque\/Documentos\/folletos\/procap\/3.jpg' alt=''> <\/div>\n<\/p><\/div>\n<\/p><\/div>\n<div style='flex: 1 1 300px; min-width: 280px;'>\n<div style='border: 1px solid rgba(150&comma; 150&comma; 150&comma; 0.4); border-radius: 8px; overflow: hidden; display: flex; flex-direction: column;'>\n<div style='padding: 15px; border-bottom: 1px solid rgba(150&comma; 150&comma; 150&comma; 0.2); font-weight: bold; font-size: 18px; color: inherit;'>2 .- Unir y acomodar cable<\/div>\n<div style='padding: 15px; color: inherit;'> <img style='width: 100%; height: auto; border: 1px solid rgba(150&comma;150&comma;150&comma;0.3); border-radius: 8px;' src='https:\/\/ftp3.syscom.mx\/usuarios\/xguereque\/Documentos\/folletos\/procap\/4.jpg' alt=''> <\/div>\n<\/p><\/div>\n<\/p><\/div>\n<div style='flex: 1 1 300px; min-width: 280px;'>\n<div style='border: 1px solid rgba(150&comma; 150&comma; 150&comma; 0.4); border-radius: 8px; overflow: hidden; display: flex; flex-direction: column;'>\n<div style='padding: 15px; border-bottom: 1px solid rgba(150&comma; 150&comma; 150&comma; 0.2); font-weight: bold; font-size: 18px; color: inherit;'>3 .- Ajustar con pinzas <strong>PROCAP<\/strong><\/div>\n<div style='padding: 15px; color: inherit;'> <img style='width: 100%; height: auto; border: 1px solid rgba(150&comma;150&comma;150&comma;0.3); border-radius: 8px;' src='https:\/\/ftp3.syscom.mx\/usuarios\/xguereque\/Documentos\/folletos\/procap\/5.jpg' alt=''> <\/div>\n<\/p><\/div>\n<\/p><\/div>\n<\/p><\/div>\n<div style='display: flex; flex-wrap: wrap; gap: 30px; margin-bottom: 30px;'>\n<div style='flex: 1 1 300px; min-width: 280px;'> <img style='width: 100%; height: auto; border: 1px solid rgba(150&comma;150&comma;150&comma;0.3); border-radius: 8px; display: block; margin-left: auto; margin-right: auto;' src='https:\/\/ftp3.syscom.mx\/usuarios\/xguereque\/Documentos\/folletos\/procap\/6.jpg' alt=''> <\/div>\n<div style='flex: 1 1 300px; min-width: 280px;'>\n<h2 style='text-align: center; font-size: 24px; color: inherit; margin-top: 0;'>\u00a1Listo!<\/h2>\n<p style='text-align: center; font-size: 14px; color: inherit;'><span style='color: inherit;'>El cable se encuentra preparado para utilizarse y en todo su armado no hubo necesidad de utilizar soldaduras.<\/span><br \/><span style='color: inherit;'>La ventaja de utilizar uniones de pl\u00e1stico se ve reflejado en <strong>una menor p\u00e9rdida de se\u00f1al de video en grandes distancias de cableado.<\/strong><\/span><\/p>\n<\/p><\/div>\n<\/p><\/div>\n<\/p><\/div>\n","protected":false},"excerpt":{"rendered":"<p>Conector a Presi?n Azul \/ Para Conectores BNC \/ Instalaci?n Simple, R?pida, Resistente y de Calidad<\/p>\n","protected":false},"featured_media":110589,"comment_status":"open","ping_status":"closed","template":"","meta":[],"product_brand":[],"product_cat":[2366],"product_tag":[488,2367,2368],"class_list":{"0":"post-110590","1":"product","2":"type-product","3":"status-publish","4":"has-post-thumbnail","6":"product_cat-rg59-tipo-cap","7":"product_tag-cables-y-conectores","8":"product_tag-rg59-tipo-cap","9":"product_tag-telecom-security","11":"first","12":"instock","13":"sale","14":"shipping-taxable","15":"purchasable","16":"product-type-simple"},"_links":{"self":[{"href":"https:\/\/soydeaqui.ddns.net\/pachuca\/index.php\/wp-json\/wp\/v2\/product\/110590","targetHints":{"allow":["GET"]}}],"collection":[{"href":"https:\/\/soydeaqui.ddns.net\/pachuca\/index.php\/wp-json\/wp\/v2\/product"}],"about":[{"href":"https:\/\/soydeaqui.ddns.net\/pachuca\/index.php\/wp-json\/wp\/v2\/types\/product"}],"replies":[{"embeddable":true,"href":"https:\/\/soydeaqui.ddns.net\/pachuca\/index.php\/wp-json\/wp\/v2\/comments?post=110590"}],"wp:featuredmedia":[{"embeddable":true,"href":"https:\/\/soydeaqui.ddns.net\/pachuca\/index.php\/wp-json\/wp\/v2\/media\/110589"}],"wp:attachment":[{"href":"https:\/\/soydeaqui.ddns.net\/pachuca\/index.php\/wp-json\/wp\/v2\/media?parent=110590"}],"wp:term":[{"taxonomy":"product_brand","embeddable":true,"href":"https:\/\/soydeaqui.ddns.net\/pachuca\/index.php\/wp-json\/wp\/v2\/product_brand?post=110590"},{"taxonomy":"product_cat","embeddable":true,"href":"https:\/\/soydeaqui.ddns.net\/pachuca\/index.php\/wp-json\/wp\/v2\/product_cat?post=110590"},{"taxonomy":"product_tag","embeddable":true,"href":"https:\/\/soydeaqui.ddns.net\/pachuca\/index.php\/wp-json\/wp\/v2\/product_tag?post=110590"}],"curies":[{"name":"wp","href":"https:\/\/api.w.org\/{rel}","templated":true}]}}