{"id":110585,"date":"2026-03-20T20:00:04","date_gmt":"2026-03-20T20:00:04","guid":{"rendered":"https:\/\/soydeaqui.ddns.net\/pachuca\/index.php\/producto\/pinza-plastica-para-cap-system\/"},"modified":"2026-03-20T20:00:16","modified_gmt":"2026-03-20T20:00:16","slug":"pinza-plastica-para-cap-system","status":"publish","type":"product","link":"https:\/\/soydeaqui.ddns.net\/pachuca\/index.php\/producto\/pinza-plastica-para-cap-system\/","title":{"rendered":"Pinza pl\u00e1stica para CaP System"},"content":{"rendered":"<div style='width: 100%; max-width: 1200px; margin: 0 auto; font-family: sans-serif; line-height: 1.6; color: inherit; background-color: transparent;'>\n<div style='text-align: center;'>\n<h1 style='font-size: 50px; font-weight: 500; line-height: 1.1; color: inherit;'>Una nueva manera de entender la <span style='color: inherit; font-weight: bold;'>conexi\u00f3n coaxial<\/span><\/h1>\n<\/p><\/div>\n<div style='display: flex; flex-wrap: wrap; gap: 30px;'>\n<div style='flex: 1 1 300px; min-width: 280px;'> <img style='width: 100%; height: auto; border: 1px solid rgba(150&comma;150&comma;150&comma;0.3); border-radius: 8px;' src='https:\/\/ftp3.syscom.mx\/usuarios\/xguereque\/Documentos\/folletos\/picap\/PiCaP-400x296.jpg' alt='Pinza pl\u00e1stica para CaP System'> <\/div>\n<div style='flex: 1 1 300px; min-width: 280px;'>\n<h2 style='font-size: 34px; font-weight: 500; line-height: 1.1; color: inherit;'>Herramienta <span style='color: inherit; font-weight: bold;'>especializada<\/span> a precio accesible.<\/h2>\n<p style='font-size: 18px; line-height: 27px; color: inherit;'>Pinza econ\u00f3mica (alicates) para insertar y extraer el <span style='color: inherit; font-weight: bold;'>CaP<\/span>. Ideal para la conexi\u00f3n de las tomas coaxiales y los adaptadores coaxiales.<\/p>\n<\/p><\/div>\n<\/p><\/div>\n<div style='display: flex; flex-wrap: wrap; gap: 30px; margin-top: 30px;'>\n<div style='flex: 1 1 300px; min-width: 280px;'>\n<h2 style='font-size: 34px; font-weight: 500; line-height: 1.1; color: inherit;'>Caracter\u00edsticas de <span style='color: inherit; font-weight: bold;'>PICAP<\/span><\/h2>\n<ul style='font-size: 18px; line-height: 27px; color: inherit; padding-left: 20px;'>\n<li style='margin-bottom: 5px;'>Peso: 64 g.<\/li>\n<li style='margin-bottom: 5px;'>Material: Nailon 66 negro + 50% fibra de vidrio.<\/li>\n<li style='margin-bottom: 5px;'>1 Pieza<\/li>\n<li style='margin-bottom: 5px;'>Certificaciones: CE \u2013 RoHS<\/li>\n<\/ul><\/div>\n<div style='flex: 1 1 300px; min-width: 280px;'> <img style='width: 100%; height: auto; border: 1px solid rgba(150&comma;150&comma;150&comma;0.3); border-radius: 8px;' src='https:\/\/ftp3.syscom.mx\/usuarios\/xguereque\/Documentos\/folletos\/kbm-bnc_v2\/caracteristicas.png' alt='Caracter\u00edsticas'> <\/div>\n<\/p><\/div>\n<div style='text-align: center;'>\n<h1 style='font-size: 50px; font-weight: 500; line-height: 1.1; color: inherit;'>S\u00f3lo siga estos 3 <span style='color: inherit; font-weight: bold;'>sencillos<\/span> pasos<\/h1>\n<\/p><\/div>\n<div style='display: flex; flex-direction: column; gap: 30px;'>\n<div style='display: flex; flex-wrap: wrap; gap: 30px; align-items: center;'>\n<div style='flex: 1 1 300px; min-width: 280px;'>\n<h2 style='font-size: 34px; font-weight: 500; line-height: 1.1; color: inherit;'><span style='color: inherit; font-weight: bold;'>1<\/span>.- Acomodar CaP&comma; cortar y pelar cable<\/h2>\n<\/p><\/div>\n<div style='flex: 1 1 300px; min-width: 280px;'> <img style='width: 100%; height: auto; border: 1px solid rgba(150&comma;150&comma;150&comma;0.3); border-radius: 8px;' src='https:\/\/ftp3.syscom.mx\/usuarios\/xguereque\/Documentos\/folletos\/procap\/3.jpg' alt='Paso 1'> <\/div>\n<\/p><\/div>\n<div style='display: flex; flex-wrap: wrap; gap: 30px; align-items: center;'>\n<div style='flex: 1 1 300px; min-width: 280px;'>\n<h2 style='font-size: 34px; font-weight: 500; line-height: 1.1; color: inherit;'><span style='color: inherit; font-weight: bold;'>2<\/span>.- Unir y acomodar cable<\/h2>\n<\/p><\/div>\n<div style='flex: 1 1 300px; min-width: 280px;'> <img style='width: 100%; height: auto; border: 1px solid rgba(150&comma;150&comma;150&comma;0.3); border-radius: 8px;' src='https:\/\/ftp3.syscom.mx\/usuarios\/xguereque\/Documentos\/folletos\/procap\/4.jpg' alt='Paso 2'> <\/div>\n<\/p><\/div>\n<div style='display: flex; flex-wrap: wrap; gap: 30px; align-items: center;'>\n<div style='flex: 1 1 300px; min-width: 280px;'>\n<h2 style='font-size: 34px; font-weight: 500; line-height: 1.1; color: inherit;'><span style='color: inherit; font-weight: bold;'>3<\/span>.- Ajustar con pinzas <span style='color: inherit; font-weight: bold;'>PICAP<\/span><\/h2>\n<\/p><\/div>\n<div style='flex: 1 1 300px; min-width: 280px;'> <img style='width: 100%; height: auto; border: 1px solid rgba(150&comma;150&comma;150&comma;0.3); border-radius: 8px;' src='http:\/\/ftp3.syscom.mx\/usuarios\/xguereque\/Documentos\/folletos\/picap\/picap-proceso.png' alt='Paso 3'> <\/div>\n<\/p><\/div>\n<\/p><\/div>\n<p> <\/p>\n<div style='display: flex; flex-wrap: wrap; gap: 30px; align-items: center;'>\n<div style='flex: 1 1 300px; min-width: 280px;'> <img style='width: 100%; height: auto; border: 1px solid rgba(150&comma;150&comma;150&comma;0.3); border-radius: 8px;' src='https:\/\/ftp3.syscom.mx\/usuarios\/xguereque\/Documentos\/folletos\/procap\/6.jpg' alt='Resultado final'> <\/div>\n<div style='flex: 1 1 300px; min-width: 280px;'>\n<h2 style='font-size: 34px; font-weight: 500; line-height: 1.1; color: inherit;'><span style='color: inherit; font-weight: bold;'>Listo!<\/span><\/h2>\n<p style='font-size: 18px; line-height: 27px; color: inherit;'>El cable se encuentra preparado para utilizarse y en todo su armado no hubo necesidad de utilizar soldaduras.<br \/>La ventaja de utilizar uniones de pl\u00e1stico se ve reflejado en <span style='color: inherit; font-weight: bold;'>una menor p\u00e9rdida de se\u00f1al de video en grandes distancias de cableado.<\/span><\/p>\n<\/p><\/div>\n<\/p><\/div>\n<\/p><\/div>\n","protected":false},"excerpt":{"rendered":"<p>Pinza pl\u00e1stica para CaP System<\/p>\n","protected":false},"featured_media":110584,"comment_status":"open","ping_status":"closed","template":"","meta":[],"product_brand":[],"product_cat":[1138],"product_tag":[1058,1139,2368],"class_list":{"0":"post-110585","1":"product","2":"type-product","3":"status-publish","4":"has-post-thumbnail","6":"product_cat-herramientas-mecanicas","7":"product_tag-ferreteria","8":"product_tag-herramientas-mecanicas","9":"product_tag-telecom-security","11":"first","12":"instock","13":"sale","14":"shipping-taxable","15":"purchasable","16":"product-type-simple"},"_links":{"self":[{"href":"https:\/\/soydeaqui.ddns.net\/pachuca\/index.php\/wp-json\/wp\/v2\/product\/110585","targetHints":{"allow":["GET"]}}],"collection":[{"href":"https:\/\/soydeaqui.ddns.net\/pachuca\/index.php\/wp-json\/wp\/v2\/product"}],"about":[{"href":"https:\/\/soydeaqui.ddns.net\/pachuca\/index.php\/wp-json\/wp\/v2\/types\/product"}],"replies":[{"embeddable":true,"href":"https:\/\/soydeaqui.ddns.net\/pachuca\/index.php\/wp-json\/wp\/v2\/comments?post=110585"}],"wp:featuredmedia":[{"embeddable":true,"href":"https:\/\/soydeaqui.ddns.net\/pachuca\/index.php\/wp-json\/wp\/v2\/media\/110584"}],"wp:attachment":[{"href":"https:\/\/soydeaqui.ddns.net\/pachuca\/index.php\/wp-json\/wp\/v2\/media?parent=110585"}],"wp:term":[{"taxonomy":"product_brand","embeddable":true,"href":"https:\/\/soydeaqui.ddns.net\/pachuca\/index.php\/wp-json\/wp\/v2\/product_brand?post=110585"},{"taxonomy":"product_cat","embeddable":true,"href":"https:\/\/soydeaqui.ddns.net\/pachuca\/index.php\/wp-json\/wp\/v2\/product_cat?post=110585"},{"taxonomy":"product_tag","embeddable":true,"href":"https:\/\/soydeaqui.ddns.net\/pachuca\/index.php\/wp-json\/wp\/v2\/product_tag?post=110585"}],"curies":[{"name":"wp","href":"https:\/\/api.w.org\/{rel}","templated":true}]}}