{"id":110491,"date":"2026-03-20T19:55:00","date_gmt":"2026-03-20T19:55:00","guid":{"rendered":"https:\/\/soydeaqui.ddns.net\/pachuca\/index.php\/producto\/tubo-termoencogible-termofit-negro-de-1-2-m-1-8-de-diametro-reduce-de-21-poliolefina\/"},"modified":"2026-03-20T19:55:08","modified_gmt":"2026-03-20T19:55:08","slug":"tubo-termoencogible-termofit-negro-de-1-2-m-1-8-de-diametro-reduce-de-21-poliolefina","status":"publish","type":"product","link":"https:\/\/soydeaqui.ddns.net\/pachuca\/index.php\/producto\/tubo-termoencogible-termofit-negro-de-1-2-m-1-8-de-diametro-reduce-de-21-poliolefina\/","title":{"rendered":"Tubo Termoencogible (Termofit) Negro de 1.2 m, 1\/8&#8243; de Di\u00e1metro, Reduce de 2:1, Poliolefina."},"content":{"rendered":"<div style='width: 100%; max-width: 1200px; margin: 0 auto; font-family: sans-serif; line-height: 1.6; color: inherit; background-color: transparent;'> <!-- Secci\u00f3n de caracter\u00edsticas principales --> <\/p>\n<div style='margin-bottom: 30px;'>\n<h2 style='font-size: 20px; border-bottom: 2px solid currentColor; padding-bottom: 8px; margin-top: 0; color: inherit; opacity: 0.85;'>Caracter\u00edsticas Principales<\/h2>\n<ul style='padding-left: 20px; font-size: 15px; color: inherit;'>\n<li>Relaci\u00f3n de contracci\u00f3n 2:1 para ajustes precisos<\/li>\n<li>Material poliolefina resistente a qu\u00edmicos y temperaturas<\/li>\n<li>Resistencia diel\u00e9ctrica de 900 V para seguridad el\u00e9ctrica<\/li>\n<li>Rango de temperatura de operaci\u00f3n -55\u00b0C a +135\u00b0C<\/li>\n<li>Di\u00e1metro recuperado de 1.57 mm para protecci\u00f3n ajustada<\/li>\n<\/ul><\/div>\n<p> <!-- Secci\u00f3n de especificaciones t\u00e9cnicas --> <\/p>\n<div style='display: flex; flex-wrap: wrap; gap: 30px; margin-bottom: 30px;'>\n<div style='flex: 1 1 300px; min-width: 280px;'>\n<h3 style='font-size: 18px; border-bottom: 2px solid currentColor; padding-bottom: 5px; margin-top: 0; color: inherit; opacity: 0.8;'>Especificaciones T\u00e9cnicas<\/h3>\n<ul style='padding-left: 20px; font-size: 14px; color: inherit;'>\n<li><strong>Di\u00e1metro Interno:<\/strong> 0.125 in (3.18 mm)<\/li>\n<li><strong>Di\u00e1metro Recuperado:<\/strong> 0.062 in (1.57 mm)<\/li>\n<li><strong>Material:<\/strong> Poliolefina (PO)<\/li>\n<li><strong>Relaci\u00f3n de Contracci\u00f3n:<\/strong> 2:1<\/li>\n<li><strong>Temperatura de Operaci\u00f3n:<\/strong> -55\u00b0C a +135\u00b0C<\/li>\n<li><strong>Temperatura M\u00ednima de Encogimiento:<\/strong> 100\u00b0C<\/li>\n<li><strong>Resistente a Qu\u00edmicos:<\/strong> S\u00ed<\/li>\n<li><strong>Resistencia Diel\u00e9ctrica:<\/strong> 900 V<\/li>\n<li><strong>Color:<\/strong> Negro<\/li>\n<li><strong>Longitud:<\/strong> 1.2 m<\/li>\n<li><strong>Resistencia a la Tensi\u00f3n:<\/strong> 2400 psi<\/li>\n<li><strong>Resistencia a la Flexi\u00f3n:<\/strong> 400% de elongaci\u00f3n<\/li>\n<\/ul><\/div>\n<p> <!-- Secci\u00f3n de aprobaciones y est\u00e1ndares --> <\/p>\n<div style='flex: 1 1 300px; min-width: 280px;'>\n<h3 style='font-size: 18px; border-bottom: 2px solid currentColor; padding-bottom: 5px; margin-top: 0; color: inherit; opacity: 0.8;'>Aprobaciones y Est\u00e1ndares<\/h3>\n<ul style='padding-left: 20px; font-size: 14px; color: inherit;'>\n<li>SAE-AMS-DTL-23053\/5&comma; Class 1&comma; Class 2 (Clear)<\/li>\n<li>AMS-3636&comma; AMS-3637<\/li>\n<li>UL Recognized&comma; File E-39100&comma; a 600 volts m\u00e1ximo @ 125\u00b0C<\/li>\n<li>CSA Certified&comma; CSA LR38227&comma; a 600 volts m\u00e1ximo @ 125\u00b0C<\/li>\n<li>ABS<\/li>\n<\/ul><\/div>\n<\/p><\/div>\n<p> <!-- Secci\u00f3n de aplicaciones --> <\/p>\n<div style='margin-bottom: 30px;'>\n<h2 style='font-size: 20px; border-bottom: 2px solid currentColor; padding-bottom: 8px; margin-top: 0; color: inherit; opacity: 0.85;'>Aplicaciones<\/h2>\n<p style='font-size: 15px; color: inherit; margin-bottom: 15px;'>El tubo termoencogible FP-301 se utiliza t\u00edpicamente como aislamiento el\u00e9ctrico sobre empalmes y terminales de cables. Tambi\u00e9n se utiliza para:<\/p>\n<ul style='padding-left: 20px; font-size: 15px; color: inherit;'>\n<li>Cubierta de arneses de alambres liviana<\/li>\n<li>Marcado de cables<\/li>\n<li>Agrupamiento de cables<\/li>\n<li>Embalaje de componentes<\/li>\n<li>Cubierta resistente al fuego<\/li>\n<\/ul><\/div>\n<p> <!-- Secci\u00f3n de propiedades f\u00edsicas --> <\/p>\n<div style='display: flex; flex-wrap: wrap; gap: 30px; margin-bottom: 30px;'>\n<div style='flex: 1 1 300px; min-width: 280px;'>\n<h3 style='font-size: 18px; border-bottom: 2px solid currentColor; padding-bottom: 5px; margin-top: 0; color: inherit; opacity: 0.8;'>Propiedades F\u00edsicas<\/h3>\n<ul style='padding-left: 20px; font-size: 14px; color: inherit;'>\n<li><strong>Resistencia a la Tensi\u00f3n:<\/strong> 2400 psi<\/li>\n<li><strong>Resistencia a la Flexi\u00f3n:<\/strong> 400% de elongaci\u00f3n<\/li>\n<li><strong>Cambio Longitudinal:<\/strong> \u00b15%<\/li>\n<li><strong>M\u00f3dulo Secante (2%):<\/strong> 13&comma;000 psi<\/li>\n<li><strong>Densidad:<\/strong> 1.3 (Opaco)&comma; 0.93 (Claro)<\/li>\n<li><strong>Resistencia al Envejecimiento:<\/strong> 175% elongaci\u00f3n despu\u00e9s de 336 horas a 175\u00b0C<\/li>\n<li><strong>Resistencia a la Flexi\u00f3n en Fr\u00edo:<\/strong> Sin grietas despu\u00e9s de 4 horas a -55\u00b0C<\/li>\n<li><strong>Resistencia al Fuego:<\/strong> Autoextinguible<\/li>\n<\/ul><\/div>\n<p> <!-- Secci\u00f3n de propiedades el\u00e9ctricas y qu\u00edmicas --> <\/p>\n<div style='flex: 1 1 300px; min-width: 280px;'>\n<h3 style='font-size: 18px; border-bottom: 2px solid currentColor; padding-bottom: 5px; margin-top: 0; color: inherit; opacity: 0.8;'>Propiedades El\u00e9ctricas y Qu\u00edmicas<\/h3>\n<ul style='padding-left: 20px; font-size: 14px; color: inherit;'>\n<li><strong>Resistencia Diel\u00e9ctrica:<\/strong> 900 V\/mil<\/li>\n<li><strong>Resistencia de Volumen:<\/strong> 10<sup>15<\/sup> ohm\/cm<\/li>\n<li><strong>Resistencia a la Corrosi\u00f3n:<\/strong> No corrosivo<\/li>\n<li><strong>Resistencia a Hongos:<\/strong> No nutriente para hongos<\/li>\n<li><strong>Absorci\u00f3n de Agua:<\/strong> 0.2%<\/li>\n<li><strong>Resistencia a Solventes:<\/strong> Excelente<\/li>\n<\/ul><\/div>\n<\/p><\/div>\n<p> <!-- Secci\u00f3n de almacenamiento y disponibilidad --> <\/p>\n<div style='margin-bottom: 30px;'>\n<h2 style='font-size: 20px; border-bottom: 2px solid currentColor; padding-bottom: 8px; margin-top: 0; color: inherit; opacity: 0.85;'>Almacenamiento y Disponibilidad<\/h2>\n<ul style='padding-left: 20px; font-size: 15px; color: inherit;'>\n<li><strong>Almacenamiento:<\/strong> 10 a\u00f1os desde la fecha de fabricaci\u00f3n cuando se almacena en condiciones controladas (10\u00b0C a 27\u00b0C y <75% de humedad relativa)<\/li>\n<li><strong>Disponibilidad:<\/strong> En longitudes de 4 pies&comma; carretes grandes (21&#8242; de di\u00e1metro) y carretes peque\u00f1os (8\u00bd&#8217; de di\u00e1metro)<\/li>\n<\/ul><\/div>\n<p> <!-- Separador final --> <\/p>\n<hr style='border: 0; border-top: 1px solid rgba(150&comma; 150&comma; 150&comma; 0.3); margin: 30px 0;'> <\/div>\n","protected":false},"excerpt":{"rendered":"<p>Tubo Termoencogible (Termofit) Negro de 1.2 m, 1\/8&#8243; de Di\u00e1metro, Reduce de 2:1, Poliolefina.<\/p>\n","protected":false},"featured_media":110490,"comment_status":"open","ping_status":"closed","template":"","meta":[],"product_brand":[],"product_cat":[930],"product_tag":[931,932,547],"class_list":{"0":"post-110491","1":"product","2":"type-product","3":"status-publish","4":"has-post-thumbnail","6":"product_cat-estacion-de-soldar-y-desoldadoras","7":"product_tag-equipo-de-laboratorio","8":"product_tag-estacion-de-soldar-y-desoldadoras","9":"product_tag-syscom-parts","11":"first","12":"instock","13":"sale","14":"shipping-taxable","15":"purchasable","16":"product-type-simple"},"_links":{"self":[{"href":"https:\/\/soydeaqui.ddns.net\/pachuca\/index.php\/wp-json\/wp\/v2\/product\/110491","targetHints":{"allow":["GET"]}}],"collection":[{"href":"https:\/\/soydeaqui.ddns.net\/pachuca\/index.php\/wp-json\/wp\/v2\/product"}],"about":[{"href":"https:\/\/soydeaqui.ddns.net\/pachuca\/index.php\/wp-json\/wp\/v2\/types\/product"}],"replies":[{"embeddable":true,"href":"https:\/\/soydeaqui.ddns.net\/pachuca\/index.php\/wp-json\/wp\/v2\/comments?post=110491"}],"wp:featuredmedia":[{"embeddable":true,"href":"https:\/\/soydeaqui.ddns.net\/pachuca\/index.php\/wp-json\/wp\/v2\/media\/110490"}],"wp:attachment":[{"href":"https:\/\/soydeaqui.ddns.net\/pachuca\/index.php\/wp-json\/wp\/v2\/media?parent=110491"}],"wp:term":[{"taxonomy":"product_brand","embeddable":true,"href":"https:\/\/soydeaqui.ddns.net\/pachuca\/index.php\/wp-json\/wp\/v2\/product_brand?post=110491"},{"taxonomy":"product_cat","embeddable":true,"href":"https:\/\/soydeaqui.ddns.net\/pachuca\/index.php\/wp-json\/wp\/v2\/product_cat?post=110491"},{"taxonomy":"product_tag","embeddable":true,"href":"https:\/\/soydeaqui.ddns.net\/pachuca\/index.php\/wp-json\/wp\/v2\/product_tag?post=110491"}],"curies":[{"name":"wp","href":"https:\/\/api.w.org\/{rel}","templated":true}]}}