{"id":110489,"date":"2026-03-20T19:54:54","date_gmt":"2026-03-20T19:54:54","guid":{"rendered":"https:\/\/soydeaqui.ddns.net\/pachuca\/index.php\/producto\/tubo-termoencogible-termofit-negro-de-1-2-m-3-16-de-diametro-reduce-de-21-poliolefina\/"},"modified":"2026-03-20T19:54:55","modified_gmt":"2026-03-20T19:54:55","slug":"tubo-termoencogible-termofit-negro-de-1-2-m-3-16-de-diametro-reduce-de-21-poliolefina","status":"publish","type":"product","link":"https:\/\/soydeaqui.ddns.net\/pachuca\/index.php\/producto\/tubo-termoencogible-termofit-negro-de-1-2-m-3-16-de-diametro-reduce-de-21-poliolefina\/","title":{"rendered":"Tubo Termoencogible (Termofit) Negro de 1.2 m, 3\/16&#8243; de Di\u00e1metro, Reduce de 2:1, Poliolefina."},"content":{"rendered":"<div style='width: 100%; max-width: 1200px; margin: 0 auto; font-family: sans-serif; line-height: 1.6; color: inherit; background-color: transparent;'>\n<div style='display: flex; flex-wrap: wrap; gap: 30px; margin-bottom: 30px;'>\n<div style='flex: 1 1 300px; min-width: 280px;'>\n<h3 style='font-size: 22px; border-bottom: 2px solid currentColor; padding-bottom: 5px; margin-top: 0; color: inherit; opacity: 0.8;'>Caracter\u00edsticas Principales<\/h3>\n<ul style='padding-left: 20px; font-size: 15px; color: inherit;'>\n<li style='margin-bottom: 5px;'>Longitud: 1.2 m<\/li>\n<li style='margin-bottom: 5px;'>Di\u00e1metro: 3\/16&#8242; (4.75 mm)<\/li>\n<li style='margin-bottom: 5px;'>Color: Negro<\/li>\n<li style='margin-bottom: 5px;'>Proporci\u00f3n de reducci\u00f3n: 2:1<\/li>\n<li style='margin-bottom: 5px;'>Material: Poliolefina<\/li>\n<\/ul><\/div>\n<div style='flex: 1 1 300px; min-width: 280px;'>\n<h3 style='font-size: 22px; border-bottom: 2px solid currentColor; padding-bottom: 5px; margin-top: 0; color: inherit; opacity: 0.8;'>Especificaciones T\u00e9cnicas<\/h3>\n<ul style='padding-left: 20px; font-size: 15px; color: inherit;'>\n<li style='margin-bottom: 5px;'>Temperatura de operaci\u00f3n: -55\u00b0C a 135\u00b0C<\/li>\n<li style='margin-bottom: 5px;'>Temperatura m\u00ednima de termoencogido: 100\u00b0C<\/li>\n<li style='margin-bottom: 5px;'>Resistencia a la tensi\u00f3n: 2400 psi<\/li>\n<li style='margin-bottom: 5px;'>Elongaci\u00f3n: 400%<\/li>\n<li style='margin-bottom: 5px;'>Resistencia diel\u00e9ctrica: 900 V\/mil<\/li>\n<\/ul><\/div>\n<\/p><\/div>\n<div style='display: flex; flex-wrap: wrap; gap: 20px; margin-bottom: 30px;'>\n<div style='flex: 1 1 250px; border: 1px solid rgba(150&comma; 150&comma; 150&comma; 0.4); border-radius: 8px; overflow: hidden; display: flex; flex-direction: column;'>\n<div style='padding: 15px; border-bottom: 1px solid rgba(150&comma; 150&comma; 150&comma; 0.2); font-weight: bold; font-size: 18px; color: inherit;'>Aplicaciones<\/div>\n<div style='padding: 15px; color: inherit;'>\n<ul style='padding-left: 20px; margin: 0; font-size: 14px; list-style-type: disc;'>\n<li style='margin-bottom: 5px;'>Aislamiento el\u00e9ctrico en empalmes y terminales<\/li>\n<li style='margin-bottom: 5px;'>Protecci\u00f3n de arneses de alambrado<\/li>\n<li style='margin-bottom: 5px;'>Identificaci\u00f3n de cables<\/li>\n<li style='margin-bottom: 5px;'>Agrupamiento de cables<\/li>\n<li style='margin-bottom: 5px;'>Protecci\u00f3n de componentes<\/li>\n<\/ul><\/div>\n<\/p><\/div>\n<div style='flex: 1 1 250px; border: 1px solid rgba(150&comma; 150&comma; 150&comma; 0.4); border-radius: 8px; overflow: hidden; display: flex; flex-direction: column;'>\n<div style='padding: 15px; border-bottom: 1px solid rgba(150&comma; 150&comma; 150&comma; 0.2); font-weight: bold; font-size: 18px; color: inherit;'>Resistencia<\/div>\n<div style='padding: 15px; color: inherit;'>\n<ul style='padding-left: 20px; margin: 0; font-size: 14px; list-style-type: disc;'>\n<li style='margin-bottom: 5px;'>Resistente a la llama<\/li>\n<li style='margin-bottom: 5px;'>Resistente a la humedad (0.2% absorci\u00f3n)<\/li>\n<li style='margin-bottom: 5px;'>Resistente a disolventes<\/li>\n<li style='margin-bottom: 5px;'>No corrosivo<\/li>\n<li style='margin-bottom: 5px;'>Resistente a hongos<\/li>\n<\/ul><\/div>\n<\/p><\/div>\n<div style='flex: 1 1 250px; border: 1px solid rgba(150&comma; 150&comma; 150&comma; 0.4); border-radius: 8px; overflow: hidden; display: flex; flex-direction: column;'>\n<div style='padding: 15px; border-bottom: 1px solid rgba(150&comma; 150&comma; 150&comma; 0.2); font-weight: bold; font-size: 18px; color: inherit;'>Certificaciones<\/div>\n<div style='padding: 15px; color: inherit;'>\n<ul style='padding-left: 20px; margin: 0; font-size: 14px; list-style-type: disc;'>\n<li style='margin-bottom: 5px;'>SAE-AMS-DTL-23053\/5<\/li>\n<li style='margin-bottom: 5px;'>UL Recognized<\/li>\n<li style='margin-bottom: 5px;'>CSA Certified<\/li>\n<li style='margin-bottom: 5px;'>ABS<\/li>\n<\/ul><\/div>\n<\/p><\/div>\n<\/p><\/div>\n<div style='display: flex; flex-wrap: wrap; gap: 30px; margin-bottom: 30px;'>\n<div style='flex: 1 1 300px; min-width: 280px;'>\n<h3 style='font-size: 22px; border-bottom: 2px solid currentColor; padding-bottom: 5px; margin-top: 0; color: inherit; opacity: 0.8;'>Dimensiones<\/h3>\n<ul style='padding-left: 20px; font-size: 15px; color: inherit;'>\n<li style='margin-bottom: 5px;'><strong>Di\u00e1metro expandido:<\/strong> 3\/16&#8242; (4.75 mm)<\/li>\n<li style='margin-bottom: 5px;'><strong>Di\u00e1metro recuperado:<\/strong> 3\/32&#8242; (2.36 mm)<\/li>\n<li style='margin-bottom: 5px;'><strong>Espesor de pared:<\/strong> 0.020&#8242; (0.51 mm)<\/li>\n<\/ul><\/div>\n<div style='flex: 1 1 300px; min-width: 280px;'>\n<h3 style='font-size: 22px; border-bottom: 2px solid currentColor; padding-bottom: 5px; margin-top: 0; color: inherit; opacity: 0.8;'>Propiedades F\u00edsicas<\/h3>\n<ul style='padding-left: 20px; font-size: 15px; color: inherit;'>\n<li style='margin-bottom: 5px;'>Resistente a la rotura por tracci\u00f3n<\/li>\n<li style='margin-bottom: 5px;'>Flexible a bajas temperaturas<\/li>\n<li style='margin-bottom: 5px;'>No se agrieta a -55\u00b0C<\/li>\n<li style='margin-bottom: 5px;'>Resistente al envejecimiento t\u00e9rmico<\/li>\n<\/ul><\/div>\n<\/p><\/div>\n<hr style='border: 0; border-top: 1px solid rgba(150&comma; 150&comma; 150&comma; 0.3); margin: 30px 0;'>\n<div style='display: flex; flex-wrap: wrap; gap: 30px;'>\n<div style='flex: 1 1 300px; min-width: 280px;'>\n<h3 style='font-size: 22px; border-bottom: 2px solid currentColor; padding-bottom: 5px; margin-top: 0; color: inherit; opacity: 0.8;'>Almacenamiento<\/h3>\n<p style='font-size: 15px; color: inherit;'>Vida \u00fatil de 10 a\u00f1os desde la fecha de fabricaci\u00f3n cuando se almacena en condiciones controladas (10\u00b0C a 27\u00b0C y <75% de humedad relativa).<\/p>\n<\/p><\/div>\n<div style='flex: 1 1 300px; min-width: 280px;'>\n<h3 style='font-size: 22px; border-bottom: 2px solid currentColor; padding-bottom: 5px; margin-top: 0; color: inherit; opacity: 0.8;'>Limitaciones<\/h3>\n<p style='font-size: 15px; color: inherit;'>El tubo transparente no es retardante de llama ni est\u00e1 listado por UL.<\/p>\n<\/p><\/div>\n<\/p><\/div>\n<\/p><\/div>\n","protected":false},"excerpt":{"rendered":"<p>Tubo Termoencogible (Termofit) Negro de 1.2 m, 3\/16&#8243; de Di\u00e1metro, Reduce de 2:1, Poliolefina.<\/p>\n","protected":false},"featured_media":110488,"comment_status":"open","ping_status":"closed","template":"","meta":[],"product_brand":[],"product_cat":[930],"product_tag":[931,932,547],"class_list":{"0":"post-110489","1":"product","2":"type-product","3":"status-publish","4":"has-post-thumbnail","6":"product_cat-estacion-de-soldar-y-desoldadoras","7":"product_tag-equipo-de-laboratorio","8":"product_tag-estacion-de-soldar-y-desoldadoras","9":"product_tag-syscom-parts","11":"first","12":"instock","13":"sale","14":"shipping-taxable","15":"purchasable","16":"product-type-simple"},"_links":{"self":[{"href":"https:\/\/soydeaqui.ddns.net\/pachuca\/index.php\/wp-json\/wp\/v2\/product\/110489","targetHints":{"allow":["GET"]}}],"collection":[{"href":"https:\/\/soydeaqui.ddns.net\/pachuca\/index.php\/wp-json\/wp\/v2\/product"}],"about":[{"href":"https:\/\/soydeaqui.ddns.net\/pachuca\/index.php\/wp-json\/wp\/v2\/types\/product"}],"replies":[{"embeddable":true,"href":"https:\/\/soydeaqui.ddns.net\/pachuca\/index.php\/wp-json\/wp\/v2\/comments?post=110489"}],"wp:featuredmedia":[{"embeddable":true,"href":"https:\/\/soydeaqui.ddns.net\/pachuca\/index.php\/wp-json\/wp\/v2\/media\/110488"}],"wp:attachment":[{"href":"https:\/\/soydeaqui.ddns.net\/pachuca\/index.php\/wp-json\/wp\/v2\/media?parent=110489"}],"wp:term":[{"taxonomy":"product_brand","embeddable":true,"href":"https:\/\/soydeaqui.ddns.net\/pachuca\/index.php\/wp-json\/wp\/v2\/product_brand?post=110489"},{"taxonomy":"product_cat","embeddable":true,"href":"https:\/\/soydeaqui.ddns.net\/pachuca\/index.php\/wp-json\/wp\/v2\/product_cat?post=110489"},{"taxonomy":"product_tag","embeddable":true,"href":"https:\/\/soydeaqui.ddns.net\/pachuca\/index.php\/wp-json\/wp\/v2\/product_tag?post=110489"}],"curies":[{"name":"wp","href":"https:\/\/api.w.org\/{rel}","templated":true}]}}