{"id":110487,"date":"2026-03-20T19:54:49","date_gmt":"2026-03-20T19:54:49","guid":{"rendered":"https:\/\/soydeaqui.ddns.net\/pachuca\/index.php\/producto\/tubo-termoencogible-termofit-negro-de-1-2-m-1-4-de-diametro-reduce-de-21-poliolefina\/"},"modified":"2026-03-20T19:54:50","modified_gmt":"2026-03-20T19:54:50","slug":"tubo-termoencogible-termofit-negro-de-1-2-m-1-4-de-diametro-reduce-de-21-poliolefina","status":"publish","type":"product","link":"https:\/\/soydeaqui.ddns.net\/pachuca\/index.php\/producto\/tubo-termoencogible-termofit-negro-de-1-2-m-1-4-de-diametro-reduce-de-21-poliolefina\/","title":{"rendered":"Tubo Termoencogible (Termofit) Negro de 1.2 m, 1\/4&#8243; de Di\u00e1metro, Reduce de 2:1, Poliolefina."},"content":{"rendered":"<div style='width: 100%; max-width: 1200px; margin: 0 auto; font-family: sans-serif; line-height: 1.6; color: inherit; background-color: transparent;'> <!-- Secci\u00f3n de caracter\u00edsticas principales --> <\/p>\n<div style='display: flex; flex-wrap: wrap; gap: 30px; margin-bottom: 30px;'>\n<div style='flex: 1 1 300px; min-width: 280px;'>\n<h3 style='font-size: 22px; border-bottom: 2px solid currentColor; padding-bottom: 5px; margin-top: 0; color: inherit; opacity: 0.8;'>Caracter\u00edsticas Principales<\/h3>\n<ul style='padding-left: 20px; font-size: 15px; color: inherit;'>\n<li style='margin-bottom: 5px;'>Relaci\u00f3n de contracci\u00f3n: 2:1<\/li>\n<li style='margin-bottom: 5px;'>Resistencia diel\u00e9ctrica: 900 V<\/li>\n<li style='margin-bottom: 5px;'>Rango de temperatura: -55\u00b0C a +135\u00b0C<\/li>\n<li style='margin-bottom: 5px;'>Material: Poliolefina (PO)<\/li>\n<li style='margin-bottom: 5px;'>Di\u00e1metro recuperado: 3.18 mm<\/li>\n<\/ul><\/div>\n<\/p><\/div>\n<p> <!-- Secci\u00f3n de especificaciones t\u00e9cnicas --> <\/p>\n<div style='display: flex; flex-wrap: wrap; gap: 20px; margin-bottom: 30px;'>\n<div style='flex: 1 1 250px; border: 1px solid rgba(150&comma; 150&comma; 150&comma; 0.4); border-radius: 8px; overflow: hidden; display: flex; flex-direction: column;'>\n<div style='padding: 15px; border-bottom: 1px solid rgba(150&comma; 150&comma; 150&comma; 0.2); font-weight: bold; font-size: 18px; color: inherit;'>Especificaciones T\u00e9cnicas<\/div>\n<div style='padding: 15px; color: inherit;'>\n<ul style='padding-left: 20px; margin: 0; font-size: 14px; list-style-type: disc;'>\n<li style='margin-bottom: 5px;'><strong>Di\u00e1metro interno:<\/strong> 0.25 in (6.35 mm)<\/li>\n<li style='margin-bottom: 5px;'><strong>Color:<\/strong> Negro<\/li>\n<li style='margin-bottom: 5px;'><strong>Longitud:<\/strong> 1.2 m<\/li>\n<li style='margin-bottom: 5px;'><strong>Temperatura m\u00ednima de encogimiento:<\/strong> 100\u00b0C<\/li>\n<li style='margin-bottom: 5px;'><strong>Resistencia a qu\u00edmicos:<\/strong> S\u00ed<\/li>\n<li style='margin-bottom: 5px;'><strong>Resistencia a hongos:<\/strong> S\u00ed<\/li>\n<li style='margin-bottom: 5px;'><strong>Absorci\u00f3n de agua:<\/strong> 0.2%<\/li>\n<li style='margin-bottom: 5px;'><strong>Resistencia a solventes:<\/strong> Excelente<\/li>\n<\/ul><\/div>\n<\/p><\/div>\n<p> <!-- Secci\u00f3n de propiedades f\u00edsicas --> <\/p>\n<div style='flex: 1 1 250px; border: 1px solid rgba(150&comma; 150&comma; 150&comma; 0.4); border-radius: 8px; overflow: hidden; display: flex; flex-direction: column;'>\n<div style='padding: 15px; border-bottom: 1px solid rgba(150&comma; 150&comma; 150&comma; 0.2); font-weight: bold; font-size: 18px; color: inherit;'>Propiedades F\u00edsicas<\/div>\n<div style='padding: 15px; color: inherit;'>\n<ul style='padding-left: 20px; margin: 0; font-size: 14px; list-style-type: disc;'>\n<li style='margin-bottom: 5px;'><strong>Resistencia a la tensi\u00f3n:<\/strong> 2400 psi<\/li>\n<li style='margin-bottom: 5px;'><strong>Elongaci\u00f3n:<\/strong> 400%<\/li>\n<li style='margin-bottom: 5px;'><strong>M\u00f3dulo secante (2%):<\/strong> 13&comma;000 psi<\/li>\n<li style='margin-bottom: 5px;'><strong>Cambio longitudinal:<\/strong> \u00b15%<\/li>\n<li style='margin-bottom: 5px;'><strong>Densidad:<\/strong> 0.93 (Claro)&comma; 1.3 (Opaco)<\/li>\n<\/ul><\/div>\n<\/p><\/div>\n<p> <!-- Secci\u00f3n de certificaciones --> <\/p>\n<div style='flex: 1 1 250px; border: 1px solid rgba(150&comma; 150&comma; 150&comma; 0.4); border-radius: 8px; overflow: hidden; display: flex; flex-direction: column;'>\n<div style='padding: 15px; border-bottom: 1px solid rgba(150&comma; 150&comma; 150&comma; 0.2); font-weight: bold; font-size: 18px; color: inherit;'>Certificaciones<\/div>\n<div style='padding: 15px; color: inherit;'>\n<ul style='padding-left: 20px; margin: 0; font-size: 14px; list-style-type: disc;'>\n<li style='margin-bottom: 5px;'>SAE-AMS-DTL-23053\/5&comma; Clase 1&comma; Clase 2 (Claro)*<\/li>\n<li style='margin-bottom: 5px;'>AMS-3636&comma; AMS-3637<\/li>\n<li style='margin-bottom: 5px;'>UL Reconocido&comma; Archivo E-39100&comma; a 600 volts m\u00e1x. @ 125\u00b0C<\/li>\n<li style='margin-bottom: 5px;'>CSA Certificado&comma; CSA LR38227&comma; a 600 volts m\u00e1x. @ 125\u00b0C<\/li>\n<li style='margin-bottom: 5px;'>ABS<\/li>\n<\/ul><\/div>\n<\/p><\/div>\n<p> <!-- Secci\u00f3n de aplicaciones --> <\/p>\n<div style='flex: 1 1 250px; border: 1px solid rgba(150&comma; 150&comma; 150&comma; 0.4); border-radius: 8px; overflow: hidden; display: flex; flex-direction: column;'>\n<div style='padding: 15px; border-bottom: 1px solid rgba(150&comma; 150&comma; 150&comma; 0.2); font-weight: bold; font-size: 18px; color: inherit;'>Aplicaciones<\/div>\n<div style='padding: 15px; color: inherit;'>\n<ul style='padding-left: 20px; margin: 0; font-size: 14px; list-style-type: disc;'>\n<li style='margin-bottom: 5px;'>Aislamiento el\u00e9ctrico en empalmes y terminales<\/li>\n<li style='margin-bottom: 5px;'>Recubrimiento para arneses de alambres<\/li>\n<li style='margin-bottom: 5px;'>Identificaci\u00f3n de cables<\/li>\n<li style='margin-bottom: 5px;'>Agrupamiento de cables<\/li>\n<li style='margin-bottom: 5px;'>Embalaje de componentes<\/li>\n<li style='margin-bottom: 5px;'>Recubrimiento resistente al fuego<\/li>\n<\/ul><\/div>\n<\/p><\/div>\n<p> <!-- Secci\u00f3n de almacenamiento --> <\/p>\n<div style='flex: 1 1 250px; border: 1px solid rgba(150&comma; 150&comma; 150&comma; 0.4); border-radius: 8px; overflow: hidden; display: flex; flex-direction: column;'>\n<div style='padding: 15px; border-bottom: 1px solid rgba(150&comma; 150&comma; 150&comma; 0.2); font-weight: bold; font-size: 18px; color: inherit;'>Almacenamiento<\/div>\n<div style='padding: 15px; color: inherit;'>\n<ul style='padding-left: 20px; margin: 0; font-size: 14px; list-style-type: disc;'>\n<li style='margin-bottom: 5px;'><strong>Vida \u00fatil:<\/strong> 10 a\u00f1os desde la fecha de fabricaci\u00f3n<\/li>\n<li style='margin-bottom: 5px;'><strong>Condiciones de almacenamiento:<\/strong> 10\u00b0C a 27\u00b0C&comma; <75% humedad relativa<\/li>\n<\/ul><\/div>\n<\/p><\/div>\n<\/p><\/div>\n<p> <!-- Separador --> <\/p>\n<hr style='border: 0; border-top: 1px solid rgba(150&comma; 150&comma; 150&comma; 0.3); margin: 30px 0;'> <!-- Secci\u00f3n de advertencias --> <\/p>\n<div style='margin-top: 30px; font-size: 13px; color: inherit; opacity: 0.8;'>\n<p style='margin: 0;'><strong>Nota:<\/strong> Las especificaciones t\u00e9cnicas y datos proporcionados son t\u00edpicos y no deben considerarse m\u00ednimos o m\u00e1ximos. Las propiedades se miden a temperatura ambiente (73\u00b0F\/23\u00b0C) a menos que se indique lo contrario. Todas las declaraciones e informaci\u00f3n t\u00e9cnica son basadas en informaci\u00f3n cre\u00edda como confiable&comma; pero su exactitud o completitud no se garantiza.<\/p>\n<\/p><\/div>\n<\/p><\/div>\n","protected":false},"excerpt":{"rendered":"<p>Tubo Termoencogible (Termofit) Negro de 1.2 m, 1\/4&#8243; de Di\u00e1metro, Reduce de 2:1, Poliolefina.<\/p>\n","protected":false},"featured_media":110486,"comment_status":"open","ping_status":"closed","template":"","meta":[],"product_brand":[],"product_cat":[930],"product_tag":[931,932,547],"class_list":{"0":"post-110487","1":"product","2":"type-product","3":"status-publish","4":"has-post-thumbnail","6":"product_cat-estacion-de-soldar-y-desoldadoras","7":"product_tag-equipo-de-laboratorio","8":"product_tag-estacion-de-soldar-y-desoldadoras","9":"product_tag-syscom-parts","11":"first","12":"instock","13":"sale","14":"shipping-taxable","15":"purchasable","16":"product-type-simple"},"_links":{"self":[{"href":"https:\/\/soydeaqui.ddns.net\/pachuca\/index.php\/wp-json\/wp\/v2\/product\/110487","targetHints":{"allow":["GET"]}}],"collection":[{"href":"https:\/\/soydeaqui.ddns.net\/pachuca\/index.php\/wp-json\/wp\/v2\/product"}],"about":[{"href":"https:\/\/soydeaqui.ddns.net\/pachuca\/index.php\/wp-json\/wp\/v2\/types\/product"}],"replies":[{"embeddable":true,"href":"https:\/\/soydeaqui.ddns.net\/pachuca\/index.php\/wp-json\/wp\/v2\/comments?post=110487"}],"wp:featuredmedia":[{"embeddable":true,"href":"https:\/\/soydeaqui.ddns.net\/pachuca\/index.php\/wp-json\/wp\/v2\/media\/110486"}],"wp:attachment":[{"href":"https:\/\/soydeaqui.ddns.net\/pachuca\/index.php\/wp-json\/wp\/v2\/media?parent=110487"}],"wp:term":[{"taxonomy":"product_brand","embeddable":true,"href":"https:\/\/soydeaqui.ddns.net\/pachuca\/index.php\/wp-json\/wp\/v2\/product_brand?post=110487"},{"taxonomy":"product_cat","embeddable":true,"href":"https:\/\/soydeaqui.ddns.net\/pachuca\/index.php\/wp-json\/wp\/v2\/product_cat?post=110487"},{"taxonomy":"product_tag","embeddable":true,"href":"https:\/\/soydeaqui.ddns.net\/pachuca\/index.php\/wp-json\/wp\/v2\/product_tag?post=110487"}],"curies":[{"name":"wp","href":"https:\/\/api.w.org\/{rel}","templated":true}]}}