{"id":110474,"date":"2026-03-20T19:54:08","date_gmt":"2026-03-20T19:54:08","guid":{"rendered":"https:\/\/soydeaqui.ddns.net\/pachuca\/index.php\/producto\/cable-con-conector-jack-hembra-3-5-mm-con-2-salidas-de-jack-macho\/"},"modified":"2026-03-20T19:54:30","modified_gmt":"2026-03-20T19:54:30","slug":"cable-con-conector-jack-hembra-3-5-mm-con-2-salidas-de-jack-macho","status":"publish","type":"product","link":"https:\/\/soydeaqui.ddns.net\/pachuca\/index.php\/producto\/cable-con-conector-jack-hembra-3-5-mm-con-2-salidas-de-jack-macho\/","title":{"rendered":"Cable con Conector Jack Hembra 3.5 mm con 2 Salidas de Jack Macho"},"content":{"rendered":"<div style='width: 100%; max-width: 1200px; margin: 0 auto; font-family: sans-serif; line-height: 1.6; color: inherit; background-color: transparent;'>\n<div style='width: 100%; text-align: center; margin: 0 0 30px 0;'>\n<h1 style='font-size: 28px; color: inherit; margin: 0 0 10px 0; font-weight: bold;'>JR-F51<\/h1>\n<h3 style='font-size: 20px; color: inherit; margin: 0 0 20px 0; opacity: 0.8;'>Cable con conector jack hembra 3.5 mm con 2 salidas de jack macho<\/h3>\n<p style='font-size: 15px; color: inherit; margin: 0 10% 30px 10%; max-width: 800px; display: inline-block;'>Duplique sus adaptadores de corriente con este conector de alimentaci\u00f3n. Todo lo que tiene que hacer es conectar un enchufe est\u00e1ndar de 5&comma;5 mm \/ 2&comma;1 mm en un extremo y al otro lado tendr\u00e1 2 salidas listas para usarse en sus dispositivos. La moldura resistente de estos adaptadores le hacen tener una calidad excepcional y son realmente \u00fatiles cuando tiene un proyecto con m\u00faltiples dispositivos conectables.<\/p>\n<\/p><\/div>\n<div style='display: flex; flex-wrap: wrap; gap: 30px; margin-bottom: 40px;'>\n<div style='flex: 1 1 300px; min-width: 280px;'>\n<div style='width: 100%; height: auto; border: 1px solid rgba(150&comma;150&comma;150&comma;0.3); border-radius: 8px; overflow: hidden; background-color: rgba(238&comma;238&comma;238&comma;0.3);'> <img style='width: 100%; height: auto; border: none; border-radius: 0;' src='http:\/\/ftp3.syscom.mx\/usuarios\/hallende\/Familia%20Centro\/Miscelaneos\/JR\/JR51\/JRF51-1.png' alt=''> <\/p>\n<div style='padding: 20px;'>\n<h3 style='font-size: 20px; border-bottom: 2px solid currentColor; padding-bottom: 5px; margin-top: 0; color: inherit; opacity: 0.8;'>Caracter\u00edsticas Principales:<\/h3>\n<ul style='padding-left: 20px; font-size: 14px; color: inherit; list-style-type: disc;'>\n<li style='margin-bottom: 5px;'>Espesor del cable principal 22AWG<\/li>\n<li style='margin-bottom: 5px;'>Espesor de los cables laterales 24AWG<\/li>\n<li style='margin-bottom: 5px;'>Pl\u00e1stico de alambre Pl\u00e1stico de PVC ign\u00edfugo<\/li>\n<li style='margin-bottom: 5px;'>Polaridad de alimentaci\u00f3n del conector Interno + \/ Exterior &#8211;<\/li>\n<li style='margin-bottom: 5px;'>Con conexiones de conector DC (5.5 x 2.1 mm<\/li>\n<li style='margin-bottom: 5px;'>\u00datil para alimentar varias c\u00e1maras desde un adaptador central<\/li>\n<li style='margin-bottom: 5px;'>Evita soldar<\/li>\n<\/ul><\/div>\n<\/p><\/div>\n<\/p><\/div>\n<div style='flex: 1 1 300px; min-width: 280px;'>\n<div style='width: 100%; height: auto; border: 1px solid rgba(150&comma;150&comma;150&comma;0.3); border-radius: 8px; overflow: hidden; background-color: rgba(238&comma;238&comma;238&comma;0.3);'> <img style='width: 100%; height: auto; border: none; border-radius: 0;' src='http:\/\/ftp3.syscom.mx\/usuarios\/hallende\/Familia%20Centro\/Miscelaneos\/JR\/JR51\/JRF51-2.png' alt='...'> <\/p>\n<div style='padding: 20px;'>\n<h3 style='font-size: 20px; border-bottom: 2px solid currentColor; padding-bottom: 5px; margin-top: 0; color: inherit; opacity: 0.8;'>Caracter\u00edsticas F\u00edsicas y El\u00e9ctricas:<\/h3>\n<ul style='padding-left: 20px; font-size: 14px; color: inherit; list-style-type: disc;'>\n<li style='margin-bottom: 5px;'>Voltaje de transmisi\u00f3n nominal 1Vcc-24Vcc<\/li>\n<li style='margin-bottom: 5px;'>Longitud del cable 19 cm<\/li>\n<li style='margin-bottom: 5px;'>Corriente de transmisi\u00f3n del bus \u2264 5A (12Vcc)<\/li>\n<li style='margin-bottom: 5px;'>Corriente de transmisi\u00f3n de l\u00ednea dividida \u2264 1A (12Vcc)<\/li>\n<li style='margin-bottom: 5px;'>Potencia de transmisi\u00f3n del bus \u226460W<\/li>\n<\/ul><\/div>\n<\/p><\/div>\n<\/p><\/div>\n<div style='flex: 1 1 300px; min-width: 280px;'>\n<div style='width: 100%; height: auto; border: 1px solid rgba(150&comma;150&comma;150&comma;0.3); border-radius: 8px; overflow: hidden; background-color: rgba(238&comma;238&comma;238&comma;0.3);'> <img style='width: 100%; height: auto; border: none; border-radius: 0;' src='http:\/\/ftp3.syscom.mx\/usuarios\/hallende\/Familia%20Centro\/Miscelaneos\/JR\/JR51\/JRF51-3.png' alt='...'> <\/p>\n<div style='padding: 20px;'>\n<h3 style='font-size: 20px; border-bottom: 2px solid currentColor; padding-bottom: 5px; margin-top: 0; color: inherit; opacity: 0.8;'>Caracter\u00edsticas Destacadas:<\/h3>\n<ul style='padding-left: 20px; font-size: 14px; color: inherit; list-style-type: disc;'>\n<li style='margin-bottom: 5px;'>Este cable divisor de alimentaci\u00f3n CCTV es muy perfecto para tu c\u00e1mara de seguridad CCTV. Una forma pr\u00e1ctica y rentable de alimentar hasta 2 c\u00e1maras con 1 adaptador de corriente.<\/li>\n<li style='margin-bottom: 5px;'>Cable de alta calidad&comma; compatible con componentes de 12 Vcc para c\u00e1maras de CCTV&comma; tiras de luz LED&comma; barras y otros accesorios de bajo voltaje<\/li>\n<\/ul><\/div>\n<\/p><\/div>\n<\/p><\/div>\n<\/p><\/div>\n<\/p><\/div>\n","protected":false},"excerpt":{"rendered":"<p>Cable con Conector Jack Hembra 3.5 mm con 2 Salidas de Jack Macho<\/p>\n","protected":false},"featured_media":110473,"comment_status":"open","ping_status":"closed","template":"","meta":[],"product_brand":[],"product_cat":[487],"product_tag":[488,489,63],"class_list":{"0":"post-110474","1":"product","2":"type-product","3":"status-publish","4":"has-post-thumbnail","6":"product_cat-para-alimentacion-y-electricidad","7":"product_tag-cables-y-conectores","8":"product_tag-para-alimentacion-y-electricidad","9":"product_tag-syscom","11":"first","12":"instock","13":"sale","14":"shipping-taxable","15":"purchasable","16":"product-type-simple"},"_links":{"self":[{"href":"https:\/\/soydeaqui.ddns.net\/pachuca\/index.php\/wp-json\/wp\/v2\/product\/110474","targetHints":{"allow":["GET"]}}],"collection":[{"href":"https:\/\/soydeaqui.ddns.net\/pachuca\/index.php\/wp-json\/wp\/v2\/product"}],"about":[{"href":"https:\/\/soydeaqui.ddns.net\/pachuca\/index.php\/wp-json\/wp\/v2\/types\/product"}],"replies":[{"embeddable":true,"href":"https:\/\/soydeaqui.ddns.net\/pachuca\/index.php\/wp-json\/wp\/v2\/comments?post=110474"}],"wp:featuredmedia":[{"embeddable":true,"href":"https:\/\/soydeaqui.ddns.net\/pachuca\/index.php\/wp-json\/wp\/v2\/media\/110473"}],"wp:attachment":[{"href":"https:\/\/soydeaqui.ddns.net\/pachuca\/index.php\/wp-json\/wp\/v2\/media?parent=110474"}],"wp:term":[{"taxonomy":"product_brand","embeddable":true,"href":"https:\/\/soydeaqui.ddns.net\/pachuca\/index.php\/wp-json\/wp\/v2\/product_brand?post=110474"},{"taxonomy":"product_cat","embeddable":true,"href":"https:\/\/soydeaqui.ddns.net\/pachuca\/index.php\/wp-json\/wp\/v2\/product_cat?post=110474"},{"taxonomy":"product_tag","embeddable":true,"href":"https:\/\/soydeaqui.ddns.net\/pachuca\/index.php\/wp-json\/wp\/v2\/product_tag?post=110474"}],"curies":[{"name":"wp","href":"https:\/\/api.w.org\/{rel}","templated":true}]}}