{"id":110444,"date":"2026-03-20T19:52:24","date_gmt":"2026-03-20T19:52:24","guid":{"rendered":"https:\/\/soydeaqui.ddns.net\/pachuca\/index.php\/producto\/protector-de-datos-poe-tubo-de-gas-contra-sobre-tensiones-electricas-gigabit-ethernet-1101-911-1-interior\/"},"modified":"2026-03-20T19:52:36","modified_gmt":"2026-03-20T19:52:36","slug":"protector-de-datos-poe-tubo-de-gas-contra-sobre-tensiones-electricas-gigabit-ethernet-1101-911-1-interior","status":"publish","type":"product","link":"https:\/\/soydeaqui.ddns.net\/pachuca\/index.php\/producto\/protector-de-datos-poe-tubo-de-gas-contra-sobre-tensiones-electricas-gigabit-ethernet-1101-911-1-interior\/","title":{"rendered":"Protector de datos POE, tubo de gas, contra sobre tensiones el\u00e9ctricas, Gigabit Ethernet (1101-911-1) Interior"},"content":{"rendered":"<div style='width: 100%; max-width: 1200px; margin: 0 auto; font-family: sans-serif; line-height: 1.6; color: inherit; background-color: transparent;'>\n<p style='text-align: center; margin: 0 0 10px 0;'> <img style='width: 100%; max-width: 200px; height: auto; border: 1px solid rgba(150&comma;150&comma;150&comma;0.3); border-radius: 8px;' src='https:\/\/ftp3.syscom.mx\/usuarios\/fotos\/ALPUF140\/80800-transtector_logo.jpg' alt='Logo TransTector'> <\/p>\n<div style='display: flex; flex-wrap: wrap; gap: 30px; margin-bottom: 30px;'>\n<div style='flex: 1 1 300px; min-width: 280px;'>\n<h3 style='font-size: 22px; border-bottom: 2px solid currentColor; padding-bottom: 5px; margin-top: 0; color: inherit; opacity: 0.8;'>Descripci\u00f3n<\/h3>\n<p style='font-size: 15px; color: inherit; margin-top: 0;'> Nuestro protector \/ supresor de sobretensi\u00f3n Gigabit Ethernet \/ PoE ++ brinda protecci\u00f3n para su equipo electr\u00f3nico y respalda la confiabilidad del sistema a largo plazo al absorber grandes cantidades de energ\u00eda transitoria. Este dispositivo industrial de protecci\u00f3n contra sobretensiones Gigabit Ethernet \/ PoE ++ para aplicaciones de l\u00ednea de datos ayuda a prevenir da\u00f1os por picos de energ\u00eda que pueden ser causados por rayos y otras fuentes de energ\u00eda el\u00e9ctrica fuertes. El dispositivo de supresi\u00f3n de picos de tensi\u00f3n transitoria \/ TVSS para Gigabit Ethernet \/ PoE ++ puede actuar como un pararrayos y una unidad de protecci\u00f3n contra picos de sobretensi\u00f3n el\u00e9ctrica. <\/p>\n<\/p><\/div>\n<\/p><\/div>\n<div style='display: flex; flex-wrap: wrap; gap: 20px; margin-bottom: 30px;'>\n<div style='flex: 1 1 300px; min-width: 280px;'>\n<div style='border: 1px solid rgba(150&comma; 150&comma; 150&comma; 0.4); border-radius: 8px; overflow: hidden; display: flex; flex-direction: column;'>\n<div style='padding: 15px; border-bottom: 1px solid rgba(150&comma; 150&comma; 150&comma; 0.2); font-weight: bold; font-size: 18px; color: inherit;'>Caracter\u00edsticas principales<\/div>\n<div style='padding: 15px; color: inherit;'>\n<ul style='padding-left: 20px; margin: 0; font-size: 14px; list-style-type: disc;'>\n<li style='margin-bottom: 5px;'>Puertos Gigabits<\/li>\n<li style='margin-bottom: 5px;'>Protecci\u00f3n hasta PoE+ (30W)<\/li>\n<li style='margin-bottom: 5px;'>Modos de protecci\u00f3n: L-G<\/li>\n<li style='margin-bottom: 5px;'>Impedancia: 100 \u03a9<\/li>\n<li style='margin-bottom: 5px;'>Tecnolog\u00eda: Tubo de gas (GDT)<\/li>\n<li style='margin-bottom: 5px;'>Tiempo de respuesta de supresi\u00f3n < 75 ns<\/li>\n<li style='margin-bottom: 5px;'>Rango de temperatura: -40\u00b0 a 75\u00b0C<\/li>\n<li style='margin-bottom: 5px;'>Garant\u00eda 1 a\u00f1o<\/li>\n<\/ul><\/div>\n<\/p><\/div>\n<\/p><\/div>\n<div style='flex: 1 1 300px; min-width: 280px;'>\n<div style='border: 1px solid rgba(150&comma; 150&comma; 150&comma; 0.4); border-radius: 8px; overflow: hidden; display: flex; flex-direction: column;'>\n<div style='padding: 15px; border-bottom: 1px solid rgba(150&comma; 150&comma; 150&comma; 0.2); font-weight: bold; font-size: 18px; color: inherit;'>Beneficios<\/div>\n<div style='padding: 15px; color: inherit;'>\n<ul style='padding-left: 20px; margin: 0; font-size: 14px; list-style-type: disc;'>\n<li style='margin-bottom: 5px;'>F\u00e1cil instalaci\u00f3n<\/li>\n<li style='margin-bottom: 5px;'>Pines protegidos (1&comma;2)&comma; (3&comma;6)&comma; (4&comma;5)&comma; (7&comma;8)<\/li>\n<li style='margin-bottom: 5px;'>Peso: 45.36 g<\/li>\n<li style='margin-bottom: 5px;'>Montaje en DPR chasis&comma; riel DIN y pared<\/li>\n<li style='margin-bottom: 5px;'>Compatible Cat5&comma; Cat5e<\/li>\n<\/ul><\/div>\n<\/p><\/div>\n<\/p><\/div>\n<div style='flex: 1 1 300px; min-width: 280px;'>\n<div style='border: 1px solid rgba(150&comma; 150&comma; 150&comma; 0.4); border-radius: 8px; overflow: hidden; display: flex; flex-direction: column;'>\n<div style='padding: 15px; border-bottom: 1px solid rgba(150&comma; 150&comma; 150&comma; 0.2); font-weight: bold; font-size: 18px; color: inherit;'>Aplicaciones<\/div>\n<div style='padding: 15px; color: inherit;'>\n<ul style='padding-left: 20px; margin: 0; font-size: 14px; list-style-type: disc;'>\n<li style='margin-bottom: 5px;'>Enlaces inal\u00e1mbricos<\/li>\n<li style='margin-bottom: 5px;'>WISP\/ISP<\/li>\n<li style='margin-bottom: 5px;'>Videovigilancia IP<\/li>\n<li style='margin-bottom: 5px;'>Centros de datos<\/li>\n<\/ul><\/div>\n<\/p><\/div>\n<\/p><\/div>\n<\/p><\/div>\n<\/p><\/div>\n","protected":false},"excerpt":{"rendered":"<p>Protector de datos POE, tubo de gas, contra sobre tensiones el\u00e9ctricas, Gigabit Ethernet (1101-911-1) Interior<\/p>\n","protected":false},"featured_media":110443,"comment_status":"open","ping_status":"closed","template":"","meta":[],"product_brand":[],"product_cat":[953],"product_tag":[898,954,546],"class_list":{"0":"post-110444","1":"product","2":"type-product","3":"status-publish","4":"has-post-thumbnail","6":"product_cat-redes","7":"product_tag-proteccion-contra-descargas","8":"product_tag-redes","9":"product_tag-transtector","11":"first","12":"instock","13":"sale","14":"shipping-taxable","15":"purchasable","16":"product-type-simple"},"_links":{"self":[{"href":"https:\/\/soydeaqui.ddns.net\/pachuca\/index.php\/wp-json\/wp\/v2\/product\/110444","targetHints":{"allow":["GET"]}}],"collection":[{"href":"https:\/\/soydeaqui.ddns.net\/pachuca\/index.php\/wp-json\/wp\/v2\/product"}],"about":[{"href":"https:\/\/soydeaqui.ddns.net\/pachuca\/index.php\/wp-json\/wp\/v2\/types\/product"}],"replies":[{"embeddable":true,"href":"https:\/\/soydeaqui.ddns.net\/pachuca\/index.php\/wp-json\/wp\/v2\/comments?post=110444"}],"wp:featuredmedia":[{"embeddable":true,"href":"https:\/\/soydeaqui.ddns.net\/pachuca\/index.php\/wp-json\/wp\/v2\/media\/110443"}],"wp:attachment":[{"href":"https:\/\/soydeaqui.ddns.net\/pachuca\/index.php\/wp-json\/wp\/v2\/media?parent=110444"}],"wp:term":[{"taxonomy":"product_brand","embeddable":true,"href":"https:\/\/soydeaqui.ddns.net\/pachuca\/index.php\/wp-json\/wp\/v2\/product_brand?post=110444"},{"taxonomy":"product_cat","embeddable":true,"href":"https:\/\/soydeaqui.ddns.net\/pachuca\/index.php\/wp-json\/wp\/v2\/product_cat?post=110444"},{"taxonomy":"product_tag","embeddable":true,"href":"https:\/\/soydeaqui.ddns.net\/pachuca\/index.php\/wp-json\/wp\/v2\/product_tag?post=110444"}],"curies":[{"name":"wp","href":"https:\/\/api.w.org\/{rel}","templated":true}]}}