{"id":110442,"date":"2026-03-20T19:52:18","date_gmt":"2026-03-20T19:52:18","guid":{"rendered":"https:\/\/soydeaqui.ddns.net\/pachuca\/index.php\/producto\/protector-de-datos-sasd-contra-sobre-tensiones-electricas-ethernet-10-100-mbps\/"},"modified":"2026-03-20T19:52:20","modified_gmt":"2026-03-20T19:52:20","slug":"protector-de-datos-sasd-contra-sobre-tensiones-electricas-ethernet-10-100-mbps","status":"publish","type":"product","link":"https:\/\/soydeaqui.ddns.net\/pachuca\/index.php\/producto\/protector-de-datos-sasd-contra-sobre-tensiones-electricas-ethernet-10-100-mbps\/","title":{"rendered":"Protector de datos, SASD, contra sobre tensiones el\u00e9ctricas, Ethernet 10\/100 Mbps"},"content":{"rendered":"<div style='width: 100%; max-width: 1200px; margin: 0 auto; font-family: sans-serif; line-height: 1.6; color: inherit; background-color: transparent;'>\n<div style='display: flex; flex-wrap: wrap; gap: 30px; margin-bottom: 30px;'>\n<div style='flex: 1 1 300px; min-width: 280px;'>\n<h3 style='font-size: 22px; border-bottom: 2px solid currentColor; padding-bottom: 5px; margin-top: 0; color: inherit; opacity: 0.8;'>Protecci\u00f3n avanzada<\/h3>\n<p style='font-size: 15px; color: inherit;'>Proteja sus equipos de red IP con los protectores de Transtector. Que utilizan la m\u00e1s alta tecnolog\u00eda en sistemas de protecci\u00f3n desarrollada con <strong style='color: inherit;'>diodos de avalancha de silicio (SASD)<\/strong>.<\/p>\n<p style='font-size: 15px; color: inherit;'>A diferencia de otros fabricantes de protectores que utilizan <strong style='color: inherit;'>varistores de oxido de metal (MOV)<\/strong> que se van degradando con el tiempo al oponerse a los transitorios o sobretensiones de voltaje que da\u00f1an sus equipos electr\u00f3nicos.<\/p>\n<p style='font-size: 15px; color: inherit;'>Transtector utiliza la tecnolog\u00eda de diodos de avalancha de silicio (SASD) que no se degrada al oponerse a las sobretensiones&comma; cuentan con la m\u00e1s r\u00e1pida respuesta y el m\u00e1s alto rendimiento en sus protectores; manteniendo as\u00ed la mejor protecci\u00f3n y minimizando los costos de reparaci\u00f3n y reemplazo de equipo electr\u00f3nico.<\/p>\n<\/p><\/div>\n<div style='flex: 1 1 300px; min-width: 280px;'> <img style='width: 100%; height: auto; border: 1px solid rgba(150&comma;150&comma;150&comma;0.3); border-radius: 8px;' src='http:\/\/www.transtector.com\/SiteMedia\/SiteResources\/Brands\/Transtector\/Logos\/transtector_3.png?width=268&#038;height=118&#038;ext=.png' alt='Transtector' \/> <\/div>\n<\/p><\/div>\n<div style='display: flex; flex-wrap: wrap; gap: 20px; margin-bottom: 30px;'>\n<div style='flex: 1 1 250px; border: 1px solid rgba(150&comma; 150&comma; 150&comma; 0.4); border-radius: 8px; overflow: hidden; display: flex; flex-direction: column;'>\n<div style='padding: 15px; border-bottom: 1px solid rgba(150&comma; 150&comma; 150&comma; 0.2); font-weight: bold; font-size: 18px; color: inherit;'>Caracter\u00edsticas t\u00e9cnicas<\/div>\n<div style='padding: 15px; color: inherit;'>\n<ul style='padding-left: 20px; margin: 0; font-size: 14px; list-style-type: disc;'>\n<li style='margin-bottom: 5px; color: inherit;'><strong style='color: inherit;'>Tecnolog\u00eda:<\/strong> Diodo de Avalancha de Silicio (SASD)<\/li>\n<li style='margin-bottom: 5px; color: inherit;'><strong style='color: inherit;'>No se degrada:<\/strong> Por los transitorios<\/li>\n<li style='margin-bottom: 5px; color: inherit;'><strong style='color: inherit;'>Protecci\u00f3n:<\/strong> Bidireccional en carga y l\u00ednea<\/li>\n<li style='margin-bottom: 5px; color: inherit;'><strong style='color: inherit;'>Protocolo:<\/strong> Ethernet<\/li>\n<li style='margin-bottom: 5px; color: inherit;'><strong style='color: inherit;'>Velocidad de datos:<\/strong> 10\/100 Mbps<\/li>\n<\/ul><\/div>\n<\/p><\/div>\n<div style='flex: 1 1 250px; border: 1px solid rgba(150&comma; 150&comma; 150&comma; 0.4); border-radius: 8px; overflow: hidden; display: flex; flex-direction: column;'>\n<div style='padding: 15px; border-bottom: 1px solid rgba(150&comma; 150&comma; 150&comma; 0.2); font-weight: bold; font-size: 18px; color: inherit;'>Especificaciones<\/div>\n<div style='padding: 15px; color: inherit;'>\n<ul style='padding-left: 20px; margin: 0; font-size: 14px; list-style-type: disc;'>\n<li style='margin-bottom: 5px; color: inherit;'><strong style='color: inherit;'>Voltaje m\u00e1ximo:<\/strong> 6 Vpk<\/li>\n<li style='margin-bottom: 5px; color: inherit;'><strong style='color: inherit;'>Pines protegidos:<\/strong> (1&comma;2) y (3&comma;6)<\/li>\n<li style='margin-bottom: 5px; color: inherit;'><strong style='color: inherit;'>Pines aterrizados:<\/strong> (4&comma;5) y (7&comma;8)<\/li>\n<li style='margin-bottom: 5px; color: inherit;'><strong style='color: inherit;'>Conectores:<\/strong> RJ45<\/li>\n<li style='margin-bottom: 5px; color: inherit;'><strong style='color: inherit;'>Impedancia:<\/strong> 85 a 110 ohms<\/li>\n<\/ul><\/div>\n<\/p><\/div>\n<div style='flex: 1 1 250px; border: 1px solid rgba(150&comma; 150&comma; 150&comma; 0.4); border-radius: 8px; overflow: hidden; display: flex; flex-direction: column;'>\n<div style='padding: 15px; border-bottom: 1px solid rgba(150&comma; 150&comma; 150&comma; 0.2); font-weight: bold; font-size: 18px; color: inherit;'>Instalaci\u00f3n<\/div>\n<div style='padding: 15px; color: inherit;'>\n<ul style='padding-left: 20px; margin: 0; font-size: 14px; list-style-type: disc;'>\n<li style='margin-bottom: 5px; color: inherit;'><strong style='color: inherit;'>Tipo de montaje:<\/strong> Para racks de 19\u201d (48 cm) y 23\u201d (58 cm) o en Riel<\/li>\n<li style='margin-bottom: 5px; color: inherit;'><strong style='color: inherit;'>Temperatura:<\/strong> -40\u00b0 a 75\u00b0 C<\/li>\n<\/ul><\/div>\n<div style='padding: 15px; color: inherit;'>\n<p style='margin: 0; font-size: 14px; color: inherit;'><strong style='color: inherit;'>Para interior:<\/strong> Se recomienda instalarlo en rieles de cobre dentro de gabinetes o cajas NEMA.<\/p>\n<\/p><\/div>\n<\/p><\/div>\n<\/p><\/div>\n<hr style='border: 0; border-top: 1px solid rgba(150&comma; 150&comma; 150&comma; 0.3); margin: 30px 0;'>\n<div style='display: flex; flex-wrap: wrap; gap: 30px;'>\n<div style='flex: 1 1 300px; min-width: 280px;'>\n<h3 style='font-size: 22px; border-bottom: 2px solid currentColor; padding-bottom: 5px; margin-top: 0; color: inherit; opacity: 0.8;'>Garant\u00eda<\/h3>\n<ul style='padding-left: 20px; font-size: 15px; color: inherit;'>\n<li style='margin-bottom: 5px; color: inherit;'>1 A\u00f1o de garant\u00eda<\/li>\n<\/ul><\/div>\n<\/p><\/div>\n<\/p><\/div>\n","protected":false},"excerpt":{"rendered":"<p>Protector de datos, SASD, contra sobre tensiones el\u00e9ctricas, Ethernet 10\/100 Mbps<\/p>\n","protected":false},"featured_media":110441,"comment_status":"open","ping_status":"closed","template":"","meta":[],"product_brand":[],"product_cat":[953],"product_tag":[898,954,546],"class_list":{"0":"post-110442","1":"product","2":"type-product","3":"status-publish","4":"has-post-thumbnail","6":"product_cat-redes","7":"product_tag-proteccion-contra-descargas","8":"product_tag-redes","9":"product_tag-transtector","11":"first","12":"outofstock","13":"sale","14":"shipping-taxable","15":"purchasable","16":"product-type-simple"},"_links":{"self":[{"href":"https:\/\/soydeaqui.ddns.net\/pachuca\/index.php\/wp-json\/wp\/v2\/product\/110442","targetHints":{"allow":["GET"]}}],"collection":[{"href":"https:\/\/soydeaqui.ddns.net\/pachuca\/index.php\/wp-json\/wp\/v2\/product"}],"about":[{"href":"https:\/\/soydeaqui.ddns.net\/pachuca\/index.php\/wp-json\/wp\/v2\/types\/product"}],"replies":[{"embeddable":true,"href":"https:\/\/soydeaqui.ddns.net\/pachuca\/index.php\/wp-json\/wp\/v2\/comments?post=110442"}],"wp:featuredmedia":[{"embeddable":true,"href":"https:\/\/soydeaqui.ddns.net\/pachuca\/index.php\/wp-json\/wp\/v2\/media\/110441"}],"wp:attachment":[{"href":"https:\/\/soydeaqui.ddns.net\/pachuca\/index.php\/wp-json\/wp\/v2\/media?parent=110442"}],"wp:term":[{"taxonomy":"product_brand","embeddable":true,"href":"https:\/\/soydeaqui.ddns.net\/pachuca\/index.php\/wp-json\/wp\/v2\/product_brand?post=110442"},{"taxonomy":"product_cat","embeddable":true,"href":"https:\/\/soydeaqui.ddns.net\/pachuca\/index.php\/wp-json\/wp\/v2\/product_cat?post=110442"},{"taxonomy":"product_tag","embeddable":true,"href":"https:\/\/soydeaqui.ddns.net\/pachuca\/index.php\/wp-json\/wp\/v2\/product_tag?post=110442"}],"curies":[{"name":"wp","href":"https:\/\/api.w.org\/{rel}","templated":true}]}}